{"id":49,"date":"2022-08-24T15:53:06","date_gmt":"2022-08-24T15:53:06","guid":{"rendered":"https:\/\/ruralrafaela.com.ar\/exporural2024\/?page_id=49"},"modified":"2024-09-18T12:20:02","modified_gmt":"2024-09-18T12:20:02","slug":"concurso-vacas-lecheras","status":"publish","type":"page","link":"https:\/\/ruralrafaela.com.ar\/exporural2024\/concurso-vacas-lecheras\/","title":{"rendered":"103\u00b0 Concurso VACAS LECHERAS"},"content":{"rendered":"\n<figure class=\"wp-block-image size-large\"><img fetchpriority=\"high\" decoding=\"async\" width=\"1024\" height=\"683\" src=\"https:\/\/ruralrafaela.com.ar\/exporural2024\/wp-content\/uploads\/sites\/23\/2024\/08\/concurso_lechero-1-1024x683.jpg\" alt=\"\" class=\"wp-image-6801\" srcset=\"https:\/\/ruralrafaela.com.ar\/exporural2024\/wp-content\/uploads\/sites\/23\/2024\/08\/concurso_lechero-1-1024x683.jpg 1024w, https:\/\/ruralrafaela.com.ar\/exporural2024\/wp-content\/uploads\/sites\/23\/2024\/08\/concurso_lechero-1-300x200.jpg 300w, https:\/\/ruralrafaela.com.ar\/exporural2024\/wp-content\/uploads\/sites\/23\/2024\/08\/concurso_lechero-1-768x512.jpg 768w, https:\/\/ruralrafaela.com.ar\/exporural2024\/wp-content\/uploads\/sites\/23\/2024\/08\/concurso_lechero-1-1536x1024.jpg 1536w, https:\/\/ruralrafaela.com.ar\/exporural2024\/wp-content\/uploads\/sites\/23\/2024\/08\/concurso_lechero-1-2048x1366.jpg 2048w\" sizes=\"(max-width: 1024px) 100vw, 1024px\" \/><\/figure>\n\n\n<h2><span style=\"font-weight: 400;\">Del mi\u00e9rcoles 18 y jueves 19 de septiembre, en el Predio Ferial, tendr\u00e1 lugar el concurso m\u00e1s tradicional de nuestra Muestra. Con la participaci\u00f3n de caba\u00f1as destacadas de toda la regi\u00f3n, se visibiliza el primer nivel de la calidad Holando.<\/span><\/h2>\n<p>En esta p\u00e1gina subiremos los resultados de todos los orde\u00f1es y los ganadores.<\/p>\n\n\n<figure class=\"wp-block-image size-large\"><img decoding=\"async\" width=\"819\" height=\"1024\" src=\"https:\/\/ruralrafaela.com.ar\/exporural2024\/wp-content\/uploads\/sites\/23\/2024\/09\/13-819x1024.png\" alt=\"\" class=\"wp-image-6894\" srcset=\"https:\/\/ruralrafaela.com.ar\/exporural2024\/wp-content\/uploads\/sites\/23\/2024\/09\/13-819x1024.png 819w, https:\/\/ruralrafaela.com.ar\/exporural2024\/wp-content\/uploads\/sites\/23\/2024\/09\/13-240x300.png 240w, https:\/\/ruralrafaela.com.ar\/exporural2024\/wp-content\/uploads\/sites\/23\/2024\/09\/13-768x960.png 768w, https:\/\/ruralrafaela.com.ar\/exporural2024\/wp-content\/uploads\/sites\/23\/2024\/09\/13.png 1080w\" sizes=\"(max-width: 819px) 100vw, 819px\" \/><\/figure>\n\n\n\n<p><a href=\"https:\/\/ruralrafaela.com.ar\/exporural2024\/wp-content\/uploads\/sites\/23\/2023\/08\/REGLAMENTO-DEL-102o-concurso-lechero-2023.-Claudio.doc.pdf\">Descargar reglamento del Concurso de Vacas Lecheras &#8211; Clik aqu\u00ed<\/a><\/p>\n\n\n\n<p><strong><a href=\"https:\/\/ruralrafaela.com.ar\/exporural2022\/wp-content\/uploads\/sites\/17\/2022\/09\/REGLAMENTO-DEL-101-concurso-lechero-2022.pdf\" target=\"_blank\" rel=\"noreferrer noopener\">Descargar PLANILLA DE INSCRIPCI\u00d3N DE CONCURSO VACAS LECHERAS &#8211; Clik aqu\u00ed<\/a><\/strong><\/p>\n","protected":false},"excerpt":{"rendered":"<p>Del mi\u00e9rcoles 18 y jueves 19 de septiembre, en el Predio Ferial, tendr\u00e1 lugar el concurso m\u00e1s tradicional de nuestra Muestra. Con la participaci\u00f3n de caba\u00f1as destacadas de toda la regi\u00f3n, se visibiliza el primer nivel de la calidad Holando. En esta p\u00e1gina subiremos los resultados de todos los orde\u00f1es y los ganadores. Descargar reglamento [&hellip;]<\/p>\n","protected":false},"author":2,"featured_media":6797,"parent":0,"menu_order":0,"comment_status":"closed","ping_status":"closed","template":"","meta":{"ocean_post_layout":"","ocean_both_sidebars_style":"","ocean_both_sidebars_content_width":0,"ocean_both_sidebars_sidebars_width":0,"ocean_sidebar":"0","ocean_second_sidebar":"0","ocean_disable_margins":"enable","ocean_add_body_class":"","ocean_shortcode_before_top_bar":"","ocean_shortcode_after_top_bar":"","ocean_shortcode_before_header":"","ocean_shortcode_after_header":"","ocean_has_shortcode":"","ocean_shortcode_after_title":"","ocean_shortcode_before_footer_widgets":"","ocean_shortcode_after_footer_widgets":"","ocean_shortcode_before_footer_bottom":"","ocean_shortcode_after_footer_bottom":"","ocean_display_top_bar":"default","ocean_display_header":"default","ocean_header_style":"","ocean_center_header_left_menu":"0","ocean_custom_header_template":"0","ocean_custom_logo":0,"ocean_custom_retina_logo":0,"ocean_custom_logo_max_width":0,"ocean_custom_logo_tablet_max_width":0,"ocean_custom_logo_mobile_max_width":0,"ocean_custom_logo_max_height":0,"ocean_custom_logo_tablet_max_height":0,"ocean_custom_logo_mobile_max_height":0,"ocean_header_custom_menu":"0","ocean_menu_typo_font_family":"0","ocean_menu_typo_font_subset":"","ocean_menu_typo_font_size":0,"ocean_menu_typo_font_size_tablet":0,"ocean_menu_typo_font_size_mobile":0,"ocean_menu_typo_font_size_unit":"px","ocean_menu_typo_font_weight":"","ocean_menu_typo_font_weight_tablet":"","ocean_menu_typo_font_weight_mobile":"","ocean_menu_typo_transform":"","ocean_menu_typo_transform_tablet":"","ocean_menu_typo_transform_mobile":"","ocean_menu_typo_line_height":0,"ocean_menu_typo_line_height_tablet":0,"ocean_menu_typo_line_height_mobile":0,"ocean_menu_typo_line_height_unit":"","ocean_menu_typo_spacing":0,"ocean_menu_typo_spacing_tablet":0,"ocean_menu_typo_spacing_mobile":0,"ocean_menu_typo_spacing_unit":"","ocean_menu_link_color":"","ocean_menu_link_color_hover":"","ocean_menu_link_color_active":"","ocean_menu_link_background":"","ocean_menu_link_hover_background":"","ocean_menu_link_active_background":"","ocean_menu_social_links_bg":"","ocean_menu_social_hover_links_bg":"","ocean_menu_social_links_color":"","ocean_menu_social_hover_links_color":"","ocean_disable_title":"default","ocean_disable_heading":"default","ocean_post_title":"","ocean_post_subheading":"","ocean_post_title_style":"background-image","ocean_post_title_background_color":"","ocean_post_title_background":107,"ocean_post_title_bg_image_position":"","ocean_post_title_bg_image_attachment":"","ocean_post_title_bg_image_repeat":"","ocean_post_title_bg_image_size":"","ocean_post_title_height":0,"ocean_post_title_bg_overlay":0.5,"ocean_post_title_bg_overlay_color":"","ocean_disable_breadcrumbs":"default","ocean_breadcrumbs_color":"","ocean_breadcrumbs_separator_color":"","ocean_breadcrumbs_links_color":"","ocean_breadcrumbs_links_hover_color":"","ocean_display_footer_widgets":"default","ocean_display_footer_bottom":"default","ocean_custom_footer_template":"0","_joinchat":[],"footnotes":""},"class_list":["post-49","page","type-page","status-publish","has-post-thumbnail","hentry","entry","has-media"],"yoast_head":"<!-- This site is optimized with the Yoast SEO plugin v27.4 - https:\/\/yoast.com\/product\/yoast-seo-wordpress\/ -->\n<title>103\u00b0 Concurso VACAS LECHERAS - 117 Expo Rural Rafaela 2024<\/title>\n<meta name=\"robots\" content=\"index, follow, max-snippet:-1, max-image-preview:large, max-video-preview:-1\" \/>\n<link rel=\"canonical\" href=\"https:\/\/ruralrafaela.com.ar\/exporural2024\/concurso-vacas-lecheras\/\" \/>\n<meta property=\"og:locale\" content=\"es_ES\" \/>\n<meta property=\"og:type\" content=\"article\" \/>\n<meta property=\"og:title\" content=\"103\u00b0 Concurso VACAS LECHERAS - 117 Expo Rural Rafaela 2024\" \/>\n<meta property=\"og:description\" content=\"Del mi\u00e9rcoles 18 y jueves 19 de septiembre, en el Predio Ferial, tendr\u00e1 lugar el concurso m\u00e1s tradicional de nuestra Muestra. Con la participaci\u00f3n de caba\u00f1as destacadas de toda la regi\u00f3n, se visibiliza el primer nivel de la calidad Holando. En esta p\u00e1gina subiremos los resultados de todos los orde\u00f1es y los ganadores. Descargar reglamento [&hellip;]\" \/>\n<meta property=\"og:url\" content=\"https:\/\/ruralrafaela.com.ar\/exporural2024\/concurso-vacas-lecheras\/\" \/>\n<meta property=\"og:site_name\" content=\"117 Expo Rural Rafaela 2024\" \/>\n<meta property=\"article:modified_time\" content=\"2024-09-18T12:20:02+00:00\" \/>\n<meta property=\"og:image\" content=\"https:\/\/ruralrafaela.com.ar\/exporural2024\/wp-content\/uploads\/sites\/23\/2024\/08\/concurso_lechero.jpg\" \/>\n\t<meta property=\"og:image:width\" content=\"2560\" \/>\n\t<meta property=\"og:image:height\" content=\"1707\" \/>\n\t<meta property=\"og:image:type\" content=\"image\/jpeg\" \/>\n<meta name=\"twitter:card\" content=\"summary_large_image\" \/>\n<meta name=\"twitter:label1\" content=\"Tiempo de lectura\" \/>\n\t<meta name=\"twitter:data1\" content=\"1 minuto\" \/>\n<script type=\"application\/ld+json\" class=\"yoast-schema-graph\">{\"@context\":\"https:\\\/\\\/schema.org\",\"@graph\":[{\"@type\":\"WebPage\",\"@id\":\"https:\\\/\\\/ruralrafaela.com.ar\\\/exporural2024\\\/concurso-vacas-lecheras\\\/\",\"url\":\"https:\\\/\\\/ruralrafaela.com.ar\\\/exporural2024\\\/concurso-vacas-lecheras\\\/\",\"name\":\"103\u00b0 Concurso VACAS LECHERAS - 117 Expo Rural Rafaela 2024\",\"isPartOf\":{\"@id\":\"https:\\\/\\\/ruralrafaela.com.ar\\\/exporural2024\\\/#website\"},\"primaryImageOfPage\":{\"@id\":\"https:\\\/\\\/ruralrafaela.com.ar\\\/exporural2024\\\/concurso-vacas-lecheras\\\/#primaryimage\"},\"image\":{\"@id\":\"https:\\\/\\\/ruralrafaela.com.ar\\\/exporural2024\\\/concurso-vacas-lecheras\\\/#primaryimage\"},\"thumbnailUrl\":\"https:\\\/\\\/ruralrafaela.com.ar\\\/exporural2024\\\/wp-content\\\/uploads\\\/sites\\\/23\\\/2024\\\/08\\\/concurso_lechero.jpg\",\"datePublished\":\"2022-08-24T15:53:06+00:00\",\"dateModified\":\"2024-09-18T12:20:02+00:00\",\"breadcrumb\":{\"@id\":\"https:\\\/\\\/ruralrafaela.com.ar\\\/exporural2024\\\/concurso-vacas-lecheras\\\/#breadcrumb\"},\"inLanguage\":\"es\",\"potentialAction\":[{\"@type\":\"ReadAction\",\"target\":[\"https:\\\/\\\/ruralrafaela.com.ar\\\/exporural2024\\\/concurso-vacas-lecheras\\\/\"]}]},{\"@type\":\"ImageObject\",\"inLanguage\":\"es\",\"@id\":\"https:\\\/\\\/ruralrafaela.com.ar\\\/exporural2024\\\/concurso-vacas-lecheras\\\/#primaryimage\",\"url\":\"https:\\\/\\\/ruralrafaela.com.ar\\\/exporural2024\\\/wp-content\\\/uploads\\\/sites\\\/23\\\/2024\\\/08\\\/concurso_lechero.jpg\",\"contentUrl\":\"https:\\\/\\\/ruralrafaela.com.ar\\\/exporural2024\\\/wp-content\\\/uploads\\\/sites\\\/23\\\/2024\\\/08\\\/concurso_lechero.jpg\",\"width\":2560,\"height\":1707},{\"@type\":\"BreadcrumbList\",\"@id\":\"https:\\\/\\\/ruralrafaela.com.ar\\\/exporural2024\\\/concurso-vacas-lecheras\\\/#breadcrumb\",\"itemListElement\":[{\"@type\":\"ListItem\",\"position\":1,\"name\":\"Portada\",\"item\":\"https:\\\/\\\/ruralrafaela.com.ar\\\/exporural2024\\\/\"},{\"@type\":\"ListItem\",\"position\":2,\"name\":\"103\u00b0 Concurso VACAS LECHERAS\"}]},{\"@type\":\"WebSite\",\"@id\":\"https:\\\/\\\/ruralrafaela.com.ar\\\/exporural2024\\\/#website\",\"url\":\"https:\\\/\\\/ruralrafaela.com.ar\\\/exporural2024\\\/\",\"name\":\"117 Expo Rural Rafaela 2024\",\"description\":\"Sitio oficial de la Expo Rural Rafaela\",\"publisher\":{\"@id\":\"https:\\\/\\\/ruralrafaela.com.ar\\\/exporural2024\\\/#organization\"},\"potentialAction\":[{\"@type\":\"SearchAction\",\"target\":{\"@type\":\"EntryPoint\",\"urlTemplate\":\"https:\\\/\\\/ruralrafaela.com.ar\\\/exporural2024\\\/?s={search_term_string}\"},\"query-input\":{\"@type\":\"PropertyValueSpecification\",\"valueRequired\":true,\"valueName\":\"search_term_string\"}}],\"inLanguage\":\"es\"},{\"@type\":\"Organization\",\"@id\":\"https:\\\/\\\/ruralrafaela.com.ar\\\/exporural2024\\\/#organization\",\"name\":\"117 Expo Rural Rafaela 2024\",\"url\":\"https:\\\/\\\/ruralrafaela.com.ar\\\/exporural2024\\\/\",\"logo\":{\"@type\":\"ImageObject\",\"inLanguage\":\"es\",\"@id\":\"https:\\\/\\\/ruralrafaela.com.ar\\\/exporural2024\\\/#\\\/schema\\\/logo\\\/image\\\/\",\"url\":\"https:\\\/\\\/ruralrafaela.com.ar\\\/exporural2024\\\/wp-content\\\/uploads\\\/sites\\\/23\\\/2024\\\/08\\\/logo.png\",\"contentUrl\":\"https:\\\/\\\/ruralrafaela.com.ar\\\/exporural2024\\\/wp-content\\\/uploads\\\/sites\\\/23\\\/2024\\\/08\\\/logo.png\",\"width\":250,\"height\":62,\"caption\":\"117 Expo Rural Rafaela 2024\"},\"image\":{\"@id\":\"https:\\\/\\\/ruralrafaela.com.ar\\\/exporural2024\\\/#\\\/schema\\\/logo\\\/image\\\/\"}}]}<\/script>\n<!-- \/ Yoast SEO plugin. -->","yoast_head_json":{"title":"103\u00b0 Concurso VACAS LECHERAS - 117 Expo Rural Rafaela 2024","robots":{"index":"index","follow":"follow","max-snippet":"max-snippet:-1","max-image-preview":"max-image-preview:large","max-video-preview":"max-video-preview:-1"},"canonical":"https:\/\/ruralrafaela.com.ar\/exporural2024\/concurso-vacas-lecheras\/","og_locale":"es_ES","og_type":"article","og_title":"103\u00b0 Concurso VACAS LECHERAS - 117 Expo Rural Rafaela 2024","og_description":"Del mi\u00e9rcoles 18 y jueves 19 de septiembre, en el Predio Ferial, tendr\u00e1 lugar el concurso m\u00e1s tradicional de nuestra Muestra. Con la participaci\u00f3n de caba\u00f1as destacadas de toda la regi\u00f3n, se visibiliza el primer nivel de la calidad Holando. En esta p\u00e1gina subiremos los resultados de todos los orde\u00f1es y los ganadores. Descargar reglamento [&hellip;]","og_url":"https:\/\/ruralrafaela.com.ar\/exporural2024\/concurso-vacas-lecheras\/","og_site_name":"117 Expo Rural Rafaela 2024","article_modified_time":"2024-09-18T12:20:02+00:00","og_image":[{"width":2560,"height":1707,"url":"https:\/\/ruralrafaela.com.ar\/exporural2024\/wp-content\/uploads\/sites\/23\/2024\/08\/concurso_lechero.jpg","type":"image\/jpeg"}],"twitter_card":"summary_large_image","twitter_misc":{"Tiempo de lectura":"1 minuto"},"schema":{"@context":"https:\/\/schema.org","@graph":[{"@type":"WebPage","@id":"https:\/\/ruralrafaela.com.ar\/exporural2024\/concurso-vacas-lecheras\/","url":"https:\/\/ruralrafaela.com.ar\/exporural2024\/concurso-vacas-lecheras\/","name":"103\u00b0 Concurso VACAS LECHERAS - 117 Expo Rural Rafaela 2024","isPartOf":{"@id":"https:\/\/ruralrafaela.com.ar\/exporural2024\/#website"},"primaryImageOfPage":{"@id":"https:\/\/ruralrafaela.com.ar\/exporural2024\/concurso-vacas-lecheras\/#primaryimage"},"image":{"@id":"https:\/\/ruralrafaela.com.ar\/exporural2024\/concurso-vacas-lecheras\/#primaryimage"},"thumbnailUrl":"https:\/\/ruralrafaela.com.ar\/exporural2024\/wp-content\/uploads\/sites\/23\/2024\/08\/concurso_lechero.jpg","datePublished":"2022-08-24T15:53:06+00:00","dateModified":"2024-09-18T12:20:02+00:00","breadcrumb":{"@id":"https:\/\/ruralrafaela.com.ar\/exporural2024\/concurso-vacas-lecheras\/#breadcrumb"},"inLanguage":"es","potentialAction":[{"@type":"ReadAction","target":["https:\/\/ruralrafaela.com.ar\/exporural2024\/concurso-vacas-lecheras\/"]}]},{"@type":"ImageObject","inLanguage":"es","@id":"https:\/\/ruralrafaela.com.ar\/exporural2024\/concurso-vacas-lecheras\/#primaryimage","url":"https:\/\/ruralrafaela.com.ar\/exporural2024\/wp-content\/uploads\/sites\/23\/2024\/08\/concurso_lechero.jpg","contentUrl":"https:\/\/ruralrafaela.com.ar\/exporural2024\/wp-content\/uploads\/sites\/23\/2024\/08\/concurso_lechero.jpg","width":2560,"height":1707},{"@type":"BreadcrumbList","@id":"https:\/\/ruralrafaela.com.ar\/exporural2024\/concurso-vacas-lecheras\/#breadcrumb","itemListElement":[{"@type":"ListItem","position":1,"name":"Portada","item":"https:\/\/ruralrafaela.com.ar\/exporural2024\/"},{"@type":"ListItem","position":2,"name":"103\u00b0 Concurso VACAS LECHERAS"}]},{"@type":"WebSite","@id":"https:\/\/ruralrafaela.com.ar\/exporural2024\/#website","url":"https:\/\/ruralrafaela.com.ar\/exporural2024\/","name":"117 Expo Rural Rafaela 2024","description":"Sitio oficial de la Expo Rural Rafaela","publisher":{"@id":"https:\/\/ruralrafaela.com.ar\/exporural2024\/#organization"},"potentialAction":[{"@type":"SearchAction","target":{"@type":"EntryPoint","urlTemplate":"https:\/\/ruralrafaela.com.ar\/exporural2024\/?s={search_term_string}"},"query-input":{"@type":"PropertyValueSpecification","valueRequired":true,"valueName":"search_term_string"}}],"inLanguage":"es"},{"@type":"Organization","@id":"https:\/\/ruralrafaela.com.ar\/exporural2024\/#organization","name":"117 Expo Rural Rafaela 2024","url":"https:\/\/ruralrafaela.com.ar\/exporural2024\/","logo":{"@type":"ImageObject","inLanguage":"es","@id":"https:\/\/ruralrafaela.com.ar\/exporural2024\/#\/schema\/logo\/image\/","url":"https:\/\/ruralrafaela.com.ar\/exporural2024\/wp-content\/uploads\/sites\/23\/2024\/08\/logo.png","contentUrl":"https:\/\/ruralrafaela.com.ar\/exporural2024\/wp-content\/uploads\/sites\/23\/2024\/08\/logo.png","width":250,"height":62,"caption":"117 Expo Rural Rafaela 2024"},"image":{"@id":"https:\/\/ruralrafaela.com.ar\/exporural2024\/#\/schema\/logo\/image\/"}}]}},"_links":{"self":[{"href":"https:\/\/ruralrafaela.com.ar\/exporural2024\/wp-json\/wp\/v2\/pages\/49","targetHints":{"allow":["GET"]}}],"collection":[{"href":"https:\/\/ruralrafaela.com.ar\/exporural2024\/wp-json\/wp\/v2\/pages"}],"about":[{"href":"https:\/\/ruralrafaela.com.ar\/exporural2024\/wp-json\/wp\/v2\/types\/page"}],"author":[{"embeddable":true,"href":"https:\/\/ruralrafaela.com.ar\/exporural2024\/wp-json\/wp\/v2\/users\/2"}],"replies":[{"embeddable":true,"href":"https:\/\/ruralrafaela.com.ar\/exporural2024\/wp-json\/wp\/v2\/comments?post=49"}],"version-history":[{"count":33,"href":"https:\/\/ruralrafaela.com.ar\/exporural2024\/wp-json\/wp\/v2\/pages\/49\/revisions"}],"predecessor-version":[{"id":6896,"href":"https:\/\/ruralrafaela.com.ar\/exporural2024\/wp-json\/wp\/v2\/pages\/49\/revisions\/6896"}],"wp:featuredmedia":[{"embeddable":true,"href":"https:\/\/ruralrafaela.com.ar\/exporural2024\/wp-json\/wp\/v2\/media\/6797"}],"wp:attachment":[{"href":"https:\/\/ruralrafaela.com.ar\/exporural2024\/wp-json\/wp\/v2\/media?parent=49"}],"curies":[{"name":"wp","href":"https:\/\/api.w.org\/{rel}","templated":true}]}}