{"id":45,"date":"2022-08-24T15:52:24","date_gmt":"2022-08-24T15:52:24","guid":{"rendered":"https:\/\/ruralrafaela.com.ar\/exporural2024\/?page_id=45"},"modified":"2024-09-18T12:28:33","modified_gmt":"2024-09-18T12:28:33","slug":"remate","status":"publish","type":"page","link":"https:\/\/ruralrafaela.com.ar\/exporural2024\/remate\/","title":{"rendered":"Remate"},"content":{"rendered":"\t\t<div data-elementor-type=\"wp-page\" data-elementor-id=\"45\" class=\"elementor elementor-45\">\n\t\t\t\t\t\t<section class=\"elementor-section elementor-top-section elementor-element elementor-element-9979baf elementor-section-full_width elementor-section-stretched elementor-section-height-default elementor-section-height-default\" data-id=\"9979baf\" data-element_type=\"section\" data-e-type=\"section\" data-settings=\"{&quot;stretch_section&quot;:&quot;section-stretched&quot;}\">\n\t\t\t\t\t\t<div class=\"elementor-container elementor-column-gap-default\">\n\t\t\t\t\t<div class=\"elementor-column elementor-col-100 elementor-top-column elementor-element elementor-element-e8896d8\" data-id=\"e8896d8\" data-element_type=\"column\" data-e-type=\"column\">\n\t\t\t<div class=\"elementor-widget-wrap elementor-element-populated\">\n\t\t\t\t\t\t<section class=\"elementor-section elementor-inner-section elementor-element elementor-element-1c0fc0d elementor-section-full_width elementor-section-height-default elementor-section-height-default\" data-id=\"1c0fc0d\" data-element_type=\"section\" data-e-type=\"section\">\n\t\t\t\t\t\t<div class=\"elementor-container elementor-column-gap-default\">\n\t\t\t\t\t<div class=\"elementor-column elementor-col-50 elementor-inner-column elementor-element elementor-element-59f23b5\" data-id=\"59f23b5\" data-element_type=\"column\" data-e-type=\"column\">\n\t\t\t<div class=\"elementor-widget-wrap elementor-element-populated\">\n\t\t\t\t\t\t<div class=\"elementor-element elementor-element-e33d874 elementor-widget elementor-widget-image\" data-id=\"e33d874\" data-element_type=\"widget\" data-e-type=\"widget\" data-widget_type=\"image.default\">\n\t\t\t\t<div class=\"elementor-widget-container\">\n\t\t\t\t\t\t\t\t\t\t\t\t\t\t\t<img decoding=\"async\" src=\"https:\/\/ruralrafaela.com.ar\/exporural2023\/wp-content\/uploads\/sites\/21\/2022\/10\/WhatsApp-Image-2022-10-10-at-5.48.45-PM-1.jpeg\" title=\"\" alt=\"\" loading=\"lazy\" \/>\t\t\t\t\t\t\t\t\t\t\t\t\t\t\t<\/div>\n\t\t\t\t<\/div>\n\t\t\t\t\t<\/div>\n\t\t<\/div>\n\t\t\t\t<div class=\"elementor-column elementor-col-50 elementor-inner-column elementor-element elementor-element-5508b1d\" data-id=\"5508b1d\" data-element_type=\"column\" data-e-type=\"column\">\n\t\t\t<div class=\"elementor-widget-wrap elementor-element-populated\">\n\t\t\t\t\t\t<div class=\"elementor-element elementor-element-8380926 elementor-widget elementor-widget-heading\" data-id=\"8380926\" data-element_type=\"widget\" data-e-type=\"widget\" data-widget_type=\"heading.default\">\n\t\t\t\t<div class=\"elementor-widget-container\">\n\t\t\t\t\t<h3 class=\"elementor-heading-title elementor-size-medium\">1\u00ba Remate de Estrellas (Raza Holando Argentino\/Embriones\/Semen), una nueva actividad que se incorpora en esta edici\u00f3n. Tendr\u00e1 caracter\u00edsticas muy particulares y esperamos que sea el inicio de una gran tradici\u00f3n para nuestra Expo. Jueves 19 de septiembre, a las 20. <\/h3>\t\t\t\t<\/div>\n\t\t\t\t<\/div>\n\t\t\t\t<div class=\"elementor-element elementor-element-2ca881f elementor-widget-divider--view-line elementor-widget elementor-widget-divider\" data-id=\"2ca881f\" data-element_type=\"widget\" data-e-type=\"widget\" data-widget_type=\"divider.default\">\n\t\t\t\t<div class=\"elementor-widget-container\">\n\t\t\t\t\t\t\t<div class=\"elementor-divider\">\n\t\t\t<span class=\"elementor-divider-separator\">\n\t\t\t\t\t\t<\/span>\n\t\t<\/div>\n\t\t\t\t\t\t<\/div>\n\t\t\t\t<\/div>\n\t\t\t\t<div class=\"elementor-element elementor-element-89c05f0 elementor-widget elementor-widget-heading\" data-id=\"89c05f0\" data-element_type=\"widget\" data-e-type=\"widget\" data-widget_type=\"heading.default\">\n\t\t\t\t<div class=\"elementor-widget-container\">\n\t\t\t\t\t<h2 class=\"elementor-heading-title elementor-size-default\">33\u00aa Expo Venta Gen\u00e9tica de Jerarqu\u00eda, con la participaci\u00f3n de la Coop. Guillermo Lehmann. La actividad ser\u00e1 presencial en el Tinglado de Remates y se transmitir\u00e1 en vivo por Streaming. Viernes 20 de septiembre, a las 14:30.<\/h2>\t\t\t\t<\/div>\n\t\t\t\t<\/div>\n\t\t\t\t<div class=\"elementor-element elementor-element-0626b6f elementor-widget-divider--view-line elementor-widget elementor-widget-divider\" data-id=\"0626b6f\" data-element_type=\"widget\" data-e-type=\"widget\" data-widget_type=\"divider.default\">\n\t\t\t\t<div class=\"elementor-widget-container\">\n\t\t\t\t\t\t\t<div class=\"elementor-divider\">\n\t\t\t<span class=\"elementor-divider-separator\">\n\t\t\t\t\t\t<\/span>\n\t\t<\/div>\n\t\t\t\t\t\t<\/div>\n\t\t\t\t<\/div>\n\t\t\t\t\t<\/div>\n\t\t<\/div>\n\t\t\t\t\t<\/div>\n\t\t<\/section>\n\t\t\t\t\t<\/div>\n\t\t<\/div>\n\t\t\t\t\t<\/div>\n\t\t<\/section>\n\t\t\t\t<section class=\"elementor-section elementor-top-section elementor-element elementor-element-04d3396 elementor-section-full_width elementor-section-stretched elementor-section-height-default elementor-section-height-default\" data-id=\"04d3396\" data-element_type=\"section\" data-e-type=\"section\" data-settings=\"{&quot;stretch_section&quot;:&quot;section-stretched&quot;}\">\n\t\t\t\t\t\t<div class=\"elementor-container elementor-column-gap-default\">\n\t\t\t\t\t<div class=\"elementor-column elementor-col-100 elementor-top-column elementor-element elementor-element-41802d8\" data-id=\"41802d8\" data-element_type=\"column\" data-e-type=\"column\">\n\t\t\t<div class=\"elementor-widget-wrap elementor-element-populated\">\n\t\t\t\t\t\t<div class=\"elementor-element elementor-element-ae2fcbe elementor-widget elementor-widget-image-gallery\" data-id=\"ae2fcbe\" data-element_type=\"widget\" data-e-type=\"widget\" data-widget_type=\"image-gallery.default\">\n\t\t\t\t<div class=\"elementor-widget-container\">\n\t\t\t\t\t\t\t<div class=\"elementor-image-gallery\">\n\t\t\t<div id='gallery-1' class='gallery galleryid-45 gallery-columns-4 gallery-size-thumbnail'><figure class='gallery-item'>\n\t\t\t<div class='gallery-icon portrait'>\n\t\t\t\t<a data-elementor-open-lightbox=\"yes\" data-elementor-lightbox-slideshow=\"ae2fcbe\" data-elementor-lightbox-title=\"9\" data-e-action-hash=\"#elementor-action%3Aaction%3Dlightbox%26settings%3DeyJpZCI6Njg5OSwidXJsIjoiaHR0cHM6XC9cL3J1cmFscmFmYWVsYS5jb20uYXJcL2V4cG9ydXJhbDIwMjRcL3dwLWNvbnRlbnRcL3VwbG9hZHNcL3NpdGVzXC8yM1wvMjAyNFwvMDlcLzkucG5nIiwic2xpZGVzaG93IjoiYWUyZmNiZSJ9\" href='https:\/\/ruralrafaela.com.ar\/exporural2024\/wp-content\/uploads\/sites\/23\/2024\/09\/9.png'><img decoding=\"async\" width=\"150\" height=\"150\" src=\"https:\/\/ruralrafaela.com.ar\/exporural2024\/wp-content\/uploads\/sites\/23\/2024\/09\/9-150x150.png\" class=\"attachment-thumbnail size-thumbnail\" alt=\"\" srcset=\"https:\/\/ruralrafaela.com.ar\/exporural2024\/wp-content\/uploads\/sites\/23\/2024\/09\/9-150x150.png 150w, https:\/\/ruralrafaela.com.ar\/exporural2024\/wp-content\/uploads\/sites\/23\/2024\/09\/9-600x600.png 600w\" sizes=\"(max-width: 150px) 100vw, 150px\" \/><\/a>\n\t\t\t<\/div><\/figure><figure class='gallery-item'>\n\t\t\t<div class='gallery-icon portrait'>\n\t\t\t\t<a data-elementor-open-lightbox=\"yes\" data-elementor-lightbox-slideshow=\"ae2fcbe\" data-elementor-lightbox-title=\"10\" data-e-action-hash=\"#elementor-action%3Aaction%3Dlightbox%26settings%3DeyJpZCI6NjkwMCwidXJsIjoiaHR0cHM6XC9cL3J1cmFscmFmYWVsYS5jb20uYXJcL2V4cG9ydXJhbDIwMjRcL3dwLWNvbnRlbnRcL3VwbG9hZHNcL3NpdGVzXC8yM1wvMjAyNFwvMDlcLzEwLnBuZyIsInNsaWRlc2hvdyI6ImFlMmZjYmUifQ%3D%3D\" href='https:\/\/ruralrafaela.com.ar\/exporural2024\/wp-content\/uploads\/sites\/23\/2024\/09\/10.png'><img decoding=\"async\" width=\"150\" height=\"150\" src=\"https:\/\/ruralrafaela.com.ar\/exporural2024\/wp-content\/uploads\/sites\/23\/2024\/09\/10-150x150.png\" class=\"attachment-thumbnail size-thumbnail\" alt=\"\" srcset=\"https:\/\/ruralrafaela.com.ar\/exporural2024\/wp-content\/uploads\/sites\/23\/2024\/09\/10-150x150.png 150w, https:\/\/ruralrafaela.com.ar\/exporural2024\/wp-content\/uploads\/sites\/23\/2024\/09\/10-600x600.png 600w\" sizes=\"(max-width: 150px) 100vw, 150px\" \/><\/a>\n\t\t\t<\/div><\/figure><figure class='gallery-item'>\n\t\t\t<div class='gallery-icon portrait'>\n\t\t\t\t<a data-elementor-open-lightbox=\"yes\" data-elementor-lightbox-slideshow=\"ae2fcbe\" data-elementor-lightbox-title=\"11\" data-e-action-hash=\"#elementor-action%3Aaction%3Dlightbox%26settings%3DeyJpZCI6NjkwMiwidXJsIjoiaHR0cHM6XC9cL3J1cmFscmFmYWVsYS5jb20uYXJcL2V4cG9ydXJhbDIwMjRcL3dwLWNvbnRlbnRcL3VwbG9hZHNcL3NpdGVzXC8yM1wvMjAyNFwvMDlcLzExLnBuZyIsInNsaWRlc2hvdyI6ImFlMmZjYmUifQ%3D%3D\" href='https:\/\/ruralrafaela.com.ar\/exporural2024\/wp-content\/uploads\/sites\/23\/2024\/09\/11.png'><img decoding=\"async\" width=\"150\" height=\"150\" src=\"https:\/\/ruralrafaela.com.ar\/exporural2024\/wp-content\/uploads\/sites\/23\/2024\/09\/11-150x150.png\" class=\"attachment-thumbnail size-thumbnail\" alt=\"\" srcset=\"https:\/\/ruralrafaela.com.ar\/exporural2024\/wp-content\/uploads\/sites\/23\/2024\/09\/11-150x150.png 150w, https:\/\/ruralrafaela.com.ar\/exporural2024\/wp-content\/uploads\/sites\/23\/2024\/09\/11-600x600.png 600w\" sizes=\"(max-width: 150px) 100vw, 150px\" \/><\/a>\n\t\t\t<\/div><\/figure><figure class='gallery-item'>\n\t\t\t<div class='gallery-icon portrait'>\n\t\t\t\t<a data-elementor-open-lightbox=\"yes\" data-elementor-lightbox-slideshow=\"ae2fcbe\" data-elementor-lightbox-title=\"12\" data-e-action-hash=\"#elementor-action%3Aaction%3Dlightbox%26settings%3DeyJpZCI6NjkwMywidXJsIjoiaHR0cHM6XC9cL3J1cmFscmFmYWVsYS5jb20uYXJcL2V4cG9ydXJhbDIwMjRcL3dwLWNvbnRlbnRcL3VwbG9hZHNcL3NpdGVzXC8yM1wvMjAyNFwvMDlcLzEyLnBuZyIsInNsaWRlc2hvdyI6ImFlMmZjYmUifQ%3D%3D\" href='https:\/\/ruralrafaela.com.ar\/exporural2024\/wp-content\/uploads\/sites\/23\/2024\/09\/12.png'><img loading=\"lazy\" decoding=\"async\" width=\"150\" height=\"150\" src=\"https:\/\/ruralrafaela.com.ar\/exporural2024\/wp-content\/uploads\/sites\/23\/2024\/09\/12-150x150.png\" class=\"attachment-thumbnail size-thumbnail\" alt=\"\" srcset=\"https:\/\/ruralrafaela.com.ar\/exporural2024\/wp-content\/uploads\/sites\/23\/2024\/09\/12-150x150.png 150w, https:\/\/ruralrafaela.com.ar\/exporural2024\/wp-content\/uploads\/sites\/23\/2024\/09\/12-600x600.png 600w\" sizes=\"(max-width: 150px) 100vw, 150px\" \/><\/a>\n\t\t\t<\/div><\/figure>\n\t\t<\/div>\n\t\t<\/div>\n\t\t\t\t\t\t<\/div>\n\t\t\t\t<\/div>\n\t\t\t\t\t<\/div>\n\t\t<\/div>\n\t\t\t\t\t<\/div>\n\t\t<\/section>\n\t\t\t\t<\/div>\n\t\t","protected":false},"excerpt":{"rendered":"<p>1\u00ba Remate de Estrellas (Raza Holando Argentino\/Embriones\/Semen), una nueva actividad que se incorpora en esta edici\u00f3n. Tendr\u00e1 caracter\u00edsticas muy particulares y esperamos que sea el inicio de una gran tradici\u00f3n para nuestra Expo. Jueves 19 de septiembre, a las 20. 33\u00aa Expo Venta Gen\u00e9tica de Jerarqu\u00eda, con la participaci\u00f3n de la Coop. Guillermo Lehmann. La [&hellip;]<\/p>\n","protected":false},"author":2,"featured_media":0,"parent":0,"menu_order":0,"comment_status":"closed","ping_status":"closed","template":"","meta":{"ocean_post_layout":"","ocean_both_sidebars_style":"","ocean_both_sidebars_content_width":0,"ocean_both_sidebars_sidebars_width":0,"ocean_sidebar":"0","ocean_second_sidebar":"0","ocean_disable_margins":"enable","ocean_add_body_class":"","ocean_shortcode_before_top_bar":"","ocean_shortcode_after_top_bar":"","ocean_shortcode_before_header":"","ocean_shortcode_after_header":"","ocean_has_shortcode":"","ocean_shortcode_after_title":"","ocean_shortcode_before_footer_widgets":"","ocean_shortcode_after_footer_widgets":"","ocean_shortcode_before_footer_bottom":"","ocean_shortcode_after_footer_bottom":"","ocean_display_top_bar":"default","ocean_display_header":"default","ocean_header_style":"","ocean_center_header_left_menu":"0","ocean_custom_header_template":"0","ocean_custom_logo":0,"ocean_custom_retina_logo":0,"ocean_custom_logo_max_width":0,"ocean_custom_logo_tablet_max_width":0,"ocean_custom_logo_mobile_max_width":0,"ocean_custom_logo_max_height":0,"ocean_custom_logo_tablet_max_height":0,"ocean_custom_logo_mobile_max_height":0,"ocean_header_custom_menu":"0","ocean_menu_typo_font_family":"0","ocean_menu_typo_font_subset":"","ocean_menu_typo_font_size":0,"ocean_menu_typo_font_size_tablet":0,"ocean_menu_typo_font_size_mobile":0,"ocean_menu_typo_font_size_unit":"px","ocean_menu_typo_font_weight":"","ocean_menu_typo_font_weight_tablet":"","ocean_menu_typo_font_weight_mobile":"","ocean_menu_typo_transform":"","ocean_menu_typo_transform_tablet":"","ocean_menu_typo_transform_mobile":"","ocean_menu_typo_line_height":0,"ocean_menu_typo_line_height_tablet":0,"ocean_menu_typo_line_height_mobile":0,"ocean_menu_typo_line_height_unit":"","ocean_menu_typo_spacing":0,"ocean_menu_typo_spacing_tablet":0,"ocean_menu_typo_spacing_mobile":0,"ocean_menu_typo_spacing_unit":"","ocean_menu_link_color":"","ocean_menu_link_color_hover":"","ocean_menu_link_color_active":"","ocean_menu_link_background":"","ocean_menu_link_hover_background":"","ocean_menu_link_active_background":"","ocean_menu_social_links_bg":"","ocean_menu_social_hover_links_bg":"","ocean_menu_social_links_color":"","ocean_menu_social_hover_links_color":"","ocean_disable_title":"default","ocean_disable_heading":"default","ocean_post_title":"","ocean_post_subheading":"","ocean_post_title_style":"background-image","ocean_post_title_background_color":"","ocean_post_title_background":121,"ocean_post_title_bg_image_position":"","ocean_post_title_bg_image_attachment":"","ocean_post_title_bg_image_repeat":"","ocean_post_title_bg_image_size":"","ocean_post_title_height":0,"ocean_post_title_bg_overlay":0.5,"ocean_post_title_bg_overlay_color":"","ocean_disable_breadcrumbs":"default","ocean_breadcrumbs_color":"","ocean_breadcrumbs_separator_color":"","ocean_breadcrumbs_links_color":"","ocean_breadcrumbs_links_hover_color":"","ocean_display_footer_widgets":"default","ocean_display_footer_bottom":"default","ocean_custom_footer_template":"0","_joinchat":[],"footnotes":""},"class_list":["post-45","page","type-page","status-publish","hentry","entry"],"yoast_head":"<!-- This site is optimized with the Yoast SEO plugin v27.4 - https:\/\/yoast.com\/product\/yoast-seo-wordpress\/ -->\n<title>Remate - 117 Expo Rural Rafaela 2024<\/title>\n<meta name=\"robots\" content=\"index, follow, max-snippet:-1, max-image-preview:large, max-video-preview:-1\" \/>\n<link rel=\"canonical\" href=\"https:\/\/ruralrafaela.com.ar\/exporural2024\/remate\/\" \/>\n<meta property=\"og:locale\" content=\"es_ES\" \/>\n<meta property=\"og:type\" content=\"article\" \/>\n<meta property=\"og:title\" content=\"Remate - 117 Expo Rural Rafaela 2024\" \/>\n<meta property=\"og:description\" content=\"1\u00ba Remate de Estrellas (Raza Holando Argentino\/Embriones\/Semen), una nueva actividad que se incorpora en esta edici\u00f3n. Tendr\u00e1 caracter\u00edsticas muy particulares y esperamos que sea el inicio de una gran tradici\u00f3n para nuestra Expo. Jueves 19 de septiembre, a las 20. 33\u00aa Expo Venta Gen\u00e9tica de Jerarqu\u00eda, con la participaci\u00f3n de la Coop. Guillermo Lehmann. La [&hellip;]\" \/>\n<meta property=\"og:url\" content=\"https:\/\/ruralrafaela.com.ar\/exporural2024\/remate\/\" \/>\n<meta property=\"og:site_name\" content=\"117 Expo Rural Rafaela 2024\" \/>\n<meta property=\"article:modified_time\" content=\"2024-09-18T12:28:33+00:00\" \/>\n<meta property=\"og:image\" content=\"https:\/\/ruralrafaela.com.ar\/exporural2023\/wp-content\/uploads\/sites\/21\/2022\/10\/WhatsApp-Image-2022-10-10-at-5.48.45-PM-1.jpeg\" \/>\n<meta name=\"twitter:card\" content=\"summary_large_image\" \/>\n<meta name=\"twitter:label1\" content=\"Tiempo de lectura\" \/>\n\t<meta name=\"twitter:data1\" content=\"2 minutos\" \/>\n<script type=\"application\/ld+json\" class=\"yoast-schema-graph\">{\"@context\":\"https:\\\/\\\/schema.org\",\"@graph\":[{\"@type\":\"WebPage\",\"@id\":\"https:\\\/\\\/ruralrafaela.com.ar\\\/exporural2024\\\/remate\\\/\",\"url\":\"https:\\\/\\\/ruralrafaela.com.ar\\\/exporural2024\\\/remate\\\/\",\"name\":\"Remate - 117 Expo Rural Rafaela 2024\",\"isPartOf\":{\"@id\":\"https:\\\/\\\/ruralrafaela.com.ar\\\/exporural2024\\\/#website\"},\"primaryImageOfPage\":{\"@id\":\"https:\\\/\\\/ruralrafaela.com.ar\\\/exporural2024\\\/remate\\\/#primaryimage\"},\"image\":{\"@id\":\"https:\\\/\\\/ruralrafaela.com.ar\\\/exporural2024\\\/remate\\\/#primaryimage\"},\"thumbnailUrl\":\"https:\\\/\\\/ruralrafaela.com.ar\\\/exporural2023\\\/wp-content\\\/uploads\\\/sites\\\/21\\\/2022\\\/10\\\/WhatsApp-Image-2022-10-10-at-5.48.45-PM-1.jpeg\",\"datePublished\":\"2022-08-24T15:52:24+00:00\",\"dateModified\":\"2024-09-18T12:28:33+00:00\",\"breadcrumb\":{\"@id\":\"https:\\\/\\\/ruralrafaela.com.ar\\\/exporural2024\\\/remate\\\/#breadcrumb\"},\"inLanguage\":\"es\",\"potentialAction\":[{\"@type\":\"ReadAction\",\"target\":[\"https:\\\/\\\/ruralrafaela.com.ar\\\/exporural2024\\\/remate\\\/\"]}]},{\"@type\":\"ImageObject\",\"inLanguage\":\"es\",\"@id\":\"https:\\\/\\\/ruralrafaela.com.ar\\\/exporural2024\\\/remate\\\/#primaryimage\",\"url\":\"https:\\\/\\\/ruralrafaela.com.ar\\\/exporural2023\\\/wp-content\\\/uploads\\\/sites\\\/21\\\/2022\\\/10\\\/WhatsApp-Image-2022-10-10-at-5.48.45-PM-1.jpeg\",\"contentUrl\":\"https:\\\/\\\/ruralrafaela.com.ar\\\/exporural2023\\\/wp-content\\\/uploads\\\/sites\\\/21\\\/2022\\\/10\\\/WhatsApp-Image-2022-10-10-at-5.48.45-PM-1.jpeg\"},{\"@type\":\"BreadcrumbList\",\"@id\":\"https:\\\/\\\/ruralrafaela.com.ar\\\/exporural2024\\\/remate\\\/#breadcrumb\",\"itemListElement\":[{\"@type\":\"ListItem\",\"position\":1,\"name\":\"Portada\",\"item\":\"https:\\\/\\\/ruralrafaela.com.ar\\\/exporural2024\\\/\"},{\"@type\":\"ListItem\",\"position\":2,\"name\":\"Remate\"}]},{\"@type\":\"WebSite\",\"@id\":\"https:\\\/\\\/ruralrafaela.com.ar\\\/exporural2024\\\/#website\",\"url\":\"https:\\\/\\\/ruralrafaela.com.ar\\\/exporural2024\\\/\",\"name\":\"117 Expo Rural Rafaela 2024\",\"description\":\"Sitio oficial de la Expo Rural Rafaela\",\"publisher\":{\"@id\":\"https:\\\/\\\/ruralrafaela.com.ar\\\/exporural2024\\\/#organization\"},\"potentialAction\":[{\"@type\":\"SearchAction\",\"target\":{\"@type\":\"EntryPoint\",\"urlTemplate\":\"https:\\\/\\\/ruralrafaela.com.ar\\\/exporural2024\\\/?s={search_term_string}\"},\"query-input\":{\"@type\":\"PropertyValueSpecification\",\"valueRequired\":true,\"valueName\":\"search_term_string\"}}],\"inLanguage\":\"es\"},{\"@type\":\"Organization\",\"@id\":\"https:\\\/\\\/ruralrafaela.com.ar\\\/exporural2024\\\/#organization\",\"name\":\"117 Expo Rural Rafaela 2024\",\"url\":\"https:\\\/\\\/ruralrafaela.com.ar\\\/exporural2024\\\/\",\"logo\":{\"@type\":\"ImageObject\",\"inLanguage\":\"es\",\"@id\":\"https:\\\/\\\/ruralrafaela.com.ar\\\/exporural2024\\\/#\\\/schema\\\/logo\\\/image\\\/\",\"url\":\"https:\\\/\\\/ruralrafaela.com.ar\\\/exporural2024\\\/wp-content\\\/uploads\\\/sites\\\/23\\\/2024\\\/08\\\/logo.png\",\"contentUrl\":\"https:\\\/\\\/ruralrafaela.com.ar\\\/exporural2024\\\/wp-content\\\/uploads\\\/sites\\\/23\\\/2024\\\/08\\\/logo.png\",\"width\":250,\"height\":62,\"caption\":\"117 Expo Rural Rafaela 2024\"},\"image\":{\"@id\":\"https:\\\/\\\/ruralrafaela.com.ar\\\/exporural2024\\\/#\\\/schema\\\/logo\\\/image\\\/\"}}]}<\/script>\n<!-- \/ Yoast SEO plugin. -->","yoast_head_json":{"title":"Remate - 117 Expo Rural Rafaela 2024","robots":{"index":"index","follow":"follow","max-snippet":"max-snippet:-1","max-image-preview":"max-image-preview:large","max-video-preview":"max-video-preview:-1"},"canonical":"https:\/\/ruralrafaela.com.ar\/exporural2024\/remate\/","og_locale":"es_ES","og_type":"article","og_title":"Remate - 117 Expo Rural Rafaela 2024","og_description":"1\u00ba Remate de Estrellas (Raza Holando Argentino\/Embriones\/Semen), una nueva actividad que se incorpora en esta edici\u00f3n. Tendr\u00e1 caracter\u00edsticas muy particulares y esperamos que sea el inicio de una gran tradici\u00f3n para nuestra Expo. Jueves 19 de septiembre, a las 20. 33\u00aa Expo Venta Gen\u00e9tica de Jerarqu\u00eda, con la participaci\u00f3n de la Coop. Guillermo Lehmann. La [&hellip;]","og_url":"https:\/\/ruralrafaela.com.ar\/exporural2024\/remate\/","og_site_name":"117 Expo Rural Rafaela 2024","article_modified_time":"2024-09-18T12:28:33+00:00","og_image":[{"url":"https:\/\/ruralrafaela.com.ar\/exporural2023\/wp-content\/uploads\/sites\/21\/2022\/10\/WhatsApp-Image-2022-10-10-at-5.48.45-PM-1.jpeg","type":"","width":"","height":""}],"twitter_card":"summary_large_image","twitter_misc":{"Tiempo de lectura":"2 minutos"},"schema":{"@context":"https:\/\/schema.org","@graph":[{"@type":"WebPage","@id":"https:\/\/ruralrafaela.com.ar\/exporural2024\/remate\/","url":"https:\/\/ruralrafaela.com.ar\/exporural2024\/remate\/","name":"Remate - 117 Expo Rural Rafaela 2024","isPartOf":{"@id":"https:\/\/ruralrafaela.com.ar\/exporural2024\/#website"},"primaryImageOfPage":{"@id":"https:\/\/ruralrafaela.com.ar\/exporural2024\/remate\/#primaryimage"},"image":{"@id":"https:\/\/ruralrafaela.com.ar\/exporural2024\/remate\/#primaryimage"},"thumbnailUrl":"https:\/\/ruralrafaela.com.ar\/exporural2023\/wp-content\/uploads\/sites\/21\/2022\/10\/WhatsApp-Image-2022-10-10-at-5.48.45-PM-1.jpeg","datePublished":"2022-08-24T15:52:24+00:00","dateModified":"2024-09-18T12:28:33+00:00","breadcrumb":{"@id":"https:\/\/ruralrafaela.com.ar\/exporural2024\/remate\/#breadcrumb"},"inLanguage":"es","potentialAction":[{"@type":"ReadAction","target":["https:\/\/ruralrafaela.com.ar\/exporural2024\/remate\/"]}]},{"@type":"ImageObject","inLanguage":"es","@id":"https:\/\/ruralrafaela.com.ar\/exporural2024\/remate\/#primaryimage","url":"https:\/\/ruralrafaela.com.ar\/exporural2023\/wp-content\/uploads\/sites\/21\/2022\/10\/WhatsApp-Image-2022-10-10-at-5.48.45-PM-1.jpeg","contentUrl":"https:\/\/ruralrafaela.com.ar\/exporural2023\/wp-content\/uploads\/sites\/21\/2022\/10\/WhatsApp-Image-2022-10-10-at-5.48.45-PM-1.jpeg"},{"@type":"BreadcrumbList","@id":"https:\/\/ruralrafaela.com.ar\/exporural2024\/remate\/#breadcrumb","itemListElement":[{"@type":"ListItem","position":1,"name":"Portada","item":"https:\/\/ruralrafaela.com.ar\/exporural2024\/"},{"@type":"ListItem","position":2,"name":"Remate"}]},{"@type":"WebSite","@id":"https:\/\/ruralrafaela.com.ar\/exporural2024\/#website","url":"https:\/\/ruralrafaela.com.ar\/exporural2024\/","name":"117 Expo Rural Rafaela 2024","description":"Sitio oficial de la Expo Rural Rafaela","publisher":{"@id":"https:\/\/ruralrafaela.com.ar\/exporural2024\/#organization"},"potentialAction":[{"@type":"SearchAction","target":{"@type":"EntryPoint","urlTemplate":"https:\/\/ruralrafaela.com.ar\/exporural2024\/?s={search_term_string}"},"query-input":{"@type":"PropertyValueSpecification","valueRequired":true,"valueName":"search_term_string"}}],"inLanguage":"es"},{"@type":"Organization","@id":"https:\/\/ruralrafaela.com.ar\/exporural2024\/#organization","name":"117 Expo Rural Rafaela 2024","url":"https:\/\/ruralrafaela.com.ar\/exporural2024\/","logo":{"@type":"ImageObject","inLanguage":"es","@id":"https:\/\/ruralrafaela.com.ar\/exporural2024\/#\/schema\/logo\/image\/","url":"https:\/\/ruralrafaela.com.ar\/exporural2024\/wp-content\/uploads\/sites\/23\/2024\/08\/logo.png","contentUrl":"https:\/\/ruralrafaela.com.ar\/exporural2024\/wp-content\/uploads\/sites\/23\/2024\/08\/logo.png","width":250,"height":62,"caption":"117 Expo Rural Rafaela 2024"},"image":{"@id":"https:\/\/ruralrafaela.com.ar\/exporural2024\/#\/schema\/logo\/image\/"}}]}},"_links":{"self":[{"href":"https:\/\/ruralrafaela.com.ar\/exporural2024\/wp-json\/wp\/v2\/pages\/45","targetHints":{"allow":["GET"]}}],"collection":[{"href":"https:\/\/ruralrafaela.com.ar\/exporural2024\/wp-json\/wp\/v2\/pages"}],"about":[{"href":"https:\/\/ruralrafaela.com.ar\/exporural2024\/wp-json\/wp\/v2\/types\/page"}],"author":[{"embeddable":true,"href":"https:\/\/ruralrafaela.com.ar\/exporural2024\/wp-json\/wp\/v2\/users\/2"}],"replies":[{"embeddable":true,"href":"https:\/\/ruralrafaela.com.ar\/exporural2024\/wp-json\/wp\/v2\/comments?post=45"}],"version-history":[{"count":21,"href":"https:\/\/ruralrafaela.com.ar\/exporural2024\/wp-json\/wp\/v2\/pages\/45\/revisions"}],"predecessor-version":[{"id":6906,"href":"https:\/\/ruralrafaela.com.ar\/exporural2024\/wp-json\/wp\/v2\/pages\/45\/revisions\/6906"}],"wp:attachment":[{"href":"https:\/\/ruralrafaela.com.ar\/exporural2024\/wp-json\/wp\/v2\/media?parent=45"}],"curies":[{"name":"wp","href":"https:\/\/api.w.org\/{rel}","templated":true}]}}