{"id":39,"date":"2022-08-24T15:51:30","date_gmt":"2022-08-24T15:51:30","guid":{"rendered":"https:\/\/ruralrafaela.com.ar\/exporural2024\/?page_id=39"},"modified":"2024-08-30T15:32:00","modified_gmt":"2024-08-30T15:32:00","slug":"charlas-y-capacitaciones","status":"publish","type":"page","link":"https:\/\/ruralrafaela.com.ar\/exporural2024\/charlas-y-capacitaciones\/","title":{"rendered":"Charlas y Capacitaciones"},"content":{"rendered":"\n\n<p><strong>Santiago Bulat<\/strong><\/p>\n<p><strong>Perspectivas econ\u00f3micas del pa\u00eds. <\/strong><\/p>\n<p>Santiago Bulat es licenciado en econom\u00eda por la Universidad de Buenos Aires. Magister en finanzas Corporativas por la Universidad del CEMA. Magister en Desarrollo Econ\u00f3mico en la Universidad de Sussex, UK. Es socio de la consultora Invecq y economista jefe del grupo IDEA. Ganador del premio ADEBA 2020 por la creaci\u00f3n de una plataforma de inclusi\u00f3n financiera. Tambi\u00e9n es columnista econ\u00f3mico en La Naci\u00f3n.<\/p>\n<p>Viernes 20, a las 19.<\/p>\n<p>Invita: Sociedad Rural de Rafaela<\/p>\n<p>\u00a0<\/p>\n<p><strong>Segundo Conversatorio \u201cLa Mujer y el Campo, vivencias y aprendizajes en primera persona\u201d<\/strong><\/p>\n<p>Un panel de invitadas muy especiales y queridas para nuestra entidad, quienes van a compartir con nosotros sus experiencias desde diferentes espacios: la producci\u00f3n, el gremialismo, la empresa, la comercializaci\u00f3n, la profesi\u00f3n, la educaci\u00f3n.<\/p>\n<p>Viernes 20, a las 16.<\/p>\n<p>Invita: GAMA.<\/p>\n<p>\u00a0<\/p>\n<p><strong>Jornada de actualizaci\u00f3n <\/strong><\/p>\n<ul>\n<li><strong>Actualidad en Gen\u00e9tica y Gen\u00f3mica<\/strong> por Grupo de Trabajo en Gen\u00e9tica Lechera, a cargo de Milba Vera.<\/li>\n<li><strong>Conformaci\u00f3n de la vaca lechera<\/strong>, te\u00f3rica y pr\u00e1ctica, con Alejandro Dailoff, Calificador de ACHA.<\/li>\n<li>Jornada T\u00e9cnica junto a APROCAL.<\/li>\n<\/ul>\n<p>Jueves 19, de 14 a 15.30<\/p>\n<p>Invita: ACHA<\/p>\n<p>\u00a0<\/p>\n<p><strong>Mercados agro: Impacto de las normativas europeas. Oportunidades y desaf\u00edos para el agro argentino. El rol de VISEC.<\/strong><\/p>\n<p>Un encuentro para despejar dudas y conversar sobre las tendencias del mercado internacional y c\u00f3mo ganar oportunidades ante estos nuevos desaf\u00edos.<\/p>\n<p>Jueves 19, a las 16<\/p>\n<p>Invitan: Gaviglio, Bolsa de Comercio de Santa Fe y VISEC<\/p>\n<p>\u00a0<\/p>\n<p><strong>Actualidad del Mercados de Granos<\/strong><\/p>\n<p>Disertante: Diego de la Puente de Novitas S.A<\/p>\n<p>Jueves 19, a las 18<\/p>\n<p>Invita: Cooperativa Guillermo Lehmann<\/p>\n<p>\u00a0<\/p>\n<p><strong>Tendencias y Desaf\u00edos para una Producci\u00f3n Lechera Eficiente<\/strong><\/p>\n<p>Disertante: a confirmar.<\/p>\n<p>Viernes 20, a las 11.<\/p>\n<p>Invita: Cooperativa Guillermo Lehmann<\/p>\n<p>\u00a0<\/p>\n<p><strong>Recursos humanos en empresas agropecuarias: desaf\u00edos y herramientas de gesti\u00f3n, rol de la mujer en el agro, su evoluci\u00f3n, importancia e impacto.<\/strong><\/p>\n<p>Charla\/taller con \u00e9nfasis en el intercambio con las mujeres participantes, conversando sobre su propia evoluci\u00f3n como \u201cMujeres en campa\u00f1a\u201d<\/p>\n<p>Disertante: Larisa A. Acosta<\/p>\n<p>S\u00e1bado 21, a las 14.<\/p>\n<p>Invita: Grosso Tractores<\/p>\n<p>\u00a0<\/p>\n<p><strong>La Producci\u00f3n de Ovinos para Carne en Campos Agr\u00edcola-Ganaderos de la Regi\u00f3n<\/strong><\/p>\n<p>Jornada intensiva organizada por INTA Rafaela, el s\u00e1bado 21, desde las 11, con el objetivo de<\/p>\n<ul>\n<li>Promover la producci\u00f3n ovina: destacar las potenciales de la producci\u00f3n del ovino pesado para carne en campos agr\u00edcolas y la sostenibilidad en la producci\u00f3n ovina.<\/li>\n<li>Fomentar el crecimiento de empresas familiares: explorar oportunidades para la integraci\u00f3n y continuidad generacional en los sistemas ovinos.<\/li>\n<li>Compartir conocimientos y experiencias: presentar desaf\u00edos, logros y oportunidades en la producci\u00f3n ovina a trav\u00e9s de la experiencia de destacados disertantes.<\/li>\n<li>Impulsar la sustentabilidad: mostrar productos comerciales y las posibilidades de comercializaci\u00f3n.<\/li>\n<\/ul>\n<p>Lanzamiento del Plan Ovino Provincial, a cargo del\u00a0 Director de Ganader\u00eda de la Provincia de Santa Fe, Facundo M\u00e9ndez.<\/p>\n<p>Charlas:<\/p>\n<p>11:45 hs:<\/p>\n<p><strong>El ovino pesado para carne en campos agr\u00edcolas: una actividad con gran potencialidad y sustentabilidad en campos agr\u00edcolas. desaf\u00edos, logros y oportunidades.<\/strong><\/p>\n<p>Disertante: Ing. Agr. N\u00e9stor Franz, Jefe de Agencia de Extensi\u00f3n Pozo del Molle.<\/p>\n<p>Presenta el Bloque: Ing. Susana Ramonda, INTA Agencia Las Rosas.<\/p>\n<p>\u00a0<\/p>\n<p>12:15 hs:<\/p>\n<p><strong>La empresa familiar en los sistemas ovinos: una oportunidad para el crecimiento y la continuidad generacional. la integraci\u00f3n de la producci\u00f3n, caba\u00f1a y comercializaci\u00f3n. <\/strong>Disertantes: Federico Poncio y Federico Negri.<\/p>\n<p><strong>Comercializaci\u00f3n de carne ovina: estrategia comercial, desaf\u00edos y oportunidades. <\/strong>Disertante: Giani Torresi.<\/p>\n<p>Estos productores y comercializadores llevar\u00e1n animales y una exhibidora para mostrar los productos que se pueden comercializar.<\/p>\n<p>13:15<\/p>\n<p><strong>Foro Final<\/strong><\/p>\n<p>Coordina: Ing. Scala Mar\u00eda Rosa y Castro Germ\u00e1n. Participan todos los disertantes y autoridades.<\/p>\n<p>\u00a0<\/p>\n<p><strong>Todas las charlas son de acceso libre, pero por cuestiones organizativas requieren confirmaci\u00f3n de participaci\u00f3n a trav\u00e9s del Whatsapp institucional: 3492 &#8211; 30-6917.<\/strong><\/p>\n\n\n\n<hr \/>\n\n\n<figure class=\"wp-block-image size-large\"><img decoding=\"async\" src=\"https:\/\/ruralrafaela.com.ar\/exporural2024\/wp-content\/uploads\/sites\/23\/2023\/09\/charlas-576x1024.jpeg\" alt=\"\" class=\"wp-image-6342\"\/><\/figure>\n\n\n\n<figure class=\"wp-block-embed is-type-video is-provider-youtube wp-block-embed-youtube wp-embed-aspect-16-9 wp-has-aspect-ratio\"><div class=\"wp-block-embed__wrapper\">\n<iframe  id=\"_ytid_16349\"  width=\"800\" height=\"450\"  data-origwidth=\"800\" data-origheight=\"450\" src=\"https:\/\/www.youtube.com\/embed\/NqHblTxTr1s?enablejsapi=1&#038;autoplay=0&#038;cc_load_policy=0&#038;cc_lang_pref=&#038;iv_load_policy=1&#038;loop=0&#038;rel=1&#038;fs=1&#038;playsinline=0&#038;autohide=2&#038;theme=dark&#038;color=red&#038;controls=1&#038;disablekb=0&#038;\" class=\"__youtube_prefs__  epyt-is-override  no-lazyload\" title=\"YouTube player\"  allow=\"fullscreen; accelerometer; autoplay; clipboard-write; encrypted-media; gyroscope; picture-in-picture; web-share\" referrerpolicy=\"strict-origin-when-cross-origin\" allowfullscreen data-no-lazy=\"1\" data-skipgform_ajax_framebjll=\"\"><\/iframe>\n<\/div><\/figure>\n","protected":false},"excerpt":{"rendered":"<p>Santiago Bulat Perspectivas econ\u00f3micas del pa\u00eds. Santiago Bulat es licenciado en econom\u00eda por la Universidad de Buenos Aires. Magister en finanzas Corporativas por la Universidad del CEMA. Magister en Desarrollo Econ\u00f3mico en la Universidad de Sussex, UK. Es socio de la consultora Invecq y economista jefe del grupo IDEA. Ganador del premio ADEBA 2020 por [&hellip;]<\/p>\n","protected":false},"author":2,"featured_media":6791,"parent":0,"menu_order":0,"comment_status":"closed","ping_status":"closed","template":"","meta":{"ocean_post_layout":"","ocean_both_sidebars_style":"","ocean_both_sidebars_content_width":0,"ocean_both_sidebars_sidebars_width":0,"ocean_sidebar":"0","ocean_second_sidebar":"0","ocean_disable_margins":"enable","ocean_add_body_class":"","ocean_shortcode_before_top_bar":"","ocean_shortcode_after_top_bar":"","ocean_shortcode_before_header":"","ocean_shortcode_after_header":"","ocean_has_shortcode":"","ocean_shortcode_after_title":"","ocean_shortcode_before_footer_widgets":"","ocean_shortcode_after_footer_widgets":"","ocean_shortcode_before_footer_bottom":"","ocean_shortcode_after_footer_bottom":"","ocean_display_top_bar":"default","ocean_display_header":"default","ocean_header_style":"","ocean_center_header_left_menu":"0","ocean_custom_header_template":"0","ocean_custom_logo":0,"ocean_custom_retina_logo":0,"ocean_custom_logo_max_width":0,"ocean_custom_logo_tablet_max_width":0,"ocean_custom_logo_mobile_max_width":0,"ocean_custom_logo_max_height":0,"ocean_custom_logo_tablet_max_height":0,"ocean_custom_logo_mobile_max_height":0,"ocean_header_custom_menu":"0","ocean_menu_typo_font_family":"0","ocean_menu_typo_font_subset":"","ocean_menu_typo_font_size":0,"ocean_menu_typo_font_size_tablet":0,"ocean_menu_typo_font_size_mobile":0,"ocean_menu_typo_font_size_unit":"px","ocean_menu_typo_font_weight":"","ocean_menu_typo_font_weight_tablet":"","ocean_menu_typo_font_weight_mobile":"","ocean_menu_typo_transform":"","ocean_menu_typo_transform_tablet":"","ocean_menu_typo_transform_mobile":"","ocean_menu_typo_line_height":0,"ocean_menu_typo_line_height_tablet":0,"ocean_menu_typo_line_height_mobile":0,"ocean_menu_typo_line_height_unit":"","ocean_menu_typo_spacing":0,"ocean_menu_typo_spacing_tablet":0,"ocean_menu_typo_spacing_mobile":0,"ocean_menu_typo_spacing_unit":"","ocean_menu_link_color":"","ocean_menu_link_color_hover":"","ocean_menu_link_color_active":"","ocean_menu_link_background":"","ocean_menu_link_hover_background":"","ocean_menu_link_active_background":"","ocean_menu_social_links_bg":"","ocean_menu_social_hover_links_bg":"","ocean_menu_social_links_color":"","ocean_menu_social_hover_links_color":"","ocean_disable_title":"default","ocean_disable_heading":"default","ocean_post_title":"","ocean_post_subheading":"","ocean_post_title_style":"background-image","ocean_post_title_background_color":"","ocean_post_title_background":119,"ocean_post_title_bg_image_position":"","ocean_post_title_bg_image_attachment":"","ocean_post_title_bg_image_repeat":"","ocean_post_title_bg_image_size":"","ocean_post_title_height":0,"ocean_post_title_bg_overlay":0.5,"ocean_post_title_bg_overlay_color":"","ocean_disable_breadcrumbs":"default","ocean_breadcrumbs_color":"","ocean_breadcrumbs_separator_color":"","ocean_breadcrumbs_links_color":"","ocean_breadcrumbs_links_hover_color":"","ocean_display_footer_widgets":"default","ocean_display_footer_bottom":"default","ocean_custom_footer_template":"0","_joinchat":[],"footnotes":""},"class_list":["post-39","page","type-page","status-publish","has-post-thumbnail","hentry","entry","has-media"],"yoast_head":"<!-- This site is optimized with the Yoast SEO plugin v27.4 - https:\/\/yoast.com\/product\/yoast-seo-wordpress\/ -->\n<title>Charlas y Capacitaciones - 117 Expo Rural Rafaela 2024<\/title>\n<meta name=\"description\" content=\"Enterate de todas las capacitaciones que te ofrecemos en la 115\u00ba Expo Rural Rafaela.\" \/>\n<meta name=\"robots\" content=\"index, follow, max-snippet:-1, max-image-preview:large, max-video-preview:-1\" \/>\n<link rel=\"canonical\" href=\"https:\/\/ruralrafaela.com.ar\/exporural2024\/charlas-y-capacitaciones\/\" \/>\n<meta property=\"og:locale\" content=\"es_ES\" \/>\n<meta property=\"og:type\" content=\"article\" \/>\n<meta property=\"og:title\" content=\"Charlas y Capacitaciones - 117 Expo Rural Rafaela 2024\" \/>\n<meta property=\"og:description\" content=\"Enterate de todas las capacitaciones que te ofrecemos en la 115\u00ba Expo Rural Rafaela.\" \/>\n<meta property=\"og:url\" content=\"https:\/\/ruralrafaela.com.ar\/exporural2024\/charlas-y-capacitaciones\/\" \/>\n<meta property=\"og:site_name\" content=\"117 Expo Rural Rafaela 2024\" \/>\n<meta property=\"article:modified_time\" content=\"2024-08-30T15:32:00+00:00\" \/>\n<meta property=\"og:image\" content=\"https:\/\/ruralrafaela.com.ar\/exporural2024\/wp-content\/uploads\/sites\/23\/2024\/08\/charlas.jpg\" \/>\n\t<meta property=\"og:image:width\" content=\"2560\" \/>\n\t<meta property=\"og:image:height\" content=\"1441\" \/>\n\t<meta property=\"og:image:type\" content=\"image\/jpeg\" \/>\n<meta name=\"twitter:card\" content=\"summary_large_image\" \/>\n<meta name=\"twitter:label1\" content=\"Tiempo de lectura\" \/>\n\t<meta name=\"twitter:data1\" content=\"4 minutos\" \/>\n<script type=\"application\/ld+json\" class=\"yoast-schema-graph\">{\"@context\":\"https:\\\/\\\/schema.org\",\"@graph\":[{\"@type\":\"WebPage\",\"@id\":\"https:\\\/\\\/ruralrafaela.com.ar\\\/exporural2024\\\/charlas-y-capacitaciones\\\/\",\"url\":\"https:\\\/\\\/ruralrafaela.com.ar\\\/exporural2024\\\/charlas-y-capacitaciones\\\/\",\"name\":\"Charlas y Capacitaciones - 117 Expo Rural Rafaela 2024\",\"isPartOf\":{\"@id\":\"https:\\\/\\\/ruralrafaela.com.ar\\\/exporural2024\\\/#website\"},\"primaryImageOfPage\":{\"@id\":\"https:\\\/\\\/ruralrafaela.com.ar\\\/exporural2024\\\/charlas-y-capacitaciones\\\/#primaryimage\"},\"image\":{\"@id\":\"https:\\\/\\\/ruralrafaela.com.ar\\\/exporural2024\\\/charlas-y-capacitaciones\\\/#primaryimage\"},\"thumbnailUrl\":\"https:\\\/\\\/ruralrafaela.com.ar\\\/exporural2024\\\/wp-content\\\/uploads\\\/sites\\\/23\\\/2024\\\/08\\\/charlas.jpg\",\"datePublished\":\"2022-08-24T15:51:30+00:00\",\"dateModified\":\"2024-08-30T15:32:00+00:00\",\"description\":\"Enterate de todas las capacitaciones que te ofrecemos en la 115\u00ba Expo Rural Rafaela.\",\"breadcrumb\":{\"@id\":\"https:\\\/\\\/ruralrafaela.com.ar\\\/exporural2024\\\/charlas-y-capacitaciones\\\/#breadcrumb\"},\"inLanguage\":\"es\",\"potentialAction\":[{\"@type\":\"ReadAction\",\"target\":[\"https:\\\/\\\/ruralrafaela.com.ar\\\/exporural2024\\\/charlas-y-capacitaciones\\\/\"]}]},{\"@type\":\"ImageObject\",\"inLanguage\":\"es\",\"@id\":\"https:\\\/\\\/ruralrafaela.com.ar\\\/exporural2024\\\/charlas-y-capacitaciones\\\/#primaryimage\",\"url\":\"https:\\\/\\\/ruralrafaela.com.ar\\\/exporural2024\\\/wp-content\\\/uploads\\\/sites\\\/23\\\/2024\\\/08\\\/charlas.jpg\",\"contentUrl\":\"https:\\\/\\\/ruralrafaela.com.ar\\\/exporural2024\\\/wp-content\\\/uploads\\\/sites\\\/23\\\/2024\\\/08\\\/charlas.jpg\",\"width\":2560,\"height\":1441},{\"@type\":\"BreadcrumbList\",\"@id\":\"https:\\\/\\\/ruralrafaela.com.ar\\\/exporural2024\\\/charlas-y-capacitaciones\\\/#breadcrumb\",\"itemListElement\":[{\"@type\":\"ListItem\",\"position\":1,\"name\":\"Portada\",\"item\":\"https:\\\/\\\/ruralrafaela.com.ar\\\/exporural2024\\\/\"},{\"@type\":\"ListItem\",\"position\":2,\"name\":\"Charlas y Capacitaciones\"}]},{\"@type\":\"WebSite\",\"@id\":\"https:\\\/\\\/ruralrafaela.com.ar\\\/exporural2024\\\/#website\",\"url\":\"https:\\\/\\\/ruralrafaela.com.ar\\\/exporural2024\\\/\",\"name\":\"117 Expo Rural Rafaela 2024\",\"description\":\"Sitio oficial de la Expo Rural Rafaela\",\"publisher\":{\"@id\":\"https:\\\/\\\/ruralrafaela.com.ar\\\/exporural2024\\\/#organization\"},\"potentialAction\":[{\"@type\":\"SearchAction\",\"target\":{\"@type\":\"EntryPoint\",\"urlTemplate\":\"https:\\\/\\\/ruralrafaela.com.ar\\\/exporural2024\\\/?s={search_term_string}\"},\"query-input\":{\"@type\":\"PropertyValueSpecification\",\"valueRequired\":true,\"valueName\":\"search_term_string\"}}],\"inLanguage\":\"es\"},{\"@type\":\"Organization\",\"@id\":\"https:\\\/\\\/ruralrafaela.com.ar\\\/exporural2024\\\/#organization\",\"name\":\"117 Expo Rural Rafaela 2024\",\"url\":\"https:\\\/\\\/ruralrafaela.com.ar\\\/exporural2024\\\/\",\"logo\":{\"@type\":\"ImageObject\",\"inLanguage\":\"es\",\"@id\":\"https:\\\/\\\/ruralrafaela.com.ar\\\/exporural2024\\\/#\\\/schema\\\/logo\\\/image\\\/\",\"url\":\"https:\\\/\\\/ruralrafaela.com.ar\\\/exporural2024\\\/wp-content\\\/uploads\\\/sites\\\/23\\\/2024\\\/08\\\/logo.png\",\"contentUrl\":\"https:\\\/\\\/ruralrafaela.com.ar\\\/exporural2024\\\/wp-content\\\/uploads\\\/sites\\\/23\\\/2024\\\/08\\\/logo.png\",\"width\":250,\"height\":62,\"caption\":\"117 Expo Rural Rafaela 2024\"},\"image\":{\"@id\":\"https:\\\/\\\/ruralrafaela.com.ar\\\/exporural2024\\\/#\\\/schema\\\/logo\\\/image\\\/\"}}]}<\/script>\n<!-- \/ Yoast SEO plugin. -->","yoast_head_json":{"title":"Charlas y Capacitaciones - 117 Expo Rural Rafaela 2024","description":"Enterate de todas las capacitaciones que te ofrecemos en la 115\u00ba Expo Rural Rafaela.","robots":{"index":"index","follow":"follow","max-snippet":"max-snippet:-1","max-image-preview":"max-image-preview:large","max-video-preview":"max-video-preview:-1"},"canonical":"https:\/\/ruralrafaela.com.ar\/exporural2024\/charlas-y-capacitaciones\/","og_locale":"es_ES","og_type":"article","og_title":"Charlas y Capacitaciones - 117 Expo Rural Rafaela 2024","og_description":"Enterate de todas las capacitaciones que te ofrecemos en la 115\u00ba Expo Rural Rafaela.","og_url":"https:\/\/ruralrafaela.com.ar\/exporural2024\/charlas-y-capacitaciones\/","og_site_name":"117 Expo Rural Rafaela 2024","article_modified_time":"2024-08-30T15:32:00+00:00","og_image":[{"width":2560,"height":1441,"url":"https:\/\/ruralrafaela.com.ar\/exporural2024\/wp-content\/uploads\/sites\/23\/2024\/08\/charlas.jpg","type":"image\/jpeg"}],"twitter_card":"summary_large_image","twitter_misc":{"Tiempo de lectura":"4 minutos"},"schema":{"@context":"https:\/\/schema.org","@graph":[{"@type":"WebPage","@id":"https:\/\/ruralrafaela.com.ar\/exporural2024\/charlas-y-capacitaciones\/","url":"https:\/\/ruralrafaela.com.ar\/exporural2024\/charlas-y-capacitaciones\/","name":"Charlas y Capacitaciones - 117 Expo Rural Rafaela 2024","isPartOf":{"@id":"https:\/\/ruralrafaela.com.ar\/exporural2024\/#website"},"primaryImageOfPage":{"@id":"https:\/\/ruralrafaela.com.ar\/exporural2024\/charlas-y-capacitaciones\/#primaryimage"},"image":{"@id":"https:\/\/ruralrafaela.com.ar\/exporural2024\/charlas-y-capacitaciones\/#primaryimage"},"thumbnailUrl":"https:\/\/ruralrafaela.com.ar\/exporural2024\/wp-content\/uploads\/sites\/23\/2024\/08\/charlas.jpg","datePublished":"2022-08-24T15:51:30+00:00","dateModified":"2024-08-30T15:32:00+00:00","description":"Enterate de todas las capacitaciones que te ofrecemos en la 115\u00ba Expo Rural Rafaela.","breadcrumb":{"@id":"https:\/\/ruralrafaela.com.ar\/exporural2024\/charlas-y-capacitaciones\/#breadcrumb"},"inLanguage":"es","potentialAction":[{"@type":"ReadAction","target":["https:\/\/ruralrafaela.com.ar\/exporural2024\/charlas-y-capacitaciones\/"]}]},{"@type":"ImageObject","inLanguage":"es","@id":"https:\/\/ruralrafaela.com.ar\/exporural2024\/charlas-y-capacitaciones\/#primaryimage","url":"https:\/\/ruralrafaela.com.ar\/exporural2024\/wp-content\/uploads\/sites\/23\/2024\/08\/charlas.jpg","contentUrl":"https:\/\/ruralrafaela.com.ar\/exporural2024\/wp-content\/uploads\/sites\/23\/2024\/08\/charlas.jpg","width":2560,"height":1441},{"@type":"BreadcrumbList","@id":"https:\/\/ruralrafaela.com.ar\/exporural2024\/charlas-y-capacitaciones\/#breadcrumb","itemListElement":[{"@type":"ListItem","position":1,"name":"Portada","item":"https:\/\/ruralrafaela.com.ar\/exporural2024\/"},{"@type":"ListItem","position":2,"name":"Charlas y Capacitaciones"}]},{"@type":"WebSite","@id":"https:\/\/ruralrafaela.com.ar\/exporural2024\/#website","url":"https:\/\/ruralrafaela.com.ar\/exporural2024\/","name":"117 Expo Rural Rafaela 2024","description":"Sitio oficial de la Expo Rural Rafaela","publisher":{"@id":"https:\/\/ruralrafaela.com.ar\/exporural2024\/#organization"},"potentialAction":[{"@type":"SearchAction","target":{"@type":"EntryPoint","urlTemplate":"https:\/\/ruralrafaela.com.ar\/exporural2024\/?s={search_term_string}"},"query-input":{"@type":"PropertyValueSpecification","valueRequired":true,"valueName":"search_term_string"}}],"inLanguage":"es"},{"@type":"Organization","@id":"https:\/\/ruralrafaela.com.ar\/exporural2024\/#organization","name":"117 Expo Rural Rafaela 2024","url":"https:\/\/ruralrafaela.com.ar\/exporural2024\/","logo":{"@type":"ImageObject","inLanguage":"es","@id":"https:\/\/ruralrafaela.com.ar\/exporural2024\/#\/schema\/logo\/image\/","url":"https:\/\/ruralrafaela.com.ar\/exporural2024\/wp-content\/uploads\/sites\/23\/2024\/08\/logo.png","contentUrl":"https:\/\/ruralrafaela.com.ar\/exporural2024\/wp-content\/uploads\/sites\/23\/2024\/08\/logo.png","width":250,"height":62,"caption":"117 Expo Rural Rafaela 2024"},"image":{"@id":"https:\/\/ruralrafaela.com.ar\/exporural2024\/#\/schema\/logo\/image\/"}}]}},"_links":{"self":[{"href":"https:\/\/ruralrafaela.com.ar\/exporural2024\/wp-json\/wp\/v2\/pages\/39","targetHints":{"allow":["GET"]}}],"collection":[{"href":"https:\/\/ruralrafaela.com.ar\/exporural2024\/wp-json\/wp\/v2\/pages"}],"about":[{"href":"https:\/\/ruralrafaela.com.ar\/exporural2024\/wp-json\/wp\/v2\/types\/page"}],"author":[{"embeddable":true,"href":"https:\/\/ruralrafaela.com.ar\/exporural2024\/wp-json\/wp\/v2\/users\/2"}],"replies":[{"embeddable":true,"href":"https:\/\/ruralrafaela.com.ar\/exporural2024\/wp-json\/wp\/v2\/comments?post=39"}],"version-history":[{"count":21,"href":"https:\/\/ruralrafaela.com.ar\/exporural2024\/wp-json\/wp\/v2\/pages\/39\/revisions"}],"predecessor-version":[{"id":6812,"href":"https:\/\/ruralrafaela.com.ar\/exporural2024\/wp-json\/wp\/v2\/pages\/39\/revisions\/6812"}],"wp:featuredmedia":[{"embeddable":true,"href":"https:\/\/ruralrafaela.com.ar\/exporural2024\/wp-json\/wp\/v2\/media\/6791"}],"wp:attachment":[{"href":"https:\/\/ruralrafaela.com.ar\/exporural2024\/wp-json\/wp\/v2\/media?parent=39"}],"curies":[{"name":"wp","href":"https:\/\/api.w.org\/{rel}","templated":true}]}}