{"id":37,"date":"2022-08-24T15:51:07","date_gmt":"2022-08-24T15:51:07","guid":{"rendered":"https:\/\/ruralrafaela.com.ar\/exporural2024\/?page_id=37"},"modified":"2024-09-17T19:25:24","modified_gmt":"2024-09-17T19:25:24","slug":"expositores","status":"publish","type":"page","link":"https:\/\/ruralrafaela.com.ar\/exporural2024\/expositores\/","title":{"rendered":"Expositores"},"content":{"rendered":"\n<figure class=\"wp-block-gallery has-nested-images columns-default is-cropped wp-block-gallery-1 is-layout-flex wp-block-gallery-is-layout-flex\">\n<figure class=\"wp-block-image size-full\"><img fetchpriority=\"high\" decoding=\"async\" width=\"1280\" height=\"1759\" data-id=\"6854\" src=\"https:\/\/ruralrafaela.com.ar\/exporural2024\/wp-content\/uploads\/sites\/23\/2024\/09\/industrias.jpg\" alt=\"\" class=\"wp-image-6854\" srcset=\"https:\/\/ruralrafaela.com.ar\/exporural2024\/wp-content\/uploads\/sites\/23\/2024\/09\/industrias.jpg 1280w, https:\/\/ruralrafaela.com.ar\/exporural2024\/wp-content\/uploads\/sites\/23\/2024\/09\/industrias-218x300.jpg 218w, https:\/\/ruralrafaela.com.ar\/exporural2024\/wp-content\/uploads\/sites\/23\/2024\/09\/industrias-745x1024.jpg 745w, https:\/\/ruralrafaela.com.ar\/exporural2024\/wp-content\/uploads\/sites\/23\/2024\/09\/industrias-768x1055.jpg 768w, https:\/\/ruralrafaela.com.ar\/exporural2024\/wp-content\/uploads\/sites\/23\/2024\/09\/industrias-1118x1536.jpg 1118w\" sizes=\"(max-width: 1280px) 100vw, 1280px\" \/><\/figure>\n\n\n\n<figure class=\"wp-block-image size-full\"><img decoding=\"async\" width=\"1280\" height=\"1849\" data-id=\"6851\" src=\"https:\/\/ruralrafaela.com.ar\/exporural2024\/wp-content\/uploads\/sites\/23\/2024\/09\/plano_general.jpg\" alt=\"\" class=\"wp-image-6851\" srcset=\"https:\/\/ruralrafaela.com.ar\/exporural2024\/wp-content\/uploads\/sites\/23\/2024\/09\/plano_general.jpg 1280w, https:\/\/ruralrafaela.com.ar\/exporural2024\/wp-content\/uploads\/sites\/23\/2024\/09\/plano_general-208x300.jpg 208w, https:\/\/ruralrafaela.com.ar\/exporural2024\/wp-content\/uploads\/sites\/23\/2024\/09\/plano_general-709x1024.jpg 709w, https:\/\/ruralrafaela.com.ar\/exporural2024\/wp-content\/uploads\/sites\/23\/2024\/09\/plano_general-768x1109.jpg 768w, https:\/\/ruralrafaela.com.ar\/exporural2024\/wp-content\/uploads\/sites\/23\/2024\/09\/plano_general-1063x1536.jpg 1063w\" sizes=\"(max-width: 1280px) 100vw, 1280px\" \/><\/figure>\n<\/figure>\n\n\n\n<p><strong>Muestra comercial<\/strong><\/p>\n\n\n\n<p>A poco menos de un mes para la Expo, ya tenemos m\u00e1s del 95% de los espacios confirmados, habiendo realizado una ampliaci\u00f3n del \u00e1rea comercial dentro del predio en comparaci\u00f3n con el a\u00f1o anterior.&nbsp;<\/p>\n\n\n\n<p>Se diferenciar\u00e1 el sector de ingreso (Av Brasil) y de salida (por Pueyrred\u00f3n).<\/p>\n\n\n\n<p><strong>EXPOSITORES<\/strong><\/p>\n\n\n\n<p>Tendremos m\u00e1s de 200 expositores abarcando rubros como maquinarias agr\u00edcolas, automotores, productos relacionados al campo, construcci\u00f3n, viviendas, inmobiliarias, metal\u00fargicas, equipamientos, tecnolog\u00eda, moda, gastronom\u00eda, universidades, sindicatos y organismos estatales.&nbsp;<\/p>\n\n\n\n<p><strong>STANDS<\/strong><\/p>\n\n\n\n<p>Habr\u00e1 m\u00e1s de 80 stands al aire libre, m\u00e1s de 35 stands en el sal\u00f3n de industrias y m\u00e1s de 40 participantes en el Paseo de Artesanos y Emprendedores. <\/p>\n\n\n\n<p><strong>PASEO GASTRON\u00d3MICO<\/strong><\/p>\n\n\n\n<p>Respecto al paseo gastron\u00f3mico, ahora contaremos con dos sectores, lo cual ser\u00e1 un gran atractivo: m\u00e1s de 20 puestos entre food trucks y stands, con una gran variedad de opciones.<\/p>\n\n\n\n<p><strong>SHOWS + JUEGOS INFANTILES<\/strong><\/p>\n\n\n\n<p>En este sector gastron\u00f3mico vamos a montar un escenario con pantalla led donde se podr\u00e1 disfrutar de varios SHOWS con artistas de distintos g\u00e9neros musicales y entretenimientos, para toda la familia. <\/p>\n\n\n\n<p><strong><em>Adem\u00e1s habr\u00e1 sorteos y premios.<\/em><\/strong><\/p>\n\n\n\n<p><\/p>\n","protected":false},"excerpt":{"rendered":"<p>Muestra comercial A poco menos de un mes para la Expo, ya tenemos m\u00e1s del 95% de los espacios confirmados, habiendo realizado una ampliaci\u00f3n del \u00e1rea comercial dentro del predio en comparaci\u00f3n con el a\u00f1o anterior.&nbsp; Se diferenciar\u00e1 el sector de ingreso (Av Brasil) y de salida (por Pueyrred\u00f3n). EXPOSITORES Tendremos m\u00e1s de 200 expositores [&hellip;]<\/p>\n","protected":false},"author":2,"featured_media":0,"parent":0,"menu_order":0,"comment_status":"closed","ping_status":"closed","template":"","meta":{"ocean_post_layout":"","ocean_both_sidebars_style":"","ocean_both_sidebars_content_width":0,"ocean_both_sidebars_sidebars_width":0,"ocean_sidebar":"0","ocean_second_sidebar":"0","ocean_disable_margins":"enable","ocean_add_body_class":"","ocean_shortcode_before_top_bar":"","ocean_shortcode_after_top_bar":"","ocean_shortcode_before_header":"","ocean_shortcode_after_header":"","ocean_has_shortcode":"","ocean_shortcode_after_title":"","ocean_shortcode_before_footer_widgets":"","ocean_shortcode_after_footer_widgets":"","ocean_shortcode_before_footer_bottom":"","ocean_shortcode_after_footer_bottom":"","ocean_display_top_bar":"default","ocean_display_header":"default","ocean_header_style":"","ocean_center_header_left_menu":"0","ocean_custom_header_template":"0","ocean_custom_logo":0,"ocean_custom_retina_logo":0,"ocean_custom_logo_max_width":0,"ocean_custom_logo_tablet_max_width":0,"ocean_custom_logo_mobile_max_width":0,"ocean_custom_logo_max_height":0,"ocean_custom_logo_tablet_max_height":0,"ocean_custom_logo_mobile_max_height":0,"ocean_header_custom_menu":"0","ocean_menu_typo_font_family":"0","ocean_menu_typo_font_subset":"","ocean_menu_typo_font_size":0,"ocean_menu_typo_font_size_tablet":0,"ocean_menu_typo_font_size_mobile":0,"ocean_menu_typo_font_size_unit":"px","ocean_menu_typo_font_weight":"","ocean_menu_typo_font_weight_tablet":"","ocean_menu_typo_font_weight_mobile":"","ocean_menu_typo_transform":"","ocean_menu_typo_transform_tablet":"","ocean_menu_typo_transform_mobile":"","ocean_menu_typo_line_height":0,"ocean_menu_typo_line_height_tablet":0,"ocean_menu_typo_line_height_mobile":0,"ocean_menu_typo_line_height_unit":"","ocean_menu_typo_spacing":0,"ocean_menu_typo_spacing_tablet":0,"ocean_menu_typo_spacing_mobile":0,"ocean_menu_typo_spacing_unit":"","ocean_menu_link_color":"","ocean_menu_link_color_hover":"","ocean_menu_link_color_active":"","ocean_menu_link_background":"","ocean_menu_link_hover_background":"","ocean_menu_link_active_background":"","ocean_menu_social_links_bg":"","ocean_menu_social_hover_links_bg":"","ocean_menu_social_links_color":"","ocean_menu_social_hover_links_color":"","ocean_disable_title":"default","ocean_disable_heading":"default","ocean_post_title":"","ocean_post_subheading":"","ocean_post_title_style":"background-image","ocean_post_title_background_color":"","ocean_post_title_background":113,"ocean_post_title_bg_image_position":"","ocean_post_title_bg_image_attachment":"","ocean_post_title_bg_image_repeat":"","ocean_post_title_bg_image_size":"","ocean_post_title_height":0,"ocean_post_title_bg_overlay":0.5,"ocean_post_title_bg_overlay_color":"","ocean_disable_breadcrumbs":"default","ocean_breadcrumbs_color":"","ocean_breadcrumbs_separator_color":"","ocean_breadcrumbs_links_color":"","ocean_breadcrumbs_links_hover_color":"","ocean_display_footer_widgets":"default","ocean_display_footer_bottom":"default","ocean_custom_footer_template":"0","_joinchat":[],"footnotes":""},"class_list":["post-37","page","type-page","status-publish","hentry","entry"],"yoast_head":"<!-- This site is optimized with the Yoast SEO plugin v27.4 - https:\/\/yoast.com\/product\/yoast-seo-wordpress\/ -->\n<title>Expositores - 117 Expo Rural Rafaela 2024<\/title>\n<meta name=\"robots\" content=\"index, follow, max-snippet:-1, max-image-preview:large, max-video-preview:-1\" \/>\n<link rel=\"canonical\" href=\"https:\/\/ruralrafaela.com.ar\/exporural2024\/expositores\/\" \/>\n<meta property=\"og:locale\" content=\"es_ES\" \/>\n<meta property=\"og:type\" content=\"article\" \/>\n<meta property=\"og:title\" content=\"Expositores - 117 Expo Rural Rafaela 2024\" \/>\n<meta property=\"og:description\" content=\"Muestra comercial A poco menos de un mes para la Expo, ya tenemos m\u00e1s del 95% de los espacios confirmados, habiendo realizado una ampliaci\u00f3n del \u00e1rea comercial dentro del predio en comparaci\u00f3n con el a\u00f1o anterior.&nbsp; Se diferenciar\u00e1 el sector de ingreso (Av Brasil) y de salida (por Pueyrred\u00f3n). EXPOSITORES Tendremos m\u00e1s de 200 expositores [&hellip;]\" \/>\n<meta property=\"og:url\" content=\"https:\/\/ruralrafaela.com.ar\/exporural2024\/expositores\/\" \/>\n<meta property=\"og:site_name\" content=\"117 Expo Rural Rafaela 2024\" \/>\n<meta property=\"article:modified_time\" content=\"2024-09-17T19:25:24+00:00\" \/>\n<meta property=\"og:image\" content=\"https:\/\/ruralrafaela.com.ar\/exporural2024\/wp-content\/uploads\/sites\/23\/2024\/09\/industrias.jpg\" \/>\n<meta name=\"twitter:card\" content=\"summary_large_image\" \/>\n<meta name=\"twitter:label1\" content=\"Tiempo de lectura\" \/>\n\t<meta name=\"twitter:data1\" content=\"2 minutos\" \/>\n<script type=\"application\/ld+json\" class=\"yoast-schema-graph\">{\"@context\":\"https:\\\/\\\/schema.org\",\"@graph\":[{\"@type\":\"WebPage\",\"@id\":\"https:\\\/\\\/ruralrafaela.com.ar\\\/exporural2024\\\/expositores\\\/\",\"url\":\"https:\\\/\\\/ruralrafaela.com.ar\\\/exporural2024\\\/expositores\\\/\",\"name\":\"Expositores - 117 Expo Rural Rafaela 2024\",\"isPartOf\":{\"@id\":\"https:\\\/\\\/ruralrafaela.com.ar\\\/exporural2024\\\/#website\"},\"primaryImageOfPage\":{\"@id\":\"https:\\\/\\\/ruralrafaela.com.ar\\\/exporural2024\\\/expositores\\\/#primaryimage\"},\"image\":{\"@id\":\"https:\\\/\\\/ruralrafaela.com.ar\\\/exporural2024\\\/expositores\\\/#primaryimage\"},\"thumbnailUrl\":\"https:\\\/\\\/ruralrafaela.com.ar\\\/exporural2024\\\/wp-content\\\/uploads\\\/sites\\\/23\\\/2024\\\/09\\\/industrias.jpg\",\"datePublished\":\"2022-08-24T15:51:07+00:00\",\"dateModified\":\"2024-09-17T19:25:24+00:00\",\"breadcrumb\":{\"@id\":\"https:\\\/\\\/ruralrafaela.com.ar\\\/exporural2024\\\/expositores\\\/#breadcrumb\"},\"inLanguage\":\"es\",\"potentialAction\":[{\"@type\":\"ReadAction\",\"target\":[\"https:\\\/\\\/ruralrafaela.com.ar\\\/exporural2024\\\/expositores\\\/\"]}]},{\"@type\":\"ImageObject\",\"inLanguage\":\"es\",\"@id\":\"https:\\\/\\\/ruralrafaela.com.ar\\\/exporural2024\\\/expositores\\\/#primaryimage\",\"url\":\"https:\\\/\\\/ruralrafaela.com.ar\\\/exporural2024\\\/wp-content\\\/uploads\\\/sites\\\/23\\\/2024\\\/09\\\/industrias.jpg\",\"contentUrl\":\"https:\\\/\\\/ruralrafaela.com.ar\\\/exporural2024\\\/wp-content\\\/uploads\\\/sites\\\/23\\\/2024\\\/09\\\/industrias.jpg\",\"width\":1280,\"height\":1759},{\"@type\":\"BreadcrumbList\",\"@id\":\"https:\\\/\\\/ruralrafaela.com.ar\\\/exporural2024\\\/expositores\\\/#breadcrumb\",\"itemListElement\":[{\"@type\":\"ListItem\",\"position\":1,\"name\":\"Portada\",\"item\":\"https:\\\/\\\/ruralrafaela.com.ar\\\/exporural2024\\\/\"},{\"@type\":\"ListItem\",\"position\":2,\"name\":\"Expositores\"}]},{\"@type\":\"WebSite\",\"@id\":\"https:\\\/\\\/ruralrafaela.com.ar\\\/exporural2024\\\/#website\",\"url\":\"https:\\\/\\\/ruralrafaela.com.ar\\\/exporural2024\\\/\",\"name\":\"117 Expo Rural Rafaela 2024\",\"description\":\"Sitio oficial de la Expo Rural Rafaela\",\"publisher\":{\"@id\":\"https:\\\/\\\/ruralrafaela.com.ar\\\/exporural2024\\\/#organization\"},\"potentialAction\":[{\"@type\":\"SearchAction\",\"target\":{\"@type\":\"EntryPoint\",\"urlTemplate\":\"https:\\\/\\\/ruralrafaela.com.ar\\\/exporural2024\\\/?s={search_term_string}\"},\"query-input\":{\"@type\":\"PropertyValueSpecification\",\"valueRequired\":true,\"valueName\":\"search_term_string\"}}],\"inLanguage\":\"es\"},{\"@type\":\"Organization\",\"@id\":\"https:\\\/\\\/ruralrafaela.com.ar\\\/exporural2024\\\/#organization\",\"name\":\"117 Expo Rural Rafaela 2024\",\"url\":\"https:\\\/\\\/ruralrafaela.com.ar\\\/exporural2024\\\/\",\"logo\":{\"@type\":\"ImageObject\",\"inLanguage\":\"es\",\"@id\":\"https:\\\/\\\/ruralrafaela.com.ar\\\/exporural2024\\\/#\\\/schema\\\/logo\\\/image\\\/\",\"url\":\"https:\\\/\\\/ruralrafaela.com.ar\\\/exporural2024\\\/wp-content\\\/uploads\\\/sites\\\/23\\\/2024\\\/08\\\/logo.png\",\"contentUrl\":\"https:\\\/\\\/ruralrafaela.com.ar\\\/exporural2024\\\/wp-content\\\/uploads\\\/sites\\\/23\\\/2024\\\/08\\\/logo.png\",\"width\":250,\"height\":62,\"caption\":\"117 Expo Rural Rafaela 2024\"},\"image\":{\"@id\":\"https:\\\/\\\/ruralrafaela.com.ar\\\/exporural2024\\\/#\\\/schema\\\/logo\\\/image\\\/\"}}]}<\/script>\n<!-- \/ Yoast SEO plugin. -->","yoast_head_json":{"title":"Expositores - 117 Expo Rural Rafaela 2024","robots":{"index":"index","follow":"follow","max-snippet":"max-snippet:-1","max-image-preview":"max-image-preview:large","max-video-preview":"max-video-preview:-1"},"canonical":"https:\/\/ruralrafaela.com.ar\/exporural2024\/expositores\/","og_locale":"es_ES","og_type":"article","og_title":"Expositores - 117 Expo Rural Rafaela 2024","og_description":"Muestra comercial A poco menos de un mes para la Expo, ya tenemos m\u00e1s del 95% de los espacios confirmados, habiendo realizado una ampliaci\u00f3n del \u00e1rea comercial dentro del predio en comparaci\u00f3n con el a\u00f1o anterior.&nbsp; Se diferenciar\u00e1 el sector de ingreso (Av Brasil) y de salida (por Pueyrred\u00f3n). EXPOSITORES Tendremos m\u00e1s de 200 expositores [&hellip;]","og_url":"https:\/\/ruralrafaela.com.ar\/exporural2024\/expositores\/","og_site_name":"117 Expo Rural Rafaela 2024","article_modified_time":"2024-09-17T19:25:24+00:00","og_image":[{"url":"https:\/\/ruralrafaela.com.ar\/exporural2024\/wp-content\/uploads\/sites\/23\/2024\/09\/industrias.jpg","type":"","width":"","height":""}],"twitter_card":"summary_large_image","twitter_misc":{"Tiempo de lectura":"2 minutos"},"schema":{"@context":"https:\/\/schema.org","@graph":[{"@type":"WebPage","@id":"https:\/\/ruralrafaela.com.ar\/exporural2024\/expositores\/","url":"https:\/\/ruralrafaela.com.ar\/exporural2024\/expositores\/","name":"Expositores - 117 Expo Rural Rafaela 2024","isPartOf":{"@id":"https:\/\/ruralrafaela.com.ar\/exporural2024\/#website"},"primaryImageOfPage":{"@id":"https:\/\/ruralrafaela.com.ar\/exporural2024\/expositores\/#primaryimage"},"image":{"@id":"https:\/\/ruralrafaela.com.ar\/exporural2024\/expositores\/#primaryimage"},"thumbnailUrl":"https:\/\/ruralrafaela.com.ar\/exporural2024\/wp-content\/uploads\/sites\/23\/2024\/09\/industrias.jpg","datePublished":"2022-08-24T15:51:07+00:00","dateModified":"2024-09-17T19:25:24+00:00","breadcrumb":{"@id":"https:\/\/ruralrafaela.com.ar\/exporural2024\/expositores\/#breadcrumb"},"inLanguage":"es","potentialAction":[{"@type":"ReadAction","target":["https:\/\/ruralrafaela.com.ar\/exporural2024\/expositores\/"]}]},{"@type":"ImageObject","inLanguage":"es","@id":"https:\/\/ruralrafaela.com.ar\/exporural2024\/expositores\/#primaryimage","url":"https:\/\/ruralrafaela.com.ar\/exporural2024\/wp-content\/uploads\/sites\/23\/2024\/09\/industrias.jpg","contentUrl":"https:\/\/ruralrafaela.com.ar\/exporural2024\/wp-content\/uploads\/sites\/23\/2024\/09\/industrias.jpg","width":1280,"height":1759},{"@type":"BreadcrumbList","@id":"https:\/\/ruralrafaela.com.ar\/exporural2024\/expositores\/#breadcrumb","itemListElement":[{"@type":"ListItem","position":1,"name":"Portada","item":"https:\/\/ruralrafaela.com.ar\/exporural2024\/"},{"@type":"ListItem","position":2,"name":"Expositores"}]},{"@type":"WebSite","@id":"https:\/\/ruralrafaela.com.ar\/exporural2024\/#website","url":"https:\/\/ruralrafaela.com.ar\/exporural2024\/","name":"117 Expo Rural Rafaela 2024","description":"Sitio oficial de la Expo Rural Rafaela","publisher":{"@id":"https:\/\/ruralrafaela.com.ar\/exporural2024\/#organization"},"potentialAction":[{"@type":"SearchAction","target":{"@type":"EntryPoint","urlTemplate":"https:\/\/ruralrafaela.com.ar\/exporural2024\/?s={search_term_string}"},"query-input":{"@type":"PropertyValueSpecification","valueRequired":true,"valueName":"search_term_string"}}],"inLanguage":"es"},{"@type":"Organization","@id":"https:\/\/ruralrafaela.com.ar\/exporural2024\/#organization","name":"117 Expo Rural Rafaela 2024","url":"https:\/\/ruralrafaela.com.ar\/exporural2024\/","logo":{"@type":"ImageObject","inLanguage":"es","@id":"https:\/\/ruralrafaela.com.ar\/exporural2024\/#\/schema\/logo\/image\/","url":"https:\/\/ruralrafaela.com.ar\/exporural2024\/wp-content\/uploads\/sites\/23\/2024\/08\/logo.png","contentUrl":"https:\/\/ruralrafaela.com.ar\/exporural2024\/wp-content\/uploads\/sites\/23\/2024\/08\/logo.png","width":250,"height":62,"caption":"117 Expo Rural Rafaela 2024"},"image":{"@id":"https:\/\/ruralrafaela.com.ar\/exporural2024\/#\/schema\/logo\/image\/"}}]}},"_links":{"self":[{"href":"https:\/\/ruralrafaela.com.ar\/exporural2024\/wp-json\/wp\/v2\/pages\/37","targetHints":{"allow":["GET"]}}],"collection":[{"href":"https:\/\/ruralrafaela.com.ar\/exporural2024\/wp-json\/wp\/v2\/pages"}],"about":[{"href":"https:\/\/ruralrafaela.com.ar\/exporural2024\/wp-json\/wp\/v2\/types\/page"}],"author":[{"embeddable":true,"href":"https:\/\/ruralrafaela.com.ar\/exporural2024\/wp-json\/wp\/v2\/users\/2"}],"replies":[{"embeddable":true,"href":"https:\/\/ruralrafaela.com.ar\/exporural2024\/wp-json\/wp\/v2\/comments?post=37"}],"version-history":[{"count":11,"href":"https:\/\/ruralrafaela.com.ar\/exporural2024\/wp-json\/wp\/v2\/pages\/37\/revisions"}],"predecessor-version":[{"id":6856,"href":"https:\/\/ruralrafaela.com.ar\/exporural2024\/wp-json\/wp\/v2\/pages\/37\/revisions\/6856"}],"wp:attachment":[{"href":"https:\/\/ruralrafaela.com.ar\/exporural2024\/wp-json\/wp\/v2\/media?parent=37"}],"curies":[{"name":"wp","href":"https:\/\/api.w.org\/{rel}","templated":true}]}}