{"id":49,"date":"2022-08-24T15:53:06","date_gmt":"2022-08-24T15:53:06","guid":{"rendered":"https:\/\/ruralrafaela.com.ar\/exporural2023\/?page_id=49"},"modified":"2023-09-21T23:42:38","modified_gmt":"2023-09-21T23:42:38","slug":"concurso-vacas-lecheras","status":"publish","type":"page","link":"https:\/\/ruralrafaela.com.ar\/exporural2023\/concurso-vacas-lecheras\/","title":{"rendered":"102\u00b0 Concurso VACAS LECHERAS"},"content":{"rendered":"\n<figure class=\"wp-block-image size-large\"><img fetchpriority=\"high\" decoding=\"async\" width=\"1024\" height=\"683\" src=\"https:\/\/ruralrafaela.com.ar\/exporural2023\/wp-content\/uploads\/sites\/21\/2022\/10\/IMG_4785-1024x683.jpg\" alt=\"\" class=\"wp-image-5916\" srcset=\"https:\/\/ruralrafaela.com.ar\/exporural2023\/wp-content\/uploads\/sites\/21\/2022\/10\/IMG_4785-1024x683.jpg 1024w, https:\/\/ruralrafaela.com.ar\/exporural2023\/wp-content\/uploads\/sites\/21\/2022\/10\/IMG_4785-300x200.jpg 300w, https:\/\/ruralrafaela.com.ar\/exporural2023\/wp-content\/uploads\/sites\/21\/2022\/10\/IMG_4785-768x512.jpg 768w, https:\/\/ruralrafaela.com.ar\/exporural2023\/wp-content\/uploads\/sites\/21\/2022\/10\/IMG_4785-1536x1024.jpg 1536w, https:\/\/ruralrafaela.com.ar\/exporural2023\/wp-content\/uploads\/sites\/21\/2022\/10\/IMG_4785-2048x1365.jpg 2048w\" sizes=\"(max-width: 1024px) 100vw, 1024px\" \/><\/figure>\n\n\n<h2><span style=\"font-weight: 400;\">Del martes 19 al jueves 21 de septiembre, en el Predio Ferial, tendr\u00e1 lugar el concurso m\u00e1s tradicional de nuestra Muestra. Con la participaci\u00f3n de caba\u00f1as destacadas de toda la regi\u00f3n, se visibiliza el primer nivel de la calidad Holando.<\/span><\/h2>\n\n\n<h2 class=\"wp-block-heading has-medium-font-size\">Resultados del 102\u00ba Concurso de Vacas Lecheras 2023<\/h2>\n\n\n\n<div data-wp-interactive=\"core\/file\" class=\"wp-block-file\"><object data-wp-bind--hidden=\"!state.hasPdfPreview\" hidden class=\"wp-block-file__embed\" data=\"https:\/\/ruralrafaela.com.ar\/exporural2023\/wp-content\/uploads\/sites\/21\/2023\/09\/FINAL-CONCURSO-LECHERO-2023.pdf\" type=\"application\/pdf\" style=\"width:100%;height:600px\" aria-label=\"Incrustado de FINAL-CONCURSO-LECHERO-2023.\"><\/object><a id=\"wp-block-file--media-f8a1ce34-6b52-411d-bf56-f12a35141dca\" href=\"https:\/\/ruralrafaela.com.ar\/exporural2023\/wp-content\/uploads\/sites\/21\/2023\/09\/FINAL-CONCURSO-LECHERO-2023.pdf\">FINAL-CONCURSO-LECHERO-2023<\/a><a href=\"https:\/\/ruralrafaela.com.ar\/exporural2023\/wp-content\/uploads\/sites\/21\/2023\/09\/FINAL-CONCURSO-LECHERO-2023.pdf\" class=\"wp-block-file__button wp-element-button\" download aria-describedby=\"wp-block-file--media-f8a1ce34-6b52-411d-bf56-f12a35141dca\">Descarga<\/a><\/div>\n\n\n\n<div data-wp-interactive=\"core\/file\" class=\"wp-block-file\"><object data-wp-bind--hidden=\"!state.hasPdfPreview\" hidden class=\"wp-block-file__embed\" data=\"https:\/\/ruralrafaela.com.ar\/exporural2023\/wp-content\/uploads\/sites\/21\/2023\/09\/4\u00b0-ORDENE-CONCURSO-LECHERO-2023.pdf\" type=\"application\/pdf\" style=\"width:100%;height:600px\" aria-label=\"Incrustado de 4\u00b0-ORDENE-CONCURSO-LECHERO-2023.\"><\/object><a id=\"wp-block-file--media-a0a6691e-3c70-4b08-ae3c-cedfd0dbb0e5\" href=\"https:\/\/ruralrafaela.com.ar\/exporural2023\/wp-content\/uploads\/sites\/21\/2023\/09\/4\u00b0-ORDENE-CONCURSO-LECHERO-2023.pdf\">4\u00b0-ORDENE-CONCURSO-LECHERO-2023<\/a><a href=\"https:\/\/ruralrafaela.com.ar\/exporural2023\/wp-content\/uploads\/sites\/21\/2023\/09\/4\u00b0-ORDENE-CONCURSO-LECHERO-2023.pdf\" class=\"wp-block-file__button wp-element-button\" download aria-describedby=\"wp-block-file--media-a0a6691e-3c70-4b08-ae3c-cedfd0dbb0e5\">Descarga<\/a><\/div>\n\n\n\n<div data-wp-interactive=\"core\/file\" class=\"wp-block-file\"><object data-wp-bind--hidden=\"!state.hasPdfPreview\" hidden class=\"wp-block-file__embed\" data=\"https:\/\/ruralrafaela.com.ar\/exporural2023\/wp-content\/uploads\/sites\/21\/2023\/09\/3\u00b0-ORDENE-CONCURSO-LECHERO-2023.pdf\" type=\"application\/pdf\" style=\"width:100%;height:600px\" aria-label=\"Incrustado de 3\u00b0-ORDENE-CONCURSO-LECHERO-2023.\"><\/object><a id=\"wp-block-file--media-66a00aef-5aa7-4927-a0d0-de436ea0f8a8\" href=\"https:\/\/ruralrafaela.com.ar\/exporural2023\/wp-content\/uploads\/sites\/21\/2023\/09\/3\u00b0-ORDENE-CONCURSO-LECHERO-2023.pdf\">3\u00b0-ORDENE-CONCURSO-LECHERO-2023<\/a><a href=\"https:\/\/ruralrafaela.com.ar\/exporural2023\/wp-content\/uploads\/sites\/21\/2023\/09\/3\u00b0-ORDENE-CONCURSO-LECHERO-2023.pdf\" class=\"wp-block-file__button wp-element-button\" download aria-describedby=\"wp-block-file--media-66a00aef-5aa7-4927-a0d0-de436ea0f8a8\">Descarga<\/a><\/div>\n\n\n\n<div data-wp-interactive=\"core\/file\" class=\"wp-block-file\"><object data-wp-bind--hidden=\"!state.hasPdfPreview\" hidden class=\"wp-block-file__embed\" data=\"https:\/\/ruralrafaela.com.ar\/exporural2023\/wp-content\/uploads\/sites\/21\/2023\/09\/2\u00b0-ORDENE-CONCURSO-LECHERO-2023.pdf\" type=\"application\/pdf\" style=\"width:100%;height:600px\" aria-label=\"Incrustado de 2\u00b0-ORDENE-CONCURSO-LECHERO-2023.\"><\/object><a id=\"wp-block-file--media-fa807c86-fd08-4d0c-a23a-d83cda008d05\" href=\"https:\/\/ruralrafaela.com.ar\/exporural2023\/wp-content\/uploads\/sites\/21\/2023\/09\/2\u00b0-ORDENE-CONCURSO-LECHERO-2023.pdf\">2\u00b0-ORDENE-CONCURSO-LECHERO-2023<\/a><a href=\"https:\/\/ruralrafaela.com.ar\/exporural2023\/wp-content\/uploads\/sites\/21\/2023\/09\/2\u00b0-ORDENE-CONCURSO-LECHERO-2023.pdf\" class=\"wp-block-file__button wp-element-button\" download aria-describedby=\"wp-block-file--media-fa807c86-fd08-4d0c-a23a-d83cda008d05\">Descarga<\/a><\/div>\n\n\n\n<div data-wp-interactive=\"core\/file\" class=\"wp-block-file\"><object data-wp-bind--hidden=\"!state.hasPdfPreview\" hidden class=\"wp-block-file__embed\" data=\"https:\/\/ruralrafaela.com.ar\/exporural2023\/wp-content\/uploads\/sites\/21\/2023\/09\/1\u00b0-ORDENE-CONCURSO-LECHERO-2023.pdf\" type=\"application\/pdf\" style=\"width:100%;height:600px\" aria-label=\"Incrustado de 1\u00b0-ORDENE-CONCURSO-LECHERO-2023.\"><\/object><a id=\"wp-block-file--media-0e15f589-d7ce-4881-b872-573e2ef334ec\" href=\"https:\/\/ruralrafaela.com.ar\/exporural2023\/wp-content\/uploads\/sites\/21\/2023\/09\/1\u00b0-ORDENE-CONCURSO-LECHERO-2023.pdf\">1\u00b0-ORDENE-CONCURSO-LECHERO-2023<\/a><a href=\"https:\/\/ruralrafaela.com.ar\/exporural2023\/wp-content\/uploads\/sites\/21\/2023\/09\/1\u00b0-ORDENE-CONCURSO-LECHERO-2023.pdf\" class=\"wp-block-file__button wp-element-button\" download aria-describedby=\"wp-block-file--media-0e15f589-d7ce-4881-b872-573e2ef334ec\">Descarga<\/a><\/div>\n\n\n\n<p><a href=\"https:\/\/ruralrafaela.com.ar\/exporural2023\/wp-content\/uploads\/sites\/21\/2023\/08\/REGLAMENTO-DEL-102o-concurso-lechero-2023.-Claudio.doc.pdf\">Descargar reglamento del Concurso de Vacas Lecheras &#8211; Clik aqu\u00ed<\/a><\/p>\n\n\n\n<p><strong><a href=\"https:\/\/ruralrafaela.com.ar\/exporural2022\/wp-content\/uploads\/sites\/17\/2022\/09\/REGLAMENTO-DEL-101-concurso-lechero-2022.pdf\" target=\"_blank\" rel=\"noreferrer noopener\">Descargar PLANILLA DE INSCRIPCI\u00d3N DE CONCURSO VACAS LECHERAS &#8211; Clik aqu\u00ed<\/a><\/strong><\/p>\n","protected":false},"excerpt":{"rendered":"<p>Del martes 19 al jueves 21 de septiembre, en el Predio Ferial, tendr\u00e1 lugar el concurso m\u00e1s tradicional de nuestra Muestra. Con la participaci\u00f3n de caba\u00f1as destacadas de toda la regi\u00f3n, se visibiliza el primer nivel de la calidad Holando. Resultados del 102\u00ba Concurso de Vacas Lecheras 2023 Descargar reglamento del Concurso de Vacas Lecheras [&hellip;]<\/p>\n","protected":false},"author":2,"featured_media":0,"parent":0,"menu_order":0,"comment_status":"closed","ping_status":"closed","template":"","meta":{"ocean_post_layout":"","ocean_both_sidebars_style":"","ocean_both_sidebars_content_width":0,"ocean_both_sidebars_sidebars_width":0,"ocean_sidebar":"0","ocean_second_sidebar":"0","ocean_disable_margins":"enable","ocean_add_body_class":"","ocean_shortcode_before_top_bar":"","ocean_shortcode_after_top_bar":"","ocean_shortcode_before_header":"","ocean_shortcode_after_header":"","ocean_has_shortcode":"","ocean_shortcode_after_title":"","ocean_shortcode_before_footer_widgets":"","ocean_shortcode_after_footer_widgets":"","ocean_shortcode_before_footer_bottom":"","ocean_shortcode_after_footer_bottom":"","ocean_display_top_bar":"default","ocean_display_header":"default","ocean_header_style":"","ocean_center_header_left_menu":"0","ocean_custom_header_template":"0","ocean_custom_logo":0,"ocean_custom_retina_logo":0,"ocean_custom_logo_max_width":0,"ocean_custom_logo_tablet_max_width":0,"ocean_custom_logo_mobile_max_width":0,"ocean_custom_logo_max_height":0,"ocean_custom_logo_tablet_max_height":0,"ocean_custom_logo_mobile_max_height":0,"ocean_header_custom_menu":"0","ocean_menu_typo_font_family":"0","ocean_menu_typo_font_subset":"","ocean_menu_typo_font_size":0,"ocean_menu_typo_font_size_tablet":0,"ocean_menu_typo_font_size_mobile":0,"ocean_menu_typo_font_size_unit":"px","ocean_menu_typo_font_weight":"","ocean_menu_typo_font_weight_tablet":"","ocean_menu_typo_font_weight_mobile":"","ocean_menu_typo_transform":"","ocean_menu_typo_transform_tablet":"","ocean_menu_typo_transform_mobile":"","ocean_menu_typo_line_height":0,"ocean_menu_typo_line_height_tablet":0,"ocean_menu_typo_line_height_mobile":0,"ocean_menu_typo_line_height_unit":"","ocean_menu_typo_spacing":0,"ocean_menu_typo_spacing_tablet":0,"ocean_menu_typo_spacing_mobile":0,"ocean_menu_typo_spacing_unit":"","ocean_menu_link_color":"","ocean_menu_link_color_hover":"","ocean_menu_link_color_active":"","ocean_menu_link_background":"","ocean_menu_link_hover_background":"","ocean_menu_link_active_background":"","ocean_menu_social_links_bg":"","ocean_menu_social_hover_links_bg":"","ocean_menu_social_links_color":"","ocean_menu_social_hover_links_color":"","ocean_disable_title":"default","ocean_disable_heading":"default","ocean_post_title":"","ocean_post_subheading":"","ocean_post_title_style":"background-image","ocean_post_title_background_color":"","ocean_post_title_background":107,"ocean_post_title_bg_image_position":"","ocean_post_title_bg_image_attachment":"","ocean_post_title_bg_image_repeat":"","ocean_post_title_bg_image_size":"","ocean_post_title_height":0,"ocean_post_title_bg_overlay":0.5,"ocean_post_title_bg_overlay_color":"","ocean_disable_breadcrumbs":"default","ocean_breadcrumbs_color":"","ocean_breadcrumbs_separator_color":"","ocean_breadcrumbs_links_color":"","ocean_breadcrumbs_links_hover_color":"","ocean_display_footer_widgets":"default","ocean_display_footer_bottom":"default","ocean_custom_footer_template":"0","_joinchat":[],"footnotes":""},"class_list":["post-49","page","type-page","status-publish","hentry","entry"],"yoast_head":"<!-- This site is optimized with the Yoast SEO plugin v27.5 - https:\/\/yoast.com\/product\/yoast-seo-wordpress\/ -->\n<title>102\u00b0 Concurso VACAS LECHERAS - 116 Expo Rural Rafaela 2023<\/title>\n<meta name=\"robots\" content=\"index, follow, max-snippet:-1, max-image-preview:large, max-video-preview:-1\" \/>\n<link rel=\"canonical\" href=\"https:\/\/ruralrafaela.com.ar\/exporural2023\/concurso-vacas-lecheras\/\" \/>\n<meta property=\"og:locale\" content=\"es_ES\" \/>\n<meta property=\"og:type\" content=\"article\" \/>\n<meta property=\"og:title\" content=\"102\u00b0 Concurso VACAS LECHERAS - 116 Expo Rural Rafaela 2023\" \/>\n<meta property=\"og:description\" content=\"Del martes 19 al jueves 21 de septiembre, en el Predio Ferial, tendr\u00e1 lugar el concurso m\u00e1s tradicional de nuestra Muestra. Con la participaci\u00f3n de caba\u00f1as destacadas de toda la regi\u00f3n, se visibiliza el primer nivel de la calidad Holando. Resultados del 102\u00ba Concurso de Vacas Lecheras 2023 Descargar reglamento del Concurso de Vacas Lecheras [&hellip;]\" \/>\n<meta property=\"og:url\" content=\"https:\/\/ruralrafaela.com.ar\/exporural2023\/concurso-vacas-lecheras\/\" \/>\n<meta property=\"og:site_name\" content=\"116 Expo Rural Rafaela 2023\" \/>\n<meta property=\"article:modified_time\" content=\"2023-09-21T23:42:38+00:00\" \/>\n<meta property=\"og:image\" content=\"https:\/\/ruralrafaela.com.ar\/exporural2023\/wp-content\/uploads\/sites\/21\/2022\/10\/IMG_4785-1024x683.jpg\" \/>\n<meta name=\"twitter:card\" content=\"summary_large_image\" \/>\n<meta name=\"twitter:label1\" content=\"Tiempo de lectura\" \/>\n\t<meta name=\"twitter:data1\" content=\"1 minuto\" \/>\n<script type=\"application\/ld+json\" class=\"yoast-schema-graph\">{\"@context\":\"https:\\\/\\\/schema.org\",\"@graph\":[{\"@type\":\"WebPage\",\"@id\":\"https:\\\/\\\/ruralrafaela.com.ar\\\/exporural2023\\\/concurso-vacas-lecheras\\\/\",\"url\":\"https:\\\/\\\/ruralrafaela.com.ar\\\/exporural2023\\\/concurso-vacas-lecheras\\\/\",\"name\":\"102\u00b0 Concurso VACAS LECHERAS - 116 Expo Rural Rafaela 2023\",\"isPartOf\":{\"@id\":\"https:\\\/\\\/ruralrafaela.com.ar\\\/exporural2023\\\/#website\"},\"primaryImageOfPage\":{\"@id\":\"https:\\\/\\\/ruralrafaela.com.ar\\\/exporural2023\\\/concurso-vacas-lecheras\\\/#primaryimage\"},\"image\":{\"@id\":\"https:\\\/\\\/ruralrafaela.com.ar\\\/exporural2023\\\/concurso-vacas-lecheras\\\/#primaryimage\"},\"thumbnailUrl\":\"https:\\\/\\\/ruralrafaela.com.ar\\\/exporural2023\\\/wp-content\\\/uploads\\\/sites\\\/21\\\/2022\\\/10\\\/IMG_4785-1024x683.jpg\",\"datePublished\":\"2022-08-24T15:53:06+00:00\",\"dateModified\":\"2023-09-21T23:42:38+00:00\",\"breadcrumb\":{\"@id\":\"https:\\\/\\\/ruralrafaela.com.ar\\\/exporural2023\\\/concurso-vacas-lecheras\\\/#breadcrumb\"},\"inLanguage\":\"es\",\"potentialAction\":[{\"@type\":\"ReadAction\",\"target\":[\"https:\\\/\\\/ruralrafaela.com.ar\\\/exporural2023\\\/concurso-vacas-lecheras\\\/\"]}]},{\"@type\":\"ImageObject\",\"inLanguage\":\"es\",\"@id\":\"https:\\\/\\\/ruralrafaela.com.ar\\\/exporural2023\\\/concurso-vacas-lecheras\\\/#primaryimage\",\"url\":\"https:\\\/\\\/ruralrafaela.com.ar\\\/exporural2023\\\/wp-content\\\/uploads\\\/sites\\\/21\\\/2022\\\/10\\\/IMG_4785-scaled.jpg\",\"contentUrl\":\"https:\\\/\\\/ruralrafaela.com.ar\\\/exporural2023\\\/wp-content\\\/uploads\\\/sites\\\/21\\\/2022\\\/10\\\/IMG_4785-scaled.jpg\",\"width\":\"2560\",\"height\":\"1707\"},{\"@type\":\"BreadcrumbList\",\"@id\":\"https:\\\/\\\/ruralrafaela.com.ar\\\/exporural2023\\\/concurso-vacas-lecheras\\\/#breadcrumb\",\"itemListElement\":[{\"@type\":\"ListItem\",\"position\":1,\"name\":\"Portada\",\"item\":\"https:\\\/\\\/ruralrafaela.com.ar\\\/exporural2023\\\/\"},{\"@type\":\"ListItem\",\"position\":2,\"name\":\"102\u00b0 Concurso VACAS LECHERAS\"}]},{\"@type\":\"WebSite\",\"@id\":\"https:\\\/\\\/ruralrafaela.com.ar\\\/exporural2023\\\/#website\",\"url\":\"https:\\\/\\\/ruralrafaela.com.ar\\\/exporural2023\\\/\",\"name\":\"116 Expo Rural Rafaela 2023\",\"description\":\"Sitio oficial de la Expo Rural Rafaela\",\"publisher\":{\"@id\":\"https:\\\/\\\/ruralrafaela.com.ar\\\/exporural2023\\\/#organization\"},\"potentialAction\":[{\"@type\":\"SearchAction\",\"target\":{\"@type\":\"EntryPoint\",\"urlTemplate\":\"https:\\\/\\\/ruralrafaela.com.ar\\\/exporural2023\\\/?s={search_term_string}\"},\"query-input\":{\"@type\":\"PropertyValueSpecification\",\"valueRequired\":true,\"valueName\":\"search_term_string\"}}],\"inLanguage\":\"es\"},{\"@type\":\"Organization\",\"@id\":\"https:\\\/\\\/ruralrafaela.com.ar\\\/exporural2023\\\/#organization\",\"name\":\"116 Expo Rural Rafaela 2023\",\"url\":\"https:\\\/\\\/ruralrafaela.com.ar\\\/exporural2023\\\/\",\"logo\":{\"@type\":\"ImageObject\",\"inLanguage\":\"es\",\"@id\":\"https:\\\/\\\/ruralrafaela.com.ar\\\/exporural2023\\\/#\\\/schema\\\/logo\\\/image\\\/\",\"url\":\"https:\\\/\\\/ruralrafaela.com.ar\\\/exporural2023\\\/wp-content\\\/uploads\\\/sites\\\/21\\\/2023\\\/08\\\/cropped-logoH.jpg\",\"contentUrl\":\"https:\\\/\\\/ruralrafaela.com.ar\\\/exporural2023\\\/wp-content\\\/uploads\\\/sites\\\/21\\\/2023\\\/08\\\/cropped-logoH.jpg\",\"width\":250,\"height\":57,\"caption\":\"116 Expo Rural Rafaela 2023 \"},\"image\":{\"@id\":\"https:\\\/\\\/ruralrafaela.com.ar\\\/exporural2023\\\/#\\\/schema\\\/logo\\\/image\\\/\"}}]}<\/script>\n<!-- \/ Yoast SEO plugin. -->","yoast_head_json":{"title":"102\u00b0 Concurso VACAS LECHERAS - 116 Expo Rural Rafaela 2023","robots":{"index":"index","follow":"follow","max-snippet":"max-snippet:-1","max-image-preview":"max-image-preview:large","max-video-preview":"max-video-preview:-1"},"canonical":"https:\/\/ruralrafaela.com.ar\/exporural2023\/concurso-vacas-lecheras\/","og_locale":"es_ES","og_type":"article","og_title":"102\u00b0 Concurso VACAS LECHERAS - 116 Expo Rural Rafaela 2023","og_description":"Del martes 19 al jueves 21 de septiembre, en el Predio Ferial, tendr\u00e1 lugar el concurso m\u00e1s tradicional de nuestra Muestra. Con la participaci\u00f3n de caba\u00f1as destacadas de toda la regi\u00f3n, se visibiliza el primer nivel de la calidad Holando. Resultados del 102\u00ba Concurso de Vacas Lecheras 2023 Descargar reglamento del Concurso de Vacas Lecheras [&hellip;]","og_url":"https:\/\/ruralrafaela.com.ar\/exporural2023\/concurso-vacas-lecheras\/","og_site_name":"116 Expo Rural Rafaela 2023","article_modified_time":"2023-09-21T23:42:38+00:00","og_image":[{"url":"https:\/\/ruralrafaela.com.ar\/exporural2023\/wp-content\/uploads\/sites\/21\/2022\/10\/IMG_4785-1024x683.jpg","type":"","width":"","height":""}],"twitter_card":"summary_large_image","twitter_misc":{"Tiempo de lectura":"1 minuto"},"schema":{"@context":"https:\/\/schema.org","@graph":[{"@type":"WebPage","@id":"https:\/\/ruralrafaela.com.ar\/exporural2023\/concurso-vacas-lecheras\/","url":"https:\/\/ruralrafaela.com.ar\/exporural2023\/concurso-vacas-lecheras\/","name":"102\u00b0 Concurso VACAS LECHERAS - 116 Expo Rural Rafaela 2023","isPartOf":{"@id":"https:\/\/ruralrafaela.com.ar\/exporural2023\/#website"},"primaryImageOfPage":{"@id":"https:\/\/ruralrafaela.com.ar\/exporural2023\/concurso-vacas-lecheras\/#primaryimage"},"image":{"@id":"https:\/\/ruralrafaela.com.ar\/exporural2023\/concurso-vacas-lecheras\/#primaryimage"},"thumbnailUrl":"https:\/\/ruralrafaela.com.ar\/exporural2023\/wp-content\/uploads\/sites\/21\/2022\/10\/IMG_4785-1024x683.jpg","datePublished":"2022-08-24T15:53:06+00:00","dateModified":"2023-09-21T23:42:38+00:00","breadcrumb":{"@id":"https:\/\/ruralrafaela.com.ar\/exporural2023\/concurso-vacas-lecheras\/#breadcrumb"},"inLanguage":"es","potentialAction":[{"@type":"ReadAction","target":["https:\/\/ruralrafaela.com.ar\/exporural2023\/concurso-vacas-lecheras\/"]}]},{"@type":"ImageObject","inLanguage":"es","@id":"https:\/\/ruralrafaela.com.ar\/exporural2023\/concurso-vacas-lecheras\/#primaryimage","url":"https:\/\/ruralrafaela.com.ar\/exporural2023\/wp-content\/uploads\/sites\/21\/2022\/10\/IMG_4785-scaled.jpg","contentUrl":"https:\/\/ruralrafaela.com.ar\/exporural2023\/wp-content\/uploads\/sites\/21\/2022\/10\/IMG_4785-scaled.jpg","width":"2560","height":"1707"},{"@type":"BreadcrumbList","@id":"https:\/\/ruralrafaela.com.ar\/exporural2023\/concurso-vacas-lecheras\/#breadcrumb","itemListElement":[{"@type":"ListItem","position":1,"name":"Portada","item":"https:\/\/ruralrafaela.com.ar\/exporural2023\/"},{"@type":"ListItem","position":2,"name":"102\u00b0 Concurso VACAS LECHERAS"}]},{"@type":"WebSite","@id":"https:\/\/ruralrafaela.com.ar\/exporural2023\/#website","url":"https:\/\/ruralrafaela.com.ar\/exporural2023\/","name":"116 Expo Rural Rafaela 2023","description":"Sitio oficial de la Expo Rural Rafaela","publisher":{"@id":"https:\/\/ruralrafaela.com.ar\/exporural2023\/#organization"},"potentialAction":[{"@type":"SearchAction","target":{"@type":"EntryPoint","urlTemplate":"https:\/\/ruralrafaela.com.ar\/exporural2023\/?s={search_term_string}"},"query-input":{"@type":"PropertyValueSpecification","valueRequired":true,"valueName":"search_term_string"}}],"inLanguage":"es"},{"@type":"Organization","@id":"https:\/\/ruralrafaela.com.ar\/exporural2023\/#organization","name":"116 Expo Rural Rafaela 2023","url":"https:\/\/ruralrafaela.com.ar\/exporural2023\/","logo":{"@type":"ImageObject","inLanguage":"es","@id":"https:\/\/ruralrafaela.com.ar\/exporural2023\/#\/schema\/logo\/image\/","url":"https:\/\/ruralrafaela.com.ar\/exporural2023\/wp-content\/uploads\/sites\/21\/2023\/08\/cropped-logoH.jpg","contentUrl":"https:\/\/ruralrafaela.com.ar\/exporural2023\/wp-content\/uploads\/sites\/21\/2023\/08\/cropped-logoH.jpg","width":250,"height":57,"caption":"116 Expo Rural Rafaela 2023 "},"image":{"@id":"https:\/\/ruralrafaela.com.ar\/exporural2023\/#\/schema\/logo\/image\/"}}]}},"_links":{"self":[{"href":"https:\/\/ruralrafaela.com.ar\/exporural2023\/wp-json\/wp\/v2\/pages\/49","targetHints":{"allow":["GET"]}}],"collection":[{"href":"https:\/\/ruralrafaela.com.ar\/exporural2023\/wp-json\/wp\/v2\/pages"}],"about":[{"href":"https:\/\/ruralrafaela.com.ar\/exporural2023\/wp-json\/wp\/v2\/types\/page"}],"author":[{"embeddable":true,"href":"https:\/\/ruralrafaela.com.ar\/exporural2023\/wp-json\/wp\/v2\/users\/2"}],"replies":[{"embeddable":true,"href":"https:\/\/ruralrafaela.com.ar\/exporural2023\/wp-json\/wp\/v2\/comments?post=49"}],"version-history":[{"count":28,"href":"https:\/\/ruralrafaela.com.ar\/exporural2023\/wp-json\/wp\/v2\/pages\/49\/revisions"}],"predecessor-version":[{"id":6482,"href":"https:\/\/ruralrafaela.com.ar\/exporural2023\/wp-json\/wp\/v2\/pages\/49\/revisions\/6482"}],"wp:attachment":[{"href":"https:\/\/ruralrafaela.com.ar\/exporural2023\/wp-json\/wp\/v2\/media?parent=49"}],"curies":[{"name":"wp","href":"https:\/\/api.w.org\/{rel}","templated":true}]}}