{"id":61,"date":"2022-08-24T15:56:05","date_gmt":"2022-08-24T15:56:05","guid":{"rendered":"https:\/\/ruralrafaela.com.ar\/exporural2022\/?page_id=61"},"modified":"2022-10-10T20:39:54","modified_gmt":"2022-10-10T20:39:54","slug":"concurso-de-dibujo-y-pintura","status":"publish","type":"page","link":"https:\/\/ruralrafaela.com.ar\/exporural2022\/concurso-de-dibujo-y-pintura\/","title":{"rendered":"64\u00b0 Concurso de Dibujo y Pintura"},"content":{"rendered":"\n<p>1\u00ba CATEGORIA<br>1\u00ba Premio PINTURA<br>Justina Angerosa (Escuela Misericordia)<\/p>\n\n\n\n<p>Menci\u00f3n PINTURA<br>Lucia Stoffel (Escuela Misericordia)<\/p>\n\n\n\n<p>2\u00ba CATEGORIA<br>1\u00ba Premio PINTURA<br>Felipe Santillan (Escuela Col\u00f3n)<\/p>\n\n\n\n<p>Menci\u00f3n PINTURA<br>Denis Diaz (Escuela Col\u00f3n)<br>3\u00ba CATEGORIA<br>1\u00ba Premio DIBUJO<br>Lola Acosta (Escuela Alberdi)<br>Menci\u00f3n DIBUJO<br>Lara Orellana (Escuela Moreno)<\/p>\n\n\n\n<p>1\u00ba premio DISE\u00d1O<br>Lautaro Oddi (Escuela Moreno)<\/p>\n\n\n\n<p>1\u00ba Premio PINTURA<br>Manuel Sol\u00ecs (Escuela Col\u00f2n)<\/p>\n\n\n\n<p>Menci\u00f3n PINTURA<br>Wendy Garrido (Escuela Col\u00f2n)<\/p>\n\n\n\n<p>4 \u00ba CATEGORIA<br>1\u00ba Premio DIBUJO<br>Bautista Argara\u00f1az (Escuela Rivadavia)<\/p>\n\n\n\n<p>Menci\u00f3n DIBUJO<br>Santino Zoratti Kakazu (Escuela Alberdi)<\/p>\n\n\n\n<p>Menci\u00f3n DIBUJO<br>Facundo Moreyra (Escuela Pizurno)<\/p>\n\n\n\n<p>1\u00ba Premio PINTURA<br>Olivia Villalba (Escuela Belgrano)<\/p>\n\n\n\n<p>Menci\u00f3n PINTURA<br>Guillermina Bigi (Escuela Alberdi)<\/p>\n\n\n\n<p>Menci\u00f3n PINTURA<br>Cristian Alcaraz (Escuela Rivadavia)<\/p>\n\n\n\n<p>Menci\u00f3n PINTURA<br>Florencia Capelli (Escuela \u00c1ngela de la Casa)<\/p>\n\n\n\n<p>5\u00ba CATEGORIA<br>1\u00ba Premio DIBUJO<br>M\u00e1ximo Aranda (Escuela Especial Auditiva)<\/p>\n\n\n\n<p>1\u00ba Premio PINTURA<br>Lionel Acosta (Escuela Moreno)<\/p>\n\n\n\n<p>Menci\u00f3n PINTURA<br>Ail\u00e9n Gonz\u00e1les (Escuela Moreno)<\/p>\n\n\n\n<p>El grupo GAMA de la SOCIEDAD RURAL DE RAFAELA, en el marco del desarrollo de la EXPO RURAL &#8211; MUESTRA ANUAL RAFAELA Y LA REGI\u00d3N 2022-, organiza su 64\u00b0 Concurso de Dibujo y Pintura para ni\u00f1as y ni\u00f1os aficionados a las Artes Visuales entre los 6 y 13 a\u00f1os, concurrentes a establecimientos de nivel primario o a escuelas especiales.<\/p>\n\n\n<div class=\"wp-block-image\">\n<figure class=\"aligncenter size-large is-resized\"><img fetchpriority=\"high\" decoding=\"async\" src=\"https:\/\/ruralrafaela.com.ar\/exporural2022\/wp-content\/uploads\/sites\/17\/2022\/08\/DSC_2256-1024x684.jpg\" alt=\"\" class=\"wp-image-129\" width=\"529\" height=\"353\" srcset=\"https:\/\/ruralrafaela.com.ar\/exporural2022\/wp-content\/uploads\/sites\/17\/2022\/08\/DSC_2256-1024x684.jpg 1024w, https:\/\/ruralrafaela.com.ar\/exporural2022\/wp-content\/uploads\/sites\/17\/2022\/08\/DSC_2256-300x200.jpg 300w, https:\/\/ruralrafaela.com.ar\/exporural2022\/wp-content\/uploads\/sites\/17\/2022\/08\/DSC_2256-768x513.jpg 768w, https:\/\/ruralrafaela.com.ar\/exporural2022\/wp-content\/uploads\/sites\/17\/2022\/08\/DSC_2256-1536x1025.jpg 1536w, https:\/\/ruralrafaela.com.ar\/exporural2022\/wp-content\/uploads\/sites\/17\/2022\/08\/DSC_2256-2048x1367.jpg 2048w\" sizes=\"(max-width: 529px) 100vw, 529px\" \/><figcaption>Ganadores edici\u00f3n 2021<\/figcaption><\/figure>\n<\/div>\n\n\n<p>El certamen est\u00e1 referido a temas de \u00edndole agropecuaria y agroindustrial con especial \u00e9nfasis en las producciones de nuestra regi\u00f3n y la participaci\u00f3n ser\u00e1 durante el mes de septiembre en el horario que cada maestra del \u00e1rea de pl\u00e1stica o \u00e1reas afines considere desarrollarlo.<\/p>\n\n\n\n<p><br><strong>REGLAMENTO DEL CERTAMEN<\/strong><br>Art. 1: Las inscripciones se realizar\u00e1n en la Secretar\u00eda de la Sociedad Rural de Rafaela, (Av. Brasil 497 o v\u00eda e-mail a info@ruralrafaela.com.ar) debiendo cada uno sin excepci\u00f3n y previo a la iniciaci\u00f3n de sus trabajos, hallarse anotado en el registro que a tal efecto se llevar\u00e1 en dicha Entidad Organizadora.<br>Cada delegaci\u00f3n deber\u00e1 inscribirse indicando los datos personales y n\u00famero de tel\u00e9fono personal m\u00e1s el n\u00famero de celular de un docente responsable del grupo (a los efectos de tomar contacto en caso de necesidad durante los d\u00edas de la Exposici\u00f3n).<br>Art. 2: Se limita a uno (1) el n\u00famero de obras por participante. Las hojas se acercar\u00e1n al establecimiento una vez que el mismo haya indicado mediante inscripci\u00f3n la cantidad de alumnos que participar\u00e1n del concurso.<br>Art. 3: Los trabajos pueden ser realizados con materiales a elecci\u00f3n provistos por cada concursante. Se incorpora la opci\u00f3n de collage.<br>Art. 4: CATEGOR\u00cdAS: Pueden participar j\u00f3venes de ambos sexos, desde los 6 hasta los 13 a\u00f1os, que pertenezcan a establecimientos primarios o de educaci\u00f3n especial en siete categor\u00edas o grupos.<\/p>\n\n\n\n<ul class=\"wp-block-list\"><li>1ra. Categor\u00eda: 6 y 7 a\u00f1os.<\/li><li>2da. Categor\u00eda: 8 y 9 a\u00f1os.<\/li><li>3ra. Categor\u00eda: 10 y 11 a\u00f1os.<\/li><li>4ta. Categor\u00eda: 12 a\u00f1os y 13 a\u00f1os.<\/li><li>5ta. Categor\u00eda: Alumnos con necesidades educativas especiales.<br><\/li><\/ul>\n\n\n\n<p>Art. 5: RECEPCI\u00d3N DE OBRAS: Una vez finalizada la actividad, el Establecimiento Educativo avisar\u00e1 a la Sociedad Rural de Rafaela por tel\u00e9fono o v\u00eda mail para que dicha entidad pase a retirar los dibujos y puedan ser evaluados. El \u00faltimo plazo de entrega se establece el d\u00eda viernes 30 de septiembre de 2022 hasta las 18.00.<br>Importante: las obras no deber\u00e1n ser firmadas por su autor, identific\u00e1ndose las mismas s\u00f3lo con la numeraci\u00f3n que a tal efecto asignar\u00e1 la Sociedad Rural.<br>Art. 6: PREMIOS: ser\u00e1n entregados 1\u00b0 y 2\u00b0 premio para las distintas categor\u00edas en que se ha dividido el Concurso, para ser adjudicados a los mejores trabajos por orden de m\u00e9rito y a criterio del jurado.<br>Art. 7: EXPOSICI\u00d3N DE TRABAJOS PREMIADOS: se realizar\u00e1 durante los d\u00edas 8 y 9 de octubre de 2022.<br>Art. 8: ENTREGA DE PREMIOS: se realizar\u00e1 el Domingo 9 de octubre (horario a confirmar). Los alumnos premiados deber\u00e1n concurrir al Predio Ferial, 15 minutos antes del acto, acompa\u00f1ados por una persona adulta.<br><strong>JURADO<\/strong><br>El grupo GAMA de la Sociedad Rural de Rafaela nombra como Jurado del Certamen a las <strong>Prof. Elsa Operto Graciela Roatta y Marcela Grosso<\/strong>, qui\u00e9nes clasificar\u00e1n las obras y determinar\u00e1n los premios de este concurso en sus secciones:<br>*Dibujo * Pintura<br>Sus fallos son inapelables. Dicho Jurado seleccionar\u00e1 los trabajos premiados que a su juicio merezcan ser exhibidos durante los d\u00edas que autorice el presente Reglamento.<br>El grupo GAMA de la Sociedad Rural de Rafaela devolver\u00e1 a solicitud de los interesados las obras de cada autor y declina toda responsabilidad por los da\u00f1os, perjuicios, etc. que cada una de ellas pueda sufrir durante su clasificaci\u00f3n, ordenamiento o exhibici\u00f3n.<br>Las hojas reglamentarias para realizar los trabajos ser\u00e1n entregadas desde el lunes 5 de septiembre, con previa notificaci\u00f3n a la Instituci\u00f3n escolar.<br>IMPORTANTE:<br>Ser\u00e1n descalificados aquellos trabajos que a criterio de los jurados no hayan sido realizados en forma personal y exclusiva por el participante.<\/p>\n\n\n\n<p>Ing. Agr. Noel\u00ed De Marco &#8211; Presidente GAMA <br>Sra. Norma Bessone &#8211;  Presidente Sociedad Rural de Rafaela<\/p>\n","protected":false},"excerpt":{"rendered":"<p>1\u00ba CATEGORIA1\u00ba Premio PINTURAJustina Angerosa (Escuela Misericordia) Menci\u00f3n PINTURALucia Stoffel (Escuela Misericordia) 2\u00ba CATEGORIA1\u00ba Premio PINTURAFelipe Santillan (Escuela Col\u00f3n) Menci\u00f3n PINTURADenis Diaz (Escuela Col\u00f3n)3\u00ba CATEGORIA1\u00ba Premio DIBUJOLola Acosta (Escuela Alberdi)Menci\u00f3n DIBUJOLara Orellana (Escuela Moreno) 1\u00ba premio DISE\u00d1OLautaro Oddi (Escuela Moreno) 1\u00ba Premio PINTURAManuel Sol\u00ecs (Escuela Col\u00f2n) Menci\u00f3n PINTURAWendy Garrido (Escuela Col\u00f2n) 4 \u00ba CATEGORIA1\u00ba Premio [&hellip;]<\/p>\n","protected":false},"author":2,"featured_media":0,"parent":0,"menu_order":0,"comment_status":"closed","ping_status":"closed","template":"","meta":{"ocean_post_layout":"","ocean_both_sidebars_style":"","ocean_both_sidebars_content_width":0,"ocean_both_sidebars_sidebars_width":0,"ocean_sidebar":"0","ocean_second_sidebar":"0","ocean_disable_margins":"enable","ocean_add_body_class":"","ocean_shortcode_before_top_bar":"","ocean_shortcode_after_top_bar":"","ocean_shortcode_before_header":"","ocean_shortcode_after_header":"","ocean_has_shortcode":"","ocean_shortcode_after_title":"","ocean_shortcode_before_footer_widgets":"","ocean_shortcode_after_footer_widgets":"","ocean_shortcode_before_footer_bottom":"","ocean_shortcode_after_footer_bottom":"","ocean_display_top_bar":"default","ocean_display_header":"default","ocean_header_style":"","ocean_center_header_left_menu":"0","ocean_custom_header_template":"0","ocean_custom_logo":0,"ocean_custom_retina_logo":0,"ocean_custom_logo_max_width":0,"ocean_custom_logo_tablet_max_width":0,"ocean_custom_logo_mobile_max_width":0,"ocean_custom_logo_max_height":0,"ocean_custom_logo_tablet_max_height":0,"ocean_custom_logo_mobile_max_height":0,"ocean_header_custom_menu":"0","ocean_menu_typo_font_family":"0","ocean_menu_typo_font_subset":"","ocean_menu_typo_font_size":0,"ocean_menu_typo_font_size_tablet":0,"ocean_menu_typo_font_size_mobile":0,"ocean_menu_typo_font_size_unit":"px","ocean_menu_typo_font_weight":"","ocean_menu_typo_font_weight_tablet":"","ocean_menu_typo_font_weight_mobile":"","ocean_menu_typo_transform":"","ocean_menu_typo_transform_tablet":"","ocean_menu_typo_transform_mobile":"","ocean_menu_typo_line_height":0,"ocean_menu_typo_line_height_tablet":0,"ocean_menu_typo_line_height_mobile":0,"ocean_menu_typo_line_height_unit":"","ocean_menu_typo_spacing":0,"ocean_menu_typo_spacing_tablet":0,"ocean_menu_typo_spacing_mobile":0,"ocean_menu_typo_spacing_unit":"","ocean_menu_link_color":"","ocean_menu_link_color_hover":"","ocean_menu_link_color_active":"","ocean_menu_link_background":"","ocean_menu_link_hover_background":"","ocean_menu_link_active_background":"","ocean_menu_social_links_bg":"","ocean_menu_social_hover_links_bg":"","ocean_menu_social_links_color":"","ocean_menu_social_hover_links_color":"","ocean_disable_title":"default","ocean_disable_heading":"default","ocean_post_title":"","ocean_post_subheading":"","ocean_post_title_style":"background-image","ocean_post_title_background_color":"","ocean_post_title_background":103,"ocean_post_title_bg_image_position":"","ocean_post_title_bg_image_attachment":"","ocean_post_title_bg_image_repeat":"","ocean_post_title_bg_image_size":"","ocean_post_title_height":0,"ocean_post_title_bg_overlay":0.5,"ocean_post_title_bg_overlay_color":"","ocean_disable_breadcrumbs":"default","ocean_breadcrumbs_color":"","ocean_breadcrumbs_separator_color":"","ocean_breadcrumbs_links_color":"","ocean_breadcrumbs_links_hover_color":"","ocean_display_footer_widgets":"default","ocean_display_footer_bottom":"default","ocean_custom_footer_template":"0","_joinchat":[],"footnotes":""},"class_list":["post-61","page","type-page","status-publish","hentry","entry"],"yoast_head":"<!-- This site is optimized with the Yoast SEO plugin v27.5 - https:\/\/yoast.com\/product\/yoast-seo-wordpress\/ -->\n<title>64\u00b0 Concurso de Dibujo y Pintura - 115 Expo Rural Rafaela 2022<\/title>\n<meta name=\"robots\" content=\"index, follow, max-snippet:-1, max-image-preview:large, max-video-preview:-1\" \/>\n<link rel=\"canonical\" href=\"https:\/\/ruralrafaela.com.ar\/exporural2022\/concurso-de-dibujo-y-pintura\/\" \/>\n<meta property=\"og:locale\" content=\"es_ES\" \/>\n<meta property=\"og:type\" content=\"article\" \/>\n<meta property=\"og:title\" content=\"64\u00b0 Concurso de Dibujo y Pintura - 115 Expo Rural Rafaela 2022\" \/>\n<meta property=\"og:description\" content=\"1\u00ba CATEGORIA1\u00ba Premio PINTURAJustina Angerosa (Escuela Misericordia) Menci\u00f3n PINTURALucia Stoffel (Escuela Misericordia) 2\u00ba CATEGORIA1\u00ba Premio PINTURAFelipe Santillan (Escuela Col\u00f3n) Menci\u00f3n PINTURADenis Diaz (Escuela Col\u00f3n)3\u00ba CATEGORIA1\u00ba Premio DIBUJOLola Acosta (Escuela Alberdi)Menci\u00f3n DIBUJOLara Orellana (Escuela Moreno) 1\u00ba premio DISE\u00d1OLautaro Oddi (Escuela Moreno) 1\u00ba Premio PINTURAManuel Sol\u00ecs (Escuela Col\u00f2n) Menci\u00f3n PINTURAWendy Garrido (Escuela Col\u00f2n) 4 \u00ba CATEGORIA1\u00ba Premio [&hellip;]\" \/>\n<meta property=\"og:url\" content=\"https:\/\/ruralrafaela.com.ar\/exporural2022\/concurso-de-dibujo-y-pintura\/\" \/>\n<meta property=\"og:site_name\" content=\"115 Expo Rural Rafaela 2022\" \/>\n<meta property=\"article:modified_time\" content=\"2022-10-10T20:39:54+00:00\" \/>\n<meta property=\"og:image\" content=\"https:\/\/ruralrafaela.com.ar\/exporural2022\/wp-content\/uploads\/sites\/17\/2022\/08\/DSC_2256-1024x684.jpg\" \/>\n<meta name=\"twitter:card\" content=\"summary_large_image\" \/>\n<meta name=\"twitter:label1\" content=\"Tiempo de lectura\" \/>\n\t<meta name=\"twitter:data1\" content=\"4 minutos\" \/>\n<script type=\"application\/ld+json\" class=\"yoast-schema-graph\">{\"@context\":\"https:\\\/\\\/schema.org\",\"@graph\":[{\"@type\":\"WebPage\",\"@id\":\"https:\\\/\\\/ruralrafaela.com.ar\\\/exporural2022\\\/concurso-de-dibujo-y-pintura\\\/\",\"url\":\"https:\\\/\\\/ruralrafaela.com.ar\\\/exporural2022\\\/concurso-de-dibujo-y-pintura\\\/\",\"name\":\"64\u00b0 Concurso de Dibujo y Pintura - 115 Expo Rural Rafaela 2022\",\"isPartOf\":{\"@id\":\"https:\\\/\\\/ruralrafaela.com.ar\\\/exporural2022\\\/#website\"},\"primaryImageOfPage\":{\"@id\":\"https:\\\/\\\/ruralrafaela.com.ar\\\/exporural2022\\\/concurso-de-dibujo-y-pintura\\\/#primaryimage\"},\"image\":{\"@id\":\"https:\\\/\\\/ruralrafaela.com.ar\\\/exporural2022\\\/concurso-de-dibujo-y-pintura\\\/#primaryimage\"},\"thumbnailUrl\":\"https:\\\/\\\/ruralrafaela.com.ar\\\/exporural2022\\\/wp-content\\\/uploads\\\/sites\\\/17\\\/2022\\\/08\\\/DSC_2256-1024x684.jpg\",\"datePublished\":\"2022-08-24T15:56:05+00:00\",\"dateModified\":\"2022-10-10T20:39:54+00:00\",\"breadcrumb\":{\"@id\":\"https:\\\/\\\/ruralrafaela.com.ar\\\/exporural2022\\\/concurso-de-dibujo-y-pintura\\\/#breadcrumb\"},\"inLanguage\":\"es\",\"potentialAction\":[{\"@type\":\"ReadAction\",\"target\":[\"https:\\\/\\\/ruralrafaela.com.ar\\\/exporural2022\\\/concurso-de-dibujo-y-pintura\\\/\"]}]},{\"@type\":\"ImageObject\",\"inLanguage\":\"es\",\"@id\":\"https:\\\/\\\/ruralrafaela.com.ar\\\/exporural2022\\\/concurso-de-dibujo-y-pintura\\\/#primaryimage\",\"url\":\"https:\\\/\\\/ruralrafaela.com.ar\\\/exporural2022\\\/wp-content\\\/uploads\\\/sites\\\/17\\\/2022\\\/08\\\/DSC_2256.jpg\",\"contentUrl\":\"https:\\\/\\\/ruralrafaela.com.ar\\\/exporural2022\\\/wp-content\\\/uploads\\\/sites\\\/17\\\/2022\\\/08\\\/DSC_2256.jpg\",\"width\":2500,\"height\":1669},{\"@type\":\"BreadcrumbList\",\"@id\":\"https:\\\/\\\/ruralrafaela.com.ar\\\/exporural2022\\\/concurso-de-dibujo-y-pintura\\\/#breadcrumb\",\"itemListElement\":[{\"@type\":\"ListItem\",\"position\":1,\"name\":\"Portada\",\"item\":\"https:\\\/\\\/ruralrafaela.com.ar\\\/exporural2022\\\/\"},{\"@type\":\"ListItem\",\"position\":2,\"name\":\"64\u00b0 Concurso de Dibujo y Pintura\"}]},{\"@type\":\"WebSite\",\"@id\":\"https:\\\/\\\/ruralrafaela.com.ar\\\/exporural2022\\\/#website\",\"url\":\"https:\\\/\\\/ruralrafaela.com.ar\\\/exporural2022\\\/\",\"name\":\"115 Expo Rural Rafaela 2022\",\"description\":\"Sitio oficial de la Expo Rural Rafaela\",\"publisher\":{\"@id\":\"https:\\\/\\\/ruralrafaela.com.ar\\\/exporural2022\\\/#organization\"},\"potentialAction\":[{\"@type\":\"SearchAction\",\"target\":{\"@type\":\"EntryPoint\",\"urlTemplate\":\"https:\\\/\\\/ruralrafaela.com.ar\\\/exporural2022\\\/?s={search_term_string}\"},\"query-input\":{\"@type\":\"PropertyValueSpecification\",\"valueRequired\":true,\"valueName\":\"search_term_string\"}}],\"inLanguage\":\"es\"},{\"@type\":\"Organization\",\"@id\":\"https:\\\/\\\/ruralrafaela.com.ar\\\/exporural2022\\\/#organization\",\"name\":\"115 Expo Rural Rafaela 2022\",\"url\":\"https:\\\/\\\/ruralrafaela.com.ar\\\/exporural2022\\\/\",\"logo\":{\"@type\":\"ImageObject\",\"inLanguage\":\"es\",\"@id\":\"https:\\\/\\\/ruralrafaela.com.ar\\\/exporural2022\\\/#\\\/schema\\\/logo\\\/image\\\/\",\"url\":\"https:\\\/\\\/ruralrafaela.com.ar\\\/exporural2022\\\/wp-content\\\/uploads\\\/sites\\\/17\\\/2022\\\/08\\\/logoexpo2022.jpg\",\"contentUrl\":\"https:\\\/\\\/ruralrafaela.com.ar\\\/exporural2022\\\/wp-content\\\/uploads\\\/sites\\\/17\\\/2022\\\/08\\\/logoexpo2022.jpg\",\"width\":350,\"height\":212,\"caption\":\"115 Expo Rural Rafaela 2022\"},\"image\":{\"@id\":\"https:\\\/\\\/ruralrafaela.com.ar\\\/exporural2022\\\/#\\\/schema\\\/logo\\\/image\\\/\"}}]}<\/script>\n<!-- \/ Yoast SEO plugin. -->","yoast_head_json":{"title":"64\u00b0 Concurso de Dibujo y Pintura - 115 Expo Rural Rafaela 2022","robots":{"index":"index","follow":"follow","max-snippet":"max-snippet:-1","max-image-preview":"max-image-preview:large","max-video-preview":"max-video-preview:-1"},"canonical":"https:\/\/ruralrafaela.com.ar\/exporural2022\/concurso-de-dibujo-y-pintura\/","og_locale":"es_ES","og_type":"article","og_title":"64\u00b0 Concurso de Dibujo y Pintura - 115 Expo Rural Rafaela 2022","og_description":"1\u00ba CATEGORIA1\u00ba Premio PINTURAJustina Angerosa (Escuela Misericordia) Menci\u00f3n PINTURALucia Stoffel (Escuela Misericordia) 2\u00ba CATEGORIA1\u00ba Premio PINTURAFelipe Santillan (Escuela Col\u00f3n) Menci\u00f3n PINTURADenis Diaz (Escuela Col\u00f3n)3\u00ba CATEGORIA1\u00ba Premio DIBUJOLola Acosta (Escuela Alberdi)Menci\u00f3n DIBUJOLara Orellana (Escuela Moreno) 1\u00ba premio DISE\u00d1OLautaro Oddi (Escuela Moreno) 1\u00ba Premio PINTURAManuel Sol\u00ecs (Escuela Col\u00f2n) Menci\u00f3n PINTURAWendy Garrido (Escuela Col\u00f2n) 4 \u00ba CATEGORIA1\u00ba Premio [&hellip;]","og_url":"https:\/\/ruralrafaela.com.ar\/exporural2022\/concurso-de-dibujo-y-pintura\/","og_site_name":"115 Expo Rural Rafaela 2022","article_modified_time":"2022-10-10T20:39:54+00:00","og_image":[{"url":"https:\/\/ruralrafaela.com.ar\/exporural2022\/wp-content\/uploads\/sites\/17\/2022\/08\/DSC_2256-1024x684.jpg","type":"","width":"","height":""}],"twitter_card":"summary_large_image","twitter_misc":{"Tiempo de lectura":"4 minutos"},"schema":{"@context":"https:\/\/schema.org","@graph":[{"@type":"WebPage","@id":"https:\/\/ruralrafaela.com.ar\/exporural2022\/concurso-de-dibujo-y-pintura\/","url":"https:\/\/ruralrafaela.com.ar\/exporural2022\/concurso-de-dibujo-y-pintura\/","name":"64\u00b0 Concurso de Dibujo y Pintura - 115 Expo Rural Rafaela 2022","isPartOf":{"@id":"https:\/\/ruralrafaela.com.ar\/exporural2022\/#website"},"primaryImageOfPage":{"@id":"https:\/\/ruralrafaela.com.ar\/exporural2022\/concurso-de-dibujo-y-pintura\/#primaryimage"},"image":{"@id":"https:\/\/ruralrafaela.com.ar\/exporural2022\/concurso-de-dibujo-y-pintura\/#primaryimage"},"thumbnailUrl":"https:\/\/ruralrafaela.com.ar\/exporural2022\/wp-content\/uploads\/sites\/17\/2022\/08\/DSC_2256-1024x684.jpg","datePublished":"2022-08-24T15:56:05+00:00","dateModified":"2022-10-10T20:39:54+00:00","breadcrumb":{"@id":"https:\/\/ruralrafaela.com.ar\/exporural2022\/concurso-de-dibujo-y-pintura\/#breadcrumb"},"inLanguage":"es","potentialAction":[{"@type":"ReadAction","target":["https:\/\/ruralrafaela.com.ar\/exporural2022\/concurso-de-dibujo-y-pintura\/"]}]},{"@type":"ImageObject","inLanguage":"es","@id":"https:\/\/ruralrafaela.com.ar\/exporural2022\/concurso-de-dibujo-y-pintura\/#primaryimage","url":"https:\/\/ruralrafaela.com.ar\/exporural2022\/wp-content\/uploads\/sites\/17\/2022\/08\/DSC_2256.jpg","contentUrl":"https:\/\/ruralrafaela.com.ar\/exporural2022\/wp-content\/uploads\/sites\/17\/2022\/08\/DSC_2256.jpg","width":2500,"height":1669},{"@type":"BreadcrumbList","@id":"https:\/\/ruralrafaela.com.ar\/exporural2022\/concurso-de-dibujo-y-pintura\/#breadcrumb","itemListElement":[{"@type":"ListItem","position":1,"name":"Portada","item":"https:\/\/ruralrafaela.com.ar\/exporural2022\/"},{"@type":"ListItem","position":2,"name":"64\u00b0 Concurso de Dibujo y Pintura"}]},{"@type":"WebSite","@id":"https:\/\/ruralrafaela.com.ar\/exporural2022\/#website","url":"https:\/\/ruralrafaela.com.ar\/exporural2022\/","name":"115 Expo Rural Rafaela 2022","description":"Sitio oficial de la Expo Rural Rafaela","publisher":{"@id":"https:\/\/ruralrafaela.com.ar\/exporural2022\/#organization"},"potentialAction":[{"@type":"SearchAction","target":{"@type":"EntryPoint","urlTemplate":"https:\/\/ruralrafaela.com.ar\/exporural2022\/?s={search_term_string}"},"query-input":{"@type":"PropertyValueSpecification","valueRequired":true,"valueName":"search_term_string"}}],"inLanguage":"es"},{"@type":"Organization","@id":"https:\/\/ruralrafaela.com.ar\/exporural2022\/#organization","name":"115 Expo Rural Rafaela 2022","url":"https:\/\/ruralrafaela.com.ar\/exporural2022\/","logo":{"@type":"ImageObject","inLanguage":"es","@id":"https:\/\/ruralrafaela.com.ar\/exporural2022\/#\/schema\/logo\/image\/","url":"https:\/\/ruralrafaela.com.ar\/exporural2022\/wp-content\/uploads\/sites\/17\/2022\/08\/logoexpo2022.jpg","contentUrl":"https:\/\/ruralrafaela.com.ar\/exporural2022\/wp-content\/uploads\/sites\/17\/2022\/08\/logoexpo2022.jpg","width":350,"height":212,"caption":"115 Expo Rural Rafaela 2022"},"image":{"@id":"https:\/\/ruralrafaela.com.ar\/exporural2022\/#\/schema\/logo\/image\/"}}]}},"_links":{"self":[{"href":"https:\/\/ruralrafaela.com.ar\/exporural2022\/wp-json\/wp\/v2\/pages\/61","targetHints":{"allow":["GET"]}}],"collection":[{"href":"https:\/\/ruralrafaela.com.ar\/exporural2022\/wp-json\/wp\/v2\/pages"}],"about":[{"href":"https:\/\/ruralrafaela.com.ar\/exporural2022\/wp-json\/wp\/v2\/types\/page"}],"author":[{"embeddable":true,"href":"https:\/\/ruralrafaela.com.ar\/exporural2022\/wp-json\/wp\/v2\/users\/2"}],"replies":[{"embeddable":true,"href":"https:\/\/ruralrafaela.com.ar\/exporural2022\/wp-json\/wp\/v2\/comments?post=61"}],"version-history":[{"count":5,"href":"https:\/\/ruralrafaela.com.ar\/exporural2022\/wp-json\/wp\/v2\/pages\/61\/revisions"}],"predecessor-version":[{"id":6094,"href":"https:\/\/ruralrafaela.com.ar\/exporural2022\/wp-json\/wp\/v2\/pages\/61\/revisions\/6094"}],"wp:attachment":[{"href":"https:\/\/ruralrafaela.com.ar\/exporural2022\/wp-json\/wp\/v2\/media?parent=61"}],"curies":[{"name":"wp","href":"https:\/\/api.w.org\/{rel}","templated":true}]}}