{"id":5378,"date":"2022-09-05T20:10:46","date_gmt":"2022-09-05T20:10:46","guid":{"rendered":"https:\/\/ruralrafaela.com.ar\/exporural2022\/?page_id=5378"},"modified":"2022-09-08T15:39:31","modified_gmt":"2022-09-08T15:39:31","slug":"zoolidarios","status":"publish","type":"page","link":"https:\/\/ruralrafaela.com.ar\/exporural2022\/zoolidarios\/","title":{"rendered":"Zoolidarios"},"content":{"rendered":"\n<p class=\"has-luminous-vivid-amber-background-color has-background has-medium-font-size\">Viernes 7 de Octubre 15:00 &#8211; Grupo Zoolidario &#8211; Interacci\u00f3n con ni\u00f1os y adultos de capacidades diferentes<\/p>\n\n\n\n<p>ZOOLIDARIOS es, actualmente, un Grupo de Estudio Dirigido (G.E.D.) que desarrolla Intervenciones Asistidas con Animales, destinadas a personas con discapacidad motriz, intelectual y\/o personas en situaci\u00f3n de vulnerabilidad emocional, afectiva o social. Los fundamentos de la actividad de este grupo se sustentan en los aportes del denominado v\u00ednculo humano-animal y sus potencialidades.<\/p>\n\n\n\n<p><strong>HISTORIA<\/strong><\/p>\n\n\n\n<p>Inici\u00f3 en el a\u00f1o 2002 en el marco de una propuesta de extensi\u00f3n de inter\u00e9s social perteneciente a la UNL.<\/p>\n\n\n\n<p>En el a\u00f1o 2005 se incorpor\u00f3 como proyecto de voluntariado universitario.<\/p>\n\n\n\n<p>En el 2006 se cre\u00f3 la PRIMERA asignatura universitaria del pa\u00eds abocada al desarrollo conceptual de las Intervenciones Asistidas con Animales, as\u00ed como una s\u00f3lida estructura de desarrollo cient\u00edfico y de formaci\u00f3n de recursos humanos.<\/p>\n\n\n\n<p>Finalmente, a partir del a\u00f1o 2020, Zoolodarios se enmarca como Grupo de Estudio Dirigido (FCV-UNL) a trav\u00e9s de un proyecto presentado en el 2019 debido a la preocupaci\u00f3n de los integrantes por su persistencia.<\/p>\n\n\n\n<p><strong>INTEGRANTES<\/strong><\/p>\n\n\n\n<p>El grupo comprende alumnos de diversas carreras como Medicina Veterinaria, Agronom\u00eda, Medicina Humana, Arquitectura, Kinesiolog\u00eda, Terapia Ocupacional, Psicolog\u00eda, entre otras. Como as\u00ed tambi\u00e9n docentes de diferentes especialidades, no docentes y habitantes de la comunidad (de todas las edades).<\/p>\n\n\n\n<p>Entre nuestros destinatarios (algo m\u00e1s de 500) se incluyen personas cuyas edades oscilan entre 1 a\u00f1o y 100 a\u00f1os de vida.<\/p>\n\n\n\n<p><strong>&nbsp;INSTITUCIONES CON LAS QUE TRABAJAMOS<\/strong><\/p>\n\n\n\n<p>Estimulaci\u00f3n temprana<\/p>\n\n\n\n<p>Centros de d\u00eda<\/p>\n\n\n\n<p>Centros de Acci\u00f3n Familiar<\/p>\n\n\n\n<p>Talleres de producci\u00f3n<\/p>\n\n\n\n<p>Hogares para personas con discapacidad<\/p>\n\n\n\n<p>Centros de Salud<\/p>\n\n\n\n<p>Escuelas de Educaci\u00f3n Especial<\/p>\n\n\n\n<p>Centro de rehabilitaci\u00f3n para personas con adicci\u00f3n<\/p>\n\n\n\n<p>Centros del servicio penitenciario<\/p>\n\n\n\n<p>Residencias de ancianos<\/p>\n\n\n\n<p>Otros tipos de programas<\/p>\n\n\n\n<figure class=\"wp-block-gallery has-nested-images columns-default is-cropped wp-block-gallery-1 is-layout-flex wp-block-gallery-is-layout-flex\">\n<figure class=\"wp-block-image size-large\"><img fetchpriority=\"high\" decoding=\"async\" width=\"1024\" height=\"768\" data-id=\"5388\" src=\"https:\/\/ruralrafaela.com.ar\/exporural2022\/wp-content\/uploads\/sites\/17\/2022\/09\/WhatsApp-Image-2022-09-02-at-12.23.57-PM-1-1024x768.jpeg\" alt=\"\" class=\"wp-image-5388\" srcset=\"https:\/\/ruralrafaela.com.ar\/exporural2022\/wp-content\/uploads\/sites\/17\/2022\/09\/WhatsApp-Image-2022-09-02-at-12.23.57-PM-1-1024x768.jpeg 1024w, https:\/\/ruralrafaela.com.ar\/exporural2022\/wp-content\/uploads\/sites\/17\/2022\/09\/WhatsApp-Image-2022-09-02-at-12.23.57-PM-1-300x225.jpeg 300w, https:\/\/ruralrafaela.com.ar\/exporural2022\/wp-content\/uploads\/sites\/17\/2022\/09\/WhatsApp-Image-2022-09-02-at-12.23.57-PM-1-768x576.jpeg 768w, https:\/\/ruralrafaela.com.ar\/exporural2022\/wp-content\/uploads\/sites\/17\/2022\/09\/WhatsApp-Image-2022-09-02-at-12.23.57-PM-1.jpeg 1280w\" sizes=\"(max-width: 1024px) 100vw, 1024px\" \/><\/figure>\n\n\n\n<figure class=\"wp-block-image size-large\"><img decoding=\"async\" width=\"1024\" height=\"768\" data-id=\"5389\" src=\"https:\/\/ruralrafaela.com.ar\/exporural2022\/wp-content\/uploads\/sites\/17\/2022\/09\/WhatsApp-Image-2022-09-02-at-12.23.58-PM-1-1-1024x768.jpeg\" alt=\"\" class=\"wp-image-5389\" srcset=\"https:\/\/ruralrafaela.com.ar\/exporural2022\/wp-content\/uploads\/sites\/17\/2022\/09\/WhatsApp-Image-2022-09-02-at-12.23.58-PM-1-1-1024x768.jpeg 1024w, https:\/\/ruralrafaela.com.ar\/exporural2022\/wp-content\/uploads\/sites\/17\/2022\/09\/WhatsApp-Image-2022-09-02-at-12.23.58-PM-1-1-300x225.jpeg 300w, https:\/\/ruralrafaela.com.ar\/exporural2022\/wp-content\/uploads\/sites\/17\/2022\/09\/WhatsApp-Image-2022-09-02-at-12.23.58-PM-1-1-768x576.jpeg 768w, https:\/\/ruralrafaela.com.ar\/exporural2022\/wp-content\/uploads\/sites\/17\/2022\/09\/WhatsApp-Image-2022-09-02-at-12.23.58-PM-1-1.jpeg 1280w\" sizes=\"(max-width: 1024px) 100vw, 1024px\" \/><\/figure>\n\n\n\n<figure class=\"wp-block-image size-large\"><img decoding=\"async\" width=\"790\" height=\"1024\" data-id=\"5385\" src=\"https:\/\/ruralrafaela.com.ar\/exporural2022\/wp-content\/uploads\/sites\/17\/2022\/09\/WhatsApp-Image-2022-09-02-at-12.23.58-PM-2-790x1024.jpeg\" alt=\"\" class=\"wp-image-5385\" srcset=\"https:\/\/ruralrafaela.com.ar\/exporural2022\/wp-content\/uploads\/sites\/17\/2022\/09\/WhatsApp-Image-2022-09-02-at-12.23.58-PM-2-790x1024.jpeg 790w, https:\/\/ruralrafaela.com.ar\/exporural2022\/wp-content\/uploads\/sites\/17\/2022\/09\/WhatsApp-Image-2022-09-02-at-12.23.58-PM-2-232x300.jpeg 232w, https:\/\/ruralrafaela.com.ar\/exporural2022\/wp-content\/uploads\/sites\/17\/2022\/09\/WhatsApp-Image-2022-09-02-at-12.23.58-PM-2-768x995.jpeg 768w, https:\/\/ruralrafaela.com.ar\/exporural2022\/wp-content\/uploads\/sites\/17\/2022\/09\/WhatsApp-Image-2022-09-02-at-12.23.58-PM-2.jpeg 988w\" sizes=\"(max-width: 790px) 100vw, 790px\" \/><\/figure>\n\n\n\n<figure class=\"wp-block-image size-large\"><img loading=\"lazy\" decoding=\"async\" width=\"768\" height=\"1024\" data-id=\"5386\" src=\"https:\/\/ruralrafaela.com.ar\/exporural2022\/wp-content\/uploads\/sites\/17\/2022\/09\/WhatsApp-Image-2022-09-02-at-12.23.58-PM-3-768x1024.jpeg\" alt=\"\" class=\"wp-image-5386\" srcset=\"https:\/\/ruralrafaela.com.ar\/exporural2022\/wp-content\/uploads\/sites\/17\/2022\/09\/WhatsApp-Image-2022-09-02-at-12.23.58-PM-3-768x1024.jpeg 768w, https:\/\/ruralrafaela.com.ar\/exporural2022\/wp-content\/uploads\/sites\/17\/2022\/09\/WhatsApp-Image-2022-09-02-at-12.23.58-PM-3-225x300.jpeg 225w, https:\/\/ruralrafaela.com.ar\/exporural2022\/wp-content\/uploads\/sites\/17\/2022\/09\/WhatsApp-Image-2022-09-02-at-12.23.58-PM-3.jpeg 960w\" sizes=\"(max-width: 768px) 100vw, 768px\" \/><\/figure>\n\n\n\n<figure class=\"wp-block-image size-large\"><img loading=\"lazy\" decoding=\"async\" width=\"805\" height=\"1024\" data-id=\"5387\" src=\"https:\/\/ruralrafaela.com.ar\/exporural2022\/wp-content\/uploads\/sites\/17\/2022\/09\/WhatsApp-Image-2022-09-02-at-12.23.58-PM-805x1024.jpeg\" alt=\"\" class=\"wp-image-5387\" srcset=\"https:\/\/ruralrafaela.com.ar\/exporural2022\/wp-content\/uploads\/sites\/17\/2022\/09\/WhatsApp-Image-2022-09-02-at-12.23.58-PM-805x1024.jpeg 805w, https:\/\/ruralrafaela.com.ar\/exporural2022\/wp-content\/uploads\/sites\/17\/2022\/09\/WhatsApp-Image-2022-09-02-at-12.23.58-PM-236x300.jpeg 236w, https:\/\/ruralrafaela.com.ar\/exporural2022\/wp-content\/uploads\/sites\/17\/2022\/09\/WhatsApp-Image-2022-09-02-at-12.23.58-PM-768x977.jpeg 768w, https:\/\/ruralrafaela.com.ar\/exporural2022\/wp-content\/uploads\/sites\/17\/2022\/09\/WhatsApp-Image-2022-09-02-at-12.23.58-PM.jpeg 1006w\" sizes=\"(max-width: 805px) 100vw, 805px\" \/><\/figure>\n<\/figure>\n","protected":false},"excerpt":{"rendered":"<p>Viernes 7 de Octubre 15:00 &#8211; Grupo Zoolidario &#8211; Interacci\u00f3n con ni\u00f1os y adultos de capacidades diferentes ZOOLIDARIOS es, actualmente, un Grupo de Estudio Dirigido (G.E.D.) que desarrolla Intervenciones Asistidas con Animales, destinadas a personas con discapacidad motriz, intelectual y\/o personas en situaci\u00f3n de vulnerabilidad emocional, afectiva o social. Los fundamentos de la actividad de [&hellip;]<\/p>\n","protected":false},"author":2,"featured_media":0,"parent":0,"menu_order":0,"comment_status":"closed","ping_status":"closed","template":"","meta":{"ocean_post_layout":"","ocean_both_sidebars_style":"","ocean_both_sidebars_content_width":0,"ocean_both_sidebars_sidebars_width":0,"ocean_sidebar":"0","ocean_second_sidebar":"0","ocean_disable_margins":"enable","ocean_add_body_class":"","ocean_shortcode_before_top_bar":"","ocean_shortcode_after_top_bar":"","ocean_shortcode_before_header":"","ocean_shortcode_after_header":"","ocean_has_shortcode":"","ocean_shortcode_after_title":"","ocean_shortcode_before_footer_widgets":"","ocean_shortcode_after_footer_widgets":"","ocean_shortcode_before_footer_bottom":"","ocean_shortcode_after_footer_bottom":"","ocean_display_top_bar":"default","ocean_display_header":"default","ocean_header_style":"","ocean_center_header_left_menu":"0","ocean_custom_header_template":"0","ocean_custom_logo":0,"ocean_custom_retina_logo":0,"ocean_custom_logo_max_width":0,"ocean_custom_logo_tablet_max_width":0,"ocean_custom_logo_mobile_max_width":0,"ocean_custom_logo_max_height":0,"ocean_custom_logo_tablet_max_height":0,"ocean_custom_logo_mobile_max_height":0,"ocean_header_custom_menu":"0","ocean_menu_typo_font_family":"0","ocean_menu_typo_font_subset":"","ocean_menu_typo_font_size":0,"ocean_menu_typo_font_size_tablet":0,"ocean_menu_typo_font_size_mobile":0,"ocean_menu_typo_font_size_unit":"px","ocean_menu_typo_font_weight":"","ocean_menu_typo_font_weight_tablet":"","ocean_menu_typo_font_weight_mobile":"","ocean_menu_typo_transform":"","ocean_menu_typo_transform_tablet":"","ocean_menu_typo_transform_mobile":"","ocean_menu_typo_line_height":0,"ocean_menu_typo_line_height_tablet":0,"ocean_menu_typo_line_height_mobile":0,"ocean_menu_typo_line_height_unit":"","ocean_menu_typo_spacing":0,"ocean_menu_typo_spacing_tablet":0,"ocean_menu_typo_spacing_mobile":0,"ocean_menu_typo_spacing_unit":"","ocean_menu_link_color":"","ocean_menu_link_color_hover":"","ocean_menu_link_color_active":"","ocean_menu_link_background":"","ocean_menu_link_hover_background":"","ocean_menu_link_active_background":"","ocean_menu_social_links_bg":"","ocean_menu_social_hover_links_bg":"","ocean_menu_social_links_color":"","ocean_menu_social_hover_links_color":"","ocean_disable_title":"default","ocean_disable_heading":"default","ocean_post_title":"","ocean_post_subheading":"","ocean_post_title_style":"background-image","ocean_post_title_background_color":"","ocean_post_title_background":5383,"ocean_post_title_bg_image_position":"","ocean_post_title_bg_image_attachment":"","ocean_post_title_bg_image_repeat":"","ocean_post_title_bg_image_size":"","ocean_post_title_height":0,"ocean_post_title_bg_overlay":0.5,"ocean_post_title_bg_overlay_color":"","ocean_disable_breadcrumbs":"default","ocean_breadcrumbs_color":"","ocean_breadcrumbs_separator_color":"","ocean_breadcrumbs_links_color":"","ocean_breadcrumbs_links_hover_color":"","ocean_display_footer_widgets":"default","ocean_display_footer_bottom":"default","ocean_custom_footer_template":"0","_joinchat":[],"footnotes":""},"class_list":["post-5378","page","type-page","status-publish","hentry","entry"],"yoast_head":"<!-- This site is optimized with the Yoast SEO plugin v27.5 - https:\/\/yoast.com\/product\/yoast-seo-wordpress\/ -->\n<title>Zoolidarios - 115 Expo Rural Rafaela 2022<\/title>\n<meta name=\"robots\" content=\"index, follow, max-snippet:-1, max-image-preview:large, max-video-preview:-1\" \/>\n<link rel=\"canonical\" href=\"https:\/\/ruralrafaela.com.ar\/exporural2022\/zoolidarios\/\" \/>\n<meta property=\"og:locale\" content=\"es_ES\" \/>\n<meta property=\"og:type\" content=\"article\" \/>\n<meta property=\"og:title\" content=\"Zoolidarios - 115 Expo Rural Rafaela 2022\" \/>\n<meta property=\"og:description\" content=\"Viernes 7 de Octubre 15:00 &#8211; Grupo Zoolidario &#8211; Interacci\u00f3n con ni\u00f1os y adultos de capacidades diferentes ZOOLIDARIOS es, actualmente, un Grupo de Estudio Dirigido (G.E.D.) que desarrolla Intervenciones Asistidas con Animales, destinadas a personas con discapacidad motriz, intelectual y\/o personas en situaci\u00f3n de vulnerabilidad emocional, afectiva o social. Los fundamentos de la actividad de [&hellip;]\" \/>\n<meta property=\"og:url\" content=\"https:\/\/ruralrafaela.com.ar\/exporural2022\/zoolidarios\/\" \/>\n<meta property=\"og:site_name\" content=\"115 Expo Rural Rafaela 2022\" \/>\n<meta property=\"article:modified_time\" content=\"2022-09-08T15:39:31+00:00\" \/>\n<meta property=\"og:image\" content=\"https:\/\/ruralrafaela.com.ar\/exporural2022\/wp-content\/uploads\/sites\/17\/2022\/09\/WhatsApp-Image-2022-09-02-at-12.23.57-PM-1-1024x768.jpeg\" \/>\n<meta name=\"twitter:card\" content=\"summary_large_image\" \/>\n<meta name=\"twitter:label1\" content=\"Tiempo de lectura\" \/>\n\t<meta name=\"twitter:data1\" content=\"2 minutos\" \/>\n<script type=\"application\/ld+json\" class=\"yoast-schema-graph\">{\"@context\":\"https:\\\/\\\/schema.org\",\"@graph\":[{\"@type\":\"WebPage\",\"@id\":\"https:\\\/\\\/ruralrafaela.com.ar\\\/exporural2022\\\/zoolidarios\\\/\",\"url\":\"https:\\\/\\\/ruralrafaela.com.ar\\\/exporural2022\\\/zoolidarios\\\/\",\"name\":\"Zoolidarios - 115 Expo Rural Rafaela 2022\",\"isPartOf\":{\"@id\":\"https:\\\/\\\/ruralrafaela.com.ar\\\/exporural2022\\\/#website\"},\"primaryImageOfPage\":{\"@id\":\"https:\\\/\\\/ruralrafaela.com.ar\\\/exporural2022\\\/zoolidarios\\\/#primaryimage\"},\"image\":{\"@id\":\"https:\\\/\\\/ruralrafaela.com.ar\\\/exporural2022\\\/zoolidarios\\\/#primaryimage\"},\"thumbnailUrl\":\"https:\\\/\\\/ruralrafaela.com.ar\\\/exporural2022\\\/wp-content\\\/uploads\\\/sites\\\/17\\\/2022\\\/09\\\/WhatsApp-Image-2022-09-02-at-12.23.57-PM-1-1024x768.jpeg\",\"datePublished\":\"2022-09-05T20:10:46+00:00\",\"dateModified\":\"2022-09-08T15:39:31+00:00\",\"breadcrumb\":{\"@id\":\"https:\\\/\\\/ruralrafaela.com.ar\\\/exporural2022\\\/zoolidarios\\\/#breadcrumb\"},\"inLanguage\":\"es\",\"potentialAction\":[{\"@type\":\"ReadAction\",\"target\":[\"https:\\\/\\\/ruralrafaela.com.ar\\\/exporural2022\\\/zoolidarios\\\/\"]}]},{\"@type\":\"ImageObject\",\"inLanguage\":\"es\",\"@id\":\"https:\\\/\\\/ruralrafaela.com.ar\\\/exporural2022\\\/zoolidarios\\\/#primaryimage\",\"url\":\"https:\\\/\\\/ruralrafaela.com.ar\\\/exporural2022\\\/wp-content\\\/uploads\\\/sites\\\/17\\\/2022\\\/09\\\/WhatsApp-Image-2022-09-02-at-12.23.57-PM-1-1024x768.jpeg\",\"contentUrl\":\"https:\\\/\\\/ruralrafaela.com.ar\\\/exporural2022\\\/wp-content\\\/uploads\\\/sites\\\/17\\\/2022\\\/09\\\/WhatsApp-Image-2022-09-02-at-12.23.57-PM-1-1024x768.jpeg\"},{\"@type\":\"BreadcrumbList\",\"@id\":\"https:\\\/\\\/ruralrafaela.com.ar\\\/exporural2022\\\/zoolidarios\\\/#breadcrumb\",\"itemListElement\":[{\"@type\":\"ListItem\",\"position\":1,\"name\":\"Portada\",\"item\":\"https:\\\/\\\/ruralrafaela.com.ar\\\/exporural2022\\\/\"},{\"@type\":\"ListItem\",\"position\":2,\"name\":\"Zoolidarios\"}]},{\"@type\":\"WebSite\",\"@id\":\"https:\\\/\\\/ruralrafaela.com.ar\\\/exporural2022\\\/#website\",\"url\":\"https:\\\/\\\/ruralrafaela.com.ar\\\/exporural2022\\\/\",\"name\":\"115 Expo Rural Rafaela 2022\",\"description\":\"Sitio oficial de la Expo Rural Rafaela\",\"publisher\":{\"@id\":\"https:\\\/\\\/ruralrafaela.com.ar\\\/exporural2022\\\/#organization\"},\"potentialAction\":[{\"@type\":\"SearchAction\",\"target\":{\"@type\":\"EntryPoint\",\"urlTemplate\":\"https:\\\/\\\/ruralrafaela.com.ar\\\/exporural2022\\\/?s={search_term_string}\"},\"query-input\":{\"@type\":\"PropertyValueSpecification\",\"valueRequired\":true,\"valueName\":\"search_term_string\"}}],\"inLanguage\":\"es\"},{\"@type\":\"Organization\",\"@id\":\"https:\\\/\\\/ruralrafaela.com.ar\\\/exporural2022\\\/#organization\",\"name\":\"115 Expo Rural Rafaela 2022\",\"url\":\"https:\\\/\\\/ruralrafaela.com.ar\\\/exporural2022\\\/\",\"logo\":{\"@type\":\"ImageObject\",\"inLanguage\":\"es\",\"@id\":\"https:\\\/\\\/ruralrafaela.com.ar\\\/exporural2022\\\/#\\\/schema\\\/logo\\\/image\\\/\",\"url\":\"https:\\\/\\\/ruralrafaela.com.ar\\\/exporural2022\\\/wp-content\\\/uploads\\\/sites\\\/17\\\/2022\\\/08\\\/logoexpo2022.jpg\",\"contentUrl\":\"https:\\\/\\\/ruralrafaela.com.ar\\\/exporural2022\\\/wp-content\\\/uploads\\\/sites\\\/17\\\/2022\\\/08\\\/logoexpo2022.jpg\",\"width\":350,\"height\":212,\"caption\":\"115 Expo Rural Rafaela 2022\"},\"image\":{\"@id\":\"https:\\\/\\\/ruralrafaela.com.ar\\\/exporural2022\\\/#\\\/schema\\\/logo\\\/image\\\/\"}}]}<\/script>\n<!-- \/ Yoast SEO plugin. -->","yoast_head_json":{"title":"Zoolidarios - 115 Expo Rural Rafaela 2022","robots":{"index":"index","follow":"follow","max-snippet":"max-snippet:-1","max-image-preview":"max-image-preview:large","max-video-preview":"max-video-preview:-1"},"canonical":"https:\/\/ruralrafaela.com.ar\/exporural2022\/zoolidarios\/","og_locale":"es_ES","og_type":"article","og_title":"Zoolidarios - 115 Expo Rural Rafaela 2022","og_description":"Viernes 7 de Octubre 15:00 &#8211; Grupo Zoolidario &#8211; Interacci\u00f3n con ni\u00f1os y adultos de capacidades diferentes ZOOLIDARIOS es, actualmente, un Grupo de Estudio Dirigido (G.E.D.) que desarrolla Intervenciones Asistidas con Animales, destinadas a personas con discapacidad motriz, intelectual y\/o personas en situaci\u00f3n de vulnerabilidad emocional, afectiva o social. Los fundamentos de la actividad de [&hellip;]","og_url":"https:\/\/ruralrafaela.com.ar\/exporural2022\/zoolidarios\/","og_site_name":"115 Expo Rural Rafaela 2022","article_modified_time":"2022-09-08T15:39:31+00:00","og_image":[{"url":"https:\/\/ruralrafaela.com.ar\/exporural2022\/wp-content\/uploads\/sites\/17\/2022\/09\/WhatsApp-Image-2022-09-02-at-12.23.57-PM-1-1024x768.jpeg","type":"","width":"","height":""}],"twitter_card":"summary_large_image","twitter_misc":{"Tiempo de lectura":"2 minutos"},"schema":{"@context":"https:\/\/schema.org","@graph":[{"@type":"WebPage","@id":"https:\/\/ruralrafaela.com.ar\/exporural2022\/zoolidarios\/","url":"https:\/\/ruralrafaela.com.ar\/exporural2022\/zoolidarios\/","name":"Zoolidarios - 115 Expo Rural Rafaela 2022","isPartOf":{"@id":"https:\/\/ruralrafaela.com.ar\/exporural2022\/#website"},"primaryImageOfPage":{"@id":"https:\/\/ruralrafaela.com.ar\/exporural2022\/zoolidarios\/#primaryimage"},"image":{"@id":"https:\/\/ruralrafaela.com.ar\/exporural2022\/zoolidarios\/#primaryimage"},"thumbnailUrl":"https:\/\/ruralrafaela.com.ar\/exporural2022\/wp-content\/uploads\/sites\/17\/2022\/09\/WhatsApp-Image-2022-09-02-at-12.23.57-PM-1-1024x768.jpeg","datePublished":"2022-09-05T20:10:46+00:00","dateModified":"2022-09-08T15:39:31+00:00","breadcrumb":{"@id":"https:\/\/ruralrafaela.com.ar\/exporural2022\/zoolidarios\/#breadcrumb"},"inLanguage":"es","potentialAction":[{"@type":"ReadAction","target":["https:\/\/ruralrafaela.com.ar\/exporural2022\/zoolidarios\/"]}]},{"@type":"ImageObject","inLanguage":"es","@id":"https:\/\/ruralrafaela.com.ar\/exporural2022\/zoolidarios\/#primaryimage","url":"https:\/\/ruralrafaela.com.ar\/exporural2022\/wp-content\/uploads\/sites\/17\/2022\/09\/WhatsApp-Image-2022-09-02-at-12.23.57-PM-1-1024x768.jpeg","contentUrl":"https:\/\/ruralrafaela.com.ar\/exporural2022\/wp-content\/uploads\/sites\/17\/2022\/09\/WhatsApp-Image-2022-09-02-at-12.23.57-PM-1-1024x768.jpeg"},{"@type":"BreadcrumbList","@id":"https:\/\/ruralrafaela.com.ar\/exporural2022\/zoolidarios\/#breadcrumb","itemListElement":[{"@type":"ListItem","position":1,"name":"Portada","item":"https:\/\/ruralrafaela.com.ar\/exporural2022\/"},{"@type":"ListItem","position":2,"name":"Zoolidarios"}]},{"@type":"WebSite","@id":"https:\/\/ruralrafaela.com.ar\/exporural2022\/#website","url":"https:\/\/ruralrafaela.com.ar\/exporural2022\/","name":"115 Expo Rural Rafaela 2022","description":"Sitio oficial de la Expo Rural Rafaela","publisher":{"@id":"https:\/\/ruralrafaela.com.ar\/exporural2022\/#organization"},"potentialAction":[{"@type":"SearchAction","target":{"@type":"EntryPoint","urlTemplate":"https:\/\/ruralrafaela.com.ar\/exporural2022\/?s={search_term_string}"},"query-input":{"@type":"PropertyValueSpecification","valueRequired":true,"valueName":"search_term_string"}}],"inLanguage":"es"},{"@type":"Organization","@id":"https:\/\/ruralrafaela.com.ar\/exporural2022\/#organization","name":"115 Expo Rural Rafaela 2022","url":"https:\/\/ruralrafaela.com.ar\/exporural2022\/","logo":{"@type":"ImageObject","inLanguage":"es","@id":"https:\/\/ruralrafaela.com.ar\/exporural2022\/#\/schema\/logo\/image\/","url":"https:\/\/ruralrafaela.com.ar\/exporural2022\/wp-content\/uploads\/sites\/17\/2022\/08\/logoexpo2022.jpg","contentUrl":"https:\/\/ruralrafaela.com.ar\/exporural2022\/wp-content\/uploads\/sites\/17\/2022\/08\/logoexpo2022.jpg","width":350,"height":212,"caption":"115 Expo Rural Rafaela 2022"},"image":{"@id":"https:\/\/ruralrafaela.com.ar\/exporural2022\/#\/schema\/logo\/image\/"}}]}},"_links":{"self":[{"href":"https:\/\/ruralrafaela.com.ar\/exporural2022\/wp-json\/wp\/v2\/pages\/5378","targetHints":{"allow":["GET"]}}],"collection":[{"href":"https:\/\/ruralrafaela.com.ar\/exporural2022\/wp-json\/wp\/v2\/pages"}],"about":[{"href":"https:\/\/ruralrafaela.com.ar\/exporural2022\/wp-json\/wp\/v2\/types\/page"}],"author":[{"embeddable":true,"href":"https:\/\/ruralrafaela.com.ar\/exporural2022\/wp-json\/wp\/v2\/users\/2"}],"replies":[{"embeddable":true,"href":"https:\/\/ruralrafaela.com.ar\/exporural2022\/wp-json\/wp\/v2\/comments?post=5378"}],"version-history":[{"count":5,"href":"https:\/\/ruralrafaela.com.ar\/exporural2022\/wp-json\/wp\/v2\/pages\/5378\/revisions"}],"predecessor-version":[{"id":5508,"href":"https:\/\/ruralrafaela.com.ar\/exporural2022\/wp-json\/wp\/v2\/pages\/5378\/revisions\/5508"}],"wp:attachment":[{"href":"https:\/\/ruralrafaela.com.ar\/exporural2022\/wp-json\/wp\/v2\/media?parent=5378"}],"curies":[{"name":"wp","href":"https:\/\/api.w.org\/{rel}","templated":true}]}}