{"id":49,"date":"2022-08-24T15:53:06","date_gmt":"2022-08-24T15:53:06","guid":{"rendered":"https:\/\/ruralrafaela.com.ar\/exporural2022\/?page_id=49"},"modified":"2022-10-08T13:23:58","modified_gmt":"2022-10-08T13:23:58","slug":"concurso-vacas-lecheras","status":"publish","type":"page","link":"https:\/\/ruralrafaela.com.ar\/exporural2022\/concurso-vacas-lecheras\/","title":{"rendered":"101\u00b0 Concurso VACAS LECHERAS"},"content":{"rendered":"\n<h2 class=\"wp-block-heading\">Resultados de Orde\u00f1os<\/h2>\n\n\n\n<figure class=\"wp-block-image size-large\"><img fetchpriority=\"high\" decoding=\"async\" width=\"1024\" height=\"639\" src=\"https:\/\/ruralrafaela.com.ar\/exporural2022\/wp-content\/uploads\/sites\/17\/2022\/10\/IMG_4828-1-1024x639.jpg\" alt=\"\" class=\"wp-image-5871\" srcset=\"https:\/\/ruralrafaela.com.ar\/exporural2022\/wp-content\/uploads\/sites\/17\/2022\/10\/IMG_4828-1-1024x639.jpg 1024w, https:\/\/ruralrafaela.com.ar\/exporural2022\/wp-content\/uploads\/sites\/17\/2022\/10\/IMG_4828-1-300x187.jpg 300w, https:\/\/ruralrafaela.com.ar\/exporural2022\/wp-content\/uploads\/sites\/17\/2022\/10\/IMG_4828-1-768x480.jpg 768w, https:\/\/ruralrafaela.com.ar\/exporural2022\/wp-content\/uploads\/sites\/17\/2022\/10\/IMG_4828-1-1536x959.jpg 1536w, https:\/\/ruralrafaela.com.ar\/exporural2022\/wp-content\/uploads\/sites\/17\/2022\/10\/IMG_4828-1-2048x1279.jpg 2048w\" sizes=\"(max-width: 1024px) 100vw, 1024px\" \/><\/figure>\n\n\n\n<figure class=\"wp-block-image size-large\"><img decoding=\"async\" width=\"1024\" height=\"471\" src=\"https:\/\/ruralrafaela.com.ar\/exporural2022\/wp-content\/uploads\/sites\/17\/2022\/10\/IMG_4786-1024x471.jpg\" alt=\"\" class=\"wp-image-5861\" srcset=\"https:\/\/ruralrafaela.com.ar\/exporural2022\/wp-content\/uploads\/sites\/17\/2022\/10\/IMG_4786-1024x471.jpg 1024w, https:\/\/ruralrafaela.com.ar\/exporural2022\/wp-content\/uploads\/sites\/17\/2022\/10\/IMG_4786-300x138.jpg 300w, https:\/\/ruralrafaela.com.ar\/exporural2022\/wp-content\/uploads\/sites\/17\/2022\/10\/IMG_4786-768x353.jpg 768w, https:\/\/ruralrafaela.com.ar\/exporural2022\/wp-content\/uploads\/sites\/17\/2022\/10\/IMG_4786.jpg 1280w\" sizes=\"(max-width: 1024px) 100vw, 1024px\" \/><\/figure>\n\n\n\n<div data-wp-interactive=\"core\/file\" class=\"wp-block-file\"><object data-wp-bind--hidden=\"!state.hasPdfPreview\" hidden class=\"wp-block-file__embed\" data=\"https:\/\/ruralrafaela.com.ar\/exporural2022\/wp-content\/uploads\/sites\/17\/2022\/10\/Prensa-FINAL-CONCURSO-LECHERO-2022.pdf\" type=\"application\/pdf\" style=\"width:100%;height:600px\" aria-label=\"Incrustado de Incrustado de Prensa-FINAL-CONCURSO-LECHERO-2022..\"><\/object><a id=\"wp-block-file--media-c0aaa72a-a425-46f6-a986-abcd72ba6541\" href=\"https:\/\/ruralrafaela.com.ar\/exporural2022\/wp-content\/uploads\/sites\/17\/2022\/10\/Prensa-FINAL-CONCURSO-LECHERO-2022.pdf\">Prensa-FINAL-CONCURSO-LECHERO-2022<\/a><a href=\"https:\/\/ruralrafaela.com.ar\/exporural2022\/wp-content\/uploads\/sites\/17\/2022\/10\/Prensa-FINAL-CONCURSO-LECHERO-2022.pdf\" class=\"wp-block-file__button\" download aria-describedby=\"wp-block-file--media-c0aaa72a-a425-46f6-a986-abcd72ba6541\">Descarga<\/a><\/div>\n\n\n\n<div data-wp-interactive=\"core\/file\" class=\"wp-block-file\"><object data-wp-bind--hidden=\"!state.hasPdfPreview\" hidden class=\"wp-block-file__embed\" data=\"https:\/\/ruralrafaela.com.ar\/exporural2022\/wp-content\/uploads\/sites\/17\/2022\/10\/Prensa-4-Ordeno-CONCURSO-LECHERO-2022.pdf\" type=\"application\/pdf\" style=\"width:100%;height:600px\" aria-label=\"Incrustado de Incrustado de Prensa-4-Ordeno-CONCURSO-LECHERO-2022..\"><\/object><a id=\"wp-block-file--media-b87b9121-5d60-45cc-94a1-3eaea451c5f6\" href=\"https:\/\/ruralrafaela.com.ar\/exporural2022\/wp-content\/uploads\/sites\/17\/2022\/10\/Prensa-4-Ordeno-CONCURSO-LECHERO-2022.pdf\">Prensa-4-Ordeno-CONCURSO-LECHERO-2022<\/a><a href=\"https:\/\/ruralrafaela.com.ar\/exporural2022\/wp-content\/uploads\/sites\/17\/2022\/10\/Prensa-4-Ordeno-CONCURSO-LECHERO-2022.pdf\" class=\"wp-block-file__button\" download aria-describedby=\"wp-block-file--media-b87b9121-5d60-45cc-94a1-3eaea451c5f6\">Descarga<\/a><\/div>\n\n\n\n<div data-wp-interactive=\"core\/file\" class=\"wp-block-file\"><object data-wp-bind--hidden=\"!state.hasPdfPreview\" hidden class=\"wp-block-file__embed\" data=\"https:\/\/ruralrafaela.com.ar\/exporural2022\/wp-content\/uploads\/sites\/17\/2022\/10\/Prensa-3-Ordeno-CONCURSO-LECHERO-2022.pdf\" type=\"application\/pdf\" style=\"width:100%;height:600px\" aria-label=\"Incrustado de Incrustado de Prensa-3-Ordeno-CONCURSO-LECHERO-2022..\"><\/object><a id=\"wp-block-file--media-ebc38930-3d77-415e-ba4c-71215996aa97\" href=\"https:\/\/ruralrafaela.com.ar\/exporural2022\/wp-content\/uploads\/sites\/17\/2022\/10\/Prensa-3-Ordeno-CONCURSO-LECHERO-2022.pdf\">Prensa-3-Ordeno-CONCURSO-LECHERO-2022<\/a><a href=\"https:\/\/ruralrafaela.com.ar\/exporural2022\/wp-content\/uploads\/sites\/17\/2022\/10\/Prensa-3-Ordeno-CONCURSO-LECHERO-2022.pdf\" class=\"wp-block-file__button\" download aria-describedby=\"wp-block-file--media-ebc38930-3d77-415e-ba4c-71215996aa97\">Descarga<\/a><\/div>\n\n\n\n\n\n<div data-wp-interactive=\"core\/file\" class=\"wp-block-file\"><object data-wp-bind--hidden=\"!state.hasPdfPreview\" hidden class=\"wp-block-file__embed\" data=\"https:\/\/ruralrafaela.com.ar\/exporural2022\/wp-content\/uploads\/sites\/17\/2022\/10\/Prensa-2-Ordeno-CONCURSO-LECHERO-2022.pdf\" type=\"application\/pdf\" style=\"width:100%;height:600px\" aria-label=\"Incrustado de Incrustado de Prensa-2-Ordeno-CONCURSO-LECHERO-2022..\"><\/object><a id=\"wp-block-file--media-3d994a22-3402-46e5-b9bd-ab32e339a2c3\" href=\"https:\/\/ruralrafaela.com.ar\/exporural2022\/wp-content\/uploads\/sites\/17\/2022\/10\/Prensa-2-Ordeno-CONCURSO-LECHERO-2022.pdf\">Prensa-2-Ordeno-CONCURSO-LECHERO-2022<\/a><a href=\"https:\/\/ruralrafaela.com.ar\/exporural2022\/wp-content\/uploads\/sites\/17\/2022\/10\/Prensa-2-Ordeno-CONCURSO-LECHERO-2022.pdf\" class=\"wp-block-file__button\" download aria-describedby=\"wp-block-file--media-3d994a22-3402-46e5-b9bd-ab32e339a2c3\">Descarga<\/a><\/div>\n\n\n\n<div data-wp-interactive=\"core\/file\" class=\"wp-block-file\"><object data-wp-bind--hidden=\"!state.hasPdfPreview\" hidden class=\"wp-block-file__embed\" data=\"https:\/\/ruralrafaela.com.ar\/exporural2022\/wp-content\/uploads\/sites\/17\/2022\/10\/Prensa-1-Ordeno-CONCURSO-LECHERO-2022.pdf\" type=\"application\/pdf\" style=\"width:100%;height:600px\" aria-label=\"Incrustado de Incrustado de Prensa-1-Ordeno-CONCURSO-LECHERO-2022..\"><\/object><a id=\"wp-block-file--media-cd4ecef0-5146-4519-9825-aa4c4b291671\" href=\"https:\/\/ruralrafaela.com.ar\/exporural2022\/wp-content\/uploads\/sites\/17\/2022\/10\/Prensa-1-Ordeno-CONCURSO-LECHERO-2022.pdf\">Prensa-1-Ordeno-CONCURSO-LECHERO-2022<\/a><a href=\"https:\/\/ruralrafaela.com.ar\/exporural2022\/wp-content\/uploads\/sites\/17\/2022\/10\/Prensa-1-Ordeno-CONCURSO-LECHERO-2022.pdf\" class=\"wp-block-file__button\" download aria-describedby=\"wp-block-file--media-cd4ecef0-5146-4519-9825-aa4c4b291671\">Descarga<\/a><\/div>\n\n\n<p><style>\/*! elementor - v3.7.4 - 31-08-2022 *\/<br \/>\n.elementor-widget-image{text-align:center}.elementor-widget-image a{display:inline-block}.elementor-widget-image a img[src$=\".svg\"]{width:48px}.elementor-widget-image img{vertical-align:middle;display:inline-block}<\/style>\n<\/p>\n<p><img decoding=\"async\" class=\"aligncenter\" src=\"https:\/\/ruralrafaela.com.ar\/exporural2022\/wp-content\/uploads\/sites\/17\/2022\/09\/299731867_499319922194380_1762518362468926035_n.jpg\" sizes=\"(max-width: 526px) 100vw, 526px\" srcset=\"https:\/\/ruralrafaela.com.ar\/exporural2022\/wp-content\/uploads\/sites\/17\/2022\/09\/299731867_499319922194380_1762518362468926035_n.jpg 526w, https:\/\/ruralrafaela.com.ar\/exporural2022\/wp-content\/uploads\/sites\/17\/2022\/09\/299731867_499319922194380_1762518362468926035_n-300x300.jpg 300w, https:\/\/ruralrafaela.com.ar\/exporural2022\/wp-content\/uploads\/sites\/17\/2022\/09\/299731867_499319922194380_1762518362468926035_n-150x150.jpg 150w\" alt=\"\" width=\"583\" height=\"583\"><\/p>\n<p><style>\/*! elementor - v3.7.4 - 31-08-2022 *\/<br \/>\n.elementor-heading-title{padding:0;margin:0;line-height:1}.elementor-widget-heading .elementor-heading-title[class*=elementor-size-]>a{color:inherit;font-size:inherit;line-height:inherit}.elementor-widget-heading .elementor-heading-title.elementor-size-small{font-size:15px}.elementor-widget-heading .elementor-heading-title.elementor-size-medium{font-size:19px}.elementor-widget-heading .elementor-heading-title.elementor-size-large{font-size:29px}.elementor-widget-heading .elementor-heading-title.elementor-size-xl{font-size:39px}.elementor-widget-heading .elementor-heading-title.elementor-size-xxl{font-size:59px}<\/style>\n<\/p>\n<h2>Una competencia valorada en todo el pa\u00eds! La m\u00e1s antigua y referente de la Raza. Una actividad para seguir desde el 1er.orde\u00f1o!????<\/h2>\n<p style=\"text-align: center;\"><strong><a href=\"https:\/\/ruralrafaela.com.ar\/exporural2022\/wp-content\/uploads\/sites\/17\/2022\/09\/REGLAMENTO-DEL-101-concurso-lechero-2022.pdf\" target=\"_blank\" rel=\"noopener\">Descargar REGLAMENTO DE CONCURSO VACAS LECHERAS &#8211; Clik aqu\u00ed<\/a><\/strong><\/p>\n<p style=\"text-align: center;\"><strong><a href=\"https:\/\/ruralrafaela.com.ar\/exporural2022\/wp-content\/uploads\/sites\/17\/2022\/09\/REGLAMENTO-DEL-101-concurso-lechero-2022.pdf\" target=\"_blank\" rel=\"noopener\">Descargar PLANILLA DE INSCRIPCI\u00d3N DE CONCURSO VACAS LECHERAS &#8211; Clik aqu\u00ed<\/a><\/strong><\/p>","protected":false},"excerpt":{"rendered":"<p>Resultados de Orde\u00f1os Una competencia valorada en todo el pa\u00eds! La m\u00e1s antigua y referente de la Raza. Una actividad para seguir desde el 1er.orde\u00f1o!???? Descargar REGLAMENTO DE CONCURSO VACAS LECHERAS &#8211; Clik aqu\u00ed Descargar PLANILLA DE INSCRIPCI\u00d3N DE CONCURSO VACAS LECHERAS &#8211; Clik aqu\u00ed<\/p>\n","protected":false},"author":2,"featured_media":0,"parent":0,"menu_order":0,"comment_status":"closed","ping_status":"closed","template":"","meta":{"ocean_post_layout":"","ocean_both_sidebars_style":"","ocean_both_sidebars_content_width":0,"ocean_both_sidebars_sidebars_width":0,"ocean_sidebar":"0","ocean_second_sidebar":"0","ocean_disable_margins":"enable","ocean_add_body_class":"","ocean_shortcode_before_top_bar":"","ocean_shortcode_after_top_bar":"","ocean_shortcode_before_header":"","ocean_shortcode_after_header":"","ocean_has_shortcode":"","ocean_shortcode_after_title":"","ocean_shortcode_before_footer_widgets":"","ocean_shortcode_after_footer_widgets":"","ocean_shortcode_before_footer_bottom":"","ocean_shortcode_after_footer_bottom":"","ocean_display_top_bar":"default","ocean_display_header":"default","ocean_header_style":"","ocean_center_header_left_menu":"0","ocean_custom_header_template":"0","ocean_custom_logo":0,"ocean_custom_retina_logo":0,"ocean_custom_logo_max_width":0,"ocean_custom_logo_tablet_max_width":0,"ocean_custom_logo_mobile_max_width":0,"ocean_custom_logo_max_height":0,"ocean_custom_logo_tablet_max_height":0,"ocean_custom_logo_mobile_max_height":0,"ocean_header_custom_menu":"0","ocean_menu_typo_font_family":"0","ocean_menu_typo_font_subset":"","ocean_menu_typo_font_size":0,"ocean_menu_typo_font_size_tablet":0,"ocean_menu_typo_font_size_mobile":0,"ocean_menu_typo_font_size_unit":"px","ocean_menu_typo_font_weight":"","ocean_menu_typo_font_weight_tablet":"","ocean_menu_typo_font_weight_mobile":"","ocean_menu_typo_transform":"","ocean_menu_typo_transform_tablet":"","ocean_menu_typo_transform_mobile":"","ocean_menu_typo_line_height":0,"ocean_menu_typo_line_height_tablet":0,"ocean_menu_typo_line_height_mobile":0,"ocean_menu_typo_line_height_unit":"","ocean_menu_typo_spacing":0,"ocean_menu_typo_spacing_tablet":0,"ocean_menu_typo_spacing_mobile":0,"ocean_menu_typo_spacing_unit":"","ocean_menu_link_color":"","ocean_menu_link_color_hover":"","ocean_menu_link_color_active":"","ocean_menu_link_background":"","ocean_menu_link_hover_background":"","ocean_menu_link_active_background":"","ocean_menu_social_links_bg":"","ocean_menu_social_hover_links_bg":"","ocean_menu_social_links_color":"","ocean_menu_social_hover_links_color":"","ocean_disable_title":"default","ocean_disable_heading":"default","ocean_post_title":"","ocean_post_subheading":"","ocean_post_title_style":"background-image","ocean_post_title_background_color":"","ocean_post_title_background":107,"ocean_post_title_bg_image_position":"","ocean_post_title_bg_image_attachment":"","ocean_post_title_bg_image_repeat":"","ocean_post_title_bg_image_size":"","ocean_post_title_height":0,"ocean_post_title_bg_overlay":0.5,"ocean_post_title_bg_overlay_color":"","ocean_disable_breadcrumbs":"default","ocean_breadcrumbs_color":"","ocean_breadcrumbs_separator_color":"","ocean_breadcrumbs_links_color":"","ocean_breadcrumbs_links_hover_color":"","ocean_display_footer_widgets":"default","ocean_display_footer_bottom":"default","ocean_custom_footer_template":"0","_joinchat":[],"footnotes":""},"class_list":["post-49","page","type-page","status-publish","hentry","entry"],"yoast_head":"<!-- This site is optimized with the Yoast SEO plugin v27.5 - https:\/\/yoast.com\/product\/yoast-seo-wordpress\/ -->\n<title>101\u00b0 Concurso VACAS LECHERAS - 115 Expo Rural Rafaela 2022<\/title>\n<meta name=\"robots\" content=\"index, follow, max-snippet:-1, max-image-preview:large, max-video-preview:-1\" \/>\n<link rel=\"canonical\" href=\"https:\/\/ruralrafaela.com.ar\/exporural2022\/concurso-vacas-lecheras\/\" \/>\n<meta property=\"og:locale\" content=\"es_ES\" \/>\n<meta property=\"og:type\" content=\"article\" \/>\n<meta property=\"og:title\" content=\"101\u00b0 Concurso VACAS LECHERAS - 115 Expo Rural Rafaela 2022\" \/>\n<meta property=\"og:description\" content=\"Resultados de Orde\u00f1os Una competencia valorada en todo el pa\u00eds! La m\u00e1s antigua y referente de la Raza. Una actividad para seguir desde el 1er.orde\u00f1o!???? Descargar REGLAMENTO DE CONCURSO VACAS LECHERAS &#8211; Clik aqu\u00ed Descargar PLANILLA DE INSCRIPCI\u00d3N DE CONCURSO VACAS LECHERAS &#8211; Clik aqu\u00ed\" \/>\n<meta property=\"og:url\" content=\"https:\/\/ruralrafaela.com.ar\/exporural2022\/concurso-vacas-lecheras\/\" \/>\n<meta property=\"og:site_name\" content=\"115 Expo Rural Rafaela 2022\" \/>\n<meta property=\"article:modified_time\" content=\"2022-10-08T13:23:58+00:00\" \/>\n<meta property=\"og:image\" content=\"https:\/\/ruralrafaela.com.ar\/exporural2022\/wp-content\/uploads\/sites\/17\/2022\/10\/IMG_4828-1-1024x639.jpg\" \/>\n<meta name=\"twitter:card\" content=\"summary_large_image\" \/>\n<meta name=\"twitter:label1\" content=\"Tiempo de lectura\" \/>\n\t<meta name=\"twitter:data1\" content=\"1 minuto\" \/>\n<script type=\"application\/ld+json\" class=\"yoast-schema-graph\">{\"@context\":\"https:\\\/\\\/schema.org\",\"@graph\":[{\"@type\":\"WebPage\",\"@id\":\"https:\\\/\\\/ruralrafaela.com.ar\\\/exporural2022\\\/concurso-vacas-lecheras\\\/\",\"url\":\"https:\\\/\\\/ruralrafaela.com.ar\\\/exporural2022\\\/concurso-vacas-lecheras\\\/\",\"name\":\"101\u00b0 Concurso VACAS LECHERAS - 115 Expo Rural Rafaela 2022\",\"isPartOf\":{\"@id\":\"https:\\\/\\\/ruralrafaela.com.ar\\\/exporural2022\\\/#website\"},\"primaryImageOfPage\":{\"@id\":\"https:\\\/\\\/ruralrafaela.com.ar\\\/exporural2022\\\/concurso-vacas-lecheras\\\/#primaryimage\"},\"image\":{\"@id\":\"https:\\\/\\\/ruralrafaela.com.ar\\\/exporural2022\\\/concurso-vacas-lecheras\\\/#primaryimage\"},\"thumbnailUrl\":\"https:\\\/\\\/ruralrafaela.com.ar\\\/exporural2022\\\/wp-content\\\/uploads\\\/sites\\\/17\\\/2022\\\/10\\\/IMG_4828-1-1024x639.jpg\",\"datePublished\":\"2022-08-24T15:53:06+00:00\",\"dateModified\":\"2022-10-08T13:23:58+00:00\",\"breadcrumb\":{\"@id\":\"https:\\\/\\\/ruralrafaela.com.ar\\\/exporural2022\\\/concurso-vacas-lecheras\\\/#breadcrumb\"},\"inLanguage\":\"es\",\"potentialAction\":[{\"@type\":\"ReadAction\",\"target\":[\"https:\\\/\\\/ruralrafaela.com.ar\\\/exporural2022\\\/concurso-vacas-lecheras\\\/\"]}]},{\"@type\":\"ImageObject\",\"inLanguage\":\"es\",\"@id\":\"https:\\\/\\\/ruralrafaela.com.ar\\\/exporural2022\\\/concurso-vacas-lecheras\\\/#primaryimage\",\"url\":\"https:\\\/\\\/ruralrafaela.com.ar\\\/exporural2022\\\/wp-content\\\/uploads\\\/sites\\\/17\\\/2022\\\/10\\\/IMG_4828-1.jpg\",\"contentUrl\":\"https:\\\/\\\/ruralrafaela.com.ar\\\/exporural2022\\\/wp-content\\\/uploads\\\/sites\\\/17\\\/2022\\\/10\\\/IMG_4828-1.jpg\",\"width\":2492,\"height\":1556},{\"@type\":\"BreadcrumbList\",\"@id\":\"https:\\\/\\\/ruralrafaela.com.ar\\\/exporural2022\\\/concurso-vacas-lecheras\\\/#breadcrumb\",\"itemListElement\":[{\"@type\":\"ListItem\",\"position\":1,\"name\":\"Portada\",\"item\":\"https:\\\/\\\/ruralrafaela.com.ar\\\/exporural2022\\\/\"},{\"@type\":\"ListItem\",\"position\":2,\"name\":\"101\u00b0 Concurso VACAS LECHERAS\"}]},{\"@type\":\"WebSite\",\"@id\":\"https:\\\/\\\/ruralrafaela.com.ar\\\/exporural2022\\\/#website\",\"url\":\"https:\\\/\\\/ruralrafaela.com.ar\\\/exporural2022\\\/\",\"name\":\"115 Expo Rural Rafaela 2022\",\"description\":\"Sitio oficial de la Expo Rural Rafaela\",\"publisher\":{\"@id\":\"https:\\\/\\\/ruralrafaela.com.ar\\\/exporural2022\\\/#organization\"},\"potentialAction\":[{\"@type\":\"SearchAction\",\"target\":{\"@type\":\"EntryPoint\",\"urlTemplate\":\"https:\\\/\\\/ruralrafaela.com.ar\\\/exporural2022\\\/?s={search_term_string}\"},\"query-input\":{\"@type\":\"PropertyValueSpecification\",\"valueRequired\":true,\"valueName\":\"search_term_string\"}}],\"inLanguage\":\"es\"},{\"@type\":\"Organization\",\"@id\":\"https:\\\/\\\/ruralrafaela.com.ar\\\/exporural2022\\\/#organization\",\"name\":\"115 Expo Rural Rafaela 2022\",\"url\":\"https:\\\/\\\/ruralrafaela.com.ar\\\/exporural2022\\\/\",\"logo\":{\"@type\":\"ImageObject\",\"inLanguage\":\"es\",\"@id\":\"https:\\\/\\\/ruralrafaela.com.ar\\\/exporural2022\\\/#\\\/schema\\\/logo\\\/image\\\/\",\"url\":\"https:\\\/\\\/ruralrafaela.com.ar\\\/exporural2022\\\/wp-content\\\/uploads\\\/sites\\\/17\\\/2022\\\/08\\\/logoexpo2022.jpg\",\"contentUrl\":\"https:\\\/\\\/ruralrafaela.com.ar\\\/exporural2022\\\/wp-content\\\/uploads\\\/sites\\\/17\\\/2022\\\/08\\\/logoexpo2022.jpg\",\"width\":350,\"height\":212,\"caption\":\"115 Expo Rural Rafaela 2022\"},\"image\":{\"@id\":\"https:\\\/\\\/ruralrafaela.com.ar\\\/exporural2022\\\/#\\\/schema\\\/logo\\\/image\\\/\"}}]}<\/script>\n<!-- \/ Yoast SEO plugin. -->","yoast_head_json":{"title":"101\u00b0 Concurso VACAS LECHERAS - 115 Expo Rural Rafaela 2022","robots":{"index":"index","follow":"follow","max-snippet":"max-snippet:-1","max-image-preview":"max-image-preview:large","max-video-preview":"max-video-preview:-1"},"canonical":"https:\/\/ruralrafaela.com.ar\/exporural2022\/concurso-vacas-lecheras\/","og_locale":"es_ES","og_type":"article","og_title":"101\u00b0 Concurso VACAS LECHERAS - 115 Expo Rural Rafaela 2022","og_description":"Resultados de Orde\u00f1os Una competencia valorada en todo el pa\u00eds! La m\u00e1s antigua y referente de la Raza. Una actividad para seguir desde el 1er.orde\u00f1o!???? Descargar REGLAMENTO DE CONCURSO VACAS LECHERAS &#8211; Clik aqu\u00ed Descargar PLANILLA DE INSCRIPCI\u00d3N DE CONCURSO VACAS LECHERAS &#8211; Clik aqu\u00ed","og_url":"https:\/\/ruralrafaela.com.ar\/exporural2022\/concurso-vacas-lecheras\/","og_site_name":"115 Expo Rural Rafaela 2022","article_modified_time":"2022-10-08T13:23:58+00:00","og_image":[{"url":"https:\/\/ruralrafaela.com.ar\/exporural2022\/wp-content\/uploads\/sites\/17\/2022\/10\/IMG_4828-1-1024x639.jpg","type":"","width":"","height":""}],"twitter_card":"summary_large_image","twitter_misc":{"Tiempo de lectura":"1 minuto"},"schema":{"@context":"https:\/\/schema.org","@graph":[{"@type":"WebPage","@id":"https:\/\/ruralrafaela.com.ar\/exporural2022\/concurso-vacas-lecheras\/","url":"https:\/\/ruralrafaela.com.ar\/exporural2022\/concurso-vacas-lecheras\/","name":"101\u00b0 Concurso VACAS LECHERAS - 115 Expo Rural Rafaela 2022","isPartOf":{"@id":"https:\/\/ruralrafaela.com.ar\/exporural2022\/#website"},"primaryImageOfPage":{"@id":"https:\/\/ruralrafaela.com.ar\/exporural2022\/concurso-vacas-lecheras\/#primaryimage"},"image":{"@id":"https:\/\/ruralrafaela.com.ar\/exporural2022\/concurso-vacas-lecheras\/#primaryimage"},"thumbnailUrl":"https:\/\/ruralrafaela.com.ar\/exporural2022\/wp-content\/uploads\/sites\/17\/2022\/10\/IMG_4828-1-1024x639.jpg","datePublished":"2022-08-24T15:53:06+00:00","dateModified":"2022-10-08T13:23:58+00:00","breadcrumb":{"@id":"https:\/\/ruralrafaela.com.ar\/exporural2022\/concurso-vacas-lecheras\/#breadcrumb"},"inLanguage":"es","potentialAction":[{"@type":"ReadAction","target":["https:\/\/ruralrafaela.com.ar\/exporural2022\/concurso-vacas-lecheras\/"]}]},{"@type":"ImageObject","inLanguage":"es","@id":"https:\/\/ruralrafaela.com.ar\/exporural2022\/concurso-vacas-lecheras\/#primaryimage","url":"https:\/\/ruralrafaela.com.ar\/exporural2022\/wp-content\/uploads\/sites\/17\/2022\/10\/IMG_4828-1.jpg","contentUrl":"https:\/\/ruralrafaela.com.ar\/exporural2022\/wp-content\/uploads\/sites\/17\/2022\/10\/IMG_4828-1.jpg","width":2492,"height":1556},{"@type":"BreadcrumbList","@id":"https:\/\/ruralrafaela.com.ar\/exporural2022\/concurso-vacas-lecheras\/#breadcrumb","itemListElement":[{"@type":"ListItem","position":1,"name":"Portada","item":"https:\/\/ruralrafaela.com.ar\/exporural2022\/"},{"@type":"ListItem","position":2,"name":"101\u00b0 Concurso VACAS LECHERAS"}]},{"@type":"WebSite","@id":"https:\/\/ruralrafaela.com.ar\/exporural2022\/#website","url":"https:\/\/ruralrafaela.com.ar\/exporural2022\/","name":"115 Expo Rural Rafaela 2022","description":"Sitio oficial de la Expo Rural Rafaela","publisher":{"@id":"https:\/\/ruralrafaela.com.ar\/exporural2022\/#organization"},"potentialAction":[{"@type":"SearchAction","target":{"@type":"EntryPoint","urlTemplate":"https:\/\/ruralrafaela.com.ar\/exporural2022\/?s={search_term_string}"},"query-input":{"@type":"PropertyValueSpecification","valueRequired":true,"valueName":"search_term_string"}}],"inLanguage":"es"},{"@type":"Organization","@id":"https:\/\/ruralrafaela.com.ar\/exporural2022\/#organization","name":"115 Expo Rural Rafaela 2022","url":"https:\/\/ruralrafaela.com.ar\/exporural2022\/","logo":{"@type":"ImageObject","inLanguage":"es","@id":"https:\/\/ruralrafaela.com.ar\/exporural2022\/#\/schema\/logo\/image\/","url":"https:\/\/ruralrafaela.com.ar\/exporural2022\/wp-content\/uploads\/sites\/17\/2022\/08\/logoexpo2022.jpg","contentUrl":"https:\/\/ruralrafaela.com.ar\/exporural2022\/wp-content\/uploads\/sites\/17\/2022\/08\/logoexpo2022.jpg","width":350,"height":212,"caption":"115 Expo Rural Rafaela 2022"},"image":{"@id":"https:\/\/ruralrafaela.com.ar\/exporural2022\/#\/schema\/logo\/image\/"}}]}},"_links":{"self":[{"href":"https:\/\/ruralrafaela.com.ar\/exporural2022\/wp-json\/wp\/v2\/pages\/49","targetHints":{"allow":["GET"]}}],"collection":[{"href":"https:\/\/ruralrafaela.com.ar\/exporural2022\/wp-json\/wp\/v2\/pages"}],"about":[{"href":"https:\/\/ruralrafaela.com.ar\/exporural2022\/wp-json\/wp\/v2\/types\/page"}],"author":[{"embeddable":true,"href":"https:\/\/ruralrafaela.com.ar\/exporural2022\/wp-json\/wp\/v2\/users\/2"}],"replies":[{"embeddable":true,"href":"https:\/\/ruralrafaela.com.ar\/exporural2022\/wp-json\/wp\/v2\/comments?post=49"}],"version-history":[{"count":20,"href":"https:\/\/ruralrafaela.com.ar\/exporural2022\/wp-json\/wp\/v2\/pages\/49\/revisions"}],"predecessor-version":[{"id":6188,"href":"https:\/\/ruralrafaela.com.ar\/exporural2022\/wp-json\/wp\/v2\/pages\/49\/revisions\/6188"}],"wp:attachment":[{"href":"https:\/\/ruralrafaela.com.ar\/exporural2022\/wp-json\/wp\/v2\/media?parent=49"}],"curies":[{"name":"wp","href":"https:\/\/api.w.org\/{rel}","templated":true}]}}