{"id":47,"date":"2022-08-24T15:52:48","date_gmt":"2022-08-24T15:52:48","guid":{"rendered":"https:\/\/ruralrafaela.com.ar\/exporural2022\/?page_id=47"},"modified":"2022-10-10T20:31:14","modified_gmt":"2022-10-10T20:31:14","slug":"jura-holando","status":"publish","type":"page","link":"https:\/\/ruralrafaela.com.ar\/exporural2022\/jura-holando\/","title":{"rendered":"Jura Holando"},"content":{"rendered":"\n<div data-wp-interactive=\"core\/file\" class=\"wp-block-file\"><object data-wp-bind--hidden=\"!state.hasPdfPreview\" hidden class=\"wp-block-file__embed\" data=\"https:\/\/ruralrafaela.com.ar\/exporural2022\/wp-content\/uploads\/sites\/17\/2022\/10\/RESULTADO-FINAL-JURA-POR-CATEGOTIA.pdf\" type=\"application\/pdf\" style=\"width:100%;height:600px\" aria-label=\"Incrustado de Incrustado de RESULTADO-FINAL-JURA-POR-CATEGOTIA..\"><\/object><a id=\"wp-block-file--media-9dae924a-35a2-4057-8742-a2811d88b0b4\" href=\"https:\/\/ruralrafaela.com.ar\/exporural2022\/wp-content\/uploads\/sites\/17\/2022\/10\/RESULTADO-FINAL-JURA-POR-CATEGOTIA.pdf\">RESULTADO-FINAL-JURA-POR-CATEGOTIA<\/a><a href=\"https:\/\/ruralrafaela.com.ar\/exporural2022\/wp-content\/uploads\/sites\/17\/2022\/10\/RESULTADO-FINAL-JURA-POR-CATEGOTIA.pdf\" class=\"wp-block-file__button\" download aria-describedby=\"wp-block-file--media-9dae924a-35a2-4057-8742-a2811d88b0b4\">Descarga<\/a><\/div>\n\n\n\n<p><\/p>\n\n\n\n<p><\/p>\n\n\n\n<p><\/p>\n\n\n\n<p><\/p>\n\n\n\n<p><\/p>\n\n\n\n<p><\/p>\n\n\n\n<p><\/p>\n\n\n\n<p><\/p>\n\n\n<p><img loading=\"lazy\" decoding=\"async\" width=\"1024\" height=\"1024\" src=\"https:\/\/ruralrafaela.com.ar\/exporural2022\/wp-content\/uploads\/sites\/17\/2022\/10\/jura02-1024x1024.jpg\" alt=\"\" loading=\"lazy\" srcset=\"https:\/\/ruralrafaela.com.ar\/exporural2022\/wp-content\/uploads\/sites\/17\/2022\/10\/jura02-1024x1024.jpg 1024w, https:\/\/ruralrafaela.com.ar\/exporural2022\/wp-content\/uploads\/sites\/17\/2022\/10\/jura02-300x300.jpg 300w, https:\/\/ruralrafaela.com.ar\/exporural2022\/wp-content\/uploads\/sites\/17\/2022\/10\/jura02-150x150.jpg 150w, https:\/\/ruralrafaela.com.ar\/exporural2022\/wp-content\/uploads\/sites\/17\/2022\/10\/jura02-768x768.jpg 768w, https:\/\/ruralrafaela.com.ar\/exporural2022\/wp-content\/uploads\/sites\/17\/2022\/10\/jura02-600x600.jpg 600w, https:\/\/ruralrafaela.com.ar\/exporural2022\/wp-content\/uploads\/sites\/17\/2022\/10\/jura02.jpg 1080w\" sizes=\"auto, (max-width: 1024px) 100vw, 1024px\">\t\t\t\t\t\t\t\t\t\t\t\t\t\t\t<\/p>\n<h2>Un gran espect\u00e1culo en pista para que todos puedan disfrutar y aprender c\u00f3mo se eval\u00faan y premian los ejemplares de raza Holando. Y adem\u00e1s un tradicional y fundamental encuentro para los entendidos. La pista de Rafaela, donde se aprecia lo mejor de la Raza Holando.??<\/h2>\n<h2 style=\"text-align: left;\"><img decoding=\"async\" src=\"https:\/\/ruralrafaela.com.ar\/exporural2022\/wp-content\/uploads\/sites\/17\/2022\/10\/hetu-150x150.jpg\" alt=\"\" width=\"150\" height=\"150\">La clasificaci\u00f3n del Holando estar\u00e1 a cargo del Jurado canadiense Eric H\u00e9tu, oriundo de Warwick, en el centro de la provincia de Qu\u00e9bec. <br>El se\u00f1or H\u00e9tu es Oficial de la Holstein Canad\u00e1 desde 2005. durante su carreta ha tenido la oportunidad de jzgar varios shows en Qu\u00e9bec, el oeste de Canad\u00e1 y en las provincias Mar\u00edtimas, incluyendo las exposiciones de primavera de Qu\u00e9bec R&amp;W y jersey, las exposiciones de R&amp;W y Jersey de oto\u00f1o y verano de Saint-Hyacinthe, el Festival PEI Acadian y el espect\u00e1culo de primavera de Manitoba. Tambi\u00e9n ha juzgado fuera de Canad\u00e1 como en la Exposici\u00f3n Nacional de Per\u00fa.<\/h2>\n<p style=\"text-align: center;\"><strong><a href=\"https:\/\/ruralrafaela.com.ar\/exporural2022\/wp-content\/uploads\/sites\/17\/2022\/09\/Reglamento-Rafaela-Raza-Holando-Argentino-2022.pdf\" target=\"_blank\" rel=\"noopener\">Descargar REGLAMENTO DE RAZA HOLANDO ARGENTINO &#8211; Clik aqu\u00ed<\/a><\/strong><\/p>\n<p style=\"text-align: center;\"><strong><a href=\"https:\/\/ruralrafaela.com.ar\/exporural2022\/wp-content\/uploads\/sites\/17\/2022\/09\/PLanilla-Inscripcion-Raza-Holando-Argentino-2022.pdf\" target=\"_blank\" rel=\"noopener\">Descargar PLANILLA DE INSCRIPCI\u00d3N RAZA HOLANDO ARGENTINO &#8211; Clik aqu\u00ed<\/a><\/strong><\/p>\n<p style=\"text-align: center;\"><strong><a href=\"https:\/\/ruralrafaela.com.ar\/exporural2022\/wp-content\/uploads\/sites\/17\/2022\/09\/Reglamento-Bovinos-Raza-Carne-Ovinos-Equinos-y-Porcinos-2022.-Claudio.pdf\" target=\"_blank\" rel=\"noopener\">Descargar REGLAMENTO DE Bovinos Raza Carne, Ovinos, Equinos y Porcinos &#8211; Clik aqu\u00ed<\/a><\/strong><\/p>","protected":false},"excerpt":{"rendered":"<p>Un gran espect\u00e1culo en pista para que todos puedan disfrutar y aprender c\u00f3mo se eval\u00faan y premian los ejemplares de raza Holando. Y adem\u00e1s un tradicional y fundamental encuentro para los entendidos. La pista de Rafaela, donde se aprecia lo mejor de la Raza Holando.?? La clasificaci\u00f3n del Holando estar\u00e1 a cargo del Jurado canadiense [&hellip;]<\/p>\n","protected":false},"author":2,"featured_media":0,"parent":0,"menu_order":0,"comment_status":"closed","ping_status":"closed","template":"","meta":{"ocean_post_layout":"","ocean_both_sidebars_style":"","ocean_both_sidebars_content_width":0,"ocean_both_sidebars_sidebars_width":0,"ocean_sidebar":"0","ocean_second_sidebar":"0","ocean_disable_margins":"enable","ocean_add_body_class":"","ocean_shortcode_before_top_bar":"","ocean_shortcode_after_top_bar":"","ocean_shortcode_before_header":"","ocean_shortcode_after_header":"","ocean_has_shortcode":"","ocean_shortcode_after_title":"","ocean_shortcode_before_footer_widgets":"","ocean_shortcode_after_footer_widgets":"","ocean_shortcode_before_footer_bottom":"","ocean_shortcode_after_footer_bottom":"","ocean_display_top_bar":"default","ocean_display_header":"default","ocean_header_style":"","ocean_center_header_left_menu":"0","ocean_custom_header_template":"0","ocean_custom_logo":0,"ocean_custom_retina_logo":0,"ocean_custom_logo_max_width":0,"ocean_custom_logo_tablet_max_width":0,"ocean_custom_logo_mobile_max_width":0,"ocean_custom_logo_max_height":0,"ocean_custom_logo_tablet_max_height":0,"ocean_custom_logo_mobile_max_height":0,"ocean_header_custom_menu":"0","ocean_menu_typo_font_family":"0","ocean_menu_typo_font_subset":"","ocean_menu_typo_font_size":0,"ocean_menu_typo_font_size_tablet":0,"ocean_menu_typo_font_size_mobile":0,"ocean_menu_typo_font_size_unit":"px","ocean_menu_typo_font_weight":"","ocean_menu_typo_font_weight_tablet":"","ocean_menu_typo_font_weight_mobile":"","ocean_menu_typo_transform":"","ocean_menu_typo_transform_tablet":"","ocean_menu_typo_transform_mobile":"","ocean_menu_typo_line_height":0,"ocean_menu_typo_line_height_tablet":0,"ocean_menu_typo_line_height_mobile":0,"ocean_menu_typo_line_height_unit":"","ocean_menu_typo_spacing":0,"ocean_menu_typo_spacing_tablet":0,"ocean_menu_typo_spacing_mobile":0,"ocean_menu_typo_spacing_unit":"","ocean_menu_link_color":"","ocean_menu_link_color_hover":"","ocean_menu_link_color_active":"","ocean_menu_link_background":"","ocean_menu_link_hover_background":"","ocean_menu_link_active_background":"","ocean_menu_social_links_bg":"","ocean_menu_social_hover_links_bg":"","ocean_menu_social_links_color":"","ocean_menu_social_hover_links_color":"","ocean_disable_title":"default","ocean_disable_heading":"default","ocean_post_title":"","ocean_post_subheading":"","ocean_post_title_style":"background-image","ocean_post_title_background_color":"","ocean_post_title_background":111,"ocean_post_title_bg_image_position":"","ocean_post_title_bg_image_attachment":"","ocean_post_title_bg_image_repeat":"","ocean_post_title_bg_image_size":"","ocean_post_title_height":0,"ocean_post_title_bg_overlay":0.5,"ocean_post_title_bg_overlay_color":"","ocean_disable_breadcrumbs":"default","ocean_breadcrumbs_color":"","ocean_breadcrumbs_separator_color":"","ocean_breadcrumbs_links_color":"","ocean_breadcrumbs_links_hover_color":"","ocean_display_footer_widgets":"default","ocean_display_footer_bottom":"default","ocean_custom_footer_template":"0","_joinchat":[],"footnotes":""},"class_list":["post-47","page","type-page","status-publish","hentry","entry"],"yoast_head":"<!-- This site is optimized with the Yoast SEO plugin v27.5 - https:\/\/yoast.com\/product\/yoast-seo-wordpress\/ -->\n<title>Jura Holando - 115 Expo Rural Rafaela 2022<\/title>\n<meta name=\"robots\" content=\"index, follow, max-snippet:-1, max-image-preview:large, max-video-preview:-1\" \/>\n<link rel=\"canonical\" href=\"https:\/\/ruralrafaela.com.ar\/exporural2022\/jura-holando\/\" \/>\n<meta property=\"og:locale\" content=\"es_ES\" \/>\n<meta property=\"og:type\" content=\"article\" \/>\n<meta property=\"og:title\" content=\"Jura Holando - 115 Expo Rural Rafaela 2022\" \/>\n<meta property=\"og:description\" content=\"Un gran espect\u00e1culo en pista para que todos puedan disfrutar y aprender c\u00f3mo se eval\u00faan y premian los ejemplares de raza Holando. Y adem\u00e1s un tradicional y fundamental encuentro para los entendidos. La pista de Rafaela, donde se aprecia lo mejor de la Raza Holando.?? La clasificaci\u00f3n del Holando estar\u00e1 a cargo del Jurado canadiense [&hellip;]\" \/>\n<meta property=\"og:url\" content=\"https:\/\/ruralrafaela.com.ar\/exporural2022\/jura-holando\/\" \/>\n<meta property=\"og:site_name\" content=\"115 Expo Rural Rafaela 2022\" \/>\n<meta property=\"article:modified_time\" content=\"2022-10-10T20:31:14+00:00\" \/>\n<meta property=\"og:image\" content=\"https:\/\/ruralrafaela.com.ar\/exporural2022\/wp-content\/uploads\/sites\/17\/2022\/10\/jura02-1024x1024.jpg\" \/>\n<meta name=\"twitter:card\" content=\"summary_large_image\" \/>\n<meta name=\"twitter:label1\" content=\"Tiempo de lectura\" \/>\n\t<meta name=\"twitter:data1\" content=\"2 minutos\" \/>\n<script type=\"application\/ld+json\" class=\"yoast-schema-graph\">{\"@context\":\"https:\\\/\\\/schema.org\",\"@graph\":[{\"@type\":\"WebPage\",\"@id\":\"https:\\\/\\\/ruralrafaela.com.ar\\\/exporural2022\\\/jura-holando\\\/\",\"url\":\"https:\\\/\\\/ruralrafaela.com.ar\\\/exporural2022\\\/jura-holando\\\/\",\"name\":\"Jura Holando - 115 Expo Rural Rafaela 2022\",\"isPartOf\":{\"@id\":\"https:\\\/\\\/ruralrafaela.com.ar\\\/exporural2022\\\/#website\"},\"primaryImageOfPage\":{\"@id\":\"https:\\\/\\\/ruralrafaela.com.ar\\\/exporural2022\\\/jura-holando\\\/#primaryimage\"},\"image\":{\"@id\":\"https:\\\/\\\/ruralrafaela.com.ar\\\/exporural2022\\\/jura-holando\\\/#primaryimage\"},\"thumbnailUrl\":\"https:\\\/\\\/ruralrafaela.com.ar\\\/exporural2022\\\/wp-content\\\/uploads\\\/sites\\\/17\\\/2022\\\/10\\\/jura02-1024x1024.jpg\",\"datePublished\":\"2022-08-24T15:52:48+00:00\",\"dateModified\":\"2022-10-10T20:31:14+00:00\",\"breadcrumb\":{\"@id\":\"https:\\\/\\\/ruralrafaela.com.ar\\\/exporural2022\\\/jura-holando\\\/#breadcrumb\"},\"inLanguage\":\"es\",\"potentialAction\":[{\"@type\":\"ReadAction\",\"target\":[\"https:\\\/\\\/ruralrafaela.com.ar\\\/exporural2022\\\/jura-holando\\\/\"]}]},{\"@type\":\"ImageObject\",\"inLanguage\":\"es\",\"@id\":\"https:\\\/\\\/ruralrafaela.com.ar\\\/exporural2022\\\/jura-holando\\\/#primaryimage\",\"url\":\"https:\\\/\\\/ruralrafaela.com.ar\\\/exporural2022\\\/wp-content\\\/uploads\\\/sites\\\/17\\\/2022\\\/10\\\/jura02.jpg\",\"contentUrl\":\"https:\\\/\\\/ruralrafaela.com.ar\\\/exporural2022\\\/wp-content\\\/uploads\\\/sites\\\/17\\\/2022\\\/10\\\/jura02.jpg\",\"width\":1080,\"height\":1080},{\"@type\":\"BreadcrumbList\",\"@id\":\"https:\\\/\\\/ruralrafaela.com.ar\\\/exporural2022\\\/jura-holando\\\/#breadcrumb\",\"itemListElement\":[{\"@type\":\"ListItem\",\"position\":1,\"name\":\"Portada\",\"item\":\"https:\\\/\\\/ruralrafaela.com.ar\\\/exporural2022\\\/\"},{\"@type\":\"ListItem\",\"position\":2,\"name\":\"Jura Holando\"}]},{\"@type\":\"WebSite\",\"@id\":\"https:\\\/\\\/ruralrafaela.com.ar\\\/exporural2022\\\/#website\",\"url\":\"https:\\\/\\\/ruralrafaela.com.ar\\\/exporural2022\\\/\",\"name\":\"115 Expo Rural Rafaela 2022\",\"description\":\"Sitio oficial de la Expo Rural Rafaela\",\"publisher\":{\"@id\":\"https:\\\/\\\/ruralrafaela.com.ar\\\/exporural2022\\\/#organization\"},\"potentialAction\":[{\"@type\":\"SearchAction\",\"target\":{\"@type\":\"EntryPoint\",\"urlTemplate\":\"https:\\\/\\\/ruralrafaela.com.ar\\\/exporural2022\\\/?s={search_term_string}\"},\"query-input\":{\"@type\":\"PropertyValueSpecification\",\"valueRequired\":true,\"valueName\":\"search_term_string\"}}],\"inLanguage\":\"es\"},{\"@type\":\"Organization\",\"@id\":\"https:\\\/\\\/ruralrafaela.com.ar\\\/exporural2022\\\/#organization\",\"name\":\"115 Expo Rural Rafaela 2022\",\"url\":\"https:\\\/\\\/ruralrafaela.com.ar\\\/exporural2022\\\/\",\"logo\":{\"@type\":\"ImageObject\",\"inLanguage\":\"es\",\"@id\":\"https:\\\/\\\/ruralrafaela.com.ar\\\/exporural2022\\\/#\\\/schema\\\/logo\\\/image\\\/\",\"url\":\"https:\\\/\\\/ruralrafaela.com.ar\\\/exporural2022\\\/wp-content\\\/uploads\\\/sites\\\/17\\\/2022\\\/08\\\/logoexpo2022.jpg\",\"contentUrl\":\"https:\\\/\\\/ruralrafaela.com.ar\\\/exporural2022\\\/wp-content\\\/uploads\\\/sites\\\/17\\\/2022\\\/08\\\/logoexpo2022.jpg\",\"width\":350,\"height\":212,\"caption\":\"115 Expo Rural Rafaela 2022\"},\"image\":{\"@id\":\"https:\\\/\\\/ruralrafaela.com.ar\\\/exporural2022\\\/#\\\/schema\\\/logo\\\/image\\\/\"}}]}<\/script>\n<!-- \/ Yoast SEO plugin. -->","yoast_head_json":{"title":"Jura Holando - 115 Expo Rural Rafaela 2022","robots":{"index":"index","follow":"follow","max-snippet":"max-snippet:-1","max-image-preview":"max-image-preview:large","max-video-preview":"max-video-preview:-1"},"canonical":"https:\/\/ruralrafaela.com.ar\/exporural2022\/jura-holando\/","og_locale":"es_ES","og_type":"article","og_title":"Jura Holando - 115 Expo Rural Rafaela 2022","og_description":"Un gran espect\u00e1culo en pista para que todos puedan disfrutar y aprender c\u00f3mo se eval\u00faan y premian los ejemplares de raza Holando. Y adem\u00e1s un tradicional y fundamental encuentro para los entendidos. La pista de Rafaela, donde se aprecia lo mejor de la Raza Holando.?? La clasificaci\u00f3n del Holando estar\u00e1 a cargo del Jurado canadiense [&hellip;]","og_url":"https:\/\/ruralrafaela.com.ar\/exporural2022\/jura-holando\/","og_site_name":"115 Expo Rural Rafaela 2022","article_modified_time":"2022-10-10T20:31:14+00:00","og_image":[{"url":"https:\/\/ruralrafaela.com.ar\/exporural2022\/wp-content\/uploads\/sites\/17\/2022\/10\/jura02-1024x1024.jpg","type":"","width":"","height":""}],"twitter_card":"summary_large_image","twitter_misc":{"Tiempo de lectura":"2 minutos"},"schema":{"@context":"https:\/\/schema.org","@graph":[{"@type":"WebPage","@id":"https:\/\/ruralrafaela.com.ar\/exporural2022\/jura-holando\/","url":"https:\/\/ruralrafaela.com.ar\/exporural2022\/jura-holando\/","name":"Jura Holando - 115 Expo Rural Rafaela 2022","isPartOf":{"@id":"https:\/\/ruralrafaela.com.ar\/exporural2022\/#website"},"primaryImageOfPage":{"@id":"https:\/\/ruralrafaela.com.ar\/exporural2022\/jura-holando\/#primaryimage"},"image":{"@id":"https:\/\/ruralrafaela.com.ar\/exporural2022\/jura-holando\/#primaryimage"},"thumbnailUrl":"https:\/\/ruralrafaela.com.ar\/exporural2022\/wp-content\/uploads\/sites\/17\/2022\/10\/jura02-1024x1024.jpg","datePublished":"2022-08-24T15:52:48+00:00","dateModified":"2022-10-10T20:31:14+00:00","breadcrumb":{"@id":"https:\/\/ruralrafaela.com.ar\/exporural2022\/jura-holando\/#breadcrumb"},"inLanguage":"es","potentialAction":[{"@type":"ReadAction","target":["https:\/\/ruralrafaela.com.ar\/exporural2022\/jura-holando\/"]}]},{"@type":"ImageObject","inLanguage":"es","@id":"https:\/\/ruralrafaela.com.ar\/exporural2022\/jura-holando\/#primaryimage","url":"https:\/\/ruralrafaela.com.ar\/exporural2022\/wp-content\/uploads\/sites\/17\/2022\/10\/jura02.jpg","contentUrl":"https:\/\/ruralrafaela.com.ar\/exporural2022\/wp-content\/uploads\/sites\/17\/2022\/10\/jura02.jpg","width":1080,"height":1080},{"@type":"BreadcrumbList","@id":"https:\/\/ruralrafaela.com.ar\/exporural2022\/jura-holando\/#breadcrumb","itemListElement":[{"@type":"ListItem","position":1,"name":"Portada","item":"https:\/\/ruralrafaela.com.ar\/exporural2022\/"},{"@type":"ListItem","position":2,"name":"Jura Holando"}]},{"@type":"WebSite","@id":"https:\/\/ruralrafaela.com.ar\/exporural2022\/#website","url":"https:\/\/ruralrafaela.com.ar\/exporural2022\/","name":"115 Expo Rural Rafaela 2022","description":"Sitio oficial de la Expo Rural Rafaela","publisher":{"@id":"https:\/\/ruralrafaela.com.ar\/exporural2022\/#organization"},"potentialAction":[{"@type":"SearchAction","target":{"@type":"EntryPoint","urlTemplate":"https:\/\/ruralrafaela.com.ar\/exporural2022\/?s={search_term_string}"},"query-input":{"@type":"PropertyValueSpecification","valueRequired":true,"valueName":"search_term_string"}}],"inLanguage":"es"},{"@type":"Organization","@id":"https:\/\/ruralrafaela.com.ar\/exporural2022\/#organization","name":"115 Expo Rural Rafaela 2022","url":"https:\/\/ruralrafaela.com.ar\/exporural2022\/","logo":{"@type":"ImageObject","inLanguage":"es","@id":"https:\/\/ruralrafaela.com.ar\/exporural2022\/#\/schema\/logo\/image\/","url":"https:\/\/ruralrafaela.com.ar\/exporural2022\/wp-content\/uploads\/sites\/17\/2022\/08\/logoexpo2022.jpg","contentUrl":"https:\/\/ruralrafaela.com.ar\/exporural2022\/wp-content\/uploads\/sites\/17\/2022\/08\/logoexpo2022.jpg","width":350,"height":212,"caption":"115 Expo Rural Rafaela 2022"},"image":{"@id":"https:\/\/ruralrafaela.com.ar\/exporural2022\/#\/schema\/logo\/image\/"}}]}},"_links":{"self":[{"href":"https:\/\/ruralrafaela.com.ar\/exporural2022\/wp-json\/wp\/v2\/pages\/47","targetHints":{"allow":["GET"]}}],"collection":[{"href":"https:\/\/ruralrafaela.com.ar\/exporural2022\/wp-json\/wp\/v2\/pages"}],"about":[{"href":"https:\/\/ruralrafaela.com.ar\/exporural2022\/wp-json\/wp\/v2\/types\/page"}],"author":[{"embeddable":true,"href":"https:\/\/ruralrafaela.com.ar\/exporural2022\/wp-json\/wp\/v2\/users\/2"}],"replies":[{"embeddable":true,"href":"https:\/\/ruralrafaela.com.ar\/exporural2022\/wp-json\/wp\/v2\/comments?post=47"}],"version-history":[{"count":27,"href":"https:\/\/ruralrafaela.com.ar\/exporural2022\/wp-json\/wp\/v2\/pages\/47\/revisions"}],"predecessor-version":[{"id":6084,"href":"https:\/\/ruralrafaela.com.ar\/exporural2022\/wp-json\/wp\/v2\/pages\/47\/revisions\/6084"}],"wp:attachment":[{"href":"https:\/\/ruralrafaela.com.ar\/exporural2022\/wp-json\/wp\/v2\/media?parent=47"}],"curies":[{"name":"wp","href":"https:\/\/api.w.org\/{rel}","templated":true}]}}