{"id":65,"date":"2022-08-19T18:04:44","date_gmt":"2022-08-19T18:04:44","guid":{"rendered":"https:\/\/ruralrafaela.com.ar\/exporural2021\/?page_id=65"},"modified":"2022-08-19T18:04:45","modified_gmt":"2022-08-19T18:04:45","slug":"rafaela-en-accion","status":"publish","type":"page","link":"https:\/\/ruralrafaela.com.ar\/exporural2021\/rafaela-en-accion\/","title":{"rendered":"Rafaela en Acci\u00f3n"},"content":{"rendered":"\n<h2 class=\"has-vivid-green-cyan-background-color has-background wp-block-heading\"><strong>La Municipalidad participar\u00e1 de la Muestra Anual Institucional de la Rural<\/strong><br><\/h2>\n\n\n<div class=\"wp-block-image\">\n<figure class=\"aligncenter size-large is-resized\"><a href=\"https:\/\/ruralrafaela.com.ar\/wp-content\/uploads\/2021\/09\/WhatsApp-Image-2021-09-28-at-10.02.56-AM.jpeg\"><img fetchpriority=\"high\" decoding=\"async\" src=\"https:\/\/ruralrafaela.com.ar\/wp-content\/uploads\/2021\/09\/WhatsApp-Image-2021-09-28-at-10.02.56-AM-1024x768.jpeg\" alt=\"\" class=\"wp-image-3445\" width=\"730\" height=\"549\"\/><\/a><\/figure>\n<\/div>\n\n\n<h2 class=\"wp-block-heading\" id=\"block-69f5e77f-e0ee-4f4c-82d0-a3abbdcad2f6\"><em>Ser\u00e1 a trav\u00e9s del dispositivo m\u00f3vil Rafaela en Acci\u00f3n que estar\u00e1 presente en el predio desde el viernes 1\u00ba al domingo 3 de octubre.<\/em><\/h2>\n\n\n\n<h2 class=\"wp-block-heading\" id=\"block-69f5e77f-e0ee-4f4c-82d0-a3abbdcad2f6\"><br>Desde el viernes 1\u00ba al domingo 3 de octubre y como todos los a\u00f1os, la Municipalidad estar\u00e1 presente en la Muestra Anual Institucional 2021 de la Sociedad Rural de Rafaela que, en esta edici\u00f3n, se organiza bajo la consiga \u00abProducir para el Futuro\u00bb.<\/h2>\n\n\n\n<p id=\"block-69f5e77f-e0ee-4f4c-82d0-a3abbdcad2f6\"><br>El Estado local participar\u00e1 con Rafaela en Acci\u00f3n, ofreciendo sus tr\u00e1mites, servicios y programas a las personas que visiten la exposici\u00f3n. All\u00ed estar\u00e1n los promotores del equipo para responder todas las consultas y brindar el asesoramiento sobre todo lo que pueden realizar en las unidades del dispositivo m\u00f3vil que descentralizan el municipio para llevarlo a los barrios.<\/p>\n\n\n\n<p id=\"block-69f5e77f-e0ee-4f4c-82d0-a3abbdcad2f6\"><br>En el sector del predio que se ubica sobre avenida Brasil, estar\u00e1 ubicado el Punto Verde M\u00f3vil donde se recibir\u00e1n los residuos especiales que no se pueden disponer en la recolecci\u00f3n domiciliaria.<\/p>\n\n\n\n<p id=\"block-69f5e77f-e0ee-4f4c-82d0-a3abbdcad2f6\"><br>Adem\u00e1s, en esta casilla se encontrar\u00e1 trabajando una promotora para concientizar a la comunidad sobre la importancia de la separaci\u00f3n de residuos y el cuidado del ambiente a trav\u00e9s de las acciones cotidianas. Tambi\u00e9n se entregar\u00e1n semillas para huertas familiares a todos aquellos que presenten una fotocopia del Documento Nacional de Identidad.<\/p>\n\n\n\n<p id=\"block-69f5e77f-e0ee-4f4c-82d0-a3abbdcad2f6\"><br>Por otro lado, el Colectivo N\u00ba 2 acompa\u00f1ar\u00e1 el stand con los servicios que se ofrecen durante el recorrido por los barrios: La tramitaci\u00f3n del Boleto Educativo Gratuito para estudiantes, docentes y asistentes escolares, y la tarjeta SUBE; asesoramiento para descargar y utilizar Billetera Santa Fe; la confecci\u00f3n del curr\u00edculum vitae y capacitaciones que se llevan a cabo desde la Oficina Municipal de Empleo.<\/p>\n\n\n\n<p id=\"block-69f5e77f-e0ee-4f4c-82d0-a3abbdcad2f6\"><br>Cabe destacar que esta participaci\u00f3n surge a partir del trabajo articulado y el di\u00e1logo permanente entre la gremial agraria y el Estado local.<\/p>\n\n\n\n<h2 class=\"has-vivid-green-cyan-background-color has-background wp-block-heading\" id=\"block-69f5e77f-e0ee-4f4c-82d0-a3abbdcad2f6\"><strong>Una semana m\u00e1s<\/strong><\/h2>\n\n\n<div class=\"wp-block-image\">\n<figure class=\"aligncenter size-large is-resized\"><a href=\"https:\/\/ruralrafaela.com.ar\/wp-content\/uploads\/2021\/09\/WhatsApp-Image-2021-09-28-at-10.05.21-AM.jpeg\"><img decoding=\"async\" src=\"https:\/\/ruralrafaela.com.ar\/wp-content\/uploads\/2021\/09\/WhatsApp-Image-2021-09-28-at-10.05.21-AM-1024x768.jpeg\" alt=\"\" class=\"wp-image-3446\" width=\"671\" height=\"503\"\/><\/a><\/figure>\n<\/div>\n\n\n<h2 class=\"wp-block-heading\" id=\"block-69f5e77f-e0ee-4f4c-82d0-a3abbdcad2f6\">Una vez concluida la muestra, el dispositivo m\u00f3vil completo permanecer\u00e1 una semana m\u00e1s, hasta el jueves 7 de octubre, para que los vecinos y vecinas del sector puedan acceder a todos los servicios que se ofrecen en el recorrido por los barrios.<\/h2>\n","protected":false},"excerpt":{"rendered":"<p>La Municipalidad participar\u00e1 de la Muestra Anual Institucional de la Rural Ser\u00e1 a trav\u00e9s del dispositivo m\u00f3vil Rafaela en Acci\u00f3n que estar\u00e1 presente en el predio desde el viernes 1\u00ba al domingo 3 de octubre. Desde el viernes 1\u00ba al domingo 3 de octubre y como todos los a\u00f1os, la Municipalidad estar\u00e1 presente en la [&hellip;]<\/p>\n","protected":false},"author":2,"featured_media":0,"parent":0,"menu_order":0,"comment_status":"closed","ping_status":"closed","template":"","meta":{"ocean_post_layout":"","ocean_both_sidebars_style":"","ocean_both_sidebars_content_width":0,"ocean_both_sidebars_sidebars_width":0,"ocean_sidebar":"0","ocean_second_sidebar":"0","ocean_disable_margins":"enable","ocean_add_body_class":"","ocean_shortcode_before_top_bar":"","ocean_shortcode_after_top_bar":"","ocean_shortcode_before_header":"","ocean_shortcode_after_header":"","ocean_has_shortcode":"","ocean_shortcode_after_title":"","ocean_shortcode_before_footer_widgets":"","ocean_shortcode_after_footer_widgets":"","ocean_shortcode_before_footer_bottom":"","ocean_shortcode_after_footer_bottom":"","ocean_display_top_bar":"default","ocean_display_header":"default","ocean_header_style":"","ocean_center_header_left_menu":"0","ocean_custom_header_template":"0","ocean_custom_logo":0,"ocean_custom_retina_logo":0,"ocean_custom_logo_max_width":0,"ocean_custom_logo_tablet_max_width":0,"ocean_custom_logo_mobile_max_width":0,"ocean_custom_logo_max_height":0,"ocean_custom_logo_tablet_max_height":0,"ocean_custom_logo_mobile_max_height":0,"ocean_header_custom_menu":"0","ocean_menu_typo_font_family":"0","ocean_menu_typo_font_subset":"","ocean_menu_typo_font_size":0,"ocean_menu_typo_font_size_tablet":0,"ocean_menu_typo_font_size_mobile":0,"ocean_menu_typo_font_size_unit":"px","ocean_menu_typo_font_weight":"","ocean_menu_typo_font_weight_tablet":"","ocean_menu_typo_font_weight_mobile":"","ocean_menu_typo_transform":"","ocean_menu_typo_transform_tablet":"","ocean_menu_typo_transform_mobile":"","ocean_menu_typo_line_height":0,"ocean_menu_typo_line_height_tablet":0,"ocean_menu_typo_line_height_mobile":0,"ocean_menu_typo_line_height_unit":"","ocean_menu_typo_spacing":0,"ocean_menu_typo_spacing_tablet":0,"ocean_menu_typo_spacing_mobile":0,"ocean_menu_typo_spacing_unit":"","ocean_menu_link_color":"","ocean_menu_link_color_hover":"","ocean_menu_link_color_active":"","ocean_menu_link_background":"","ocean_menu_link_hover_background":"","ocean_menu_link_active_background":"","ocean_menu_social_links_bg":"","ocean_menu_social_hover_links_bg":"","ocean_menu_social_links_color":"","ocean_menu_social_hover_links_color":"","ocean_disable_title":"default","ocean_disable_heading":"default","ocean_post_title":"","ocean_post_subheading":"","ocean_post_title_style":"","ocean_post_title_background_color":"","ocean_post_title_background":0,"ocean_post_title_bg_image_position":"","ocean_post_title_bg_image_attachment":"","ocean_post_title_bg_image_repeat":"","ocean_post_title_bg_image_size":"","ocean_post_title_height":0,"ocean_post_title_bg_overlay":0.5,"ocean_post_title_bg_overlay_color":"","ocean_disable_breadcrumbs":"default","ocean_breadcrumbs_color":"","ocean_breadcrumbs_separator_color":"","ocean_breadcrumbs_links_color":"","ocean_breadcrumbs_links_hover_color":"","ocean_display_footer_widgets":"default","ocean_display_footer_bottom":"default","ocean_custom_footer_template":"0","_joinchat":[],"footnotes":""},"class_list":["post-65","page","type-page","status-publish","hentry","entry"],"yoast_head":"<!-- This site is optimized with the Yoast SEO plugin v27.5 - https:\/\/yoast.com\/product\/yoast-seo-wordpress\/ -->\n<title>Rafaela en Acci\u00f3n - 114 Expo Rural Rafaela 2021<\/title>\n<meta name=\"robots\" content=\"index, follow, max-snippet:-1, max-image-preview:large, max-video-preview:-1\" \/>\n<link rel=\"canonical\" href=\"https:\/\/ruralrafaela.com.ar\/exporural2021\/rafaela-en-accion\/\" \/>\n<meta property=\"og:locale\" content=\"es_ES\" \/>\n<meta property=\"og:type\" content=\"article\" \/>\n<meta property=\"og:title\" content=\"Rafaela en Acci\u00f3n - 114 Expo Rural Rafaela 2021\" \/>\n<meta property=\"og:description\" content=\"La Municipalidad participar\u00e1 de la Muestra Anual Institucional de la Rural Ser\u00e1 a trav\u00e9s del dispositivo m\u00f3vil Rafaela en Acci\u00f3n que estar\u00e1 presente en el predio desde el viernes 1\u00ba al domingo 3 de octubre. Desde el viernes 1\u00ba al domingo 3 de octubre y como todos los a\u00f1os, la Municipalidad estar\u00e1 presente en la [&hellip;]\" \/>\n<meta property=\"og:url\" content=\"https:\/\/ruralrafaela.com.ar\/exporural2021\/rafaela-en-accion\/\" \/>\n<meta property=\"og:site_name\" content=\"114 Expo Rural Rafaela 2021\" \/>\n<meta property=\"article:modified_time\" content=\"2022-08-19T18:04:45+00:00\" \/>\n<meta property=\"og:image\" content=\"https:\/\/ruralrafaela.com.ar\/wp-content\/uploads\/2021\/09\/WhatsApp-Image-2021-09-28-at-10.02.56-AM-1024x768.jpeg\" \/>\n<meta name=\"twitter:card\" content=\"summary_large_image\" \/>\n<meta name=\"twitter:label1\" content=\"Tiempo de lectura\" \/>\n\t<meta name=\"twitter:data1\" content=\"2 minutos\" \/>\n<script type=\"application\/ld+json\" class=\"yoast-schema-graph\">{\"@context\":\"https:\\\/\\\/schema.org\",\"@graph\":[{\"@type\":\"WebPage\",\"@id\":\"https:\\\/\\\/ruralrafaela.com.ar\\\/exporural2021\\\/rafaela-en-accion\\\/\",\"url\":\"https:\\\/\\\/ruralrafaela.com.ar\\\/exporural2021\\\/rafaela-en-accion\\\/\",\"name\":\"Rafaela en Acci\u00f3n - 114 Expo Rural Rafaela 2021\",\"isPartOf\":{\"@id\":\"https:\\\/\\\/ruralrafaela.com.ar\\\/exporural2021\\\/#website\"},\"primaryImageOfPage\":{\"@id\":\"https:\\\/\\\/ruralrafaela.com.ar\\\/exporural2021\\\/rafaela-en-accion\\\/#primaryimage\"},\"image\":{\"@id\":\"https:\\\/\\\/ruralrafaela.com.ar\\\/exporural2021\\\/rafaela-en-accion\\\/#primaryimage\"},\"thumbnailUrl\":\"https:\\\/\\\/ruralrafaela.com.ar\\\/wp-content\\\/uploads\\\/2021\\\/09\\\/WhatsApp-Image-2021-09-28-at-10.02.56-AM-1024x768.jpeg\",\"datePublished\":\"2022-08-19T18:04:44+00:00\",\"dateModified\":\"2022-08-19T18:04:45+00:00\",\"breadcrumb\":{\"@id\":\"https:\\\/\\\/ruralrafaela.com.ar\\\/exporural2021\\\/rafaela-en-accion\\\/#breadcrumb\"},\"inLanguage\":\"es\",\"potentialAction\":[{\"@type\":\"ReadAction\",\"target\":[\"https:\\\/\\\/ruralrafaela.com.ar\\\/exporural2021\\\/rafaela-en-accion\\\/\"]}]},{\"@type\":\"ImageObject\",\"inLanguage\":\"es\",\"@id\":\"https:\\\/\\\/ruralrafaela.com.ar\\\/exporural2021\\\/rafaela-en-accion\\\/#primaryimage\",\"url\":\"https:\\\/\\\/ruralrafaela.com.ar\\\/wp-content\\\/uploads\\\/2021\\\/09\\\/WhatsApp-Image-2021-09-28-at-10.02.56-AM-1024x768.jpeg\",\"contentUrl\":\"https:\\\/\\\/ruralrafaela.com.ar\\\/wp-content\\\/uploads\\\/2021\\\/09\\\/WhatsApp-Image-2021-09-28-at-10.02.56-AM-1024x768.jpeg\"},{\"@type\":\"BreadcrumbList\",\"@id\":\"https:\\\/\\\/ruralrafaela.com.ar\\\/exporural2021\\\/rafaela-en-accion\\\/#breadcrumb\",\"itemListElement\":[{\"@type\":\"ListItem\",\"position\":1,\"name\":\"Portada\",\"item\":\"https:\\\/\\\/ruralrafaela.com.ar\\\/exporural2021\\\/\"},{\"@type\":\"ListItem\",\"position\":2,\"name\":\"Rafaela en Acci\u00f3n\"}]},{\"@type\":\"WebSite\",\"@id\":\"https:\\\/\\\/ruralrafaela.com.ar\\\/exporural2021\\\/#website\",\"url\":\"https:\\\/\\\/ruralrafaela.com.ar\\\/exporural2021\\\/\",\"name\":\"114 Expo Rural Rafaela 2021\",\"description\":\"Sitio oficial de la Expo Rural Rafaela\",\"publisher\":{\"@id\":\"https:\\\/\\\/ruralrafaela.com.ar\\\/exporural2021\\\/#organization\"},\"potentialAction\":[{\"@type\":\"SearchAction\",\"target\":{\"@type\":\"EntryPoint\",\"urlTemplate\":\"https:\\\/\\\/ruralrafaela.com.ar\\\/exporural2021\\\/?s={search_term_string}\"},\"query-input\":{\"@type\":\"PropertyValueSpecification\",\"valueRequired\":true,\"valueName\":\"search_term_string\"}}],\"inLanguage\":\"es\"},{\"@type\":\"Organization\",\"@id\":\"https:\\\/\\\/ruralrafaela.com.ar\\\/exporural2021\\\/#organization\",\"name\":\"114 Expo Rural Rafaela 2021\",\"url\":\"https:\\\/\\\/ruralrafaela.com.ar\\\/exporural2021\\\/\",\"logo\":{\"@type\":\"ImageObject\",\"inLanguage\":\"es\",\"@id\":\"https:\\\/\\\/ruralrafaela.com.ar\\\/exporural2021\\\/#\\\/schema\\\/logo\\\/image\\\/\",\"url\":\"https:\\\/\\\/ruralrafaela.com.ar\\\/exporural2021\\\/wp-content\\\/uploads\\\/sites\\\/18\\\/2022\\\/08\\\/cropped-Logo-Muestra.jpg\",\"contentUrl\":\"https:\\\/\\\/ruralrafaela.com.ar\\\/exporural2021\\\/wp-content\\\/uploads\\\/sites\\\/18\\\/2022\\\/08\\\/cropped-Logo-Muestra.jpg\",\"width\":653,\"height\":195,\"caption\":\"114 Expo Rural Rafaela 2021\"},\"image\":{\"@id\":\"https:\\\/\\\/ruralrafaela.com.ar\\\/exporural2021\\\/#\\\/schema\\\/logo\\\/image\\\/\"}}]}<\/script>\n<!-- \/ Yoast SEO plugin. -->","yoast_head_json":{"title":"Rafaela en Acci\u00f3n - 114 Expo Rural Rafaela 2021","robots":{"index":"index","follow":"follow","max-snippet":"max-snippet:-1","max-image-preview":"max-image-preview:large","max-video-preview":"max-video-preview:-1"},"canonical":"https:\/\/ruralrafaela.com.ar\/exporural2021\/rafaela-en-accion\/","og_locale":"es_ES","og_type":"article","og_title":"Rafaela en Acci\u00f3n - 114 Expo Rural Rafaela 2021","og_description":"La Municipalidad participar\u00e1 de la Muestra Anual Institucional de la Rural Ser\u00e1 a trav\u00e9s del dispositivo m\u00f3vil Rafaela en Acci\u00f3n que estar\u00e1 presente en el predio desde el viernes 1\u00ba al domingo 3 de octubre. Desde el viernes 1\u00ba al domingo 3 de octubre y como todos los a\u00f1os, la Municipalidad estar\u00e1 presente en la [&hellip;]","og_url":"https:\/\/ruralrafaela.com.ar\/exporural2021\/rafaela-en-accion\/","og_site_name":"114 Expo Rural Rafaela 2021","article_modified_time":"2022-08-19T18:04:45+00:00","og_image":[{"url":"https:\/\/ruralrafaela.com.ar\/wp-content\/uploads\/2021\/09\/WhatsApp-Image-2021-09-28-at-10.02.56-AM-1024x768.jpeg","type":"","width":"","height":""}],"twitter_card":"summary_large_image","twitter_misc":{"Tiempo de lectura":"2 minutos"},"schema":{"@context":"https:\/\/schema.org","@graph":[{"@type":"WebPage","@id":"https:\/\/ruralrafaela.com.ar\/exporural2021\/rafaela-en-accion\/","url":"https:\/\/ruralrafaela.com.ar\/exporural2021\/rafaela-en-accion\/","name":"Rafaela en Acci\u00f3n - 114 Expo Rural Rafaela 2021","isPartOf":{"@id":"https:\/\/ruralrafaela.com.ar\/exporural2021\/#website"},"primaryImageOfPage":{"@id":"https:\/\/ruralrafaela.com.ar\/exporural2021\/rafaela-en-accion\/#primaryimage"},"image":{"@id":"https:\/\/ruralrafaela.com.ar\/exporural2021\/rafaela-en-accion\/#primaryimage"},"thumbnailUrl":"https:\/\/ruralrafaela.com.ar\/wp-content\/uploads\/2021\/09\/WhatsApp-Image-2021-09-28-at-10.02.56-AM-1024x768.jpeg","datePublished":"2022-08-19T18:04:44+00:00","dateModified":"2022-08-19T18:04:45+00:00","breadcrumb":{"@id":"https:\/\/ruralrafaela.com.ar\/exporural2021\/rafaela-en-accion\/#breadcrumb"},"inLanguage":"es","potentialAction":[{"@type":"ReadAction","target":["https:\/\/ruralrafaela.com.ar\/exporural2021\/rafaela-en-accion\/"]}]},{"@type":"ImageObject","inLanguage":"es","@id":"https:\/\/ruralrafaela.com.ar\/exporural2021\/rafaela-en-accion\/#primaryimage","url":"https:\/\/ruralrafaela.com.ar\/wp-content\/uploads\/2021\/09\/WhatsApp-Image-2021-09-28-at-10.02.56-AM-1024x768.jpeg","contentUrl":"https:\/\/ruralrafaela.com.ar\/wp-content\/uploads\/2021\/09\/WhatsApp-Image-2021-09-28-at-10.02.56-AM-1024x768.jpeg"},{"@type":"BreadcrumbList","@id":"https:\/\/ruralrafaela.com.ar\/exporural2021\/rafaela-en-accion\/#breadcrumb","itemListElement":[{"@type":"ListItem","position":1,"name":"Portada","item":"https:\/\/ruralrafaela.com.ar\/exporural2021\/"},{"@type":"ListItem","position":2,"name":"Rafaela en Acci\u00f3n"}]},{"@type":"WebSite","@id":"https:\/\/ruralrafaela.com.ar\/exporural2021\/#website","url":"https:\/\/ruralrafaela.com.ar\/exporural2021\/","name":"114 Expo Rural Rafaela 2021","description":"Sitio oficial de la Expo Rural Rafaela","publisher":{"@id":"https:\/\/ruralrafaela.com.ar\/exporural2021\/#organization"},"potentialAction":[{"@type":"SearchAction","target":{"@type":"EntryPoint","urlTemplate":"https:\/\/ruralrafaela.com.ar\/exporural2021\/?s={search_term_string}"},"query-input":{"@type":"PropertyValueSpecification","valueRequired":true,"valueName":"search_term_string"}}],"inLanguage":"es"},{"@type":"Organization","@id":"https:\/\/ruralrafaela.com.ar\/exporural2021\/#organization","name":"114 Expo Rural Rafaela 2021","url":"https:\/\/ruralrafaela.com.ar\/exporural2021\/","logo":{"@type":"ImageObject","inLanguage":"es","@id":"https:\/\/ruralrafaela.com.ar\/exporural2021\/#\/schema\/logo\/image\/","url":"https:\/\/ruralrafaela.com.ar\/exporural2021\/wp-content\/uploads\/sites\/18\/2022\/08\/cropped-Logo-Muestra.jpg","contentUrl":"https:\/\/ruralrafaela.com.ar\/exporural2021\/wp-content\/uploads\/sites\/18\/2022\/08\/cropped-Logo-Muestra.jpg","width":653,"height":195,"caption":"114 Expo Rural Rafaela 2021"},"image":{"@id":"https:\/\/ruralrafaela.com.ar\/exporural2021\/#\/schema\/logo\/image\/"}}]}},"_links":{"self":[{"href":"https:\/\/ruralrafaela.com.ar\/exporural2021\/wp-json\/wp\/v2\/pages\/65","targetHints":{"allow":["GET"]}}],"collection":[{"href":"https:\/\/ruralrafaela.com.ar\/exporural2021\/wp-json\/wp\/v2\/pages"}],"about":[{"href":"https:\/\/ruralrafaela.com.ar\/exporural2021\/wp-json\/wp\/v2\/types\/page"}],"author":[{"embeddable":true,"href":"https:\/\/ruralrafaela.com.ar\/exporural2021\/wp-json\/wp\/v2\/users\/2"}],"replies":[{"embeddable":true,"href":"https:\/\/ruralrafaela.com.ar\/exporural2021\/wp-json\/wp\/v2\/comments?post=65"}],"version-history":[{"count":1,"href":"https:\/\/ruralrafaela.com.ar\/exporural2021\/wp-json\/wp\/v2\/pages\/65\/revisions"}],"predecessor-version":[{"id":66,"href":"https:\/\/ruralrafaela.com.ar\/exporural2021\/wp-json\/wp\/v2\/pages\/65\/revisions\/66"}],"wp:attachment":[{"href":"https:\/\/ruralrafaela.com.ar\/exporural2021\/wp-json\/wp\/v2\/media?parent=65"}],"curies":[{"name":"wp","href":"https:\/\/api.w.org\/{rel}","templated":true}]}}