{"id":51,"date":"2022-08-19T17:51:13","date_gmt":"2022-08-19T17:51:13","guid":{"rendered":"https:\/\/ruralrafaela.com.ar\/exporural2021\/?page_id=51"},"modified":"2022-08-19T17:51:14","modified_gmt":"2022-08-19T17:51:14","slug":"economia-sustentable-actividades-unl","status":"publish","type":"page","link":"https:\/\/ruralrafaela.com.ar\/exporural2021\/economia-sustentable-actividades-unl\/","title":{"rendered":"ECONOM\u00cdA SUSTENTABLE-Actividades UNL"},"content":{"rendered":"\n<h4 class=\"wp-block-heading\"><em>La Sede Rafaela-Sunchales, perteneciente a la Universidad Nacional desde el a\u00f1o 2013 desembarc\u00f3 en el territorio oeste de nuestra Provincia, y a lo largo de los a\u00f1os ha desarrollado diferentes actividades culturales, de extensi\u00f3n y acad\u00e9micas.<\/em><\/h4>\n\n\n\n<p>&nbsp;&nbsp;&nbsp;&nbsp;&nbsp;&nbsp;&nbsp;&nbsp;&nbsp;&nbsp;&nbsp; Hoy cuenta con tres \u00e1reas de trabajo fundamentales acorde a lo que la sociedad y el territorio demandan, y son:<\/p>\n\n\n\n<ul class=\"has-vivid-red-color has-text-color wp-block-list\"><li>* <strong>Inteligencia artificial:<\/strong> donde hoy se est\u00e1 dictando el segundo a\u00f1o de la Tecnicatura en Automatizaci\u00f3n y Rob\u00f3tica<\/li><\/ul>\n\n\n\n<ul class=\"has-luminous-vivid-orange-color has-text-color wp-block-list\"><li>* <strong>Salud:<\/strong> y en torno a la misma se est\u00e1 dictando desde el a\u00f1o 2016 la Licenciatura en Obstetricia (con anterioridad se dictaron Licenciatura en enfermer\u00eda y Tecnicatura en enfermer\u00eda universitaria)<\/li><\/ul>\n\n\n\n<ul class=\"has-vivid-green-cyan-color has-text-color wp-block-list\"><li>* <strong>Econom\u00eda sustentable:<\/strong> y en torno a la misma hoy nos encontramos compartiendo espacios de trabajo con la Sociedad Rural de Rafaela en su 115 Aniversario con la muestra \u201c<strong><em>Producir para el futuro\u201d<\/em><\/strong> donde consideramos que la sustentabilidad debe ser comprendida y aprehendida en t\u00e9rminos de compromiso social, para que de esta manera sea incorporada en la agenda diaria de quienes nos representar como ciudadanos en todo el mundo.<\/li><\/ul>\n\n\n\n<p>&nbsp;&nbsp;&nbsp;&nbsp;&nbsp;&nbsp;&nbsp;&nbsp;&nbsp;&nbsp;Se va a desarrollar a lo largo de 3(tres) d\u00edas una jornada que ser\u00e1 destinada a toda la regi\u00f3n a trav\u00e9s de la plataforma zoom. La misma tendr\u00e1 por objetivo aportar conocimiento y generar consciencia colectiva en torno al compromiso social que deseamos impulsar para que de esta manera la sustentabilidad sea un compromiso de la generaci\u00f3n actual y las venideras. <\/p>\n\n\n\n<figure class=\"wp-block-pullquote\"><blockquote><p>Es indispensable <strong>motivar a las personas para que se conviert<\/strong>an en agentes activos de desarrollo sustentable y equitativo, promoviendo el papel fundamental que tienen las comunidades hoy d\u00eda en lograr un cambio de actitud hacia temas ambientales, para as\u00ed gozar de que todas las regiones y naciones que contengan individuos puedan disfrutar de un futuro pr\u00f3spero y seguro.<\/p><cite>Sede Rafaela sunchales -unl-<\/cite><\/blockquote><\/figure>\n\n\n<div class=\"wp-block-image\">\n<figure class=\"aligncenter\"><img decoding=\"async\" src=\"https:\/\/ruralrafaela.com.ar\/wp-content\/uploads\/2021\/08\/UNL-1.png\" alt=\"\" class=\"wp-image-3023\"\/><\/figure>\n<\/div>\n\n\n<div class=\"wp-block-buttons is-layout-flex wp-block-buttons-is-layout-flex\">\n<div class=\"wp-block-button\"><a class=\"wp-block-button__link has-vivid-red-background-color has-background\">29 de Septiembre<\/a><\/div>\n<\/div>\n\n\n\n<p><strong>* <\/strong>20 hs &#8211; Domisanitarios. \u00bfConocemos los plaguicidas que aplicamos en nuestro hogar? Ing. Alejandra Lutz (UNL)<\/p>\n\n\n\n<p>\u00bfQu\u00e9 sabemos acerca de las sustancias o preparaciones que utilizamos en nuestros hogares o que se utilizan en espacios p\u00fablicos para la limpieza, lavado, desinfecci\u00f3n, entre otros?<\/p>\n\n\n\n<p>* 20:15 hs \u2013 Aplicaciones terrestres y a\u00e9reas. Resultados a campo<\/p>\n\n\n\n<p>* 20:30 hs \u2013 Intercambio de preguntas<\/p>\n\n\n\n<div class=\"wp-block-buttons is-layout-flex wp-block-buttons-is-layout-flex\">\n<div class=\"wp-block-button\"><a class=\"wp-block-button__link has-vivid-red-background-color has-background\">30 de Septiembre<\/a><\/div>\n<\/div>\n\n\n\n<p>* 20 hs \u2013 Digestoponia en la econom\u00eda circular del hogar. Ing. Federico Gal\u00e1n (UNL)<\/p>\n\n\n\n<p>Emprendimiento innovador de econom\u00eda circular que permite hacer m\u00e1s eficiente la agricultura urbana dando valor a los residuos domiciliarios, utilizando los residuos org\u00e1nicos del hogar para producir alimentos.<\/p>\n\n\n\n<p>* 20:15 hs \u2013 Arbolado periurbano: alternativa productiva y ambiental sustentable.Ing MSc Francisco Cardozo (INTA EEA Oliveros). Ing. Dr. Andri\u00e1n Bender (UNL). Ing M.Sc. Dra Jonic\u00e9lia Araujo (UNL)<\/p>\n\n\n\n<p>Conocer acerca de la importancia de la forestaci\u00f3n periurbana con fines sociales y ambientales promoviendo la convivencia entre lo rural y lo urbano.<\/p>\n\n\n\n<p>* 20:30 hs Intercambio de preguntas<\/p>\n\n\n\n<div class=\"wp-block-buttons is-layout-flex wp-block-buttons-is-layout-flex\">\n<div class=\"wp-block-button\"><a class=\"wp-block-button__link has-vivid-red-background-color has-background\">1 de Octubre<\/a><\/div>\n<\/div>\n\n\n\n<p>* 20 hs &#8211; Ecobosques ganaderos. Ing. Mayco Mansilla (UNL)<\/p>\n\n\n\n<p>Combina tres unidades de producci\u00f3n como lo son la ganadera, la maderera y la energ\u00e9tica en una sola inversi\u00f3n.<\/p>\n\n\n\n<p>* 20:30 hs \u2013 Econom\u00eda circular como inspiraci\u00f3n para modelos de negocios sustentables. Mg. Ver\u00f3nica Cipolatti (Consultora Pimienta)<\/p>\n\n\n\n<p>La econom\u00eda circular es el camino hacia una nueva forma de gestionar los recursos agregando valor a los mismos reduciendo el impacto de nuestras acciones de consumo.<\/p>\n","protected":false},"excerpt":{"rendered":"<p>La Sede Rafaela-Sunchales, perteneciente a la Universidad Nacional desde el a\u00f1o 2013 desembarc\u00f3 en el territorio oeste de nuestra Provincia, y a lo largo de los a\u00f1os ha desarrollado diferentes actividades culturales, de extensi\u00f3n y acad\u00e9micas. &nbsp;&nbsp;&nbsp;&nbsp;&nbsp;&nbsp;&nbsp;&nbsp;&nbsp;&nbsp;&nbsp; Hoy cuenta con tres \u00e1reas de trabajo fundamentales acorde a lo que la sociedad y el territorio demandan, [&hellip;]<\/p>\n","protected":false},"author":2,"featured_media":0,"parent":0,"menu_order":0,"comment_status":"closed","ping_status":"closed","template":"","meta":{"ocean_post_layout":"","ocean_both_sidebars_style":"","ocean_both_sidebars_content_width":0,"ocean_both_sidebars_sidebars_width":0,"ocean_sidebar":"0","ocean_second_sidebar":"0","ocean_disable_margins":"enable","ocean_add_body_class":"","ocean_shortcode_before_top_bar":"","ocean_shortcode_after_top_bar":"","ocean_shortcode_before_header":"","ocean_shortcode_after_header":"","ocean_has_shortcode":"","ocean_shortcode_after_title":"","ocean_shortcode_before_footer_widgets":"","ocean_shortcode_after_footer_widgets":"","ocean_shortcode_before_footer_bottom":"","ocean_shortcode_after_footer_bottom":"","ocean_display_top_bar":"default","ocean_display_header":"default","ocean_header_style":"","ocean_center_header_left_menu":"0","ocean_custom_header_template":"0","ocean_custom_logo":0,"ocean_custom_retina_logo":0,"ocean_custom_logo_max_width":0,"ocean_custom_logo_tablet_max_width":0,"ocean_custom_logo_mobile_max_width":0,"ocean_custom_logo_max_height":0,"ocean_custom_logo_tablet_max_height":0,"ocean_custom_logo_mobile_max_height":0,"ocean_header_custom_menu":"0","ocean_menu_typo_font_family":"0","ocean_menu_typo_font_subset":"","ocean_menu_typo_font_size":0,"ocean_menu_typo_font_size_tablet":0,"ocean_menu_typo_font_size_mobile":0,"ocean_menu_typo_font_size_unit":"px","ocean_menu_typo_font_weight":"","ocean_menu_typo_font_weight_tablet":"","ocean_menu_typo_font_weight_mobile":"","ocean_menu_typo_transform":"","ocean_menu_typo_transform_tablet":"","ocean_menu_typo_transform_mobile":"","ocean_menu_typo_line_height":0,"ocean_menu_typo_line_height_tablet":0,"ocean_menu_typo_line_height_mobile":0,"ocean_menu_typo_line_height_unit":"","ocean_menu_typo_spacing":0,"ocean_menu_typo_spacing_tablet":0,"ocean_menu_typo_spacing_mobile":0,"ocean_menu_typo_spacing_unit":"","ocean_menu_link_color":"","ocean_menu_link_color_hover":"","ocean_menu_link_color_active":"","ocean_menu_link_background":"","ocean_menu_link_hover_background":"","ocean_menu_link_active_background":"","ocean_menu_social_links_bg":"","ocean_menu_social_hover_links_bg":"","ocean_menu_social_links_color":"","ocean_menu_social_hover_links_color":"","ocean_disable_title":"default","ocean_disable_heading":"default","ocean_post_title":"","ocean_post_subheading":"","ocean_post_title_style":"","ocean_post_title_background_color":"","ocean_post_title_background":0,"ocean_post_title_bg_image_position":"","ocean_post_title_bg_image_attachment":"","ocean_post_title_bg_image_repeat":"","ocean_post_title_bg_image_size":"","ocean_post_title_height":0,"ocean_post_title_bg_overlay":0.5,"ocean_post_title_bg_overlay_color":"","ocean_disable_breadcrumbs":"default","ocean_breadcrumbs_color":"","ocean_breadcrumbs_separator_color":"","ocean_breadcrumbs_links_color":"","ocean_breadcrumbs_links_hover_color":"","ocean_display_footer_widgets":"default","ocean_display_footer_bottom":"default","ocean_custom_footer_template":"0","_joinchat":[],"footnotes":""},"class_list":["post-51","page","type-page","status-publish","hentry","entry"],"yoast_head":"<!-- This site is optimized with the Yoast SEO plugin v27.5 - https:\/\/yoast.com\/product\/yoast-seo-wordpress\/ -->\n<title>ECONOM\u00cdA SUSTENTABLE-Actividades UNL - 114 Expo Rural Rafaela 2021<\/title>\n<meta name=\"robots\" content=\"index, follow, max-snippet:-1, max-image-preview:large, max-video-preview:-1\" \/>\n<link rel=\"canonical\" href=\"https:\/\/ruralrafaela.com.ar\/exporural2021\/economia-sustentable-actividades-unl\/\" \/>\n<meta property=\"og:locale\" content=\"es_ES\" \/>\n<meta property=\"og:type\" content=\"article\" \/>\n<meta property=\"og:title\" content=\"ECONOM\u00cdA SUSTENTABLE-Actividades UNL - 114 Expo Rural Rafaela 2021\" \/>\n<meta property=\"og:description\" content=\"La Sede Rafaela-Sunchales, perteneciente a la Universidad Nacional desde el a\u00f1o 2013 desembarc\u00f3 en el territorio oeste de nuestra Provincia, y a lo largo de los a\u00f1os ha desarrollado diferentes actividades culturales, de extensi\u00f3n y acad\u00e9micas. &nbsp;&nbsp;&nbsp;&nbsp;&nbsp;&nbsp;&nbsp;&nbsp;&nbsp;&nbsp;&nbsp; Hoy cuenta con tres \u00e1reas de trabajo fundamentales acorde a lo que la sociedad y el territorio demandan, [&hellip;]\" \/>\n<meta property=\"og:url\" content=\"https:\/\/ruralrafaela.com.ar\/exporural2021\/economia-sustentable-actividades-unl\/\" \/>\n<meta property=\"og:site_name\" content=\"114 Expo Rural Rafaela 2021\" \/>\n<meta property=\"article:modified_time\" content=\"2022-08-19T17:51:14+00:00\" \/>\n<meta property=\"og:image\" content=\"https:\/\/ruralrafaela.com.ar\/wp-content\/uploads\/2021\/08\/UNL-1.png\" \/>\n<meta name=\"twitter:card\" content=\"summary_large_image\" \/>\n<meta name=\"twitter:label1\" content=\"Tiempo de lectura\" \/>\n\t<meta name=\"twitter:data1\" content=\"3 minutos\" \/>\n<script type=\"application\/ld+json\" class=\"yoast-schema-graph\">{\"@context\":\"https:\\\/\\\/schema.org\",\"@graph\":[{\"@type\":\"WebPage\",\"@id\":\"https:\\\/\\\/ruralrafaela.com.ar\\\/exporural2021\\\/economia-sustentable-actividades-unl\\\/\",\"url\":\"https:\\\/\\\/ruralrafaela.com.ar\\\/exporural2021\\\/economia-sustentable-actividades-unl\\\/\",\"name\":\"ECONOM\u00cdA SUSTENTABLE-Actividades UNL - 114 Expo Rural Rafaela 2021\",\"isPartOf\":{\"@id\":\"https:\\\/\\\/ruralrafaela.com.ar\\\/exporural2021\\\/#website\"},\"primaryImageOfPage\":{\"@id\":\"https:\\\/\\\/ruralrafaela.com.ar\\\/exporural2021\\\/economia-sustentable-actividades-unl\\\/#primaryimage\"},\"image\":{\"@id\":\"https:\\\/\\\/ruralrafaela.com.ar\\\/exporural2021\\\/economia-sustentable-actividades-unl\\\/#primaryimage\"},\"thumbnailUrl\":\"https:\\\/\\\/ruralrafaela.com.ar\\\/wp-content\\\/uploads\\\/2021\\\/08\\\/UNL-1.png\",\"datePublished\":\"2022-08-19T17:51:13+00:00\",\"dateModified\":\"2022-08-19T17:51:14+00:00\",\"breadcrumb\":{\"@id\":\"https:\\\/\\\/ruralrafaela.com.ar\\\/exporural2021\\\/economia-sustentable-actividades-unl\\\/#breadcrumb\"},\"inLanguage\":\"es\",\"potentialAction\":[{\"@type\":\"ReadAction\",\"target\":[\"https:\\\/\\\/ruralrafaela.com.ar\\\/exporural2021\\\/economia-sustentable-actividades-unl\\\/\"]}]},{\"@type\":\"ImageObject\",\"inLanguage\":\"es\",\"@id\":\"https:\\\/\\\/ruralrafaela.com.ar\\\/exporural2021\\\/economia-sustentable-actividades-unl\\\/#primaryimage\",\"url\":\"https:\\\/\\\/ruralrafaela.com.ar\\\/wp-content\\\/uploads\\\/2021\\\/08\\\/UNL-1.png\",\"contentUrl\":\"https:\\\/\\\/ruralrafaela.com.ar\\\/wp-content\\\/uploads\\\/2021\\\/08\\\/UNL-1.png\"},{\"@type\":\"BreadcrumbList\",\"@id\":\"https:\\\/\\\/ruralrafaela.com.ar\\\/exporural2021\\\/economia-sustentable-actividades-unl\\\/#breadcrumb\",\"itemListElement\":[{\"@type\":\"ListItem\",\"position\":1,\"name\":\"Portada\",\"item\":\"https:\\\/\\\/ruralrafaela.com.ar\\\/exporural2021\\\/\"},{\"@type\":\"ListItem\",\"position\":2,\"name\":\"ECONOM\u00cdA SUSTENTABLE-Actividades UNL\"}]},{\"@type\":\"WebSite\",\"@id\":\"https:\\\/\\\/ruralrafaela.com.ar\\\/exporural2021\\\/#website\",\"url\":\"https:\\\/\\\/ruralrafaela.com.ar\\\/exporural2021\\\/\",\"name\":\"114 Expo Rural Rafaela 2021\",\"description\":\"Sitio oficial de la Expo Rural Rafaela\",\"publisher\":{\"@id\":\"https:\\\/\\\/ruralrafaela.com.ar\\\/exporural2021\\\/#organization\"},\"potentialAction\":[{\"@type\":\"SearchAction\",\"target\":{\"@type\":\"EntryPoint\",\"urlTemplate\":\"https:\\\/\\\/ruralrafaela.com.ar\\\/exporural2021\\\/?s={search_term_string}\"},\"query-input\":{\"@type\":\"PropertyValueSpecification\",\"valueRequired\":true,\"valueName\":\"search_term_string\"}}],\"inLanguage\":\"es\"},{\"@type\":\"Organization\",\"@id\":\"https:\\\/\\\/ruralrafaela.com.ar\\\/exporural2021\\\/#organization\",\"name\":\"114 Expo Rural Rafaela 2021\",\"url\":\"https:\\\/\\\/ruralrafaela.com.ar\\\/exporural2021\\\/\",\"logo\":{\"@type\":\"ImageObject\",\"inLanguage\":\"es\",\"@id\":\"https:\\\/\\\/ruralrafaela.com.ar\\\/exporural2021\\\/#\\\/schema\\\/logo\\\/image\\\/\",\"url\":\"https:\\\/\\\/ruralrafaela.com.ar\\\/exporural2021\\\/wp-content\\\/uploads\\\/sites\\\/18\\\/2022\\\/08\\\/cropped-Logo-Muestra.jpg\",\"contentUrl\":\"https:\\\/\\\/ruralrafaela.com.ar\\\/exporural2021\\\/wp-content\\\/uploads\\\/sites\\\/18\\\/2022\\\/08\\\/cropped-Logo-Muestra.jpg\",\"width\":653,\"height\":195,\"caption\":\"114 Expo Rural Rafaela 2021\"},\"image\":{\"@id\":\"https:\\\/\\\/ruralrafaela.com.ar\\\/exporural2021\\\/#\\\/schema\\\/logo\\\/image\\\/\"}}]}<\/script>\n<!-- \/ Yoast SEO plugin. -->","yoast_head_json":{"title":"ECONOM\u00cdA SUSTENTABLE-Actividades UNL - 114 Expo Rural Rafaela 2021","robots":{"index":"index","follow":"follow","max-snippet":"max-snippet:-1","max-image-preview":"max-image-preview:large","max-video-preview":"max-video-preview:-1"},"canonical":"https:\/\/ruralrafaela.com.ar\/exporural2021\/economia-sustentable-actividades-unl\/","og_locale":"es_ES","og_type":"article","og_title":"ECONOM\u00cdA SUSTENTABLE-Actividades UNL - 114 Expo Rural Rafaela 2021","og_description":"La Sede Rafaela-Sunchales, perteneciente a la Universidad Nacional desde el a\u00f1o 2013 desembarc\u00f3 en el territorio oeste de nuestra Provincia, y a lo largo de los a\u00f1os ha desarrollado diferentes actividades culturales, de extensi\u00f3n y acad\u00e9micas. &nbsp;&nbsp;&nbsp;&nbsp;&nbsp;&nbsp;&nbsp;&nbsp;&nbsp;&nbsp;&nbsp; Hoy cuenta con tres \u00e1reas de trabajo fundamentales acorde a lo que la sociedad y el territorio demandan, [&hellip;]","og_url":"https:\/\/ruralrafaela.com.ar\/exporural2021\/economia-sustentable-actividades-unl\/","og_site_name":"114 Expo Rural Rafaela 2021","article_modified_time":"2022-08-19T17:51:14+00:00","og_image":[{"url":"https:\/\/ruralrafaela.com.ar\/wp-content\/uploads\/2021\/08\/UNL-1.png","type":"","width":"","height":""}],"twitter_card":"summary_large_image","twitter_misc":{"Tiempo de lectura":"3 minutos"},"schema":{"@context":"https:\/\/schema.org","@graph":[{"@type":"WebPage","@id":"https:\/\/ruralrafaela.com.ar\/exporural2021\/economia-sustentable-actividades-unl\/","url":"https:\/\/ruralrafaela.com.ar\/exporural2021\/economia-sustentable-actividades-unl\/","name":"ECONOM\u00cdA SUSTENTABLE-Actividades UNL - 114 Expo Rural Rafaela 2021","isPartOf":{"@id":"https:\/\/ruralrafaela.com.ar\/exporural2021\/#website"},"primaryImageOfPage":{"@id":"https:\/\/ruralrafaela.com.ar\/exporural2021\/economia-sustentable-actividades-unl\/#primaryimage"},"image":{"@id":"https:\/\/ruralrafaela.com.ar\/exporural2021\/economia-sustentable-actividades-unl\/#primaryimage"},"thumbnailUrl":"https:\/\/ruralrafaela.com.ar\/wp-content\/uploads\/2021\/08\/UNL-1.png","datePublished":"2022-08-19T17:51:13+00:00","dateModified":"2022-08-19T17:51:14+00:00","breadcrumb":{"@id":"https:\/\/ruralrafaela.com.ar\/exporural2021\/economia-sustentable-actividades-unl\/#breadcrumb"},"inLanguage":"es","potentialAction":[{"@type":"ReadAction","target":["https:\/\/ruralrafaela.com.ar\/exporural2021\/economia-sustentable-actividades-unl\/"]}]},{"@type":"ImageObject","inLanguage":"es","@id":"https:\/\/ruralrafaela.com.ar\/exporural2021\/economia-sustentable-actividades-unl\/#primaryimage","url":"https:\/\/ruralrafaela.com.ar\/wp-content\/uploads\/2021\/08\/UNL-1.png","contentUrl":"https:\/\/ruralrafaela.com.ar\/wp-content\/uploads\/2021\/08\/UNL-1.png"},{"@type":"BreadcrumbList","@id":"https:\/\/ruralrafaela.com.ar\/exporural2021\/economia-sustentable-actividades-unl\/#breadcrumb","itemListElement":[{"@type":"ListItem","position":1,"name":"Portada","item":"https:\/\/ruralrafaela.com.ar\/exporural2021\/"},{"@type":"ListItem","position":2,"name":"ECONOM\u00cdA SUSTENTABLE-Actividades UNL"}]},{"@type":"WebSite","@id":"https:\/\/ruralrafaela.com.ar\/exporural2021\/#website","url":"https:\/\/ruralrafaela.com.ar\/exporural2021\/","name":"114 Expo Rural Rafaela 2021","description":"Sitio oficial de la Expo Rural Rafaela","publisher":{"@id":"https:\/\/ruralrafaela.com.ar\/exporural2021\/#organization"},"potentialAction":[{"@type":"SearchAction","target":{"@type":"EntryPoint","urlTemplate":"https:\/\/ruralrafaela.com.ar\/exporural2021\/?s={search_term_string}"},"query-input":{"@type":"PropertyValueSpecification","valueRequired":true,"valueName":"search_term_string"}}],"inLanguage":"es"},{"@type":"Organization","@id":"https:\/\/ruralrafaela.com.ar\/exporural2021\/#organization","name":"114 Expo Rural Rafaela 2021","url":"https:\/\/ruralrafaela.com.ar\/exporural2021\/","logo":{"@type":"ImageObject","inLanguage":"es","@id":"https:\/\/ruralrafaela.com.ar\/exporural2021\/#\/schema\/logo\/image\/","url":"https:\/\/ruralrafaela.com.ar\/exporural2021\/wp-content\/uploads\/sites\/18\/2022\/08\/cropped-Logo-Muestra.jpg","contentUrl":"https:\/\/ruralrafaela.com.ar\/exporural2021\/wp-content\/uploads\/sites\/18\/2022\/08\/cropped-Logo-Muestra.jpg","width":653,"height":195,"caption":"114 Expo Rural Rafaela 2021"},"image":{"@id":"https:\/\/ruralrafaela.com.ar\/exporural2021\/#\/schema\/logo\/image\/"}}]}},"_links":{"self":[{"href":"https:\/\/ruralrafaela.com.ar\/exporural2021\/wp-json\/wp\/v2\/pages\/51","targetHints":{"allow":["GET"]}}],"collection":[{"href":"https:\/\/ruralrafaela.com.ar\/exporural2021\/wp-json\/wp\/v2\/pages"}],"about":[{"href":"https:\/\/ruralrafaela.com.ar\/exporural2021\/wp-json\/wp\/v2\/types\/page"}],"author":[{"embeddable":true,"href":"https:\/\/ruralrafaela.com.ar\/exporural2021\/wp-json\/wp\/v2\/users\/2"}],"replies":[{"embeddable":true,"href":"https:\/\/ruralrafaela.com.ar\/exporural2021\/wp-json\/wp\/v2\/comments?post=51"}],"version-history":[{"count":1,"href":"https:\/\/ruralrafaela.com.ar\/exporural2021\/wp-json\/wp\/v2\/pages\/51\/revisions"}],"predecessor-version":[{"id":52,"href":"https:\/\/ruralrafaela.com.ar\/exporural2021\/wp-json\/wp\/v2\/pages\/51\/revisions\/52"}],"wp:attachment":[{"href":"https:\/\/ruralrafaela.com.ar\/exporural2021\/wp-json\/wp\/v2\/media?parent=51"}],"curies":[{"name":"wp","href":"https:\/\/api.w.org\/{rel}","templated":true}]}}