{"id":49,"date":"2022-08-19T17:48:21","date_gmt":"2022-08-19T17:48:21","guid":{"rendered":"https:\/\/ruralrafaela.com.ar\/exporural2021\/?page_id=49"},"modified":"2022-08-19T17:48:21","modified_gmt":"2022-08-19T17:48:21","slug":"concurso-de-dibujo-y-pintura","status":"publish","type":"page","link":"https:\/\/ruralrafaela.com.ar\/exporural2021\/concurso-de-dibujo-y-pintura\/","title":{"rendered":"Concurso de \u00abDibujo y Pintura\u00bb"},"content":{"rendered":"\n<figure class=\"wp-block-image size-large\"><a href=\"https:\/\/ruralrafaela.com.ar\/wp-content\/uploads\/2021\/09\/Dibujo01.jpg\"><img decoding=\"async\" src=\"https:\/\/ruralrafaela.com.ar\/wp-content\/uploads\/2021\/09\/Dibujo01-1024x684.jpg\" alt=\"\" class=\"wp-image-3092\"\/><\/a><\/figure>\n\n\n\n<figure class=\"wp-block-image size-large\"><a href=\"https:\/\/ruralrafaela.com.ar\/wp-content\/uploads\/2021\/09\/Dibujo02.jpg\"><img decoding=\"async\" src=\"https:\/\/ruralrafaela.com.ar\/wp-content\/uploads\/2021\/09\/Dibujo02-1024x684.jpg\" alt=\"\" class=\"wp-image-3093\"\/><\/a><\/figure>\n\n\n\n<figure class=\"wp-block-image size-large\"><a href=\"https:\/\/ruralrafaela.com.ar\/wp-content\/uploads\/2021\/09\/Dibujo04.jpg\"><img decoding=\"async\" src=\"https:\/\/ruralrafaela.com.ar\/wp-content\/uploads\/2021\/09\/Dibujo04-1024x684.jpg\" alt=\"\" class=\"wp-image-3094\"\/><\/a><\/figure>\n\n\n\n<figure class=\"wp-block-image size-large\"><a href=\"https:\/\/ruralrafaela.com.ar\/wp-content\/uploads\/2021\/09\/Dibujo05.jpg\"><img decoding=\"async\" src=\"https:\/\/ruralrafaela.com.ar\/wp-content\/uploads\/2021\/09\/Dibujo05-1024x684.jpg\" alt=\"\" class=\"wp-image-3095\"\/><\/a><\/figure>\n\n\n\n<figure class=\"wp-block-image size-large\"><a href=\"https:\/\/ruralrafaela.com.ar\/wp-content\/uploads\/2021\/09\/Dibujo06.jpg\"><img decoding=\"async\" src=\"https:\/\/ruralrafaela.com.ar\/wp-content\/uploads\/2021\/09\/Dibujo06-1024x684.jpg\" alt=\"\" class=\"wp-image-3096\"\/><\/a><\/figure>\n\n\n\n<figure class=\"wp-block-image size-large\"><a href=\"https:\/\/ruralrafaela.com.ar\/wp-content\/uploads\/2021\/09\/Dibujo32.jpg\"><img decoding=\"async\" src=\"https:\/\/ruralrafaela.com.ar\/wp-content\/uploads\/2021\/09\/Dibujo32-1024x684.jpg\" alt=\"\" class=\"wp-image-3097\"\/><\/a><\/figure>\n\n\n\n<p>El grupo GAMA (Grupo de Ayuda a Mujeres Agropecuarias) de la Sociedad Rural de Rafaela invita a los alumnos a participar de la <strong>1\u00ba Muestra Institucional 2021 \u201cProducir para el Futuro\u201d <\/strong>que se llevar\u00e1 a cabo <strong>Viernes 1, S\u00e1bado 2 y Domingo 3 de Octubre<\/strong> y se realizar\u00e1 en las instalaciones de Av. Brasil 497.<\/p>\n\n\n\n<p>Debido a la situaci\u00f3n de pandemia que estamos atravesando y respetando el protocolo Covid 19 <strong>(sin excepci\u00f3n),<\/strong> <strong>los alumnos deber\u00e1n realizar los dibujos en la escuela o en sus casas en las hojas reglamentarias que entregaremos en las Instituciones previa inscripci\u00f3n<\/strong>.<\/p>\n\n\n\n<p>Las inscripciones para quienes deseen participar se realizar\u00e1n hasta el d\u00eda <strong>Viernes 10 de Septiembre <\/strong>inclusive v\u00eda e-mail a <strong>info@ruralrafaela.com.ar<\/strong>. Los datos que deben enviar son los siguientes:<\/p>\n\n\n\n<ul class=\"wp-block-list\"><li><strong>Nombre del Establecimiento Educativo:<\/strong><\/li><li><strong>Nombre y Apellido del alumno:<\/strong><\/li><li><strong>Tel\u00e9fono de contacto:<\/strong><\/li><li><strong>Edad del alumno (Categor\u00eda):<\/strong><\/li><li><strong>Tel\u00e9fono del docente de Pl\u00e1stica:<\/strong><\/li><\/ul>\n\n\n\n<hr class=\"wp-block-separator has-alpha-channel-opacity\"\/>\n\n\n\n<p><strong><em>El grupo GAMA de la SOCIEDAD RURAL DE RAFAELA, en el marco del desarrollo de la MUESTRA ANUAL \u201cPRODUCIR PARA EL FUTURO\u201d, organiza su 63\u00b0 Concurso de Dibujo y Pintura para ni\u00f1as y ni\u00f1os aficionados a las Artes Visuales <\/em><\/strong><strong><em>entre los 6 y 13 a\u00f1os, concurrentes a establecimientos de nivel primario o a escuelas especiales.<\/em><\/strong><\/p>\n\n\n\n<p><strong><em>El certamen est\u00e1 referido a temas de \u00edndole agropecuaria y agroindustrial con especial \u00e9nfasis en las producciones de nuestra regi\u00f3n y la participaci\u00f3n ser\u00e1 durante el mes de septiembre en el horario que cada maestra del \u00e1rea de pl\u00e1stica o \u00e1reas afines considere desarrollarlo.<\/em><\/strong><\/p>\n\n\n\n<hr class=\"wp-block-separator has-alpha-channel-opacity\"\/>\n\n\n\n<h1 class=\"wp-block-heading\"><strong>REGLAMENTO DEL CERTAMEN<\/strong><\/h1>\n\n\n\n<p><strong>Art. 1:<\/strong> Las inscripciones se realizar\u00e1n en la Secretar\u00eda de la Sociedad Rural de Rafaela, (<strong>Av. Brasil 497 o v\u00eda e-mail a <\/strong><a href=\"mailto:info@ruralrafaela.com.ar\"><strong>info@ruralrafaela.com.ar<\/strong><\/a>) debiendo cada uno sin excepci\u00f3n y previo a la iniciaci\u00f3n de sus trabajos, hallarse anotado en el registro que a tal efecto se llevar\u00e1 en dicha Entidad Organizadora.<\/p>\n\n\n\n<p>Cada delegaci\u00f3n deber\u00e1 inscribirse indicando los datos personales y n\u00famero de tel\u00e9fono personal m\u00e1s el n\u00famero de celular de un docente responsable del grupo (a los efectos de tomar contacto en caso de necesidad durante los d\u00edas de la Exposici\u00f3n).<\/p>\n\n\n\n<p><strong>Art. 2:<\/strong> Se limita a uno (1) el n\u00famero de obras por participante. Las hojas se acercar\u00e1n al establecimiento una vez que el mismo haya indicado mediante inscripci\u00f3n la cantidad de alumnos que participar\u00e1n del concurso.<\/p>\n\n\n\n<p><strong>Art. 3:<\/strong> Los trabajos pueden ser realizados con materiales a elecci\u00f3n provistos por cada concursante. Se incorpora la opci\u00f3n de collage.<\/p>\n\n\n\n<p><strong>Art. 4: <\/strong><strong><u>CATEGOR\u00cdAS<\/u><\/strong><strong>:<\/strong> Pueden participar j\u00f3venes de ambos sexos, desde los 6 hasta los 12 a\u00f1os, que pertenezcan a establecimientos primarios o de educaci\u00f3n especial en siete categor\u00edas o grupos.<\/p>\n\n\n\n<ul class=\"wp-block-list\"><li><strong>&nbsp;&nbsp;&nbsp;&nbsp;&nbsp;&nbsp; * 1ra. Categor\u00eda: 6 y 7 a\u00f1os.<\/strong><\/li><li><strong>&nbsp;&nbsp;&nbsp;&nbsp;&nbsp;&nbsp; * 2da. Categor\u00eda: 8 y 9 a\u00f1os.<\/strong><\/li><li><strong>&nbsp;&nbsp;&nbsp;&nbsp;&nbsp;&nbsp; * 3ra. Categor\u00eda: 10 y 11 a\u00f1os.<\/strong><\/li><li><strong>&nbsp;&nbsp;&nbsp;&nbsp;&nbsp;&nbsp; * 4ta. Categor\u00eda: 12 <\/strong><strong>a\u00f1os y 13 a\u00f1os.<\/strong><\/li><li><strong>&nbsp;&nbsp;&nbsp;&nbsp;&nbsp;&nbsp; * 5ta. Categor\u00eda: Alumnos con necesidades educativas especiales.<\/strong><\/li><\/ul>\n\n\n\n<p><strong>&nbsp;A<\/strong><strong>rt. 5: <u>RECEPCI\u00d3N DE OBRAS<\/u>:<\/strong> Una vez finalizada la actividad, el Establecimiento Educativo avisar\u00e1 a la Sociedad Rural de Rafaela por tel\u00e9fono o v\u00eda mail para que dicha entidad pase a retirar los dibujos y puedan ser evaluados. El \u00faltimo plazo de entrega se establece el d\u00eda <strong>Jueves 30 de Septiembre de 2021 hasta las 16 hs.<\/strong><\/p>\n\n\n\n<p><strong><u>Importante<\/u><\/strong><strong>: las obras no deber\u00e1n ser firmadas por su autor, identific\u00e1ndose las mismas s\u00f3lo con la numeraci\u00f3n que a tal efecto asignar\u00e1 la Sociedad Rural.<\/strong><\/p>\n\n\n\n<p><strong>Art. 6: <u>PREMIOS<\/u><\/strong>: ser\u00e1n entregados 1\u00b0 y 2\u00b0 premio para las distintas categor\u00edas en que se ha dividido el Concurso, para ser adjudicados a los mejores trabajos por orden de m\u00e9rito y a criterio del jurado.<\/p>\n\n\n\n<p><strong>Art. 7: <u>EXPOSICI\u00d3N DE TRABAJOS PREMIADOS<\/u><\/strong>: se realizar\u00e1 durante los d\u00edas S\u00e1bado 02 y Domingo 03 de Octubre de 2021.<\/p>\n\n\n\n<p><strong>Art. 8: <u>ENTREGA DE PREMIOS<\/u>: se realizar\u00e1 el Domingo 03 de Octubre a las 11: 30 hs.<\/strong><\/p>\n\n\n\n<p>Los alumnos premiados deber\u00e1n concurrir al Predio Ferial, 15 minutos antes del acto, acompa\u00f1ados por una persona adulta, y cumplir con los cuidados pertinentes en el contexto de la pandemia de COVID 19.<\/p>\n\n\n\n<h4 class=\"wp-block-heading\"><strong><u>JURADO<\/u><\/strong><\/h4>\n\n\n\n<p>El grupo GAMA de la Sociedad Rural de Rafaela nombra como Jurado del Certamen a las Prof. Elsa Operto, Graciela Roatta y Marcela Grosso, qui\u00e9nes clasificar\u00e1n las obras y determinar\u00e1n los premios de este concurso en sus secciones:&nbsp;*Dibujo&nbsp;&nbsp;&nbsp;&nbsp; * Pintura&nbsp;&nbsp;&nbsp;&nbsp;<\/p>\n\n\n\n<p>Sus fallos son inapelables. Dicho Jurado seleccionar\u00e1 los trabajos premiados que a su juicio merezcan ser exhibidos durante los d\u00edas que autorice el presente Reglamento.<\/p>\n\n\n\n<p>El grupo GAMA de la Sociedad Rural de Rafaela devolver\u00e1 a solicitud de los interesados las obras de cada autor y declina toda responsabilidad por los da\u00f1os, perjuicios, etc. que cada una de ellas pueda sufrir durante su clasificaci\u00f3n, ordenamiento o exhibici\u00f3n.<\/p>\n\n\n\n<p><strong><u>Las hojas reglamentarias para realizar los trabajos ser\u00e1n entregadas desde el lunes 13 de Septiembre, con previa notificaci\u00f3n a la Instituci\u00f3n escolar.<\/u><\/strong><\/p>\n\n\n\n<h4 class=\"wp-block-heading\"><strong><u>IMPORTANTE<\/u>:<\/strong><\/h4>\n\n\n\n<p><em><strong>Ser\u00e1n descalificados aquellos trabajos que a criterio de los jurados no hayan sido realizados en forma personal y exclusiva por el participante.<\/strong><\/em><\/p>\n","protected":false},"excerpt":{"rendered":"<p>El grupo GAMA (Grupo de Ayuda a Mujeres Agropecuarias) de la Sociedad Rural de Rafaela invita a los alumnos a participar de la 1\u00ba Muestra Institucional 2021 \u201cProducir para el Futuro\u201d que se llevar\u00e1 a cabo Viernes 1, S\u00e1bado 2 y Domingo 3 de Octubre y se realizar\u00e1 en las instalaciones de Av. Brasil 497. [&hellip;]<\/p>\n","protected":false},"author":2,"featured_media":0,"parent":0,"menu_order":0,"comment_status":"closed","ping_status":"closed","template":"","meta":{"ocean_post_layout":"","ocean_both_sidebars_style":"","ocean_both_sidebars_content_width":0,"ocean_both_sidebars_sidebars_width":0,"ocean_sidebar":"0","ocean_second_sidebar":"0","ocean_disable_margins":"enable","ocean_add_body_class":"","ocean_shortcode_before_top_bar":"","ocean_shortcode_after_top_bar":"","ocean_shortcode_before_header":"","ocean_shortcode_after_header":"","ocean_has_shortcode":"","ocean_shortcode_after_title":"","ocean_shortcode_before_footer_widgets":"","ocean_shortcode_after_footer_widgets":"","ocean_shortcode_before_footer_bottom":"","ocean_shortcode_after_footer_bottom":"","ocean_display_top_bar":"default","ocean_display_header":"default","ocean_header_style":"","ocean_center_header_left_menu":"0","ocean_custom_header_template":"0","ocean_custom_logo":0,"ocean_custom_retina_logo":0,"ocean_custom_logo_max_width":0,"ocean_custom_logo_tablet_max_width":0,"ocean_custom_logo_mobile_max_width":0,"ocean_custom_logo_max_height":0,"ocean_custom_logo_tablet_max_height":0,"ocean_custom_logo_mobile_max_height":0,"ocean_header_custom_menu":"0","ocean_menu_typo_font_family":"0","ocean_menu_typo_font_subset":"","ocean_menu_typo_font_size":0,"ocean_menu_typo_font_size_tablet":0,"ocean_menu_typo_font_size_mobile":0,"ocean_menu_typo_font_size_unit":"px","ocean_menu_typo_font_weight":"","ocean_menu_typo_font_weight_tablet":"","ocean_menu_typo_font_weight_mobile":"","ocean_menu_typo_transform":"","ocean_menu_typo_transform_tablet":"","ocean_menu_typo_transform_mobile":"","ocean_menu_typo_line_height":0,"ocean_menu_typo_line_height_tablet":0,"ocean_menu_typo_line_height_mobile":0,"ocean_menu_typo_line_height_unit":"","ocean_menu_typo_spacing":0,"ocean_menu_typo_spacing_tablet":0,"ocean_menu_typo_spacing_mobile":0,"ocean_menu_typo_spacing_unit":"","ocean_menu_link_color":"","ocean_menu_link_color_hover":"","ocean_menu_link_color_active":"","ocean_menu_link_background":"","ocean_menu_link_hover_background":"","ocean_menu_link_active_background":"","ocean_menu_social_links_bg":"","ocean_menu_social_hover_links_bg":"","ocean_menu_social_links_color":"","ocean_menu_social_hover_links_color":"","ocean_disable_title":"default","ocean_disable_heading":"default","ocean_post_title":"","ocean_post_subheading":"","ocean_post_title_style":"","ocean_post_title_background_color":"","ocean_post_title_background":0,"ocean_post_title_bg_image_position":"","ocean_post_title_bg_image_attachment":"","ocean_post_title_bg_image_repeat":"","ocean_post_title_bg_image_size":"","ocean_post_title_height":0,"ocean_post_title_bg_overlay":0.5,"ocean_post_title_bg_overlay_color":"","ocean_disable_breadcrumbs":"default","ocean_breadcrumbs_color":"","ocean_breadcrumbs_separator_color":"","ocean_breadcrumbs_links_color":"","ocean_breadcrumbs_links_hover_color":"","ocean_display_footer_widgets":"default","ocean_display_footer_bottom":"default","ocean_custom_footer_template":"0","_joinchat":[],"footnotes":""},"class_list":["post-49","page","type-page","status-publish","hentry","entry"],"yoast_head":"<!-- This site is optimized with the Yoast SEO plugin v27.5 - https:\/\/yoast.com\/product\/yoast-seo-wordpress\/ -->\n<title>Concurso de &quot;Dibujo y Pintura&quot; - 114 Expo Rural Rafaela 2021<\/title>\n<meta name=\"robots\" content=\"index, follow, max-snippet:-1, max-image-preview:large, max-video-preview:-1\" \/>\n<link rel=\"canonical\" href=\"https:\/\/ruralrafaela.com.ar\/exporural2021\/concurso-de-dibujo-y-pintura\/\" \/>\n<meta property=\"og:locale\" content=\"es_ES\" \/>\n<meta property=\"og:type\" content=\"article\" \/>\n<meta property=\"og:title\" content=\"Concurso de &quot;Dibujo y Pintura&quot; - 114 Expo Rural Rafaela 2021\" \/>\n<meta property=\"og:description\" content=\"El grupo GAMA (Grupo de Ayuda a Mujeres Agropecuarias) de la Sociedad Rural de Rafaela invita a los alumnos a participar de la 1\u00ba Muestra Institucional 2021 \u201cProducir para el Futuro\u201d que se llevar\u00e1 a cabo Viernes 1, S\u00e1bado 2 y Domingo 3 de Octubre y se realizar\u00e1 en las instalaciones de Av. Brasil 497. [&hellip;]\" \/>\n<meta property=\"og:url\" content=\"https:\/\/ruralrafaela.com.ar\/exporural2021\/concurso-de-dibujo-y-pintura\/\" \/>\n<meta property=\"og:site_name\" content=\"114 Expo Rural Rafaela 2021\" \/>\n<meta property=\"og:image\" content=\"https:\/\/ruralrafaela.com.ar\/wp-content\/uploads\/2021\/09\/Dibujo01-1024x684.jpg\" \/>\n<meta name=\"twitter:card\" content=\"summary_large_image\" \/>\n<meta name=\"twitter:label1\" content=\"Tiempo de lectura\" \/>\n\t<meta name=\"twitter:data1\" content=\"4 minutos\" \/>\n<script type=\"application\/ld+json\" class=\"yoast-schema-graph\">{\"@context\":\"https:\\\/\\\/schema.org\",\"@graph\":[{\"@type\":\"WebPage\",\"@id\":\"https:\\\/\\\/ruralrafaela.com.ar\\\/exporural2021\\\/concurso-de-dibujo-y-pintura\\\/\",\"url\":\"https:\\\/\\\/ruralrafaela.com.ar\\\/exporural2021\\\/concurso-de-dibujo-y-pintura\\\/\",\"name\":\"Concurso de \\\"Dibujo y Pintura\\\" - 114 Expo Rural Rafaela 2021\",\"isPartOf\":{\"@id\":\"https:\\\/\\\/ruralrafaela.com.ar\\\/exporural2021\\\/#website\"},\"primaryImageOfPage\":{\"@id\":\"https:\\\/\\\/ruralrafaela.com.ar\\\/exporural2021\\\/concurso-de-dibujo-y-pintura\\\/#primaryimage\"},\"image\":{\"@id\":\"https:\\\/\\\/ruralrafaela.com.ar\\\/exporural2021\\\/concurso-de-dibujo-y-pintura\\\/#primaryimage\"},\"thumbnailUrl\":\"https:\\\/\\\/ruralrafaela.com.ar\\\/wp-content\\\/uploads\\\/2021\\\/09\\\/Dibujo01-1024x684.jpg\",\"datePublished\":\"2022-08-19T17:48:21+00:00\",\"breadcrumb\":{\"@id\":\"https:\\\/\\\/ruralrafaela.com.ar\\\/exporural2021\\\/concurso-de-dibujo-y-pintura\\\/#breadcrumb\"},\"inLanguage\":\"es\",\"potentialAction\":[{\"@type\":\"ReadAction\",\"target\":[\"https:\\\/\\\/ruralrafaela.com.ar\\\/exporural2021\\\/concurso-de-dibujo-y-pintura\\\/\"]}]},{\"@type\":\"ImageObject\",\"inLanguage\":\"es\",\"@id\":\"https:\\\/\\\/ruralrafaela.com.ar\\\/exporural2021\\\/concurso-de-dibujo-y-pintura\\\/#primaryimage\",\"url\":\"https:\\\/\\\/ruralrafaela.com.ar\\\/wp-content\\\/uploads\\\/2021\\\/09\\\/Dibujo01-1024x684.jpg\",\"contentUrl\":\"https:\\\/\\\/ruralrafaela.com.ar\\\/wp-content\\\/uploads\\\/2021\\\/09\\\/Dibujo01-1024x684.jpg\"},{\"@type\":\"BreadcrumbList\",\"@id\":\"https:\\\/\\\/ruralrafaela.com.ar\\\/exporural2021\\\/concurso-de-dibujo-y-pintura\\\/#breadcrumb\",\"itemListElement\":[{\"@type\":\"ListItem\",\"position\":1,\"name\":\"Portada\",\"item\":\"https:\\\/\\\/ruralrafaela.com.ar\\\/exporural2021\\\/\"},{\"@type\":\"ListItem\",\"position\":2,\"name\":\"Concurso de \u00abDibujo y Pintura\u00bb\"}]},{\"@type\":\"WebSite\",\"@id\":\"https:\\\/\\\/ruralrafaela.com.ar\\\/exporural2021\\\/#website\",\"url\":\"https:\\\/\\\/ruralrafaela.com.ar\\\/exporural2021\\\/\",\"name\":\"114 Expo Rural Rafaela 2021\",\"description\":\"Sitio oficial de la Expo Rural Rafaela\",\"publisher\":{\"@id\":\"https:\\\/\\\/ruralrafaela.com.ar\\\/exporural2021\\\/#organization\"},\"potentialAction\":[{\"@type\":\"SearchAction\",\"target\":{\"@type\":\"EntryPoint\",\"urlTemplate\":\"https:\\\/\\\/ruralrafaela.com.ar\\\/exporural2021\\\/?s={search_term_string}\"},\"query-input\":{\"@type\":\"PropertyValueSpecification\",\"valueRequired\":true,\"valueName\":\"search_term_string\"}}],\"inLanguage\":\"es\"},{\"@type\":\"Organization\",\"@id\":\"https:\\\/\\\/ruralrafaela.com.ar\\\/exporural2021\\\/#organization\",\"name\":\"114 Expo Rural Rafaela 2021\",\"url\":\"https:\\\/\\\/ruralrafaela.com.ar\\\/exporural2021\\\/\",\"logo\":{\"@type\":\"ImageObject\",\"inLanguage\":\"es\",\"@id\":\"https:\\\/\\\/ruralrafaela.com.ar\\\/exporural2021\\\/#\\\/schema\\\/logo\\\/image\\\/\",\"url\":\"https:\\\/\\\/ruralrafaela.com.ar\\\/exporural2021\\\/wp-content\\\/uploads\\\/sites\\\/18\\\/2022\\\/08\\\/cropped-Logo-Muestra.jpg\",\"contentUrl\":\"https:\\\/\\\/ruralrafaela.com.ar\\\/exporural2021\\\/wp-content\\\/uploads\\\/sites\\\/18\\\/2022\\\/08\\\/cropped-Logo-Muestra.jpg\",\"width\":653,\"height\":195,\"caption\":\"114 Expo Rural Rafaela 2021\"},\"image\":{\"@id\":\"https:\\\/\\\/ruralrafaela.com.ar\\\/exporural2021\\\/#\\\/schema\\\/logo\\\/image\\\/\"}}]}<\/script>\n<!-- \/ Yoast SEO plugin. -->","yoast_head_json":{"title":"Concurso de \"Dibujo y Pintura\" - 114 Expo Rural Rafaela 2021","robots":{"index":"index","follow":"follow","max-snippet":"max-snippet:-1","max-image-preview":"max-image-preview:large","max-video-preview":"max-video-preview:-1"},"canonical":"https:\/\/ruralrafaela.com.ar\/exporural2021\/concurso-de-dibujo-y-pintura\/","og_locale":"es_ES","og_type":"article","og_title":"Concurso de \"Dibujo y Pintura\" - 114 Expo Rural Rafaela 2021","og_description":"El grupo GAMA (Grupo de Ayuda a Mujeres Agropecuarias) de la Sociedad Rural de Rafaela invita a los alumnos a participar de la 1\u00ba Muestra Institucional 2021 \u201cProducir para el Futuro\u201d que se llevar\u00e1 a cabo Viernes 1, S\u00e1bado 2 y Domingo 3 de Octubre y se realizar\u00e1 en las instalaciones de Av. Brasil 497. [&hellip;]","og_url":"https:\/\/ruralrafaela.com.ar\/exporural2021\/concurso-de-dibujo-y-pintura\/","og_site_name":"114 Expo Rural Rafaela 2021","og_image":[{"url":"https:\/\/ruralrafaela.com.ar\/wp-content\/uploads\/2021\/09\/Dibujo01-1024x684.jpg","type":"","width":"","height":""}],"twitter_card":"summary_large_image","twitter_misc":{"Tiempo de lectura":"4 minutos"},"schema":{"@context":"https:\/\/schema.org","@graph":[{"@type":"WebPage","@id":"https:\/\/ruralrafaela.com.ar\/exporural2021\/concurso-de-dibujo-y-pintura\/","url":"https:\/\/ruralrafaela.com.ar\/exporural2021\/concurso-de-dibujo-y-pintura\/","name":"Concurso de \"Dibujo y Pintura\" - 114 Expo Rural Rafaela 2021","isPartOf":{"@id":"https:\/\/ruralrafaela.com.ar\/exporural2021\/#website"},"primaryImageOfPage":{"@id":"https:\/\/ruralrafaela.com.ar\/exporural2021\/concurso-de-dibujo-y-pintura\/#primaryimage"},"image":{"@id":"https:\/\/ruralrafaela.com.ar\/exporural2021\/concurso-de-dibujo-y-pintura\/#primaryimage"},"thumbnailUrl":"https:\/\/ruralrafaela.com.ar\/wp-content\/uploads\/2021\/09\/Dibujo01-1024x684.jpg","datePublished":"2022-08-19T17:48:21+00:00","breadcrumb":{"@id":"https:\/\/ruralrafaela.com.ar\/exporural2021\/concurso-de-dibujo-y-pintura\/#breadcrumb"},"inLanguage":"es","potentialAction":[{"@type":"ReadAction","target":["https:\/\/ruralrafaela.com.ar\/exporural2021\/concurso-de-dibujo-y-pintura\/"]}]},{"@type":"ImageObject","inLanguage":"es","@id":"https:\/\/ruralrafaela.com.ar\/exporural2021\/concurso-de-dibujo-y-pintura\/#primaryimage","url":"https:\/\/ruralrafaela.com.ar\/wp-content\/uploads\/2021\/09\/Dibujo01-1024x684.jpg","contentUrl":"https:\/\/ruralrafaela.com.ar\/wp-content\/uploads\/2021\/09\/Dibujo01-1024x684.jpg"},{"@type":"BreadcrumbList","@id":"https:\/\/ruralrafaela.com.ar\/exporural2021\/concurso-de-dibujo-y-pintura\/#breadcrumb","itemListElement":[{"@type":"ListItem","position":1,"name":"Portada","item":"https:\/\/ruralrafaela.com.ar\/exporural2021\/"},{"@type":"ListItem","position":2,"name":"Concurso de \u00abDibujo y Pintura\u00bb"}]},{"@type":"WebSite","@id":"https:\/\/ruralrafaela.com.ar\/exporural2021\/#website","url":"https:\/\/ruralrafaela.com.ar\/exporural2021\/","name":"114 Expo Rural Rafaela 2021","description":"Sitio oficial de la Expo Rural Rafaela","publisher":{"@id":"https:\/\/ruralrafaela.com.ar\/exporural2021\/#organization"},"potentialAction":[{"@type":"SearchAction","target":{"@type":"EntryPoint","urlTemplate":"https:\/\/ruralrafaela.com.ar\/exporural2021\/?s={search_term_string}"},"query-input":{"@type":"PropertyValueSpecification","valueRequired":true,"valueName":"search_term_string"}}],"inLanguage":"es"},{"@type":"Organization","@id":"https:\/\/ruralrafaela.com.ar\/exporural2021\/#organization","name":"114 Expo Rural Rafaela 2021","url":"https:\/\/ruralrafaela.com.ar\/exporural2021\/","logo":{"@type":"ImageObject","inLanguage":"es","@id":"https:\/\/ruralrafaela.com.ar\/exporural2021\/#\/schema\/logo\/image\/","url":"https:\/\/ruralrafaela.com.ar\/exporural2021\/wp-content\/uploads\/sites\/18\/2022\/08\/cropped-Logo-Muestra.jpg","contentUrl":"https:\/\/ruralrafaela.com.ar\/exporural2021\/wp-content\/uploads\/sites\/18\/2022\/08\/cropped-Logo-Muestra.jpg","width":653,"height":195,"caption":"114 Expo Rural Rafaela 2021"},"image":{"@id":"https:\/\/ruralrafaela.com.ar\/exporural2021\/#\/schema\/logo\/image\/"}}]}},"_links":{"self":[{"href":"https:\/\/ruralrafaela.com.ar\/exporural2021\/wp-json\/wp\/v2\/pages\/49","targetHints":{"allow":["GET"]}}],"collection":[{"href":"https:\/\/ruralrafaela.com.ar\/exporural2021\/wp-json\/wp\/v2\/pages"}],"about":[{"href":"https:\/\/ruralrafaela.com.ar\/exporural2021\/wp-json\/wp\/v2\/types\/page"}],"author":[{"embeddable":true,"href":"https:\/\/ruralrafaela.com.ar\/exporural2021\/wp-json\/wp\/v2\/users\/2"}],"replies":[{"embeddable":true,"href":"https:\/\/ruralrafaela.com.ar\/exporural2021\/wp-json\/wp\/v2\/comments?post=49"}],"version-history":[{"count":1,"href":"https:\/\/ruralrafaela.com.ar\/exporural2021\/wp-json\/wp\/v2\/pages\/49\/revisions"}],"predecessor-version":[{"id":50,"href":"https:\/\/ruralrafaela.com.ar\/exporural2021\/wp-json\/wp\/v2\/pages\/49\/revisions\/50"}],"wp:attachment":[{"href":"https:\/\/ruralrafaela.com.ar\/exporural2021\/wp-json\/wp\/v2\/media?parent=49"}],"curies":[{"name":"wp","href":"https:\/\/api.w.org\/{rel}","templated":true}]}}