{"id":37,"date":"2022-08-19T17:40:32","date_gmt":"2022-08-19T17:40:32","guid":{"rendered":"https:\/\/ruralrafaela.com.ar\/exporural2021\/?page_id=37"},"modified":"2022-08-19T17:40:33","modified_gmt":"2022-08-19T17:40:33","slug":"apicultura","status":"publish","type":"page","link":"https:\/\/ruralrafaela.com.ar\/exporural2021\/apicultura\/","title":{"rendered":"Apicultura"},"content":{"rendered":"\n<h1 class=\"wp-block-heading\"><strong>PROGRAMA CABA\u00d1AS AP\u00cdCOLAS SANTAFESINAS &nbsp;<\/strong><\/h1>\n\n\n\n<figure class=\"wp-block-pullquote\"><blockquote><p><strong>La Sociedad Rural de Rafaela y el Ministerio de la Producci\u00f3n Ciencia y Tecnolog\u00eda proponen al sector ap\u00edcola la puesta en valor de las CABA\u00d1AS AP\u00edCOLAS SANTAFESINAS, poniendo a disposici\u00f3n de los apicultores, multiplicadores de material vivo, emprendedores, t\u00e9cnicos y toda la sociedad santafesina un espacio de relieve donde se expondr\u00e1, comercializar\u00e1 y difundir\u00e1 los caracteres relevantes de la gen\u00e9tica ap\u00edcola de la provincia.<\/strong><\/p><\/blockquote><\/figure>\n\n\n\n<p><strong>El evento ser\u00e1 propicio para el desarrollo de capacitaci\u00f3n y difusi\u00f3n bajo formato virtual y presencial orientado a:<\/strong><\/p>\n\n\n\n<ul class=\"wp-block-list\"><li><strong>Plan Ap\u00edcola Santafesino.<\/strong><\/li><li><strong>Practica de recambio eficiente de reinas.<\/strong><\/li><li><strong>Experiencias de escalado y exportaci\u00f3n de material vivo.<\/strong><\/li><li><strong>Pasos a desarrollar para registro y habilitaci\u00f3n de Caba\u00f1a Ap\u00edcola.<\/strong><\/li><li><strong>Pasos para generaci\u00f3n de gu\u00edas de tr\u00e1nsito (DT-e) para material vivo.<\/strong><\/li><\/ul>\n\n\n\n<p><strong>El desarrollo de las jornadas t\u00e9cnicas y de exposici\u00f3n tendr\u00e1 un marco did\u00e1ctico para la familia toda en el recorrido de \u201cMundo Miel\u201d iniciativa de INTA Rafaela que pone de relieve la importancia de la abeja y los productos de la colmena en el desarrollo social-econ\u00f3mico y ambiental de las comunidades santafesinas.<\/strong><\/p>\n\n\n\n<p><strong><u>Viernes 1 de Octubre.<\/u><\/strong><\/p>\n\n\n\n<p>Horario: de 8:30 a 10:30 horas. Charla virtual<\/p>\n\n\n\n<p>Destinatarios: apicultores en general, caba\u00f1eros, multiplicadores, t\u00e9cnicos y docentes escuelas agrotecnicas provincia de Santa Fe.<\/p>\n\n\n\n<p class=\"has-cyan-bluish-gray-background-color has-background\"><strong>Tema: \u201cPresentaci\u00f3n pilares Plan Ap\u00edcola Santafesino\u201d<\/strong><\/p>\n\n\n\n<p><strong>Hora: 8:30 a 9:00.<\/strong><\/p>\n\n\n\n<p>Disertantes: Med. Vet. Abel Zencklusen Director de Producci\u00f3n Lechera y Ap\u00edcola del MPCyT.<\/p>\n\n\n\n<p>Tec. Roberto Giudicatti \u2013 Referente Ap\u00edcola MPCyT.<\/p>\n\n\n\n<p class=\"has-pale-cyan-blue-background-color has-background\"><strong>&nbsp;Tema: \u201cLa importancia del recambio de reinas en la producci\u00f3n ap\u00edcola\u201d.<\/strong><\/p>\n\n\n\n<p><strong>Hora: de 9:00 a 10:30.<\/strong><\/p>\n\n\n\n<p>Disertante: Ing. Agr. Ma. Alejandra Palacio \u2013 Coordinadora del Programa Nacional de Apicultura PROAPI.<\/p>\n\n\n\n<p>De 12 a 21 horas en forma presencial.<\/p>\n\n\n\n<p class=\"has-black-color has-vivid-green-cyan-background-color has-text-color has-background\">Exposici\u00f3n de material vivo de las Caba\u00f1as Ap\u00edcolas destinado a apicultores y p\u00fablico en general.<\/p>\n\n\n\n<p class=\"has-black-color has-vivid-green-cyan-background-color has-text-color has-background\">Recorrido por \u201cMundo Miel\u201d&nbsp; INTA, destinado a la familia.<\/p>\n\n\n\n<p><strong><u>S\u00e1bado 2 de Octubre:<\/u><\/strong><\/p>\n\n\n\n<p>Horario sugerido: 9 a12 horas.<\/p>\n\n\n\n<p>Charla virtual: plataforma Sociedad Rural.<\/p>\n\n\n\n<p>Destinatarios: Caba\u00f1eros y Multiplicadores de la provincia de Santa Fe.<\/p>\n\n\n\n<p class=\"has-cyan-bluish-gray-background-color has-background\"><strong>Tema: \u201cExperiencia Internacional en escalado de producci\u00f3n y exportaci\u00f3n de material vivo.\u201d<\/strong><\/p>\n\n\n\n<p><strong>Hora: de 8:30 a 10:00.<\/strong><\/p>\n\n\n\n<p>Disertante: Caba\u00f1a Ap\u00edcola Campos de Abejas &#8211; Pablo Astorga. (Rengo \u2013 Cachapoal -Chile).<\/p>\n\n\n\n<p class=\"has-light-green-cyan-background-color has-background\"><strong>Tema: \u201cDesaf\u00edos para exportaci\u00f3n de material vivo ap\u00edcola\u201d.<\/strong><\/p>\n\n\n\n<p><strong>Hora: de 10:00 a 11:30.<\/strong><\/p>\n\n\n\n<p>Disertante: Caba\u00f1a Ap\u00edcola Malka \u2013 Martin Braunstein (La Plata BA \u2013 Argentina).<\/p>\n\n\n\n<p>Presencial:<\/p>\n\n\n\n<p>De 10 a 21 horas.<\/p>\n\n\n\n<p class=\"has-vivid-green-cyan-background-color has-background\">Exposici\u00f3n de material vivo de las Caba\u00f1as Ap\u00edcolas destinado a apicultores y p\u00fablico en general.<\/p>\n\n\n\n<p class=\"has-vivid-green-cyan-background-color has-background\">Recorrido por \u201cMundo Miel\u201d&nbsp; INTA, destinado a la familia.<\/p>\n\n\n\n<p><strong><u>Domingo 3 de Octubre:<\/u><\/strong><\/p>\n\n\n\n<p>Horario sugerido: de 9 a 12horas.<\/p>\n\n\n\n<p>Charla virtual: plataforma Sociedad Rural.<\/p>\n\n\n\n<p>Destinatarios: Caba\u00f1eros y Multiplicadores de la provincia de Santa Fe<\/p>\n\n\n\n<p class=\"has-light-green-cyan-background-color has-background\"><strong>Tema: \u201cPasos para registro y habilitaci\u00f3n de Caba\u00f1as Ap\u00edcolas en Argentina\u201d.<\/strong><\/p>\n\n\n\n<p><strong>Hora: de 9 a 10:30<\/strong><\/p>\n\n\n\n<p>Disertante: Med. Vet. Mauricio Rabinovich \u2013 Jefe del Programa Nacional de Sanidad Ap\u00edcola SENASA.<\/p>\n\n\n\n<p class=\"has-light-green-cyan-background-color has-background\"><strong>Tema: \u201cProcedimiento para inscripci\u00f3n y uso del SIGSA en la generaci\u00f3n del DT-e de material vivo ap\u00edcola\u201d<\/strong><\/p>\n\n\n\n<p><strong>Hora: de 10:30 a 12:00<\/strong><\/p>\n\n\n\n<p>Disertante: Med. Vet. Jorge Alesso- Regional SENASA Prov. Santa Fe.<\/p>\n\n\n\n<p><strong><u>Charla presencial:<\/u><\/strong><\/p>\n\n\n\n<p>Destinatarios: Multiplicadores y emprendedores.<\/p>\n\n\n\n<p class=\"has-light-green-cyan-background-color has-background\"><strong>Tema: \u201cExperiencia de crecimiento&nbsp; desde sus inicios hasta ser Caba\u00f1a Ap\u00edcola certificada\u201d<\/strong><\/p>\n\n\n\n<p><strong>Hora: de 14 a 16 horas.<\/strong><\/p>\n\n\n\n<p>Disertante: Caba\u00f1a Ap\u00edcola El Jard\u00edn de Malabrigo \u2013 Antonio&nbsp; Fabbro \u2013 Malabrigo \u2013 Santa Fe.<\/p>\n\n\n\n<p>De 10 a 21 horas.<\/p>\n\n\n\n<p class=\"has-vivid-green-cyan-background-color has-background\">Exposici\u00f3n de material vivo de las Caba\u00f1as Ap\u00edcolas destinado a apicultores y p\u00fablico en general.<\/p>\n\n\n\n<p class=\"has-vivid-green-cyan-background-color has-background\">Recorrido por \u201cMundo Miel\u201d&nbsp; INTA, destinado a la familia.<\/p>\n\n\n\n<div class=\"wp-block-group\"><div class=\"wp-block-group__inner-container is-layout-flow wp-block-group-is-layout-flow\"><div class=\"wp-block-image\">\n<figure class=\"aligncenter size-large is-resized\"><a href=\"https:\/\/ruralrafaela.com.ar\/wp-content\/uploads\/2021\/09\/cabana-4.jpg\"><img fetchpriority=\"high\" decoding=\"async\" src=\"https:\/\/ruralrafaela.com.ar\/wp-content\/uploads\/2021\/09\/cabana-4-489x1024.jpg\" alt=\"\" class=\"wp-image-3384\" width=\"196\" height=\"410\"\/><\/a><\/figure>\n<\/div>\n\n<div class=\"wp-block-image\">\n<figure class=\"aligncenter size-large is-resized\"><a href=\"https:\/\/ruralrafaela.com.ar\/wp-content\/uploads\/2021\/09\/cabana-2.jpg\"><img decoding=\"async\" src=\"https:\/\/ruralrafaela.com.ar\/wp-content\/uploads\/2021\/09\/cabana-2-576x1024.jpg\" alt=\"\" class=\"wp-image-3386\" width=\"199\" height=\"354\"\/><\/a><\/figure>\n<\/div>\n\n<div class=\"wp-block-image\">\n<figure class=\"aligncenter size-large is-resized\"><a href=\"https:\/\/ruralrafaela.com.ar\/wp-content\/uploads\/2021\/09\/cabana-3.jpg\"><img decoding=\"async\" src=\"https:\/\/ruralrafaela.com.ar\/wp-content\/uploads\/2021\/09\/cabana-3-1024x717.jpg\" alt=\"\" class=\"wp-image-3387\" width=\"486\" height=\"340\"\/><\/a><\/figure>\n<\/div>\n\n<div class=\"wp-block-image\">\n<figure class=\"aligncenter size-large is-resized\"><a href=\"https:\/\/ruralrafaela.com.ar\/wp-content\/uploads\/2021\/09\/cabana1.jpg\"><img loading=\"lazy\" decoding=\"async\" src=\"https:\/\/ruralrafaela.com.ar\/wp-content\/uploads\/2021\/09\/cabana1-1024x717.jpg\" alt=\"\" class=\"wp-image-3388\" width=\"484\" height=\"339\"\/><\/a><\/figure>\n<\/div><\/div><\/div>\n\n\n<div class=\"wp-block-image\">\n<figure class=\"aligncenter size-large is-resized\"><a href=\"https:\/\/ruralrafaela.com.ar\/wp-content\/uploads\/2021\/09\/rio-dulce.jpg\"><img loading=\"lazy\" decoding=\"async\" src=\"https:\/\/ruralrafaela.com.ar\/wp-content\/uploads\/2021\/09\/rio-dulce-528x1024.jpg\" alt=\"\" class=\"wp-image-3389\" width=\"461\" height=\"895\"\/><\/a><\/figure>\n<\/div>\n\n<div class=\"wp-block-image\">\n<figure class=\"aligncenter size-large is-resized\"><a href=\"https:\/\/ruralrafaela.com.ar\/wp-content\/uploads\/2021\/09\/vaudagna.jpg\"><img loading=\"lazy\" decoding=\"async\" src=\"https:\/\/ruralrafaela.com.ar\/wp-content\/uploads\/2021\/09\/vaudagna-1024x768.jpg\" alt=\"\" class=\"wp-image-3390\" width=\"463\" height=\"347\"\/><\/a><\/figure>\n<\/div>","protected":false},"excerpt":{"rendered":"<p>PROGRAMA CABA\u00d1AS AP\u00cdCOLAS SANTAFESINAS &nbsp; La Sociedad Rural de Rafaela y el Ministerio de la Producci\u00f3n Ciencia y Tecnolog\u00eda proponen al sector ap\u00edcola la puesta en valor de las CABA\u00d1AS AP\u00edCOLAS SANTAFESINAS, poniendo a disposici\u00f3n de los apicultores, multiplicadores de material vivo, emprendedores, t\u00e9cnicos y toda la sociedad santafesina un espacio de relieve donde se [&hellip;]<\/p>\n","protected":false},"author":2,"featured_media":0,"parent":0,"menu_order":0,"comment_status":"closed","ping_status":"closed","template":"","meta":{"ocean_post_layout":"","ocean_both_sidebars_style":"","ocean_both_sidebars_content_width":0,"ocean_both_sidebars_sidebars_width":0,"ocean_sidebar":"0","ocean_second_sidebar":"0","ocean_disable_margins":"enable","ocean_add_body_class":"","ocean_shortcode_before_top_bar":"","ocean_shortcode_after_top_bar":"","ocean_shortcode_before_header":"","ocean_shortcode_after_header":"","ocean_has_shortcode":"","ocean_shortcode_after_title":"","ocean_shortcode_before_footer_widgets":"","ocean_shortcode_after_footer_widgets":"","ocean_shortcode_before_footer_bottom":"","ocean_shortcode_after_footer_bottom":"","ocean_display_top_bar":"default","ocean_display_header":"default","ocean_header_style":"","ocean_center_header_left_menu":"0","ocean_custom_header_template":"0","ocean_custom_logo":0,"ocean_custom_retina_logo":0,"ocean_custom_logo_max_width":0,"ocean_custom_logo_tablet_max_width":0,"ocean_custom_logo_mobile_max_width":0,"ocean_custom_logo_max_height":0,"ocean_custom_logo_tablet_max_height":0,"ocean_custom_logo_mobile_max_height":0,"ocean_header_custom_menu":"0","ocean_menu_typo_font_family":"0","ocean_menu_typo_font_subset":"","ocean_menu_typo_font_size":0,"ocean_menu_typo_font_size_tablet":0,"ocean_menu_typo_font_size_mobile":0,"ocean_menu_typo_font_size_unit":"px","ocean_menu_typo_font_weight":"","ocean_menu_typo_font_weight_tablet":"","ocean_menu_typo_font_weight_mobile":"","ocean_menu_typo_transform":"","ocean_menu_typo_transform_tablet":"","ocean_menu_typo_transform_mobile":"","ocean_menu_typo_line_height":0,"ocean_menu_typo_line_height_tablet":0,"ocean_menu_typo_line_height_mobile":0,"ocean_menu_typo_line_height_unit":"","ocean_menu_typo_spacing":0,"ocean_menu_typo_spacing_tablet":0,"ocean_menu_typo_spacing_mobile":0,"ocean_menu_typo_spacing_unit":"","ocean_menu_link_color":"","ocean_menu_link_color_hover":"","ocean_menu_link_color_active":"","ocean_menu_link_background":"","ocean_menu_link_hover_background":"","ocean_menu_link_active_background":"","ocean_menu_social_links_bg":"","ocean_menu_social_hover_links_bg":"","ocean_menu_social_links_color":"","ocean_menu_social_hover_links_color":"","ocean_disable_title":"default","ocean_disable_heading":"default","ocean_post_title":"","ocean_post_subheading":"","ocean_post_title_style":"","ocean_post_title_background_color":"","ocean_post_title_background":0,"ocean_post_title_bg_image_position":"","ocean_post_title_bg_image_attachment":"","ocean_post_title_bg_image_repeat":"","ocean_post_title_bg_image_size":"","ocean_post_title_height":0,"ocean_post_title_bg_overlay":0.5,"ocean_post_title_bg_overlay_color":"","ocean_disable_breadcrumbs":"default","ocean_breadcrumbs_color":"","ocean_breadcrumbs_separator_color":"","ocean_breadcrumbs_links_color":"","ocean_breadcrumbs_links_hover_color":"","ocean_display_footer_widgets":"default","ocean_display_footer_bottom":"default","ocean_custom_footer_template":"0","_joinchat":[],"footnotes":""},"class_list":["post-37","page","type-page","status-publish","hentry","entry"],"yoast_head":"<!-- This site is optimized with the Yoast SEO plugin v27.5 - https:\/\/yoast.com\/product\/yoast-seo-wordpress\/ -->\n<title>Apicultura - 114 Expo Rural Rafaela 2021<\/title>\n<meta name=\"robots\" content=\"index, follow, max-snippet:-1, max-image-preview:large, max-video-preview:-1\" \/>\n<link rel=\"canonical\" href=\"https:\/\/ruralrafaela.com.ar\/exporural2021\/apicultura\/\" \/>\n<meta property=\"og:locale\" content=\"es_ES\" \/>\n<meta property=\"og:type\" content=\"article\" \/>\n<meta property=\"og:title\" content=\"Apicultura - 114 Expo Rural Rafaela 2021\" \/>\n<meta property=\"og:description\" content=\"PROGRAMA CABA\u00d1AS AP\u00cdCOLAS SANTAFESINAS &nbsp; La Sociedad Rural de Rafaela y el Ministerio de la Producci\u00f3n Ciencia y Tecnolog\u00eda proponen al sector ap\u00edcola la puesta en valor de las CABA\u00d1AS AP\u00edCOLAS SANTAFESINAS, poniendo a disposici\u00f3n de los apicultores, multiplicadores de material vivo, emprendedores, t\u00e9cnicos y toda la sociedad santafesina un espacio de relieve donde se [&hellip;]\" \/>\n<meta property=\"og:url\" content=\"https:\/\/ruralrafaela.com.ar\/exporural2021\/apicultura\/\" \/>\n<meta property=\"og:site_name\" content=\"114 Expo Rural Rafaela 2021\" \/>\n<meta property=\"article:modified_time\" content=\"2022-08-19T17:40:33+00:00\" \/>\n<meta property=\"og:image\" content=\"https:\/\/ruralrafaela.com.ar\/wp-content\/uploads\/2021\/09\/cabana-4-489x1024.jpg\" \/>\n<meta name=\"twitter:card\" content=\"summary_large_image\" \/>\n<meta name=\"twitter:label1\" content=\"Tiempo de lectura\" \/>\n\t<meta name=\"twitter:data1\" content=\"3 minutos\" \/>\n<script type=\"application\/ld+json\" class=\"yoast-schema-graph\">{\"@context\":\"https:\\\/\\\/schema.org\",\"@graph\":[{\"@type\":\"WebPage\",\"@id\":\"https:\\\/\\\/ruralrafaela.com.ar\\\/exporural2021\\\/apicultura\\\/\",\"url\":\"https:\\\/\\\/ruralrafaela.com.ar\\\/exporural2021\\\/apicultura\\\/\",\"name\":\"Apicultura - 114 Expo Rural Rafaela 2021\",\"isPartOf\":{\"@id\":\"https:\\\/\\\/ruralrafaela.com.ar\\\/exporural2021\\\/#website\"},\"primaryImageOfPage\":{\"@id\":\"https:\\\/\\\/ruralrafaela.com.ar\\\/exporural2021\\\/apicultura\\\/#primaryimage\"},\"image\":{\"@id\":\"https:\\\/\\\/ruralrafaela.com.ar\\\/exporural2021\\\/apicultura\\\/#primaryimage\"},\"thumbnailUrl\":\"https:\\\/\\\/ruralrafaela.com.ar\\\/wp-content\\\/uploads\\\/2021\\\/09\\\/cabana-4-489x1024.jpg\",\"datePublished\":\"2022-08-19T17:40:32+00:00\",\"dateModified\":\"2022-08-19T17:40:33+00:00\",\"breadcrumb\":{\"@id\":\"https:\\\/\\\/ruralrafaela.com.ar\\\/exporural2021\\\/apicultura\\\/#breadcrumb\"},\"inLanguage\":\"es\",\"potentialAction\":[{\"@type\":\"ReadAction\",\"target\":[\"https:\\\/\\\/ruralrafaela.com.ar\\\/exporural2021\\\/apicultura\\\/\"]}]},{\"@type\":\"ImageObject\",\"inLanguage\":\"es\",\"@id\":\"https:\\\/\\\/ruralrafaela.com.ar\\\/exporural2021\\\/apicultura\\\/#primaryimage\",\"url\":\"https:\\\/\\\/ruralrafaela.com.ar\\\/wp-content\\\/uploads\\\/2021\\\/09\\\/cabana-4-489x1024.jpg\",\"contentUrl\":\"https:\\\/\\\/ruralrafaela.com.ar\\\/wp-content\\\/uploads\\\/2021\\\/09\\\/cabana-4-489x1024.jpg\"},{\"@type\":\"BreadcrumbList\",\"@id\":\"https:\\\/\\\/ruralrafaela.com.ar\\\/exporural2021\\\/apicultura\\\/#breadcrumb\",\"itemListElement\":[{\"@type\":\"ListItem\",\"position\":1,\"name\":\"Portada\",\"item\":\"https:\\\/\\\/ruralrafaela.com.ar\\\/exporural2021\\\/\"},{\"@type\":\"ListItem\",\"position\":2,\"name\":\"Apicultura\"}]},{\"@type\":\"WebSite\",\"@id\":\"https:\\\/\\\/ruralrafaela.com.ar\\\/exporural2021\\\/#website\",\"url\":\"https:\\\/\\\/ruralrafaela.com.ar\\\/exporural2021\\\/\",\"name\":\"114 Expo Rural Rafaela 2021\",\"description\":\"Sitio oficial de la Expo Rural Rafaela\",\"publisher\":{\"@id\":\"https:\\\/\\\/ruralrafaela.com.ar\\\/exporural2021\\\/#organization\"},\"potentialAction\":[{\"@type\":\"SearchAction\",\"target\":{\"@type\":\"EntryPoint\",\"urlTemplate\":\"https:\\\/\\\/ruralrafaela.com.ar\\\/exporural2021\\\/?s={search_term_string}\"},\"query-input\":{\"@type\":\"PropertyValueSpecification\",\"valueRequired\":true,\"valueName\":\"search_term_string\"}}],\"inLanguage\":\"es\"},{\"@type\":\"Organization\",\"@id\":\"https:\\\/\\\/ruralrafaela.com.ar\\\/exporural2021\\\/#organization\",\"name\":\"114 Expo Rural Rafaela 2021\",\"url\":\"https:\\\/\\\/ruralrafaela.com.ar\\\/exporural2021\\\/\",\"logo\":{\"@type\":\"ImageObject\",\"inLanguage\":\"es\",\"@id\":\"https:\\\/\\\/ruralrafaela.com.ar\\\/exporural2021\\\/#\\\/schema\\\/logo\\\/image\\\/\",\"url\":\"https:\\\/\\\/ruralrafaela.com.ar\\\/exporural2021\\\/wp-content\\\/uploads\\\/sites\\\/18\\\/2022\\\/08\\\/cropped-Logo-Muestra.jpg\",\"contentUrl\":\"https:\\\/\\\/ruralrafaela.com.ar\\\/exporural2021\\\/wp-content\\\/uploads\\\/sites\\\/18\\\/2022\\\/08\\\/cropped-Logo-Muestra.jpg\",\"width\":653,\"height\":195,\"caption\":\"114 Expo Rural Rafaela 2021\"},\"image\":{\"@id\":\"https:\\\/\\\/ruralrafaela.com.ar\\\/exporural2021\\\/#\\\/schema\\\/logo\\\/image\\\/\"}}]}<\/script>\n<!-- \/ Yoast SEO plugin. -->","yoast_head_json":{"title":"Apicultura - 114 Expo Rural Rafaela 2021","robots":{"index":"index","follow":"follow","max-snippet":"max-snippet:-1","max-image-preview":"max-image-preview:large","max-video-preview":"max-video-preview:-1"},"canonical":"https:\/\/ruralrafaela.com.ar\/exporural2021\/apicultura\/","og_locale":"es_ES","og_type":"article","og_title":"Apicultura - 114 Expo Rural Rafaela 2021","og_description":"PROGRAMA CABA\u00d1AS AP\u00cdCOLAS SANTAFESINAS &nbsp; La Sociedad Rural de Rafaela y el Ministerio de la Producci\u00f3n Ciencia y Tecnolog\u00eda proponen al sector ap\u00edcola la puesta en valor de las CABA\u00d1AS AP\u00edCOLAS SANTAFESINAS, poniendo a disposici\u00f3n de los apicultores, multiplicadores de material vivo, emprendedores, t\u00e9cnicos y toda la sociedad santafesina un espacio de relieve donde se [&hellip;]","og_url":"https:\/\/ruralrafaela.com.ar\/exporural2021\/apicultura\/","og_site_name":"114 Expo Rural Rafaela 2021","article_modified_time":"2022-08-19T17:40:33+00:00","og_image":[{"url":"https:\/\/ruralrafaela.com.ar\/wp-content\/uploads\/2021\/09\/cabana-4-489x1024.jpg","type":"","width":"","height":""}],"twitter_card":"summary_large_image","twitter_misc":{"Tiempo de lectura":"3 minutos"},"schema":{"@context":"https:\/\/schema.org","@graph":[{"@type":"WebPage","@id":"https:\/\/ruralrafaela.com.ar\/exporural2021\/apicultura\/","url":"https:\/\/ruralrafaela.com.ar\/exporural2021\/apicultura\/","name":"Apicultura - 114 Expo Rural Rafaela 2021","isPartOf":{"@id":"https:\/\/ruralrafaela.com.ar\/exporural2021\/#website"},"primaryImageOfPage":{"@id":"https:\/\/ruralrafaela.com.ar\/exporural2021\/apicultura\/#primaryimage"},"image":{"@id":"https:\/\/ruralrafaela.com.ar\/exporural2021\/apicultura\/#primaryimage"},"thumbnailUrl":"https:\/\/ruralrafaela.com.ar\/wp-content\/uploads\/2021\/09\/cabana-4-489x1024.jpg","datePublished":"2022-08-19T17:40:32+00:00","dateModified":"2022-08-19T17:40:33+00:00","breadcrumb":{"@id":"https:\/\/ruralrafaela.com.ar\/exporural2021\/apicultura\/#breadcrumb"},"inLanguage":"es","potentialAction":[{"@type":"ReadAction","target":["https:\/\/ruralrafaela.com.ar\/exporural2021\/apicultura\/"]}]},{"@type":"ImageObject","inLanguage":"es","@id":"https:\/\/ruralrafaela.com.ar\/exporural2021\/apicultura\/#primaryimage","url":"https:\/\/ruralrafaela.com.ar\/wp-content\/uploads\/2021\/09\/cabana-4-489x1024.jpg","contentUrl":"https:\/\/ruralrafaela.com.ar\/wp-content\/uploads\/2021\/09\/cabana-4-489x1024.jpg"},{"@type":"BreadcrumbList","@id":"https:\/\/ruralrafaela.com.ar\/exporural2021\/apicultura\/#breadcrumb","itemListElement":[{"@type":"ListItem","position":1,"name":"Portada","item":"https:\/\/ruralrafaela.com.ar\/exporural2021\/"},{"@type":"ListItem","position":2,"name":"Apicultura"}]},{"@type":"WebSite","@id":"https:\/\/ruralrafaela.com.ar\/exporural2021\/#website","url":"https:\/\/ruralrafaela.com.ar\/exporural2021\/","name":"114 Expo Rural Rafaela 2021","description":"Sitio oficial de la Expo Rural Rafaela","publisher":{"@id":"https:\/\/ruralrafaela.com.ar\/exporural2021\/#organization"},"potentialAction":[{"@type":"SearchAction","target":{"@type":"EntryPoint","urlTemplate":"https:\/\/ruralrafaela.com.ar\/exporural2021\/?s={search_term_string}"},"query-input":{"@type":"PropertyValueSpecification","valueRequired":true,"valueName":"search_term_string"}}],"inLanguage":"es"},{"@type":"Organization","@id":"https:\/\/ruralrafaela.com.ar\/exporural2021\/#organization","name":"114 Expo Rural Rafaela 2021","url":"https:\/\/ruralrafaela.com.ar\/exporural2021\/","logo":{"@type":"ImageObject","inLanguage":"es","@id":"https:\/\/ruralrafaela.com.ar\/exporural2021\/#\/schema\/logo\/image\/","url":"https:\/\/ruralrafaela.com.ar\/exporural2021\/wp-content\/uploads\/sites\/18\/2022\/08\/cropped-Logo-Muestra.jpg","contentUrl":"https:\/\/ruralrafaela.com.ar\/exporural2021\/wp-content\/uploads\/sites\/18\/2022\/08\/cropped-Logo-Muestra.jpg","width":653,"height":195,"caption":"114 Expo Rural Rafaela 2021"},"image":{"@id":"https:\/\/ruralrafaela.com.ar\/exporural2021\/#\/schema\/logo\/image\/"}}]}},"_links":{"self":[{"href":"https:\/\/ruralrafaela.com.ar\/exporural2021\/wp-json\/wp\/v2\/pages\/37","targetHints":{"allow":["GET"]}}],"collection":[{"href":"https:\/\/ruralrafaela.com.ar\/exporural2021\/wp-json\/wp\/v2\/pages"}],"about":[{"href":"https:\/\/ruralrafaela.com.ar\/exporural2021\/wp-json\/wp\/v2\/types\/page"}],"author":[{"embeddable":true,"href":"https:\/\/ruralrafaela.com.ar\/exporural2021\/wp-json\/wp\/v2\/users\/2"}],"replies":[{"embeddable":true,"href":"https:\/\/ruralrafaela.com.ar\/exporural2021\/wp-json\/wp\/v2\/comments?post=37"}],"version-history":[{"count":1,"href":"https:\/\/ruralrafaela.com.ar\/exporural2021\/wp-json\/wp\/v2\/pages\/37\/revisions"}],"predecessor-version":[{"id":38,"href":"https:\/\/ruralrafaela.com.ar\/exporural2021\/wp-json\/wp\/v2\/pages\/37\/revisions\/38"}],"wp:attachment":[{"href":"https:\/\/ruralrafaela.com.ar\/exporural2021\/wp-json\/wp\/v2\/media?parent=37"}],"curies":[{"name":"wp","href":"https:\/\/api.w.org\/{rel}","templated":true}]}}