{"id":35,"date":"2022-08-19T17:37:09","date_gmt":"2022-08-19T17:37:09","guid":{"rendered":"https:\/\/ruralrafaela.com.ar\/exporural2021\/?page_id=35"},"modified":"2022-08-19T17:37:10","modified_gmt":"2022-08-19T17:37:10","slug":"4to-concurso-de-vacas-a-campo","status":"publish","type":"page","link":"https:\/\/ruralrafaela.com.ar\/exporural2021\/4to-concurso-de-vacas-a-campo\/","title":{"rendered":"4to Concurso de Vacas a Campo"},"content":{"rendered":"\n<h2 class=\"wp-block-heading\">\u201cVacas a campo\u201d un concurso que muestra el potencial lechero regional<\/h2>\n\n\n\n<p><strong>En la cuarta edici\u00f3n de juras en los tambos, el Gran Campe\u00f3n fue un ejemplar del tambo 1 de la Lhuab SA.<\/strong><\/p>\n\n\n\n<p>Con la dedicada jura del criador y veterinario Germ\u00e1n Fux, recorriendo 14 tambos de la regi\u00f3n, este s\u00e1bado se conocieron a los ganadores en las diferentes categor\u00edas del Cuarto Concurso de Vacas a Campo, una iniciativa que crece en cada edici\u00f3n y esto fue confirmado en el cierre de la Muestra Anual 2021 de la Sociedad Rural de Rafaela.<\/p>\n\n\n\n<p>Participaron en la convocatoria el Tambo Experimental Rafaela y el VMS (Robot) del INTA, los cuatro tambos de Lhuab SA, Tambo Mi Rinc\u00f3n de Sucesores de Ra\u00fal Arnoldt, tambo Don Carlos de Carlos Bertone, tambo Santa Catalina de Sucesores de Nemesio Alassia SRL, Agropecuaria El Chalecito; Tambo El Conf\u00edn de Flogna Agropecuaria SA; tambos El Romeo y La Julieta de Roberto Pablo Pairetti; tambo El Carmen de El Omb\u00fa SA; tambo Santa Catalina de Jos\u00e9 Mar\u00eda Destefani; El Rafaelino de Establecimiento Armando S.A; y La Luisa de Agro Ataliva S.A.<\/p>\n\n\n\n<p>Es destacable el aporte para la realizaci\u00f3n de este evento del Ministerio de la Producci\u00f3n de la Provincia de Santa Fe, Caba\u00f1a y Tambos \u201cLa Lilia S.A\u201d, Caba\u00f1a \u201cLa Magdalena\u201d de Felissia Hermanos, CIALP S.A (Centro Inseminaci\u00f3n Artificial la Peruana); CIAVT; Produgenes; Semex Argentina S.A; Eurogen\u00e9tica; y Ciale.<\/p>\n\n\n\n<h2 class=\"wp-block-heading\">Premios<\/h2>\n\n\n\n<p class=\"has-black-color has-vivid-green-cyan-background-color has-text-color has-background\">1\u00ba Categor\u00eda: Vacas de 1 parto: Campe\u00f3n Rp 3741 del Establecimiento el Chalecito, de Agropecuaria El Chalecito.<\/p>\n\n\n\n<p class=\"has-black-color has-vivid-green-cyan-background-color has-text-color has-background\">2\u00ba Categor\u00eda: Vacas de 2 y 3 partos. Campe\u00f3n Rp 12516 de Establecimiento Luhuab Tambo 1.<\/p>\n\n\n\n<p class=\"has-black-color has-vivid-green-cyan-background-color has-text-color has-background\">3\u00ba Categor\u00eda: Vacas de 4 y 5 partos, Campe\u00f3n RP 4378 de Establecimiento Santa Catalina de Suc. de Nemesio Alassia.<\/p>\n\n\n\n<p class=\"has-black-color has-vivid-green-cyan-background-color has-text-color has-background\">4\u00ba Categor\u00eda: vacas de 6 partos o m\u00e1, Campe\u00f3n RP 2366 de El Chalecito, de Agropecuaria El Chalecito.<\/p>\n\n\n\n<p class=\"has-black-color has-vivid-green-cyan-background-color has-text-color has-background\">Mejor Conjunto, Establecimiento El Chalecito.<\/p>\n\n\n\n<p class=\"has-black-color has-vivid-green-cyan-background-color has-text-color has-background\">Gran Campe\u00f3n: Rp: 12516 de Luhuab, tambo 1.<\/p>\n\n\n\n<p class=\"has-black-color has-vivid-green-cyan-background-color has-text-color has-background\">Premios Especiales otorgados por el Jurado, al tambero del Establecimiento El Conf\u00edn, de Flogna Agropecuaria; y la Mejor Produccion Vitalicia para la RP 1191 del Establecimiento Don Carlos, de Carlos Bertone.<\/p>\n\n\n\n<p>\u201cLa \u00faltima jura hab\u00eda sido en 2019 y en estos dos a\u00f1os en la gran mayor\u00eda de los tambos la mejora que pude ver ha sido grande, las vacas j\u00f3venes fueron muy buenas. Me qued\u00e9 impresionado y se me hizo dificil tomar las decisiones sobre las ganadoras, porque lo que hace la diferencia es el manejo. Logramos que la gente que maneja bien las vacas, que logra alimentarlas mejor tengan como resultado m\u00e1s leche y se exprese todo el potencial lechero\u201d, explic\u00f3 Fux.<\/p>\n\n\n\n<p>\u201cAdem\u00e1s del Gran Campe\u00f3n a campo, el premio m\u00e1s importante para m\u00ed es el de la vaca vitalicia que tiene ocho partos, que dio 70 mil litros de leche, que se banc\u00f3 las inundaciones, el agua, las crisis de precios de 2015 y 2016, ahora la sequ\u00eda, que el productor se pudo mantener, que no cerr\u00f3 el tambo como le pas\u00f3 a sus vecinos\u201d.<\/p>\n\n\n\n<p>La \u201cm\u00e1s linda\u201d del Establecimiento Lhuab gan\u00f3 por ser \u201cuna vaca distinta, por ser muy lechera, con una ubre impresionante y que camina muy bien\u201d.<\/p>\n\n\n\n<p>\u201cEsperemos que el a\u00f1o que viene se sumen m\u00e1s tambos, que todos entiendan que es necesario medir, para saber que es lo que los animales comen y cu\u00e1nta leche dan, por eso el Control Lechero es una herramienta fundamental en nuestros tambos para poder manejarlos mejos y ser m\u00e1s eficientes, no eficaces, sino que nos ayudan a tratar de convertir mejor cada kilo de materia seca, que podamos llegar a esa conversi\u00f3n de una manera m\u00e1s eficiente\u201d.<\/p>\n\n\n\n<p>Aqu\u00ed, el video de la evaluaci\u00f3n del Jurado ?<\/p>\n\n\n\n<p class=\"has-luminous-vivid-amber-background-color has-background\"><a href=\"https:\/\/www.youtube.com\/watch?v=MUk8oGLvggY\">4\u00ba COMPETENCIA DE VACAS A CAMPO Y VIDEOS COMPLETOS GRANDES CAMPEONES DE SOC. RURAL DE RAFAELA &#8211; YouTube<\/a><\/p>\n\n\n\n<\/p>\n<p style=\"margin-left: 35.4pt; text-indent: 35.4pt; text-align: center;\">MUESTRA ANUAL INSTITUCIONAL\u00a0\u00a0\u201cProducir para el Futuro\u201d<br \/>114\u00ba EXPOSICION NACIONAL.<br \/>49\u00ba INTERNACIONAL DE GANADERIA, AGRICULTURA\u00a0 E INDUSTRIA.<br \/>100\u00ba CONCURSO DE VACAS LECHERAS<\/p>\n<p>\n\n\n<p><\/p>\n<h2 style=\"text-align: center;\"><strong>PROGRAMA DE GANADERIA 2021<\/strong><\/h2>\n<p><strong>&nbsp;<\/strong><\/p>\n<h3 style=\"text-align: center;\"><strong>EXPOSICI\u00d3N A REALIZARSE DEL 28 DE SEPTIEMBRE AL 08 de OCTUBRE<\/strong><\/h3>\n<p><strong>PEDIDOS DE LOCAL HASTA EL 13 DE SEPTIEMBRE.<\/strong><\/p>\n<p><strong><em>ENTRADA DE LOS PRODUCTOS A LA EXPOSICION<\/em><\/strong><\/p>\n<p>BOVINOS HOLANDO ARGENTINO (P.P)&nbsp; &#8211;&nbsp; HASTA LA HORA 09:00 DEL JUEVES 07<\/p>\n<p>BOVINOS HOLANDO ARGENTINO (R.C) &#8211;&nbsp; HASTA LA HORA 09:00 DEL JUEVES 07<\/p>\n<p>EXPO-VENTA GENETICA DE JERARQ. XXX&nbsp; &#8211; HASTA LA HORA 09:00 DEL JUEVES 07<\/p>\n<p>BOVINOS RAZAS DE CARNE A CORRAL&nbsp; &#8211;&nbsp; HASTA LA HORA 09:00 DEL JUEVES 07<\/p>\n<p>EQUINOS, PORCINOS, OVINOS Y CAPRINOS&nbsp; &#8211; HASTA LA HORA 09:00 DEL VIERNES 01<\/p>\n<p><strong><em>ADMISION ADMINISTRATIVA Y VETERINARIA<\/em><\/strong><\/p>\n<p>&#8211; BOVINOS HOLANDO ARGENTINO (P.P) &#8211; DESDE LA HORA&nbsp; 9:00 DEL JUEVES 07<\/p>\n<p>&#8211; BOVINOS HOLANDO ARGENTINO (R.C) &#8211; DESDE LA HORA&nbsp; 9:00 DEL JUEVES 07<\/p>\n<p>&#8211; BOVINOS RAZA CARNE A CORRAL&nbsp;&nbsp;&#8211;&nbsp; &nbsp;DESDE LA HORA&nbsp; 9:00 DEL JUEVES 07<\/p>\n<p>&#8211; EQUINOS, PORCINOS, OVINOS Y CAPRINOS &#8211; DESDE LA HORA&nbsp; 9:00 DEL VIERNES 01<\/p>\n<p><\/p>\n<p><strong><em>JURADO DE CLASIFICACI\u00d3N<\/em><\/strong><\/p>\n<p>&#8211; <strong>SABADO 02<\/strong> A PARTIR DE LA HORA 08:00;&nbsp;&nbsp; EQUINOS, PORCINOS, OVINOS Y CAPRINOS&nbsp;&nbsp;&nbsp; &nbsp;&nbsp;&nbsp;&nbsp;&nbsp;&nbsp;&nbsp;<\/p>\n<p>&#8211; <strong>VIERNES 08<\/strong> A PARTIR DE LA HORA 08:00&nbsp; BOVINOS HOLANDO ARGENTINO PURO DE PEDIGREE MACHOS. CONTINUANDO CON HEMBRAS NO PARIDAS, EN LACTANCIA, SECAS PURO DE PEDIGREE Y REGISTRO DE CRIAS HASTA TERMINAR. GRANDES CAMPEONES Y PREMIOS ESPECIALES.&nbsp;&nbsp; BOVINOS RAZA CARNE A CORRAL.<\/p>\n<p>&#8211; <strong>VIERNES 08<\/strong> A PARTIR DE LA HORA 12:00. RESULTADO Y ENTREGA DE PREMIOS DE LA 4\u00ba COMPETENCIA DE VACAS A CAMPO<\/p>\n<p><\/p>\n<p><strong><em>100\u00ba CONCURSO DE VACAS LECHERAS<\/em><\/strong><\/p>\n<p><strong>&#8211;<\/strong> SECADO&#8230;&#8230;&#8230;&#8230;&#8230;.MARTES 05 DE OCTUBRE -HORA 18:00&nbsp;<\/p>\n<p>&#8211; 1\u00ba ORDE\u00d1E\u2026&#8230;&#8230;..MIERCOLES 06 -HORA 06:00&nbsp; &nbsp; &nbsp; &nbsp; 2\u00ba ORDE\u00d1E\u2026&#8230;..MIERCOLES 06 -HORA 18:00<\/p>\n<p>&#8211; 3\u00ba ORDE\u00d1E&#8230;&#8230;&#8230;&#8230;JUEVES 07 -HORA 06:00 &nbsp;&nbsp;&nbsp;&nbsp;&nbsp;&nbsp;&nbsp;&nbsp; &nbsp;4\u00ba ORDE\u00d1E&#8230;&#8230;&#8230;.JUEVES&nbsp; 07 -HORA 18:00<\/p>\n<p><\/p>\n<p><strong><em>VENTAS<\/em><\/strong><\/p>\n<p>&#8211; GEN\u00c9TICA DE JERARQU\u00cdA&nbsp; XXX&nbsp; &nbsp;&#8211; Viernes 08 Hora 15:00.<\/p>\n<p>&#8211; MACHOS HOLANDO ARGENTINO&nbsp; &#8211; Viernes 08 Hora 15:00.<\/p>\n<p>&#8211; BOVINOS RAZAS CARNES (Machos y Hembras)&nbsp; &nbsp;&#8211; Viernes 08Hora 15:00.<\/p>\n<p>&#8211; EQUINOS, PORCINOS, OVINOS Y CAPRINOS&nbsp; &#8211; S\u00e1bado 02 Hora 15:00.<\/p>\n<p><strong><em>INGRESO DE LOS PRODUCTOS<\/em><\/strong><\/p>\n<p><strong>El ingreso de los animales a la exposici\u00f3n esta condicionada a las disposiciones sanitarias establecidas por SENASA. El recorrido y el horario para la entrada de camiones al predio ser\u00e1n establecidos por Municipalidad de Rafaela. <\/strong><\/p>\n<p><strong><em>SALIDA DE LOS PRODUCTOS<\/em><\/strong><\/p>\n<p><strong>Los animales concurrentes podr\u00e1n ser retirados del local de exposici\u00f3n el d\u00eda: <\/strong><\/p>\n<p>&#8211; EQUINOS, PORCINOS, OVINOS Y CAPRINOS&nbsp; &#8211; Domingo 03<\/p>\n<p>&#8211; BOVINOS RAZAS CARNES (Machos y Hembras)&nbsp; &nbsp;&#8211; Viernes 08 \/ Finalizado el remate<\/p>\n<p>&#8211; HOLANDO ARGENTINO&nbsp; &nbsp;&#8211; Viernes 08 \/ Finalizado el remate<\/p>\n<h4><a href=\"https:\/\/ruralrafaela.com.ar\/wp-content\/uploads\/2021\/09\/Reglamento-4o-Comp.-de-Vacas-a-Campo-S.-R-Rafaela-2021.-Claudio-19.08.21.doc\" target=\"_blank\" rel=\"noopener\">\u2022 REGLAMENTO 4TO CONCURSO DE VACAS A CAMPO [descargar archivo]<\/a><\/h4>","protected":false},"excerpt":{"rendered":"<p>\u201cVacas a campo\u201d un concurso que muestra el potencial lechero regional En la cuarta edici\u00f3n de juras en los tambos, el Gran Campe\u00f3n fue un ejemplar del tambo 1 de la Lhuab SA. Con la dedicada jura del criador y veterinario Germ\u00e1n Fux, recorriendo 14 tambos de la regi\u00f3n, este s\u00e1bado se conocieron a los [&hellip;]<\/p>\n","protected":false},"author":2,"featured_media":0,"parent":0,"menu_order":0,"comment_status":"closed","ping_status":"closed","template":"","meta":{"ocean_post_layout":"","ocean_both_sidebars_style":"","ocean_both_sidebars_content_width":0,"ocean_both_sidebars_sidebars_width":0,"ocean_sidebar":"0","ocean_second_sidebar":"0","ocean_disable_margins":"enable","ocean_add_body_class":"","ocean_shortcode_before_top_bar":"","ocean_shortcode_after_top_bar":"","ocean_shortcode_before_header":"","ocean_shortcode_after_header":"","ocean_has_shortcode":"","ocean_shortcode_after_title":"","ocean_shortcode_before_footer_widgets":"","ocean_shortcode_after_footer_widgets":"","ocean_shortcode_before_footer_bottom":"","ocean_shortcode_after_footer_bottom":"","ocean_display_top_bar":"default","ocean_display_header":"default","ocean_header_style":"","ocean_center_header_left_menu":"0","ocean_custom_header_template":"0","ocean_custom_logo":0,"ocean_custom_retina_logo":0,"ocean_custom_logo_max_width":0,"ocean_custom_logo_tablet_max_width":0,"ocean_custom_logo_mobile_max_width":0,"ocean_custom_logo_max_height":0,"ocean_custom_logo_tablet_max_height":0,"ocean_custom_logo_mobile_max_height":0,"ocean_header_custom_menu":"0","ocean_menu_typo_font_family":"0","ocean_menu_typo_font_subset":"","ocean_menu_typo_font_size":0,"ocean_menu_typo_font_size_tablet":0,"ocean_menu_typo_font_size_mobile":0,"ocean_menu_typo_font_size_unit":"px","ocean_menu_typo_font_weight":"","ocean_menu_typo_font_weight_tablet":"","ocean_menu_typo_font_weight_mobile":"","ocean_menu_typo_transform":"","ocean_menu_typo_transform_tablet":"","ocean_menu_typo_transform_mobile":"","ocean_menu_typo_line_height":0,"ocean_menu_typo_line_height_tablet":0,"ocean_menu_typo_line_height_mobile":0,"ocean_menu_typo_line_height_unit":"","ocean_menu_typo_spacing":0,"ocean_menu_typo_spacing_tablet":0,"ocean_menu_typo_spacing_mobile":0,"ocean_menu_typo_spacing_unit":"","ocean_menu_link_color":"","ocean_menu_link_color_hover":"","ocean_menu_link_color_active":"","ocean_menu_link_background":"","ocean_menu_link_hover_background":"","ocean_menu_link_active_background":"","ocean_menu_social_links_bg":"","ocean_menu_social_hover_links_bg":"","ocean_menu_social_links_color":"","ocean_menu_social_hover_links_color":"","ocean_disable_title":"default","ocean_disable_heading":"default","ocean_post_title":"","ocean_post_subheading":"","ocean_post_title_style":"","ocean_post_title_background_color":"","ocean_post_title_background":0,"ocean_post_title_bg_image_position":"","ocean_post_title_bg_image_attachment":"","ocean_post_title_bg_image_repeat":"","ocean_post_title_bg_image_size":"","ocean_post_title_height":0,"ocean_post_title_bg_overlay":0.5,"ocean_post_title_bg_overlay_color":"","ocean_disable_breadcrumbs":"default","ocean_breadcrumbs_color":"","ocean_breadcrumbs_separator_color":"","ocean_breadcrumbs_links_color":"","ocean_breadcrumbs_links_hover_color":"","ocean_display_footer_widgets":"default","ocean_display_footer_bottom":"default","ocean_custom_footer_template":"0","_joinchat":[],"footnotes":""},"class_list":["post-35","page","type-page","status-publish","hentry","entry"],"yoast_head":"<!-- This site is optimized with the Yoast SEO plugin v27.5 - https:\/\/yoast.com\/product\/yoast-seo-wordpress\/ -->\n<title>4to Concurso de Vacas a Campo - 114 Expo Rural Rafaela 2021<\/title>\n<meta name=\"robots\" content=\"index, follow, max-snippet:-1, max-image-preview:large, max-video-preview:-1\" \/>\n<link rel=\"canonical\" href=\"https:\/\/ruralrafaela.com.ar\/exporural2021\/4to-concurso-de-vacas-a-campo\/\" \/>\n<meta property=\"og:locale\" content=\"es_ES\" \/>\n<meta property=\"og:type\" content=\"article\" \/>\n<meta property=\"og:title\" content=\"4to Concurso de Vacas a Campo - 114 Expo Rural Rafaela 2021\" \/>\n<meta property=\"og:description\" content=\"\u201cVacas a campo\u201d un concurso que muestra el potencial lechero regional En la cuarta edici\u00f3n de juras en los tambos, el Gran Campe\u00f3n fue un ejemplar del tambo 1 de la Lhuab SA. Con la dedicada jura del criador y veterinario Germ\u00e1n Fux, recorriendo 14 tambos de la regi\u00f3n, este s\u00e1bado se conocieron a los [&hellip;]\" \/>\n<meta property=\"og:url\" content=\"https:\/\/ruralrafaela.com.ar\/exporural2021\/4to-concurso-de-vacas-a-campo\/\" \/>\n<meta property=\"og:site_name\" content=\"114 Expo Rural Rafaela 2021\" \/>\n<meta property=\"article:modified_time\" content=\"2022-08-19T17:37:10+00:00\" \/>\n<meta name=\"twitter:card\" content=\"summary_large_image\" \/>\n<meta name=\"twitter:label1\" content=\"Tiempo de lectura\" \/>\n\t<meta name=\"twitter:data1\" content=\"5 minutos\" \/>\n<script type=\"application\/ld+json\" class=\"yoast-schema-graph\">{\"@context\":\"https:\\\/\\\/schema.org\",\"@graph\":[{\"@type\":\"WebPage\",\"@id\":\"https:\\\/\\\/ruralrafaela.com.ar\\\/exporural2021\\\/4to-concurso-de-vacas-a-campo\\\/\",\"url\":\"https:\\\/\\\/ruralrafaela.com.ar\\\/exporural2021\\\/4to-concurso-de-vacas-a-campo\\\/\",\"name\":\"4to Concurso de Vacas a Campo - 114 Expo Rural Rafaela 2021\",\"isPartOf\":{\"@id\":\"https:\\\/\\\/ruralrafaela.com.ar\\\/exporural2021\\\/#website\"},\"datePublished\":\"2022-08-19T17:37:09+00:00\",\"dateModified\":\"2022-08-19T17:37:10+00:00\",\"breadcrumb\":{\"@id\":\"https:\\\/\\\/ruralrafaela.com.ar\\\/exporural2021\\\/4to-concurso-de-vacas-a-campo\\\/#breadcrumb\"},\"inLanguage\":\"es\",\"potentialAction\":[{\"@type\":\"ReadAction\",\"target\":[\"https:\\\/\\\/ruralrafaela.com.ar\\\/exporural2021\\\/4to-concurso-de-vacas-a-campo\\\/\"]}]},{\"@type\":\"BreadcrumbList\",\"@id\":\"https:\\\/\\\/ruralrafaela.com.ar\\\/exporural2021\\\/4to-concurso-de-vacas-a-campo\\\/#breadcrumb\",\"itemListElement\":[{\"@type\":\"ListItem\",\"position\":1,\"name\":\"Portada\",\"item\":\"https:\\\/\\\/ruralrafaela.com.ar\\\/exporural2021\\\/\"},{\"@type\":\"ListItem\",\"position\":2,\"name\":\"4to Concurso de Vacas a Campo\"}]},{\"@type\":\"WebSite\",\"@id\":\"https:\\\/\\\/ruralrafaela.com.ar\\\/exporural2021\\\/#website\",\"url\":\"https:\\\/\\\/ruralrafaela.com.ar\\\/exporural2021\\\/\",\"name\":\"114 Expo Rural Rafaela 2021\",\"description\":\"Sitio oficial de la Expo Rural Rafaela\",\"publisher\":{\"@id\":\"https:\\\/\\\/ruralrafaela.com.ar\\\/exporural2021\\\/#organization\"},\"potentialAction\":[{\"@type\":\"SearchAction\",\"target\":{\"@type\":\"EntryPoint\",\"urlTemplate\":\"https:\\\/\\\/ruralrafaela.com.ar\\\/exporural2021\\\/?s={search_term_string}\"},\"query-input\":{\"@type\":\"PropertyValueSpecification\",\"valueRequired\":true,\"valueName\":\"search_term_string\"}}],\"inLanguage\":\"es\"},{\"@type\":\"Organization\",\"@id\":\"https:\\\/\\\/ruralrafaela.com.ar\\\/exporural2021\\\/#organization\",\"name\":\"114 Expo Rural Rafaela 2021\",\"url\":\"https:\\\/\\\/ruralrafaela.com.ar\\\/exporural2021\\\/\",\"logo\":{\"@type\":\"ImageObject\",\"inLanguage\":\"es\",\"@id\":\"https:\\\/\\\/ruralrafaela.com.ar\\\/exporural2021\\\/#\\\/schema\\\/logo\\\/image\\\/\",\"url\":\"https:\\\/\\\/ruralrafaela.com.ar\\\/exporural2021\\\/wp-content\\\/uploads\\\/sites\\\/18\\\/2022\\\/08\\\/cropped-Logo-Muestra.jpg\",\"contentUrl\":\"https:\\\/\\\/ruralrafaela.com.ar\\\/exporural2021\\\/wp-content\\\/uploads\\\/sites\\\/18\\\/2022\\\/08\\\/cropped-Logo-Muestra.jpg\",\"width\":653,\"height\":195,\"caption\":\"114 Expo Rural Rafaela 2021\"},\"image\":{\"@id\":\"https:\\\/\\\/ruralrafaela.com.ar\\\/exporural2021\\\/#\\\/schema\\\/logo\\\/image\\\/\"}}]}<\/script>\n<!-- \/ Yoast SEO plugin. -->","yoast_head_json":{"title":"4to Concurso de Vacas a Campo - 114 Expo Rural Rafaela 2021","robots":{"index":"index","follow":"follow","max-snippet":"max-snippet:-1","max-image-preview":"max-image-preview:large","max-video-preview":"max-video-preview:-1"},"canonical":"https:\/\/ruralrafaela.com.ar\/exporural2021\/4to-concurso-de-vacas-a-campo\/","og_locale":"es_ES","og_type":"article","og_title":"4to Concurso de Vacas a Campo - 114 Expo Rural Rafaela 2021","og_description":"\u201cVacas a campo\u201d un concurso que muestra el potencial lechero regional En la cuarta edici\u00f3n de juras en los tambos, el Gran Campe\u00f3n fue un ejemplar del tambo 1 de la Lhuab SA. Con la dedicada jura del criador y veterinario Germ\u00e1n Fux, recorriendo 14 tambos de la regi\u00f3n, este s\u00e1bado se conocieron a los [&hellip;]","og_url":"https:\/\/ruralrafaela.com.ar\/exporural2021\/4to-concurso-de-vacas-a-campo\/","og_site_name":"114 Expo Rural Rafaela 2021","article_modified_time":"2022-08-19T17:37:10+00:00","twitter_card":"summary_large_image","twitter_misc":{"Tiempo de lectura":"5 minutos"},"schema":{"@context":"https:\/\/schema.org","@graph":[{"@type":"WebPage","@id":"https:\/\/ruralrafaela.com.ar\/exporural2021\/4to-concurso-de-vacas-a-campo\/","url":"https:\/\/ruralrafaela.com.ar\/exporural2021\/4to-concurso-de-vacas-a-campo\/","name":"4to Concurso de Vacas a Campo - 114 Expo Rural Rafaela 2021","isPartOf":{"@id":"https:\/\/ruralrafaela.com.ar\/exporural2021\/#website"},"datePublished":"2022-08-19T17:37:09+00:00","dateModified":"2022-08-19T17:37:10+00:00","breadcrumb":{"@id":"https:\/\/ruralrafaela.com.ar\/exporural2021\/4to-concurso-de-vacas-a-campo\/#breadcrumb"},"inLanguage":"es","potentialAction":[{"@type":"ReadAction","target":["https:\/\/ruralrafaela.com.ar\/exporural2021\/4to-concurso-de-vacas-a-campo\/"]}]},{"@type":"BreadcrumbList","@id":"https:\/\/ruralrafaela.com.ar\/exporural2021\/4to-concurso-de-vacas-a-campo\/#breadcrumb","itemListElement":[{"@type":"ListItem","position":1,"name":"Portada","item":"https:\/\/ruralrafaela.com.ar\/exporural2021\/"},{"@type":"ListItem","position":2,"name":"4to Concurso de Vacas a Campo"}]},{"@type":"WebSite","@id":"https:\/\/ruralrafaela.com.ar\/exporural2021\/#website","url":"https:\/\/ruralrafaela.com.ar\/exporural2021\/","name":"114 Expo Rural Rafaela 2021","description":"Sitio oficial de la Expo Rural Rafaela","publisher":{"@id":"https:\/\/ruralrafaela.com.ar\/exporural2021\/#organization"},"potentialAction":[{"@type":"SearchAction","target":{"@type":"EntryPoint","urlTemplate":"https:\/\/ruralrafaela.com.ar\/exporural2021\/?s={search_term_string}"},"query-input":{"@type":"PropertyValueSpecification","valueRequired":true,"valueName":"search_term_string"}}],"inLanguage":"es"},{"@type":"Organization","@id":"https:\/\/ruralrafaela.com.ar\/exporural2021\/#organization","name":"114 Expo Rural Rafaela 2021","url":"https:\/\/ruralrafaela.com.ar\/exporural2021\/","logo":{"@type":"ImageObject","inLanguage":"es","@id":"https:\/\/ruralrafaela.com.ar\/exporural2021\/#\/schema\/logo\/image\/","url":"https:\/\/ruralrafaela.com.ar\/exporural2021\/wp-content\/uploads\/sites\/18\/2022\/08\/cropped-Logo-Muestra.jpg","contentUrl":"https:\/\/ruralrafaela.com.ar\/exporural2021\/wp-content\/uploads\/sites\/18\/2022\/08\/cropped-Logo-Muestra.jpg","width":653,"height":195,"caption":"114 Expo Rural Rafaela 2021"},"image":{"@id":"https:\/\/ruralrafaela.com.ar\/exporural2021\/#\/schema\/logo\/image\/"}}]}},"_links":{"self":[{"href":"https:\/\/ruralrafaela.com.ar\/exporural2021\/wp-json\/wp\/v2\/pages\/35","targetHints":{"allow":["GET"]}}],"collection":[{"href":"https:\/\/ruralrafaela.com.ar\/exporural2021\/wp-json\/wp\/v2\/pages"}],"about":[{"href":"https:\/\/ruralrafaela.com.ar\/exporural2021\/wp-json\/wp\/v2\/types\/page"}],"author":[{"embeddable":true,"href":"https:\/\/ruralrafaela.com.ar\/exporural2021\/wp-json\/wp\/v2\/users\/2"}],"replies":[{"embeddable":true,"href":"https:\/\/ruralrafaela.com.ar\/exporural2021\/wp-json\/wp\/v2\/comments?post=35"}],"version-history":[{"count":1,"href":"https:\/\/ruralrafaela.com.ar\/exporural2021\/wp-json\/wp\/v2\/pages\/35\/revisions"}],"predecessor-version":[{"id":36,"href":"https:\/\/ruralrafaela.com.ar\/exporural2021\/wp-json\/wp\/v2\/pages\/35\/revisions\/36"}],"wp:attachment":[{"href":"https:\/\/ruralrafaela.com.ar\/exporural2021\/wp-json\/wp\/v2\/media?parent=35"}],"curies":[{"name":"wp","href":"https:\/\/api.w.org\/{rel}","templated":true}]}}