{"id":33,"date":"2022-08-19T17:36:10","date_gmt":"2022-08-19T17:36:10","guid":{"rendered":"https:\/\/ruralrafaela.com.ar\/exporural2021\/?page_id=33"},"modified":"2022-08-19T17:36:10","modified_gmt":"2022-08-19T17:36:10","slug":"100-concurso-de-vacas-lecheras","status":"publish","type":"page","link":"https:\/\/ruralrafaela.com.ar\/exporural2021\/100-concurso-de-vacas-lecheras\/","title":{"rendered":"100 Concurso de Vacas Lecheras"},"content":{"rendered":"\n<figure class=\"wp-block-image size-large is-resized\"><a href=\"https:\/\/ruralrafaela.com.ar\/wp-content\/uploads\/2021\/10\/Diapositiva3.jpg\"><img fetchpriority=\"high\" decoding=\"async\" src=\"https:\/\/ruralrafaela.com.ar\/wp-content\/uploads\/2021\/10\/Diapositiva3-1024x576.jpg\" alt=\"\" class=\"wp-image-3816\" width=\"925\" height=\"520\"\/><\/a><\/figure>\n\n\n\n<figure class=\"wp-block-image size-large is-resized\"><a href=\"https:\/\/ruralrafaela.com.ar\/wp-content\/uploads\/2021\/10\/Diapositiva1.jpg\"><img decoding=\"async\" src=\"https:\/\/ruralrafaela.com.ar\/wp-content\/uploads\/2021\/10\/Diapositiva1-1024x576.jpg\" alt=\"\" class=\"wp-image-3817\" width=\"950\" height=\"534\"\/><\/a><\/figure>\n\n\n\n<h5 class=\"wp-block-heading\">&nbsp;<\/h5>\n\n\n\n<figure class=\"wp-block-image size-large is-resized\"><a href=\"https:\/\/ruralrafaela.com.ar\/wp-content\/uploads\/2021\/10\/Diapositiva2.jpg\"><img decoding=\"async\" src=\"https:\/\/ruralrafaela.com.ar\/wp-content\/uploads\/2021\/10\/Diapositiva2-1024x576.jpg\" alt=\"\" class=\"wp-image-3818\" width=\"922\" height=\"518\"\/><\/a><\/figure>\n\n\n\n<div class=\"wp-block-columns is-layout-flex wp-container-core-columns-is-layout-9d6595d7 wp-block-columns-is-layout-flex\">\n<div class=\"wp-block-column is-layout-flow wp-block-column-is-layout-flow\" style=\"flex-basis:100%\">\n<figure class=\"wp-block-gallery has-nested-images columns-default is-cropped wp-block-gallery-1 is-layout-flex wp-block-gallery-is-layout-flex\">\n<figure class=\"wp-block-image size-large\"><a href=\"https:\/\/ruralrafaela.com.ar\/wp-content\/uploads\/2021\/10\/WhatsApp-Image-2021-10-06-at-18.38.39-2.jpeg\"><img decoding=\"async\" data-id=\"3819\" src=\"https:\/\/ruralrafaela.com.ar\/wp-content\/uploads\/2021\/10\/WhatsApp-Image-2021-10-06-at-18.38.39-2-1024x1024.jpeg\" alt=\"\" class=\"wp-image-3819\"\/><\/a><\/figure>\n\n\n\n<figure class=\"wp-block-image size-large\"><a href=\"https:\/\/ruralrafaela.com.ar\/wp-content\/uploads\/2021\/10\/WhatsApp-Image-2021-10-06-at-18.38.39-1.jpeg\"><img decoding=\"async\" data-id=\"3820\" src=\"https:\/\/ruralrafaela.com.ar\/wp-content\/uploads\/2021\/10\/WhatsApp-Image-2021-10-06-at-18.38.39-1-1024x1024.jpeg\" alt=\"\" class=\"wp-image-3820\"\/><\/a><\/figure>\n\n\n\n<figure class=\"wp-block-image size-large\"><a href=\"https:\/\/ruralrafaela.com.ar\/wp-content\/uploads\/2021\/10\/WhatsApp-Image-2021-10-06-at-18.38.40.jpeg\"><img decoding=\"async\" data-id=\"3822\" src=\"https:\/\/ruralrafaela.com.ar\/wp-content\/uploads\/2021\/10\/WhatsApp-Image-2021-10-06-at-18.38.40-1024x1024.jpeg\" alt=\"\" class=\"wp-image-3822\"\/><\/a><\/figure>\n<\/figure>\n<\/div>\n<\/div>\n\n\n\n<h2 class=\"wp-block-heading\"><strong>PROGRAMA DE GANADERIA 2021<\/strong><\/h2>\n\n\n\n<h3 class=\"wp-block-heading\"><strong>EXPOSICI\u00d3N A REALIZARSE DEL 28 DE SEPTIEMBRE AL 08 de OCTUBRE<\/strong><\/h3>\n\n\n\n<p><strong>PEDIDOS DE LOCAL HASTA EL 13 DE SEPTIEMBRE.<\/strong><\/p>\n\n\n\n<p><strong><em>ENTRADA DE LOS PRODUCTOS A LA EXPOSICION<\/em><\/strong><\/p>\n\n\n\n<p>BOVINOS HOLANDO ARGENTINO (P.P)&nbsp; &#8211;&nbsp; HASTA LA HORA 09:00 DEL JUEVES 07<\/p>\n\n\n\n<p>BOVINOS HOLANDO ARGENTINO (R.C) &#8211;&nbsp; HASTA LA HORA 09:00 DEL JUEVES 07<\/p>\n\n\n\n<p>EXPO-VENTA GENETICA DE JERARQ. XXX&nbsp; &#8211; HASTA LA HORA 09:00 DEL JUEVES 07<\/p>\n\n\n\n<p>BOVINOS RAZAS DE CARNE A CORRAL&nbsp; &#8211;&nbsp; HASTA LA HORA 09:00 DEL JUEVES 07<\/p>\n\n\n\n<p>EQUINOS, PORCINOS, OVINOS Y CAPRINOS&nbsp; &#8211; HASTA LA HORA 09:00 DEL VIERNES 01<\/p>\n\n\n\n<p><strong><em>ADMISION ADMINISTRATIVA Y VETERINARIA<\/em><\/strong><\/p>\n\n\n\n<p>&#8211; BOVINOS HOLANDO ARGENTINO (P.P) &#8211; DESDE LA HORA&nbsp; 9:00 DEL JUEVES 07<\/p>\n\n\n\n<p>&#8211; BOVINOS HOLANDO ARGENTINO (R.C) &#8211; DESDE LA HORA&nbsp; 9:00 DEL JUEVES 07<\/p>\n\n\n\n<p>&#8211; BOVINOS RAZA CARNE A CORRAL&nbsp;&nbsp;&#8211;&nbsp; &nbsp;DESDE LA HORA&nbsp; 9:00 DEL JUEVES 07<\/p>\n\n\n\n<p>&#8211; EQUINOS, PORCINOS, OVINOS Y CAPRINOS &#8211; DESDE LA HORA&nbsp; 9:00 DEL VIERNES 01<\/p>\n\n\n\n<p><strong><em>JURADO DE CLASIFICACI\u00d3N<\/em><\/strong><\/p>\n\n\n\n<p>&#8211; <strong>SABADO 02<\/strong> A PARTIR DE LA HORA 08:00;&nbsp;&nbsp; EQUINOS, PORCINOS, OVINOS Y CAPRINOS&nbsp;&nbsp;&nbsp; &nbsp;&nbsp;&nbsp;&nbsp;&nbsp;&nbsp;&nbsp;<\/p>\n\n\n\n<p>&#8211; <strong>VIERNES 08<\/strong> A PARTIR DE LA HORA 08:00&nbsp; BOVINOS HOLANDO ARGENTINO PURO DE PEDIGREE MACHOS. CONTINUANDO CON HEMBRAS NO PARIDAS, EN LACTANCIA, SECAS PURO DE PEDIGREE Y REGISTRO DE CRIAS HASTA TERMINAR. GRANDES CAMPEONES Y PREMIOS ESPECIALES.&nbsp;&nbsp; BOVINOS RAZA CARNE A CORRAL.<\/p>\n\n\n\n<p>&#8211; <strong>VIERNES 08<\/strong> A PARTIR DE LA HORA 12:00. RESULTADO Y ENTREGA DE PREMIOS DE LA 4\u00ba COMPETENCIA DE VACAS A CAMPO<\/p>\n\n\n\n<p><strong><em>100\u00ba CONCURSO DE VACAS LECHERAS<\/em><\/strong><\/p>\n\n\n\n<p><strong>&#8211;<\/strong> SECADO&#8230;&#8230;&#8230;&#8230;&#8230;.MARTES 05 DE OCTUBRE -HORA 18:00&nbsp;<\/p>\n\n\n\n<p>&#8211; 1\u00ba ORDE\u00d1E\u2026&#8230;&#8230;..MIERCOLES 06 -HORA 06:00&nbsp; &nbsp; &nbsp; &nbsp; 2\u00ba ORDE\u00d1E\u2026&#8230;..MIERCOLES 06 -HORA 18:00<\/p>\n\n\n\n<p>&#8211; 3\u00ba ORDE\u00d1E&#8230;&#8230;&#8230;&#8230;JUEVES 07 -HORA 06:00 &nbsp;&nbsp;&nbsp;&nbsp;&nbsp;&nbsp;&nbsp;&nbsp; &nbsp;4\u00ba ORDE\u00d1E&#8230;&#8230;&#8230;.JUEVES&nbsp; 07 -HORA 18:00<\/p>\n\n\n\n<p><strong><em>VENTAS<\/em><\/strong><\/p>\n\n\n\n<p>&#8211; GEN\u00c9TICA DE JERARQU\u00cdA&nbsp; XXX&nbsp; &nbsp;&#8211; Viernes 08 Hora 15:00.<\/p>\n\n\n\n<p>&#8211; MACHOS HOLANDO ARGENTINO&nbsp; &#8211; Viernes 08 Hora 15:00.<\/p>\n\n\n\n<p>&#8211; BOVINOS RAZAS CARNES (Machos y Hembras)&nbsp; &nbsp;&#8211; Viernes 08Hora 15:00.<\/p>\n\n\n\n<p>&#8211; EQUINOS, PORCINOS, OVINOS Y CAPRINOS&nbsp; &#8211; S\u00e1bado 02 Hora 15:00.<\/p>\n\n\n\n<p><strong><em>INGRESO DE LOS PRODUCTOS<\/em><\/strong><\/p>\n\n\n\n<p><strong>El ingreso de los animales a la exposici\u00f3n esta condicionada a las disposiciones sanitarias establecidas por SENASA. El recorrido y el horario para la entrada de camiones al predio ser\u00e1n establecidos por Municipalidad de Rafaela.<\/strong><\/p>\n\n\n\n<p><strong><em>SALIDA DE LOS PRODUCTOS<\/em><\/strong><\/p>\n\n\n\n<p><strong>Los animales concurrentes podr\u00e1n ser retirados del local de exposici\u00f3n el d\u00eda:<\/strong><\/p>\n\n\n\n<p>&#8211; EQUINOS, PORCINOS, OVINOS Y CAPRINOS&nbsp; &#8211; Domingo 03<\/p>\n\n\n\n<p>&#8211; BOVINOS RAZAS CARNES (Machos y Hembras)&nbsp; &nbsp;&#8211; Viernes 08 \/ Finalizado el remate<\/p>\n\n\n\n<p>&#8211; HOLANDO ARGENTINO&nbsp; &nbsp;&#8211; Viernes 08 \/ Finalizado el remate<\/p>\n\n\n\n<h4 class=\"wp-block-heading\">\u2022 <a href=\"https:\/\/ruralrafaela.com.ar\/wp-content\/uploads\/2021\/09\/REGLAMENTO-DEL-100o-concurso-lechero-2021.-Claudio-22.08.21.doc\" target=\"_blank\" rel=\"noreferrer noopener\">REGLAMENTO DE INSCRIPCI\u00d3N 100 CONCURSO DE VACAS LECHERAS [descargar archivo]<\/a><\/h4>\n\n\n\n<h4 class=\"wp-block-heading\"><a href=\"https:\/\/ruralrafaela.com.ar\/wp-content\/uploads\/2021\/09\/Planilla-Inscripcion-Concurso-Vacas-Lecheras-2021.xls\" target=\"_blank\" rel=\"noreferrer noopener\">\u2022 PLANILLA DE INSCRIPCI\u00d3N 100 CONCURSO DE VACAS LECHERAS [descargar archivo]<\/a><\/h4>\n","protected":false},"excerpt":{"rendered":"<p>&nbsp; PROGRAMA DE GANADERIA 2021 EXPOSICI\u00d3N A REALIZARSE DEL 28 DE SEPTIEMBRE AL 08 de OCTUBRE PEDIDOS DE LOCAL HASTA EL 13 DE SEPTIEMBRE. ENTRADA DE LOS PRODUCTOS A LA EXPOSICION BOVINOS HOLANDO ARGENTINO (P.P)&nbsp; &#8211;&nbsp; HASTA LA HORA 09:00 DEL JUEVES 07 BOVINOS HOLANDO ARGENTINO (R.C) &#8211;&nbsp; HASTA LA HORA 09:00 DEL JUEVES 07 [&hellip;]<\/p>\n","protected":false},"author":2,"featured_media":0,"parent":0,"menu_order":0,"comment_status":"closed","ping_status":"closed","template":"","meta":{"ocean_post_layout":"","ocean_both_sidebars_style":"","ocean_both_sidebars_content_width":0,"ocean_both_sidebars_sidebars_width":0,"ocean_sidebar":"0","ocean_second_sidebar":"0","ocean_disable_margins":"enable","ocean_add_body_class":"","ocean_shortcode_before_top_bar":"","ocean_shortcode_after_top_bar":"","ocean_shortcode_before_header":"","ocean_shortcode_after_header":"","ocean_has_shortcode":"","ocean_shortcode_after_title":"","ocean_shortcode_before_footer_widgets":"","ocean_shortcode_after_footer_widgets":"","ocean_shortcode_before_footer_bottom":"","ocean_shortcode_after_footer_bottom":"","ocean_display_top_bar":"default","ocean_display_header":"default","ocean_header_style":"","ocean_center_header_left_menu":"0","ocean_custom_header_template":"0","ocean_custom_logo":0,"ocean_custom_retina_logo":0,"ocean_custom_logo_max_width":0,"ocean_custom_logo_tablet_max_width":0,"ocean_custom_logo_mobile_max_width":0,"ocean_custom_logo_max_height":0,"ocean_custom_logo_tablet_max_height":0,"ocean_custom_logo_mobile_max_height":0,"ocean_header_custom_menu":"0","ocean_menu_typo_font_family":"0","ocean_menu_typo_font_subset":"","ocean_menu_typo_font_size":0,"ocean_menu_typo_font_size_tablet":0,"ocean_menu_typo_font_size_mobile":0,"ocean_menu_typo_font_size_unit":"px","ocean_menu_typo_font_weight":"","ocean_menu_typo_font_weight_tablet":"","ocean_menu_typo_font_weight_mobile":"","ocean_menu_typo_transform":"","ocean_menu_typo_transform_tablet":"","ocean_menu_typo_transform_mobile":"","ocean_menu_typo_line_height":0,"ocean_menu_typo_line_height_tablet":0,"ocean_menu_typo_line_height_mobile":0,"ocean_menu_typo_line_height_unit":"","ocean_menu_typo_spacing":0,"ocean_menu_typo_spacing_tablet":0,"ocean_menu_typo_spacing_mobile":0,"ocean_menu_typo_spacing_unit":"","ocean_menu_link_color":"","ocean_menu_link_color_hover":"","ocean_menu_link_color_active":"","ocean_menu_link_background":"","ocean_menu_link_hover_background":"","ocean_menu_link_active_background":"","ocean_menu_social_links_bg":"","ocean_menu_social_hover_links_bg":"","ocean_menu_social_links_color":"","ocean_menu_social_hover_links_color":"","ocean_disable_title":"default","ocean_disable_heading":"default","ocean_post_title":"","ocean_post_subheading":"","ocean_post_title_style":"","ocean_post_title_background_color":"","ocean_post_title_background":0,"ocean_post_title_bg_image_position":"","ocean_post_title_bg_image_attachment":"","ocean_post_title_bg_image_repeat":"","ocean_post_title_bg_image_size":"","ocean_post_title_height":0,"ocean_post_title_bg_overlay":0.5,"ocean_post_title_bg_overlay_color":"","ocean_disable_breadcrumbs":"default","ocean_breadcrumbs_color":"","ocean_breadcrumbs_separator_color":"","ocean_breadcrumbs_links_color":"","ocean_breadcrumbs_links_hover_color":"","ocean_display_footer_widgets":"default","ocean_display_footer_bottom":"default","ocean_custom_footer_template":"0","_joinchat":[],"footnotes":""},"class_list":["post-33","page","type-page","status-publish","hentry","entry"],"yoast_head":"<!-- This site is optimized with the Yoast SEO plugin v27.5 - https:\/\/yoast.com\/product\/yoast-seo-wordpress\/ -->\n<title>100 Concurso de Vacas Lecheras - 114 Expo Rural Rafaela 2021<\/title>\n<meta name=\"robots\" content=\"index, follow, max-snippet:-1, max-image-preview:large, max-video-preview:-1\" \/>\n<link rel=\"canonical\" href=\"https:\/\/ruralrafaela.com.ar\/exporural2021\/100-concurso-de-vacas-lecheras\/\" \/>\n<meta property=\"og:locale\" content=\"es_ES\" \/>\n<meta property=\"og:type\" content=\"article\" \/>\n<meta property=\"og:title\" content=\"100 Concurso de Vacas Lecheras - 114 Expo Rural Rafaela 2021\" \/>\n<meta property=\"og:description\" content=\"&nbsp; PROGRAMA DE GANADERIA 2021 EXPOSICI\u00d3N A REALIZARSE DEL 28 DE SEPTIEMBRE AL 08 de OCTUBRE PEDIDOS DE LOCAL HASTA EL 13 DE SEPTIEMBRE. ENTRADA DE LOS PRODUCTOS A LA EXPOSICION BOVINOS HOLANDO ARGENTINO (P.P)&nbsp; &#8211;&nbsp; HASTA LA HORA 09:00 DEL JUEVES 07 BOVINOS HOLANDO ARGENTINO (R.C) &#8211;&nbsp; HASTA LA HORA 09:00 DEL JUEVES 07 [&hellip;]\" \/>\n<meta property=\"og:url\" content=\"https:\/\/ruralrafaela.com.ar\/exporural2021\/100-concurso-de-vacas-lecheras\/\" \/>\n<meta property=\"og:site_name\" content=\"114 Expo Rural Rafaela 2021\" \/>\n<meta property=\"og:image\" content=\"https:\/\/ruralrafaela.com.ar\/wp-content\/uploads\/2021\/10\/Diapositiva3-1024x576.jpg\" \/>\n<meta name=\"twitter:card\" content=\"summary_large_image\" \/>\n<meta name=\"twitter:label1\" content=\"Tiempo de lectura\" \/>\n\t<meta name=\"twitter:data1\" content=\"2 minutos\" \/>\n<script type=\"application\/ld+json\" class=\"yoast-schema-graph\">{\"@context\":\"https:\\\/\\\/schema.org\",\"@graph\":[{\"@type\":\"WebPage\",\"@id\":\"https:\\\/\\\/ruralrafaela.com.ar\\\/exporural2021\\\/100-concurso-de-vacas-lecheras\\\/\",\"url\":\"https:\\\/\\\/ruralrafaela.com.ar\\\/exporural2021\\\/100-concurso-de-vacas-lecheras\\\/\",\"name\":\"100 Concurso de Vacas Lecheras - 114 Expo Rural Rafaela 2021\",\"isPartOf\":{\"@id\":\"https:\\\/\\\/ruralrafaela.com.ar\\\/exporural2021\\\/#website\"},\"primaryImageOfPage\":{\"@id\":\"https:\\\/\\\/ruralrafaela.com.ar\\\/exporural2021\\\/100-concurso-de-vacas-lecheras\\\/#primaryimage\"},\"image\":{\"@id\":\"https:\\\/\\\/ruralrafaela.com.ar\\\/exporural2021\\\/100-concurso-de-vacas-lecheras\\\/#primaryimage\"},\"thumbnailUrl\":\"https:\\\/\\\/ruralrafaela.com.ar\\\/wp-content\\\/uploads\\\/2021\\\/10\\\/Diapositiva3-1024x576.jpg\",\"datePublished\":\"2022-08-19T17:36:10+00:00\",\"breadcrumb\":{\"@id\":\"https:\\\/\\\/ruralrafaela.com.ar\\\/exporural2021\\\/100-concurso-de-vacas-lecheras\\\/#breadcrumb\"},\"inLanguage\":\"es\",\"potentialAction\":[{\"@type\":\"ReadAction\",\"target\":[\"https:\\\/\\\/ruralrafaela.com.ar\\\/exporural2021\\\/100-concurso-de-vacas-lecheras\\\/\"]}]},{\"@type\":\"ImageObject\",\"inLanguage\":\"es\",\"@id\":\"https:\\\/\\\/ruralrafaela.com.ar\\\/exporural2021\\\/100-concurso-de-vacas-lecheras\\\/#primaryimage\",\"url\":\"https:\\\/\\\/ruralrafaela.com.ar\\\/wp-content\\\/uploads\\\/2021\\\/10\\\/Diapositiva3-1024x576.jpg\",\"contentUrl\":\"https:\\\/\\\/ruralrafaela.com.ar\\\/wp-content\\\/uploads\\\/2021\\\/10\\\/Diapositiva3-1024x576.jpg\"},{\"@type\":\"BreadcrumbList\",\"@id\":\"https:\\\/\\\/ruralrafaela.com.ar\\\/exporural2021\\\/100-concurso-de-vacas-lecheras\\\/#breadcrumb\",\"itemListElement\":[{\"@type\":\"ListItem\",\"position\":1,\"name\":\"Portada\",\"item\":\"https:\\\/\\\/ruralrafaela.com.ar\\\/exporural2021\\\/\"},{\"@type\":\"ListItem\",\"position\":2,\"name\":\"100 Concurso de Vacas Lecheras\"}]},{\"@type\":\"WebSite\",\"@id\":\"https:\\\/\\\/ruralrafaela.com.ar\\\/exporural2021\\\/#website\",\"url\":\"https:\\\/\\\/ruralrafaela.com.ar\\\/exporural2021\\\/\",\"name\":\"114 Expo Rural Rafaela 2021\",\"description\":\"Sitio oficial de la Expo Rural Rafaela\",\"publisher\":{\"@id\":\"https:\\\/\\\/ruralrafaela.com.ar\\\/exporural2021\\\/#organization\"},\"potentialAction\":[{\"@type\":\"SearchAction\",\"target\":{\"@type\":\"EntryPoint\",\"urlTemplate\":\"https:\\\/\\\/ruralrafaela.com.ar\\\/exporural2021\\\/?s={search_term_string}\"},\"query-input\":{\"@type\":\"PropertyValueSpecification\",\"valueRequired\":true,\"valueName\":\"search_term_string\"}}],\"inLanguage\":\"es\"},{\"@type\":\"Organization\",\"@id\":\"https:\\\/\\\/ruralrafaela.com.ar\\\/exporural2021\\\/#organization\",\"name\":\"114 Expo Rural Rafaela 2021\",\"url\":\"https:\\\/\\\/ruralrafaela.com.ar\\\/exporural2021\\\/\",\"logo\":{\"@type\":\"ImageObject\",\"inLanguage\":\"es\",\"@id\":\"https:\\\/\\\/ruralrafaela.com.ar\\\/exporural2021\\\/#\\\/schema\\\/logo\\\/image\\\/\",\"url\":\"https:\\\/\\\/ruralrafaela.com.ar\\\/exporural2021\\\/wp-content\\\/uploads\\\/sites\\\/18\\\/2022\\\/08\\\/cropped-Logo-Muestra.jpg\",\"contentUrl\":\"https:\\\/\\\/ruralrafaela.com.ar\\\/exporural2021\\\/wp-content\\\/uploads\\\/sites\\\/18\\\/2022\\\/08\\\/cropped-Logo-Muestra.jpg\",\"width\":653,\"height\":195,\"caption\":\"114 Expo Rural Rafaela 2021\"},\"image\":{\"@id\":\"https:\\\/\\\/ruralrafaela.com.ar\\\/exporural2021\\\/#\\\/schema\\\/logo\\\/image\\\/\"}}]}<\/script>\n<!-- \/ Yoast SEO plugin. -->","yoast_head_json":{"title":"100 Concurso de Vacas Lecheras - 114 Expo Rural Rafaela 2021","robots":{"index":"index","follow":"follow","max-snippet":"max-snippet:-1","max-image-preview":"max-image-preview:large","max-video-preview":"max-video-preview:-1"},"canonical":"https:\/\/ruralrafaela.com.ar\/exporural2021\/100-concurso-de-vacas-lecheras\/","og_locale":"es_ES","og_type":"article","og_title":"100 Concurso de Vacas Lecheras - 114 Expo Rural Rafaela 2021","og_description":"&nbsp; PROGRAMA DE GANADERIA 2021 EXPOSICI\u00d3N A REALIZARSE DEL 28 DE SEPTIEMBRE AL 08 de OCTUBRE PEDIDOS DE LOCAL HASTA EL 13 DE SEPTIEMBRE. ENTRADA DE LOS PRODUCTOS A LA EXPOSICION BOVINOS HOLANDO ARGENTINO (P.P)&nbsp; &#8211;&nbsp; HASTA LA HORA 09:00 DEL JUEVES 07 BOVINOS HOLANDO ARGENTINO (R.C) &#8211;&nbsp; HASTA LA HORA 09:00 DEL JUEVES 07 [&hellip;]","og_url":"https:\/\/ruralrafaela.com.ar\/exporural2021\/100-concurso-de-vacas-lecheras\/","og_site_name":"114 Expo Rural Rafaela 2021","og_image":[{"url":"https:\/\/ruralrafaela.com.ar\/wp-content\/uploads\/2021\/10\/Diapositiva3-1024x576.jpg","type":"","width":"","height":""}],"twitter_card":"summary_large_image","twitter_misc":{"Tiempo de lectura":"2 minutos"},"schema":{"@context":"https:\/\/schema.org","@graph":[{"@type":"WebPage","@id":"https:\/\/ruralrafaela.com.ar\/exporural2021\/100-concurso-de-vacas-lecheras\/","url":"https:\/\/ruralrafaela.com.ar\/exporural2021\/100-concurso-de-vacas-lecheras\/","name":"100 Concurso de Vacas Lecheras - 114 Expo Rural Rafaela 2021","isPartOf":{"@id":"https:\/\/ruralrafaela.com.ar\/exporural2021\/#website"},"primaryImageOfPage":{"@id":"https:\/\/ruralrafaela.com.ar\/exporural2021\/100-concurso-de-vacas-lecheras\/#primaryimage"},"image":{"@id":"https:\/\/ruralrafaela.com.ar\/exporural2021\/100-concurso-de-vacas-lecheras\/#primaryimage"},"thumbnailUrl":"https:\/\/ruralrafaela.com.ar\/wp-content\/uploads\/2021\/10\/Diapositiva3-1024x576.jpg","datePublished":"2022-08-19T17:36:10+00:00","breadcrumb":{"@id":"https:\/\/ruralrafaela.com.ar\/exporural2021\/100-concurso-de-vacas-lecheras\/#breadcrumb"},"inLanguage":"es","potentialAction":[{"@type":"ReadAction","target":["https:\/\/ruralrafaela.com.ar\/exporural2021\/100-concurso-de-vacas-lecheras\/"]}]},{"@type":"ImageObject","inLanguage":"es","@id":"https:\/\/ruralrafaela.com.ar\/exporural2021\/100-concurso-de-vacas-lecheras\/#primaryimage","url":"https:\/\/ruralrafaela.com.ar\/wp-content\/uploads\/2021\/10\/Diapositiva3-1024x576.jpg","contentUrl":"https:\/\/ruralrafaela.com.ar\/wp-content\/uploads\/2021\/10\/Diapositiva3-1024x576.jpg"},{"@type":"BreadcrumbList","@id":"https:\/\/ruralrafaela.com.ar\/exporural2021\/100-concurso-de-vacas-lecheras\/#breadcrumb","itemListElement":[{"@type":"ListItem","position":1,"name":"Portada","item":"https:\/\/ruralrafaela.com.ar\/exporural2021\/"},{"@type":"ListItem","position":2,"name":"100 Concurso de Vacas Lecheras"}]},{"@type":"WebSite","@id":"https:\/\/ruralrafaela.com.ar\/exporural2021\/#website","url":"https:\/\/ruralrafaela.com.ar\/exporural2021\/","name":"114 Expo Rural Rafaela 2021","description":"Sitio oficial de la Expo Rural Rafaela","publisher":{"@id":"https:\/\/ruralrafaela.com.ar\/exporural2021\/#organization"},"potentialAction":[{"@type":"SearchAction","target":{"@type":"EntryPoint","urlTemplate":"https:\/\/ruralrafaela.com.ar\/exporural2021\/?s={search_term_string}"},"query-input":{"@type":"PropertyValueSpecification","valueRequired":true,"valueName":"search_term_string"}}],"inLanguage":"es"},{"@type":"Organization","@id":"https:\/\/ruralrafaela.com.ar\/exporural2021\/#organization","name":"114 Expo Rural Rafaela 2021","url":"https:\/\/ruralrafaela.com.ar\/exporural2021\/","logo":{"@type":"ImageObject","inLanguage":"es","@id":"https:\/\/ruralrafaela.com.ar\/exporural2021\/#\/schema\/logo\/image\/","url":"https:\/\/ruralrafaela.com.ar\/exporural2021\/wp-content\/uploads\/sites\/18\/2022\/08\/cropped-Logo-Muestra.jpg","contentUrl":"https:\/\/ruralrafaela.com.ar\/exporural2021\/wp-content\/uploads\/sites\/18\/2022\/08\/cropped-Logo-Muestra.jpg","width":653,"height":195,"caption":"114 Expo Rural Rafaela 2021"},"image":{"@id":"https:\/\/ruralrafaela.com.ar\/exporural2021\/#\/schema\/logo\/image\/"}}]}},"_links":{"self":[{"href":"https:\/\/ruralrafaela.com.ar\/exporural2021\/wp-json\/wp\/v2\/pages\/33","targetHints":{"allow":["GET"]}}],"collection":[{"href":"https:\/\/ruralrafaela.com.ar\/exporural2021\/wp-json\/wp\/v2\/pages"}],"about":[{"href":"https:\/\/ruralrafaela.com.ar\/exporural2021\/wp-json\/wp\/v2\/types\/page"}],"author":[{"embeddable":true,"href":"https:\/\/ruralrafaela.com.ar\/exporural2021\/wp-json\/wp\/v2\/users\/2"}],"replies":[{"embeddable":true,"href":"https:\/\/ruralrafaela.com.ar\/exporural2021\/wp-json\/wp\/v2\/comments?post=33"}],"version-history":[{"count":1,"href":"https:\/\/ruralrafaela.com.ar\/exporural2021\/wp-json\/wp\/v2\/pages\/33\/revisions"}],"predecessor-version":[{"id":34,"href":"https:\/\/ruralrafaela.com.ar\/exporural2021\/wp-json\/wp\/v2\/pages\/33\/revisions\/34"}],"wp:attachment":[{"href":"https:\/\/ruralrafaela.com.ar\/exporural2021\/wp-json\/wp\/v2\/media?parent=33"}],"curies":[{"name":"wp","href":"https:\/\/api.w.org\/{rel}","templated":true}]}}