{"id":32,"date":"2020-10-22T11:04:00","date_gmt":"2020-10-22T14:04:00","guid":{"rendered":"http:\/\/ruralrafaela.com.ar\/exporural\/?page_id=32"},"modified":"2020-11-11T15:53:21","modified_gmt":"2020-11-11T18:53:21","slug":"remates","status":"publish","type":"page","link":"https:\/\/ruralrafaela.com.ar\/exporural\/remates\/","title":{"rendered":"Remates"},"content":{"rendered":"\t\t<div data-elementor-type=\"wp-page\" data-elementor-id=\"32\" class=\"elementor elementor-32\">\n\t\t\t\t\t\t<section class=\"elementor-section elementor-top-section elementor-element elementor-element-1582bf9c elementor-section-full_width elementor-section-stretched elementor-section-height-default elementor-section-height-default\" data-id=\"1582bf9c\" data-element_type=\"section\" data-e-type=\"section\" data-settings=\"{&quot;stretch_section&quot;:&quot;section-stretched&quot;}\">\n\t\t\t\t\t\t<div class=\"elementor-container elementor-column-gap-default\">\n\t\t\t\t\t<div class=\"elementor-column elementor-col-100 elementor-top-column elementor-element elementor-element-5e98dca\" data-id=\"5e98dca\" data-element_type=\"column\" data-e-type=\"column\">\n\t\t\t<div class=\"elementor-widget-wrap elementor-element-populated\">\n\t\t\t\t\t\t<section class=\"elementor-section elementor-inner-section elementor-element elementor-element-036be97 elementor-section-full_width elementor-section-height-default elementor-section-height-default\" data-id=\"036be97\" data-element_type=\"section\" data-e-type=\"section\">\n\t\t\t\t\t\t<div class=\"elementor-container elementor-column-gap-default\">\n\t\t\t\t\t<div class=\"elementor-column elementor-col-50 elementor-inner-column elementor-element elementor-element-d4812d1\" data-id=\"d4812d1\" data-element_type=\"column\" data-e-type=\"column\">\n\t\t\t<div class=\"elementor-widget-wrap elementor-element-populated\">\n\t\t\t\t\t\t<div class=\"elementor-element elementor-element-6b6cd8a elementor-widget elementor-widget-image\" data-id=\"6b6cd8a\" data-element_type=\"widget\" data-e-type=\"widget\" data-widget_type=\"image.default\">\n\t\t\t\t<div class=\"elementor-widget-container\">\n\t\t\t\t\t\t\t\t\t\t\t\t\t\t\t<img fetchpriority=\"high\" decoding=\"async\" width=\"701\" height=\"1000\" src=\"https:\/\/ruralrafaela.com.ar\/exporural\/wp-content\/uploads\/sites\/16\/2020\/11\/Remate03.jpg\" class=\"attachment-large size-large wp-image-1986\" alt=\"\" srcset=\"https:\/\/ruralrafaela.com.ar\/exporural\/wp-content\/uploads\/sites\/16\/2020\/11\/Remate03.jpg 701w, https:\/\/ruralrafaela.com.ar\/exporural\/wp-content\/uploads\/sites\/16\/2020\/11\/Remate03-210x300.jpg 210w\" sizes=\"(max-width: 701px) 100vw, 701px\" \/>\t\t\t\t\t\t\t\t\t\t\t\t\t\t\t<\/div>\n\t\t\t\t<\/div>\n\t\t\t\t<div class=\"elementor-element elementor-element-e686693 elementor-widget elementor-widget-image\" data-id=\"e686693\" data-element_type=\"widget\" data-e-type=\"widget\" data-widget_type=\"image.default\">\n\t\t\t\t<div class=\"elementor-widget-container\">\n\t\t\t\t\t\t\t\t\t\t\t\t\t\t\t<img decoding=\"async\" width=\"1024\" height=\"576\" src=\"https:\/\/ruralrafaela.com.ar\/exporural\/wp-content\/uploads\/sites\/16\/2020\/11\/Remate-Hembriones-1024x576.jpg\" class=\"attachment-large size-large wp-image-1688\" alt=\"\" srcset=\"https:\/\/ruralrafaela.com.ar\/exporural\/wp-content\/uploads\/sites\/16\/2020\/11\/Remate-Hembriones-1024x576.jpg 1024w, https:\/\/ruralrafaela.com.ar\/exporural\/wp-content\/uploads\/sites\/16\/2020\/11\/Remate-Hembriones-300x169.jpg 300w, https:\/\/ruralrafaela.com.ar\/exporural\/wp-content\/uploads\/sites\/16\/2020\/11\/Remate-Hembriones-768x432.jpg 768w, https:\/\/ruralrafaela.com.ar\/exporural\/wp-content\/uploads\/sites\/16\/2020\/11\/Remate-Hembriones.jpg 1400w\" sizes=\"(max-width: 1024px) 100vw, 1024px\" \/>\t\t\t\t\t\t\t\t\t\t\t\t\t\t\t<\/div>\n\t\t\t\t<\/div>\n\t\t\t\t\t<\/div>\n\t\t<\/div>\n\t\t\t\t<div class=\"elementor-column elementor-col-50 elementor-inner-column elementor-element elementor-element-e855e87\" data-id=\"e855e87\" data-element_type=\"column\" data-e-type=\"column\">\n\t\t\t<div class=\"elementor-widget-wrap elementor-element-populated\">\n\t\t\t\t\t\t<div class=\"elementor-element elementor-element-3f872f3 elementor-widget elementor-widget-heading\" data-id=\"3f872f3\" data-element_type=\"widget\" data-e-type=\"widget\" data-widget_type=\"heading.default\">\n\t\t\t\t<div class=\"elementor-widget-container\">\n\t\t\t\t\t<h2 class=\"elementor-heading-title elementor-size-default\">cat\u00e1logo del Remate<\/h2>\t\t\t\t<\/div>\n\t\t\t\t<\/div>\n\t\t\t\t<div class=\"elementor-element elementor-element-5d21a39 elementor-widget elementor-widget-text-editor\" data-id=\"5d21a39\" data-element_type=\"widget\" data-e-type=\"widget\" data-widget_type=\"text-editor.default\">\n\t\t\t\t<div class=\"elementor-widget-container\">\n\t\t\t\t\t\t\t\t\t<p><a href=\"https:\/\/ruralrafaela.com.ar\/exporural\/wp-content\/uploads\/sites\/16\/2020\/11\/8o-Remate-la-Lehmann-Online-Catalogo.pdf\" class=\"pdfemb-viewer\" style=\"\" data-width=\"max\" data-height=\"max\" data-toolbar=\"bottom\" data-toolbar-fixed=\"off\">8\u00ba Remate la Lehmann Online Cat\u00e1logo<\/a><\/p>\t\t\t\t\t\t\t\t<\/div>\n\t\t\t\t<\/div>\n\t\t\t\t\t<\/div>\n\t\t<\/div>\n\t\t\t\t\t<\/div>\n\t\t<\/section>\n\t\t\t\t\t<\/div>\n\t\t<\/div>\n\t\t\t\t\t<\/div>\n\t\t<\/section>\n\t\t\t\t<section class=\"elementor-section elementor-top-section elementor-element elementor-element-a7d6e2d elementor-section-boxed elementor-section-height-default elementor-section-height-default\" data-id=\"a7d6e2d\" data-element_type=\"section\" data-e-type=\"section\">\n\t\t\t\t\t\t<div class=\"elementor-container elementor-column-gap-default\">\n\t\t\t\t\t<div class=\"elementor-column elementor-col-100 elementor-top-column elementor-element elementor-element-56b340d\" data-id=\"56b340d\" data-element_type=\"column\" data-e-type=\"column\">\n\t\t\t<div class=\"elementor-widget-wrap elementor-element-populated\">\n\t\t\t\t\t\t<div class=\"elementor-element elementor-element-33a4a18 elementor-widget elementor-widget-premium-addon-image-button\" data-id=\"33a4a18\" data-element_type=\"widget\" data-e-type=\"widget\" data-widget_type=\"premium-addon-image-button.default\">\n\t\t\t\t<div class=\"elementor-widget-container\">\n\t\t\t\t\t\n\t\t<a class=\"premium-image-button-none premium-image-button premium-btn-lg premium-image-button-none\" href=\"https:\/\/www.rural.com.ar\/remate\/12511\" target=\"_blank\">\n\t\t\t<div class=\"premium-image-button-text-icon-wrapper\">\n\n\t\t\t\t\n\t\t\t\t\t\t\t\t\t<span >\n\t\t\t\t\t\tVer Lotes que saldr\u00e1n a Remate\t\t\t\t\t<\/span>\n\t\t\t\t\n\t\t\t<\/div>\n\n\t\t\t\n\t\t\t\n\t\t\t\n\t\t<\/a>\n\n\t\t\t\t\t\t<\/div>\n\t\t\t\t<\/div>\n\t\t\t\t\t<\/div>\n\t\t<\/div>\n\t\t\t\t\t<\/div>\n\t\t<\/section>\n\t\t\t\t<\/div>\n\t\t","protected":false},"excerpt":{"rendered":"<p>cat\u00e1logo del Remate Ver Lotes que saldr\u00e1n a Remate<\/p>\n","protected":false},"author":2,"featured_media":0,"parent":0,"menu_order":0,"comment_status":"closed","ping_status":"closed","template":"","meta":{"ocean_post_layout":"","ocean_both_sidebars_style":"","ocean_both_sidebars_content_width":0,"ocean_both_sidebars_sidebars_width":0,"ocean_sidebar":"0","ocean_second_sidebar":"0","ocean_disable_margins":"enable","ocean_add_body_class":"","ocean_shortcode_before_top_bar":"","ocean_shortcode_after_top_bar":"","ocean_shortcode_before_header":"","ocean_shortcode_after_header":"","ocean_has_shortcode":"","ocean_shortcode_after_title":"","ocean_shortcode_before_footer_widgets":"","ocean_shortcode_after_footer_widgets":"","ocean_shortcode_before_footer_bottom":"","ocean_shortcode_after_footer_bottom":"","ocean_display_top_bar":"default","ocean_display_header":"default","ocean_header_style":"","ocean_center_header_left_menu":"0","ocean_custom_header_template":"0","ocean_custom_logo":0,"ocean_custom_retina_logo":0,"ocean_custom_logo_max_width":0,"ocean_custom_logo_tablet_max_width":0,"ocean_custom_logo_mobile_max_width":0,"ocean_custom_logo_max_height":0,"ocean_custom_logo_tablet_max_height":0,"ocean_custom_logo_mobile_max_height":0,"ocean_header_custom_menu":"0","ocean_menu_typo_font_family":"0","ocean_menu_typo_font_subset":"","ocean_menu_typo_font_size":0,"ocean_menu_typo_font_size_tablet":0,"ocean_menu_typo_font_size_mobile":0,"ocean_menu_typo_font_size_unit":"px","ocean_menu_typo_font_weight":"","ocean_menu_typo_font_weight_tablet":"","ocean_menu_typo_font_weight_mobile":"","ocean_menu_typo_transform":"","ocean_menu_typo_transform_tablet":"","ocean_menu_typo_transform_mobile":"","ocean_menu_typo_line_height":0,"ocean_menu_typo_line_height_tablet":0,"ocean_menu_typo_line_height_mobile":0,"ocean_menu_typo_line_height_unit":"","ocean_menu_typo_spacing":0,"ocean_menu_typo_spacing_tablet":0,"ocean_menu_typo_spacing_mobile":0,"ocean_menu_typo_spacing_unit":"","ocean_menu_link_color":"","ocean_menu_link_color_hover":"","ocean_menu_link_color_active":"","ocean_menu_link_background":"","ocean_menu_link_hover_background":"","ocean_menu_link_active_background":"","ocean_menu_social_links_bg":"","ocean_menu_social_hover_links_bg":"","ocean_menu_social_links_color":"","ocean_menu_social_hover_links_color":"","ocean_disable_title":"default","ocean_disable_heading":"default","ocean_post_title":"","ocean_post_subheading":"","ocean_post_title_style":"","ocean_post_title_background_color":"","ocean_post_title_background":0,"ocean_post_title_bg_image_position":"","ocean_post_title_bg_image_attachment":"","ocean_post_title_bg_image_repeat":"","ocean_post_title_bg_image_size":"","ocean_post_title_height":0,"ocean_post_title_bg_overlay":0.5,"ocean_post_title_bg_overlay_color":"","ocean_disable_breadcrumbs":"default","ocean_breadcrumbs_color":"","ocean_breadcrumbs_separator_color":"","ocean_breadcrumbs_links_color":"","ocean_breadcrumbs_links_hover_color":"","ocean_display_footer_widgets":"default","ocean_display_footer_bottom":"default","ocean_custom_footer_template":"0","_joinchat":{"view":"no"},"footnotes":""},"class_list":["post-32","page","type-page","status-publish","hentry","entry"],"yoast_head":"<!-- This site is optimized with the Yoast SEO plugin v27.5 - https:\/\/yoast.com\/product\/yoast-seo-wordpress\/ -->\n<title>Remates - ExpoRural Rafaela y la Regi\u00f3n<\/title>\n<meta name=\"robots\" content=\"index, follow, max-snippet:-1, max-image-preview:large, max-video-preview:-1\" \/>\n<link rel=\"canonical\" href=\"https:\/\/ruralrafaela.com.ar\/exporural\/remates\/\" \/>\n<meta property=\"og:locale\" content=\"es_ES\" \/>\n<meta property=\"og:type\" content=\"article\" \/>\n<meta property=\"og:title\" content=\"Remates - ExpoRural Rafaela y la Regi\u00f3n\" \/>\n<meta property=\"og:description\" content=\"cat\u00e1logo del Remate Ver Lotes que saldr\u00e1n a Remate\" \/>\n<meta property=\"og:url\" content=\"https:\/\/ruralrafaela.com.ar\/exporural\/remates\/\" \/>\n<meta property=\"og:site_name\" content=\"ExpoRural Rafaela y la Regi\u00f3n\" \/>\n<meta property=\"article:modified_time\" content=\"2020-11-11T18:53:21+00:00\" \/>\n<meta property=\"og:image\" content=\"http:\/\/ruralrafaela.com.ar\/exporural\/wp-content\/uploads\/sites\/16\/2020\/11\/Remate03.jpg\" \/>\n<meta name=\"twitter:card\" content=\"summary_large_image\" \/>\n<script type=\"application\/ld+json\" class=\"yoast-schema-graph\">{\"@context\":\"https:\\\/\\\/schema.org\",\"@graph\":[{\"@type\":\"WebPage\",\"@id\":\"https:\\\/\\\/ruralrafaela.com.ar\\\/exporural\\\/remates\\\/\",\"url\":\"https:\\\/\\\/ruralrafaela.com.ar\\\/exporural\\\/remates\\\/\",\"name\":\"Remates - ExpoRural Rafaela y la Regi\u00f3n\",\"isPartOf\":{\"@id\":\"https:\\\/\\\/ruralrafaela.com.ar\\\/exporural\\\/#website\"},\"primaryImageOfPage\":{\"@id\":\"https:\\\/\\\/ruralrafaela.com.ar\\\/exporural\\\/remates\\\/#primaryimage\"},\"image\":{\"@id\":\"https:\\\/\\\/ruralrafaela.com.ar\\\/exporural\\\/remates\\\/#primaryimage\"},\"thumbnailUrl\":\"http:\\\/\\\/ruralrafaela.com.ar\\\/exporural\\\/wp-content\\\/uploads\\\/sites\\\/16\\\/2020\\\/11\\\/Remate03.jpg\",\"datePublished\":\"2020-10-22T14:04:00+00:00\",\"dateModified\":\"2020-11-11T18:53:21+00:00\",\"breadcrumb\":{\"@id\":\"https:\\\/\\\/ruralrafaela.com.ar\\\/exporural\\\/remates\\\/#breadcrumb\"},\"inLanguage\":\"es\",\"potentialAction\":[{\"@type\":\"ReadAction\",\"target\":[\"https:\\\/\\\/ruralrafaela.com.ar\\\/exporural\\\/remates\\\/\"]}]},{\"@type\":\"ImageObject\",\"inLanguage\":\"es\",\"@id\":\"https:\\\/\\\/ruralrafaela.com.ar\\\/exporural\\\/remates\\\/#primaryimage\",\"url\":\"http:\\\/\\\/ruralrafaela.com.ar\\\/exporural\\\/wp-content\\\/uploads\\\/sites\\\/16\\\/2020\\\/11\\\/Remate03.jpg\",\"contentUrl\":\"http:\\\/\\\/ruralrafaela.com.ar\\\/exporural\\\/wp-content\\\/uploads\\\/sites\\\/16\\\/2020\\\/11\\\/Remate03.jpg\"},{\"@type\":\"BreadcrumbList\",\"@id\":\"https:\\\/\\\/ruralrafaela.com.ar\\\/exporural\\\/remates\\\/#breadcrumb\",\"itemListElement\":[{\"@type\":\"ListItem\",\"position\":1,\"name\":\"Portada\",\"item\":\"https:\\\/\\\/ruralrafaela.com.ar\\\/exporural\\\/\"},{\"@type\":\"ListItem\",\"position\":2,\"name\":\"Remates\"}]},{\"@type\":\"WebSite\",\"@id\":\"https:\\\/\\\/ruralrafaela.com.ar\\\/exporural\\\/#website\",\"url\":\"https:\\\/\\\/ruralrafaela.com.ar\\\/exporural\\\/\",\"name\":\"ExpoRural Rafaela y la Regi\u00f3n\",\"description\":\"ExpoRural Rafaela y la Regi\u00f3n 2020 - Edici\u00f3n en L\u00ednea\",\"publisher\":{\"@id\":\"https:\\\/\\\/ruralrafaela.com.ar\\\/exporural\\\/#organization\"},\"potentialAction\":[{\"@type\":\"SearchAction\",\"target\":{\"@type\":\"EntryPoint\",\"urlTemplate\":\"https:\\\/\\\/ruralrafaela.com.ar\\\/exporural\\\/?s={search_term_string}\"},\"query-input\":{\"@type\":\"PropertyValueSpecification\",\"valueRequired\":true,\"valueName\":\"search_term_string\"}}],\"inLanguage\":\"es\"},{\"@type\":\"Organization\",\"@id\":\"https:\\\/\\\/ruralrafaela.com.ar\\\/exporural\\\/#organization\",\"name\":\"ExpoRural Rafaela y la Regi\u00f3n\",\"url\":\"https:\\\/\\\/ruralrafaela.com.ar\\\/exporural\\\/\",\"logo\":{\"@type\":\"ImageObject\",\"inLanguage\":\"es\",\"@id\":\"https:\\\/\\\/ruralrafaela.com.ar\\\/exporural\\\/#\\\/schema\\\/logo\\\/image\\\/\",\"url\":\"https:\\\/\\\/ruralrafaela.com.ar\\\/exporural\\\/wp-content\\\/uploads\\\/sites\\\/16\\\/2020\\\/10\\\/Log-Expo-2020.png\",\"contentUrl\":\"https:\\\/\\\/ruralrafaela.com.ar\\\/exporural\\\/wp-content\\\/uploads\\\/sites\\\/16\\\/2020\\\/10\\\/Log-Expo-2020.png\",\"width\":680,\"height\":404,\"caption\":\"ExpoRural Rafaela y la Regi\u00f3n\"},\"image\":{\"@id\":\"https:\\\/\\\/ruralrafaela.com.ar\\\/exporural\\\/#\\\/schema\\\/logo\\\/image\\\/\"}}]}<\/script>\n<!-- \/ Yoast SEO plugin. -->","yoast_head_json":{"title":"Remates - ExpoRural Rafaela y la Regi\u00f3n","robots":{"index":"index","follow":"follow","max-snippet":"max-snippet:-1","max-image-preview":"max-image-preview:large","max-video-preview":"max-video-preview:-1"},"canonical":"https:\/\/ruralrafaela.com.ar\/exporural\/remates\/","og_locale":"es_ES","og_type":"article","og_title":"Remates - ExpoRural Rafaela y la Regi\u00f3n","og_description":"cat\u00e1logo del Remate Ver Lotes que saldr\u00e1n a Remate","og_url":"https:\/\/ruralrafaela.com.ar\/exporural\/remates\/","og_site_name":"ExpoRural Rafaela y la Regi\u00f3n","article_modified_time":"2020-11-11T18:53:21+00:00","og_image":[{"url":"http:\/\/ruralrafaela.com.ar\/exporural\/wp-content\/uploads\/sites\/16\/2020\/11\/Remate03.jpg","type":"","width":"","height":""}],"twitter_card":"summary_large_image","schema":{"@context":"https:\/\/schema.org","@graph":[{"@type":"WebPage","@id":"https:\/\/ruralrafaela.com.ar\/exporural\/remates\/","url":"https:\/\/ruralrafaela.com.ar\/exporural\/remates\/","name":"Remates - ExpoRural Rafaela y la Regi\u00f3n","isPartOf":{"@id":"https:\/\/ruralrafaela.com.ar\/exporural\/#website"},"primaryImageOfPage":{"@id":"https:\/\/ruralrafaela.com.ar\/exporural\/remates\/#primaryimage"},"image":{"@id":"https:\/\/ruralrafaela.com.ar\/exporural\/remates\/#primaryimage"},"thumbnailUrl":"http:\/\/ruralrafaela.com.ar\/exporural\/wp-content\/uploads\/sites\/16\/2020\/11\/Remate03.jpg","datePublished":"2020-10-22T14:04:00+00:00","dateModified":"2020-11-11T18:53:21+00:00","breadcrumb":{"@id":"https:\/\/ruralrafaela.com.ar\/exporural\/remates\/#breadcrumb"},"inLanguage":"es","potentialAction":[{"@type":"ReadAction","target":["https:\/\/ruralrafaela.com.ar\/exporural\/remates\/"]}]},{"@type":"ImageObject","inLanguage":"es","@id":"https:\/\/ruralrafaela.com.ar\/exporural\/remates\/#primaryimage","url":"http:\/\/ruralrafaela.com.ar\/exporural\/wp-content\/uploads\/sites\/16\/2020\/11\/Remate03.jpg","contentUrl":"http:\/\/ruralrafaela.com.ar\/exporural\/wp-content\/uploads\/sites\/16\/2020\/11\/Remate03.jpg"},{"@type":"BreadcrumbList","@id":"https:\/\/ruralrafaela.com.ar\/exporural\/remates\/#breadcrumb","itemListElement":[{"@type":"ListItem","position":1,"name":"Portada","item":"https:\/\/ruralrafaela.com.ar\/exporural\/"},{"@type":"ListItem","position":2,"name":"Remates"}]},{"@type":"WebSite","@id":"https:\/\/ruralrafaela.com.ar\/exporural\/#website","url":"https:\/\/ruralrafaela.com.ar\/exporural\/","name":"ExpoRural Rafaela y la Regi\u00f3n","description":"ExpoRural Rafaela y la Regi\u00f3n 2020 - Edici\u00f3n en L\u00ednea","publisher":{"@id":"https:\/\/ruralrafaela.com.ar\/exporural\/#organization"},"potentialAction":[{"@type":"SearchAction","target":{"@type":"EntryPoint","urlTemplate":"https:\/\/ruralrafaela.com.ar\/exporural\/?s={search_term_string}"},"query-input":{"@type":"PropertyValueSpecification","valueRequired":true,"valueName":"search_term_string"}}],"inLanguage":"es"},{"@type":"Organization","@id":"https:\/\/ruralrafaela.com.ar\/exporural\/#organization","name":"ExpoRural Rafaela y la Regi\u00f3n","url":"https:\/\/ruralrafaela.com.ar\/exporural\/","logo":{"@type":"ImageObject","inLanguage":"es","@id":"https:\/\/ruralrafaela.com.ar\/exporural\/#\/schema\/logo\/image\/","url":"https:\/\/ruralrafaela.com.ar\/exporural\/wp-content\/uploads\/sites\/16\/2020\/10\/Log-Expo-2020.png","contentUrl":"https:\/\/ruralrafaela.com.ar\/exporural\/wp-content\/uploads\/sites\/16\/2020\/10\/Log-Expo-2020.png","width":680,"height":404,"caption":"ExpoRural Rafaela y la Regi\u00f3n"},"image":{"@id":"https:\/\/ruralrafaela.com.ar\/exporural\/#\/schema\/logo\/image\/"}}]}},"_links":{"self":[{"href":"https:\/\/ruralrafaela.com.ar\/exporural\/wp-json\/wp\/v2\/pages\/32","targetHints":{"allow":["GET"]}}],"collection":[{"href":"https:\/\/ruralrafaela.com.ar\/exporural\/wp-json\/wp\/v2\/pages"}],"about":[{"href":"https:\/\/ruralrafaela.com.ar\/exporural\/wp-json\/wp\/v2\/types\/page"}],"author":[{"embeddable":true,"href":"https:\/\/ruralrafaela.com.ar\/exporural\/wp-json\/wp\/v2\/users\/2"}],"replies":[{"embeddable":true,"href":"https:\/\/ruralrafaela.com.ar\/exporural\/wp-json\/wp\/v2\/comments?post=32"}],"version-history":[{"count":29,"href":"https:\/\/ruralrafaela.com.ar\/exporural\/wp-json\/wp\/v2\/pages\/32\/revisions"}],"predecessor-version":[{"id":1989,"href":"https:\/\/ruralrafaela.com.ar\/exporural\/wp-json\/wp\/v2\/pages\/32\/revisions\/1989"}],"wp:attachment":[{"href":"https:\/\/ruralrafaela.com.ar\/exporural\/wp-json\/wp\/v2\/media?parent=32"}],"curies":[{"name":"wp","href":"https:\/\/api.w.org\/{rel}","templated":true}]}}