{"id":1805,"date":"2020-11-11T06:52:38","date_gmt":"2020-11-11T09:52:38","guid":{"rendered":"http:\/\/ruralrafaela.com.ar\/exporural\/?page_id=1805"},"modified":"2020-11-11T07:24:10","modified_gmt":"2020-11-11T10:24:10","slug":"municipalidad-de-rafaela","status":"publish","type":"page","link":"https:\/\/ruralrafaela.com.ar\/exporural\/municipalidad-de-rafaela\/","title":{"rendered":"Municipalidad de Rafaela"},"content":{"rendered":"\t\t<div data-elementor-type=\"wp-page\" data-elementor-id=\"1805\" class=\"elementor elementor-1805\">\n\t\t\t\t\t\t<section class=\"elementor-section elementor-top-section elementor-element elementor-element-2f86970d elementor-section-boxed elementor-section-height-default elementor-section-height-default\" data-id=\"2f86970d\" data-element_type=\"section\" data-e-type=\"section\">\n\t\t\t\t\t\t<div class=\"elementor-container elementor-column-gap-default\">\n\t\t\t\t\t<div class=\"elementor-column elementor-col-100 elementor-top-column elementor-element elementor-element-c4b5347\" data-id=\"c4b5347\" data-element_type=\"column\" data-e-type=\"column\">\n\t\t\t<div class=\"elementor-widget-wrap elementor-element-populated\">\n\t\t\t\t\t\t<div class=\"elementor-element elementor-element-199f115 elementor-widget elementor-widget-image\" data-id=\"199f115\" data-element_type=\"widget\" data-e-type=\"widget\" data-widget_type=\"image.default\">\n\t\t\t\t<div class=\"elementor-widget-container\">\n\t\t\t\t\t\t\t\t\t\t\t\t\t\t\t<img fetchpriority=\"high\" decoding=\"async\" width=\"700\" height=\"153\" src=\"https:\/\/ruralrafaela.com.ar\/exporural\/wp-content\/uploads\/sites\/16\/2020\/11\/Muni_Logo.png\" class=\"attachment-large size-large wp-image-1808\" alt=\"\" srcset=\"https:\/\/ruralrafaela.com.ar\/exporural\/wp-content\/uploads\/sites\/16\/2020\/11\/Muni_Logo.png 700w, https:\/\/ruralrafaela.com.ar\/exporural\/wp-content\/uploads\/sites\/16\/2020\/11\/Muni_Logo-300x66.png 300w\" sizes=\"(max-width: 700px) 100vw, 700px\" \/>\t\t\t\t\t\t\t\t\t\t\t\t\t\t\t<\/div>\n\t\t\t\t<\/div>\n\t\t\t\t\t<\/div>\n\t\t<\/div>\n\t\t\t\t\t<\/div>\n\t\t<\/section>\n\t\t\t\t<section class=\"elementor-section elementor-top-section elementor-element elementor-element-b5e41c1 elementor-section-boxed elementor-section-height-default elementor-section-height-default\" data-id=\"b5e41c1\" data-element_type=\"section\" data-e-type=\"section\" data-settings=\"{&quot;background_background&quot;:&quot;classic&quot;}\">\n\t\t\t\t\t\t<div class=\"elementor-container elementor-column-gap-default\">\n\t\t\t\t\t<div class=\"elementor-column elementor-col-100 elementor-top-column elementor-element elementor-element-e550a31\" data-id=\"e550a31\" data-element_type=\"column\" data-e-type=\"column\">\n\t\t\t<div class=\"elementor-widget-wrap elementor-element-populated\">\n\t\t\t\t\t\t<section class=\"elementor-section elementor-inner-section elementor-element elementor-element-26994709 elementor-section-boxed elementor-section-height-default elementor-section-height-default\" data-id=\"26994709\" data-element_type=\"section\" data-e-type=\"section\">\n\t\t\t\t\t\t<div class=\"elementor-container elementor-column-gap-default\">\n\t\t\t\t\t<div class=\"elementor-column elementor-col-66 elementor-inner-column elementor-element elementor-element-3d27913d\" data-id=\"3d27913d\" data-element_type=\"column\" data-e-type=\"column\" data-settings=\"{&quot;background_background&quot;:&quot;classic&quot;}\">\n\t\t\t<div class=\"elementor-widget-wrap elementor-element-populated\">\n\t\t\t\t\t\t<div class=\"elementor-element elementor-element-44f93bc8 elementor-widget elementor-widget-text-editor\" data-id=\"44f93bc8\" data-element_type=\"widget\" data-e-type=\"widget\" data-widget_type=\"text-editor.default\">\n\t\t\t\t<div class=\"elementor-widget-container\">\n\t\t\t\t\t\t\t\t\t<p><strong>CIUDAD DE RAFAELA &#8211; GOBIERNO MUNICIPAL: <\/strong>Ciudad din\u00e1mica, pujante, emprendedora, con un modelo de desarrollo sustentable que la define y convierte en un atractivo extraordinario. Su posici\u00f3n estrat\u00e9gica y la cultura de trabajo de sus habitantes hacen de Rafaela un polo acad\u00e9mico y log\u00edstico de relevancia, con una base productiva de m\u00e1s de 500 industrias, de las cuales el 10% exporta a 93 destinos, y una oferta acad\u00e9mica de m\u00e1s de 60 carreras innovadoras de grado y postgrado. Eventos deportivos y culturales, circuitos ambiental, universitario e industrial, y gastronom\u00eda exquisita te invitan a visitarla y a vivir nuevas experiencias en cualquier \u00e9poca del a\u00f1o.<\/p>\t\t\t\t\t\t\t\t<\/div>\n\t\t\t\t<\/div>\n\t\t\t\t\t<\/div>\n\t\t<\/div>\n\t\t\t\t<div class=\"elementor-column elementor-col-33 elementor-inner-column elementor-element elementor-element-70225056\" data-id=\"70225056\" data-element_type=\"column\" data-e-type=\"column\">\n\t\t\t<div class=\"elementor-widget-wrap elementor-element-populated\">\n\t\t\t\t\t\t<div class=\"elementor-element elementor-element-46979535 elementor-widget elementor-widget-text-editor\" data-id=\"46979535\" data-element_type=\"widget\" data-e-type=\"widget\" data-widget_type=\"text-editor.default\">\n\t\t\t\t<div class=\"elementor-widget-container\">\n\t\t\t\t\t\t\t\t\t<p><span style=\"color: #000000;\"><strong>CONTACTO:<\/strong>\u00a0<\/span><\/p><h5><img decoding=\"async\" class=\"size-full wp-image-592 alignleft\" src=\"https:\/\/ruralrafaela.com.ar\/exporural\/wp-content\/uploads\/sites\/16\/2020\/11\/Icono_disreccion-e1604582675594.png\" alt=\"\" width=\"30\" height=\"30\" \/>S2300ICB &#8211; Moreno 8 &#8211; Rafaela &#8211; Santa Fe &#8211; Argentina<\/h5><h5><strong><img decoding=\"async\" class=\"size-full wp-image-365 alignleft\" src=\"https:\/\/ruralrafaela.com.ar\/exporural\/wp-content\/uploads\/sites\/16\/2020\/10\/Icono_cel-e1604057842161.png\" alt=\"\" width=\"30\" height=\"30\" \/>(0054 3492) 502000 \/ 502007<br \/><\/strong><\/h5><h5><strong><br \/><\/strong><strong><img loading=\"lazy\" decoding=\"async\" class=\"wp-image-364 size-full alignleft\" src=\"https:\/\/ruralrafaela.com.ar\/exporural\/wp-content\/uploads\/sites\/16\/2020\/10\/Icono_web-e1604057695811.png\" alt=\"\" width=\"30\" height=\"30\" \/><\/strong><a href=\"https:\/\/www.rafaela.gob.ar\/\" target=\"_blank\" rel=\"noopener\">www.rafaela.gob.ar\/<\/a><\/h5><h5><img loading=\"lazy\" decoding=\"async\" class=\"size-full wp-image-595 alignleft\" src=\"https:\/\/ruralrafaela.com.ar\/exporural\/wp-content\/uploads\/sites\/16\/2020\/11\/Icono_mail.png\" alt=\"\" width=\"30\" height=\"30\" \/> <a href=\"mailto:municipalidad@rafaela.gob.ar\" target=\"_blank\" rel=\"noopener\">municipalidad@rafaela.gob.ar<\/a><\/h5><p><a href=\"https:\/\/www.facebook.com\/municipalidadrafaela\" target=\"_blank\" rel=\"noopener\"><img loading=\"lazy\" decoding=\"async\" class=\"size-full wp-image-366 alignleft\" src=\"https:\/\/ruralrafaela.com.ar\/exporural\/wp-content\/uploads\/sites\/16\/2020\/10\/Icono_face-e1604057953422.png\" alt=\"\" width=\"30\" height=\"30\" \/>www.facebook.com\/municipalidadrafaela<\/a><\/p><p><a href=\"https:\/\/www.instagram.com\/municipalidad_de_rafaela\/?hl=es-la\" target=\"_blank\" rel=\"noopener\"><img loading=\"lazy\" decoding=\"async\" class=\"size-full wp-image-367 alignleft\" src=\"https:\/\/ruralrafaela.com.ar\/exporural\/wp-content\/uploads\/sites\/16\/2020\/10\/Icono_Inst-e1604058074667.png\" alt=\"\" width=\"30\" height=\"30\" \/>www.instagram.com\/municipalidad_de_rafaela\/<\/a><\/p><p><a href=\"https:\/\/www.youtube.com\/user\/munirafaela\" target=\"_blank\" rel=\"noopener\"><img loading=\"lazy\" decoding=\"async\" class=\"size-full wp-image-597 alignleft\" src=\"https:\/\/ruralrafaela.com.ar\/exporural\/wp-content\/uploads\/sites\/16\/2020\/11\/Icono_Youtube.png\" alt=\"\" width=\"30\" height=\"30\" \/>www.youtube.com\/user\/munirafaela<\/a><\/p>\t\t\t\t\t\t\t\t<\/div>\n\t\t\t\t<\/div>\n\t\t\t\t\t<\/div>\n\t\t<\/div>\n\t\t\t\t\t<\/div>\n\t\t<\/section>\n\t\t\t\t\t<\/div>\n\t\t<\/div>\n\t\t\t\t\t<\/div>\n\t\t<\/section>\n\t\t\t\t<section class=\"elementor-section elementor-top-section elementor-element elementor-element-50749935 elementor-section-boxed elementor-section-height-default elementor-section-height-default\" data-id=\"50749935\" data-element_type=\"section\" data-e-type=\"section\">\n\t\t\t\t\t\t<div class=\"elementor-container elementor-column-gap-default\">\n\t\t\t\t\t<div class=\"elementor-column elementor-col-100 elementor-top-column elementor-element elementor-element-5375d9cd\" data-id=\"5375d9cd\" data-element_type=\"column\" data-e-type=\"column\">\n\t\t\t<div class=\"elementor-widget-wrap elementor-element-populated\">\n\t\t\t\t\t\t<div class=\"elementor-element elementor-element-2e5f64e8 elementor-widget elementor-widget-shortcode\" data-id=\"2e5f64e8\" data-element_type=\"widget\" data-e-type=\"widget\" data-widget_type=\"shortcode.default\">\n\t\t\t\t<div class=\"elementor-widget-container\">\n\t\t\t\t\t\t\t<div class=\"elementor-shortcode\">\n<\/div>\n\t\t\t\t\t\t<\/div>\n\t\t\t\t<\/div>\n\t\t\t\t\t<\/div>\n\t\t<\/div>\n\t\t\t\t\t<\/div>\n\t\t<\/section>\n\t\t\t\t<section class=\"elementor-section elementor-top-section elementor-element elementor-element-47a52be1 elementor-section-boxed elementor-section-height-default elementor-section-height-default\" data-id=\"47a52be1\" data-element_type=\"section\" data-e-type=\"section\" data-settings=\"{&quot;background_background&quot;:&quot;classic&quot;}\">\n\t\t\t\t\t\t<div class=\"elementor-container elementor-column-gap-default\">\n\t\t\t\t\t<div class=\"elementor-column elementor-col-100 elementor-top-column elementor-element elementor-element-78949e36\" data-id=\"78949e36\" data-element_type=\"column\" data-e-type=\"column\">\n\t\t\t<div class=\"elementor-widget-wrap elementor-element-populated\">\n\t\t\t\t\t\t<div class=\"elementor-element elementor-element-4303a419 elementor-widget elementor-widget-heading\" data-id=\"4303a419\" data-element_type=\"widget\" data-e-type=\"widget\" data-widget_type=\"heading.default\">\n\t\t\t\t<div class=\"elementor-widget-container\">\n\t\t\t\t\t<h2 class=\"elementor-heading-title elementor-size-default\">CONTACTO<\/h2>\t\t\t\t<\/div>\n\t\t\t\t<\/div>\n\t\t\t\t<section class=\"elementor-section elementor-inner-section elementor-element elementor-element-51a92de7 elementor-section-boxed elementor-section-height-default elementor-section-height-default\" data-id=\"51a92de7\" data-element_type=\"section\" data-e-type=\"section\">\n\t\t\t\t\t\t<div class=\"elementor-container elementor-column-gap-default\">\n\t\t\t\t\t<div class=\"elementor-column elementor-col-50 elementor-inner-column elementor-element elementor-element-5a68e99d\" data-id=\"5a68e99d\" data-element_type=\"column\" data-e-type=\"column\">\n\t\t\t<div class=\"elementor-widget-wrap elementor-element-populated\">\n\t\t\t\t\t\t<div class=\"elementor-element elementor-element-79aa35e2 elementor-widget elementor-widget-text-editor\" data-id=\"79aa35e2\" data-element_type=\"widget\" data-e-type=\"widget\" data-widget_type=\"text-editor.default\">\n\t\t\t\t<div class=\"elementor-widget-container\">\n\t\t\t\t\t\t\t\t\t<h3 style=\"text-align: center;\">Mg. Lic. Diego Peiretti<\/h3><h3 style=\"text-align: center;\">Secretario de producci\u00f3n, empleo e innovaci\u00f3n\u00a0<\/h3><h5 style=\"text-align: center;\"><img loading=\"lazy\" decoding=\"async\" class=\"size-full wp-image-595 aligncenter\" src=\"https:\/\/ruralrafaela.com.ar\/exporural\/wp-content\/uploads\/sites\/16\/2020\/11\/Icono_mail.png\" alt=\"\" width=\"30\" height=\"30\" \/> <a href=\"mailto:spepymes@rafaela.gob.ar\" target=\"_blank\" rel=\"noopener\">spepymes@rafaela.gob.ar<\/a><\/h5>\t\t\t\t\t\t\t\t<\/div>\n\t\t\t\t<\/div>\n\t\t\t\t\t<\/div>\n\t\t<\/div>\n\t\t\t\t<div class=\"elementor-column elementor-col-50 elementor-inner-column elementor-element elementor-element-51e894e\" data-id=\"51e894e\" data-element_type=\"column\" data-e-type=\"column\">\n\t\t\t<div class=\"elementor-widget-wrap elementor-element-populated\">\n\t\t\t\t\t\t<div class=\"elementor-element elementor-element-8257d3d elementor-widget elementor-widget-text-editor\" data-id=\"8257d3d\" data-element_type=\"widget\" data-e-type=\"widget\" data-widget_type=\"text-editor.default\">\n\t\t\t\t<div class=\"elementor-widget-container\">\n\t\t\t\t\t\t\t\t\t<h3 style=\"text-align: center;\">Mg. Lic. Alejandra Mahieu<br \/>Turismo<br \/>Secretar\u00eda de producci\u00f3n, empleo e innovaci\u00f3n<\/h3><h5 style=\"text-align: center;\"><img loading=\"lazy\" decoding=\"async\" class=\"size-full wp-image-595 aligncenter\" src=\"https:\/\/ruralrafaela.com.ar\/exporural\/wp-content\/uploads\/sites\/16\/2020\/11\/Icono_mail.png\" alt=\"\" width=\"30\" height=\"30\" \/> <a href=\"mailto:turismo@rafaela.gob.ar\" target=\"_blank\" rel=\"noopener\">turismo@rafaela.gob.ar<\/a><\/h5>\t\t\t\t\t\t\t\t<\/div>\n\t\t\t\t<\/div>\n\t\t\t\t\t<\/div>\n\t\t<\/div>\n\t\t\t\t\t<\/div>\n\t\t<\/section>\n\t\t\t\t\t<\/div>\n\t\t<\/div>\n\t\t\t\t\t<\/div>\n\t\t<\/section>\n\t\t\t\t<\/div>\n\t\t","protected":false},"excerpt":{"rendered":"<p>CIUDAD DE RAFAELA &#8211; GOBIERNO MUNICIPAL: Ciudad din\u00e1mica, pujante, emprendedora, con un modelo de desarrollo sustentable que la define y convierte en un atractivo extraordinario. Su posici\u00f3n estrat\u00e9gica y la cultura de trabajo de sus habitantes hacen de Rafaela un polo acad\u00e9mico y log\u00edstico de relevancia, con una base productiva de m\u00e1s de 500 industrias, [&hellip;]<\/p>\n","protected":false},"author":2,"featured_media":0,"parent":0,"menu_order":0,"comment_status":"closed","ping_status":"closed","template":"","meta":{"ocean_post_layout":"","ocean_both_sidebars_style":"","ocean_both_sidebars_content_width":0,"ocean_both_sidebars_sidebars_width":0,"ocean_sidebar":"0","ocean_second_sidebar":"0","ocean_disable_margins":"enable","ocean_add_body_class":"","ocean_shortcode_before_top_bar":"","ocean_shortcode_after_top_bar":"","ocean_shortcode_before_header":"","ocean_shortcode_after_header":"","ocean_has_shortcode":"","ocean_shortcode_after_title":"[smartslider3 slider=\"47\"]","ocean_shortcode_before_footer_widgets":"","ocean_shortcode_after_footer_widgets":"","ocean_shortcode_before_footer_bottom":"","ocean_shortcode_after_footer_bottom":"","ocean_display_top_bar":"default","ocean_display_header":"default","ocean_header_style":"","ocean_center_header_left_menu":"0","ocean_custom_header_template":"0","ocean_custom_logo":0,"ocean_custom_retina_logo":0,"ocean_custom_logo_max_width":0,"ocean_custom_logo_tablet_max_width":0,"ocean_custom_logo_mobile_max_width":0,"ocean_custom_logo_max_height":0,"ocean_custom_logo_tablet_max_height":0,"ocean_custom_logo_mobile_max_height":0,"ocean_header_custom_menu":"0","ocean_menu_typo_font_family":"0","ocean_menu_typo_font_subset":"","ocean_menu_typo_font_size":0,"ocean_menu_typo_font_size_tablet":0,"ocean_menu_typo_font_size_mobile":0,"ocean_menu_typo_font_size_unit":"px","ocean_menu_typo_font_weight":"","ocean_menu_typo_font_weight_tablet":"","ocean_menu_typo_font_weight_mobile":"","ocean_menu_typo_transform":"","ocean_menu_typo_transform_tablet":"","ocean_menu_typo_transform_mobile":"","ocean_menu_typo_line_height":0,"ocean_menu_typo_line_height_tablet":0,"ocean_menu_typo_line_height_mobile":0,"ocean_menu_typo_line_height_unit":"","ocean_menu_typo_spacing":0,"ocean_menu_typo_spacing_tablet":0,"ocean_menu_typo_spacing_mobile":0,"ocean_menu_typo_spacing_unit":"","ocean_menu_link_color":"","ocean_menu_link_color_hover":"","ocean_menu_link_color_active":"","ocean_menu_link_background":"","ocean_menu_link_hover_background":"","ocean_menu_link_active_background":"","ocean_menu_social_links_bg":"","ocean_menu_social_hover_links_bg":"","ocean_menu_social_links_color":"","ocean_menu_social_hover_links_color":"","ocean_disable_title":"default","ocean_disable_heading":"default","ocean_post_title":"","ocean_post_subheading":"","ocean_post_title_style":"","ocean_post_title_background_color":"","ocean_post_title_background":0,"ocean_post_title_bg_image_position":"","ocean_post_title_bg_image_attachment":"","ocean_post_title_bg_image_repeat":"","ocean_post_title_bg_image_size":"","ocean_post_title_height":0,"ocean_post_title_bg_overlay":0.5,"ocean_post_title_bg_overlay_color":"","ocean_disable_breadcrumbs":"default","ocean_breadcrumbs_color":"","ocean_breadcrumbs_separator_color":"","ocean_breadcrumbs_links_color":"","ocean_breadcrumbs_links_hover_color":"","ocean_display_footer_widgets":"default","ocean_display_footer_bottom":"default","ocean_custom_footer_template":"0","_joinchat":{"view":"no"},"footnotes":""},"class_list":["post-1805","page","type-page","status-publish","hentry","entry"],"yoast_head":"<!-- This site is optimized with the Yoast SEO plugin v27.5 - https:\/\/yoast.com\/product\/yoast-seo-wordpress\/ -->\n<title>Municipalidad de Rafaela - ExpoRural Rafaela y la Regi\u00f3n<\/title>\n<meta name=\"robots\" content=\"index, follow, max-snippet:-1, max-image-preview:large, max-video-preview:-1\" \/>\n<link rel=\"canonical\" href=\"https:\/\/ruralrafaela.com.ar\/exporural\/municipalidad-de-rafaela\/\" \/>\n<meta property=\"og:locale\" content=\"es_ES\" \/>\n<meta property=\"og:type\" content=\"article\" \/>\n<meta property=\"og:title\" content=\"Municipalidad de Rafaela - ExpoRural Rafaela y la Regi\u00f3n\" \/>\n<meta property=\"og:description\" content=\"CIUDAD DE RAFAELA &#8211; GOBIERNO MUNICIPAL: Ciudad din\u00e1mica, pujante, emprendedora, con un modelo de desarrollo sustentable que la define y convierte en un atractivo extraordinario. Su posici\u00f3n estrat\u00e9gica y la cultura de trabajo de sus habitantes hacen de Rafaela un polo acad\u00e9mico y log\u00edstico de relevancia, con una base productiva de m\u00e1s de 500 industrias, [&hellip;]\" \/>\n<meta property=\"og:url\" content=\"https:\/\/ruralrafaela.com.ar\/exporural\/municipalidad-de-rafaela\/\" \/>\n<meta property=\"og:site_name\" content=\"ExpoRural Rafaela y la Regi\u00f3n\" \/>\n<meta property=\"article:modified_time\" content=\"2020-11-11T10:24:10+00:00\" \/>\n<meta property=\"og:image\" content=\"http:\/\/ruralrafaela.com.ar\/exporural\/wp-content\/uploads\/sites\/16\/2020\/11\/Muni_Logo.png\" \/>\n<meta name=\"twitter:card\" content=\"summary_large_image\" \/>\n<meta name=\"twitter:label1\" content=\"Tiempo de lectura\" \/>\n\t<meta name=\"twitter:data1\" content=\"1 minuto\" \/>\n<script type=\"application\/ld+json\" class=\"yoast-schema-graph\">{\"@context\":\"https:\\\/\\\/schema.org\",\"@graph\":[{\"@type\":\"WebPage\",\"@id\":\"https:\\\/\\\/ruralrafaela.com.ar\\\/exporural\\\/municipalidad-de-rafaela\\\/\",\"url\":\"https:\\\/\\\/ruralrafaela.com.ar\\\/exporural\\\/municipalidad-de-rafaela\\\/\",\"name\":\"Municipalidad de Rafaela - ExpoRural Rafaela y la Regi\u00f3n\",\"isPartOf\":{\"@id\":\"https:\\\/\\\/ruralrafaela.com.ar\\\/exporural\\\/#website\"},\"primaryImageOfPage\":{\"@id\":\"https:\\\/\\\/ruralrafaela.com.ar\\\/exporural\\\/municipalidad-de-rafaela\\\/#primaryimage\"},\"image\":{\"@id\":\"https:\\\/\\\/ruralrafaela.com.ar\\\/exporural\\\/municipalidad-de-rafaela\\\/#primaryimage\"},\"thumbnailUrl\":\"http:\\\/\\\/ruralrafaela.com.ar\\\/exporural\\\/wp-content\\\/uploads\\\/sites\\\/16\\\/2020\\\/11\\\/Muni_Logo.png\",\"datePublished\":\"2020-11-11T09:52:38+00:00\",\"dateModified\":\"2020-11-11T10:24:10+00:00\",\"breadcrumb\":{\"@id\":\"https:\\\/\\\/ruralrafaela.com.ar\\\/exporural\\\/municipalidad-de-rafaela\\\/#breadcrumb\"},\"inLanguage\":\"es\",\"potentialAction\":[{\"@type\":\"ReadAction\",\"target\":[\"https:\\\/\\\/ruralrafaela.com.ar\\\/exporural\\\/municipalidad-de-rafaela\\\/\"]}]},{\"@type\":\"ImageObject\",\"inLanguage\":\"es\",\"@id\":\"https:\\\/\\\/ruralrafaela.com.ar\\\/exporural\\\/municipalidad-de-rafaela\\\/#primaryimage\",\"url\":\"http:\\\/\\\/ruralrafaela.com.ar\\\/exporural\\\/wp-content\\\/uploads\\\/sites\\\/16\\\/2020\\\/11\\\/Muni_Logo.png\",\"contentUrl\":\"http:\\\/\\\/ruralrafaela.com.ar\\\/exporural\\\/wp-content\\\/uploads\\\/sites\\\/16\\\/2020\\\/11\\\/Muni_Logo.png\"},{\"@type\":\"BreadcrumbList\",\"@id\":\"https:\\\/\\\/ruralrafaela.com.ar\\\/exporural\\\/municipalidad-de-rafaela\\\/#breadcrumb\",\"itemListElement\":[{\"@type\":\"ListItem\",\"position\":1,\"name\":\"Portada\",\"item\":\"https:\\\/\\\/ruralrafaela.com.ar\\\/exporural\\\/\"},{\"@type\":\"ListItem\",\"position\":2,\"name\":\"Municipalidad de Rafaela\"}]},{\"@type\":\"WebSite\",\"@id\":\"https:\\\/\\\/ruralrafaela.com.ar\\\/exporural\\\/#website\",\"url\":\"https:\\\/\\\/ruralrafaela.com.ar\\\/exporural\\\/\",\"name\":\"ExpoRural Rafaela y la Regi\u00f3n\",\"description\":\"ExpoRural Rafaela y la Regi\u00f3n 2020 - Edici\u00f3n en L\u00ednea\",\"publisher\":{\"@id\":\"https:\\\/\\\/ruralrafaela.com.ar\\\/exporural\\\/#organization\"},\"potentialAction\":[{\"@type\":\"SearchAction\",\"target\":{\"@type\":\"EntryPoint\",\"urlTemplate\":\"https:\\\/\\\/ruralrafaela.com.ar\\\/exporural\\\/?s={search_term_string}\"},\"query-input\":{\"@type\":\"PropertyValueSpecification\",\"valueRequired\":true,\"valueName\":\"search_term_string\"}}],\"inLanguage\":\"es\"},{\"@type\":\"Organization\",\"@id\":\"https:\\\/\\\/ruralrafaela.com.ar\\\/exporural\\\/#organization\",\"name\":\"ExpoRural Rafaela y la Regi\u00f3n\",\"url\":\"https:\\\/\\\/ruralrafaela.com.ar\\\/exporural\\\/\",\"logo\":{\"@type\":\"ImageObject\",\"inLanguage\":\"es\",\"@id\":\"https:\\\/\\\/ruralrafaela.com.ar\\\/exporural\\\/#\\\/schema\\\/logo\\\/image\\\/\",\"url\":\"https:\\\/\\\/ruralrafaela.com.ar\\\/exporural\\\/wp-content\\\/uploads\\\/sites\\\/16\\\/2020\\\/10\\\/Log-Expo-2020.png\",\"contentUrl\":\"https:\\\/\\\/ruralrafaela.com.ar\\\/exporural\\\/wp-content\\\/uploads\\\/sites\\\/16\\\/2020\\\/10\\\/Log-Expo-2020.png\",\"width\":680,\"height\":404,\"caption\":\"ExpoRural Rafaela y la Regi\u00f3n\"},\"image\":{\"@id\":\"https:\\\/\\\/ruralrafaela.com.ar\\\/exporural\\\/#\\\/schema\\\/logo\\\/image\\\/\"}}]}<\/script>\n<!-- \/ Yoast SEO plugin. -->","yoast_head_json":{"title":"Municipalidad de Rafaela - ExpoRural Rafaela y la Regi\u00f3n","robots":{"index":"index","follow":"follow","max-snippet":"max-snippet:-1","max-image-preview":"max-image-preview:large","max-video-preview":"max-video-preview:-1"},"canonical":"https:\/\/ruralrafaela.com.ar\/exporural\/municipalidad-de-rafaela\/","og_locale":"es_ES","og_type":"article","og_title":"Municipalidad de Rafaela - ExpoRural Rafaela y la Regi\u00f3n","og_description":"CIUDAD DE RAFAELA &#8211; GOBIERNO MUNICIPAL: Ciudad din\u00e1mica, pujante, emprendedora, con un modelo de desarrollo sustentable que la define y convierte en un atractivo extraordinario. Su posici\u00f3n estrat\u00e9gica y la cultura de trabajo de sus habitantes hacen de Rafaela un polo acad\u00e9mico y log\u00edstico de relevancia, con una base productiva de m\u00e1s de 500 industrias, [&hellip;]","og_url":"https:\/\/ruralrafaela.com.ar\/exporural\/municipalidad-de-rafaela\/","og_site_name":"ExpoRural Rafaela y la Regi\u00f3n","article_modified_time":"2020-11-11T10:24:10+00:00","og_image":[{"url":"http:\/\/ruralrafaela.com.ar\/exporural\/wp-content\/uploads\/sites\/16\/2020\/11\/Muni_Logo.png","type":"","width":"","height":""}],"twitter_card":"summary_large_image","twitter_misc":{"Tiempo de lectura":"1 minuto"},"schema":{"@context":"https:\/\/schema.org","@graph":[{"@type":"WebPage","@id":"https:\/\/ruralrafaela.com.ar\/exporural\/municipalidad-de-rafaela\/","url":"https:\/\/ruralrafaela.com.ar\/exporural\/municipalidad-de-rafaela\/","name":"Municipalidad de Rafaela - ExpoRural Rafaela y la Regi\u00f3n","isPartOf":{"@id":"https:\/\/ruralrafaela.com.ar\/exporural\/#website"},"primaryImageOfPage":{"@id":"https:\/\/ruralrafaela.com.ar\/exporural\/municipalidad-de-rafaela\/#primaryimage"},"image":{"@id":"https:\/\/ruralrafaela.com.ar\/exporural\/municipalidad-de-rafaela\/#primaryimage"},"thumbnailUrl":"http:\/\/ruralrafaela.com.ar\/exporural\/wp-content\/uploads\/sites\/16\/2020\/11\/Muni_Logo.png","datePublished":"2020-11-11T09:52:38+00:00","dateModified":"2020-11-11T10:24:10+00:00","breadcrumb":{"@id":"https:\/\/ruralrafaela.com.ar\/exporural\/municipalidad-de-rafaela\/#breadcrumb"},"inLanguage":"es","potentialAction":[{"@type":"ReadAction","target":["https:\/\/ruralrafaela.com.ar\/exporural\/municipalidad-de-rafaela\/"]}]},{"@type":"ImageObject","inLanguage":"es","@id":"https:\/\/ruralrafaela.com.ar\/exporural\/municipalidad-de-rafaela\/#primaryimage","url":"http:\/\/ruralrafaela.com.ar\/exporural\/wp-content\/uploads\/sites\/16\/2020\/11\/Muni_Logo.png","contentUrl":"http:\/\/ruralrafaela.com.ar\/exporural\/wp-content\/uploads\/sites\/16\/2020\/11\/Muni_Logo.png"},{"@type":"BreadcrumbList","@id":"https:\/\/ruralrafaela.com.ar\/exporural\/municipalidad-de-rafaela\/#breadcrumb","itemListElement":[{"@type":"ListItem","position":1,"name":"Portada","item":"https:\/\/ruralrafaela.com.ar\/exporural\/"},{"@type":"ListItem","position":2,"name":"Municipalidad de Rafaela"}]},{"@type":"WebSite","@id":"https:\/\/ruralrafaela.com.ar\/exporural\/#website","url":"https:\/\/ruralrafaela.com.ar\/exporural\/","name":"ExpoRural Rafaela y la Regi\u00f3n","description":"ExpoRural Rafaela y la Regi\u00f3n 2020 - Edici\u00f3n en L\u00ednea","publisher":{"@id":"https:\/\/ruralrafaela.com.ar\/exporural\/#organization"},"potentialAction":[{"@type":"SearchAction","target":{"@type":"EntryPoint","urlTemplate":"https:\/\/ruralrafaela.com.ar\/exporural\/?s={search_term_string}"},"query-input":{"@type":"PropertyValueSpecification","valueRequired":true,"valueName":"search_term_string"}}],"inLanguage":"es"},{"@type":"Organization","@id":"https:\/\/ruralrafaela.com.ar\/exporural\/#organization","name":"ExpoRural Rafaela y la Regi\u00f3n","url":"https:\/\/ruralrafaela.com.ar\/exporural\/","logo":{"@type":"ImageObject","inLanguage":"es","@id":"https:\/\/ruralrafaela.com.ar\/exporural\/#\/schema\/logo\/image\/","url":"https:\/\/ruralrafaela.com.ar\/exporural\/wp-content\/uploads\/sites\/16\/2020\/10\/Log-Expo-2020.png","contentUrl":"https:\/\/ruralrafaela.com.ar\/exporural\/wp-content\/uploads\/sites\/16\/2020\/10\/Log-Expo-2020.png","width":680,"height":404,"caption":"ExpoRural Rafaela y la Regi\u00f3n"},"image":{"@id":"https:\/\/ruralrafaela.com.ar\/exporural\/#\/schema\/logo\/image\/"}}]}},"_links":{"self":[{"href":"https:\/\/ruralrafaela.com.ar\/exporural\/wp-json\/wp\/v2\/pages\/1805","targetHints":{"allow":["GET"]}}],"collection":[{"href":"https:\/\/ruralrafaela.com.ar\/exporural\/wp-json\/wp\/v2\/pages"}],"about":[{"href":"https:\/\/ruralrafaela.com.ar\/exporural\/wp-json\/wp\/v2\/types\/page"}],"author":[{"embeddable":true,"href":"https:\/\/ruralrafaela.com.ar\/exporural\/wp-json\/wp\/v2\/users\/2"}],"replies":[{"embeddable":true,"href":"https:\/\/ruralrafaela.com.ar\/exporural\/wp-json\/wp\/v2\/comments?post=1805"}],"version-history":[{"count":16,"href":"https:\/\/ruralrafaela.com.ar\/exporural\/wp-json\/wp\/v2\/pages\/1805\/revisions"}],"predecessor-version":[{"id":1830,"href":"https:\/\/ruralrafaela.com.ar\/exporural\/wp-json\/wp\/v2\/pages\/1805\/revisions\/1830"}],"wp:attachment":[{"href":"https:\/\/ruralrafaela.com.ar\/exporural\/wp-json\/wp\/v2\/media?parent=1805"}],"curies":[{"name":"wp","href":"https:\/\/api.w.org\/{rel}","templated":true}]}}